{"id":10414,"date":"2023-08-01T20:08:24","date_gmt":"2023-08-01T18:08:24","guid":{"rendered":"https:\/\/jonelli-fashion.de\/?post_type=product&#038;p=10414"},"modified":"2023-08-08T00:00:05","modified_gmt":"2023-08-07T22:00:05","slug":"die-grosse-raffinesse-groesse-34-50","status":"publish","type":"product","link":"https:\/\/jonelli-fashion.de\/index.php\/produkt\/die-grosse-raffinesse-groesse-34-50\/","title":{"rendered":"Die gro\u00dfe Raffinesse (Gr\u00f6\u00dfe 34-50)"},"content":{"rendered":"\t\t<div data-elementor-type=\"wp-post\" data-elementor-id=\"10414\" class=\"elementor elementor-10414\">\n\t\t\t\t\t\t<section class=\"elementor-section elementor-top-section elementor-element elementor-element-25b0707 elementor-section-boxed elementor-section-height-default elementor-section-height-default\" data-id=\"25b0707\" data-element_type=\"section\">\n\t\t\t\t\t\t<div class=\"elementor-container elementor-column-gap-default\">\n\t\t\t\t\t<div class=\"elementor-column elementor-col-100 elementor-top-column elementor-element elementor-element-bb84e59\" data-id=\"bb84e59\" data-element_type=\"column\">\n\t\t\t<div class=\"elementor-widget-wrap elementor-element-populated\">\n\t\t\t\t\t\t<div class=\"elementor-element elementor-element-da5de56 elementor-widget elementor-widget-text-editor\" data-id=\"da5de56\" data-element_type=\"widget\" data-widget_type=\"text-editor.default\">\n\t\t\t\t<div class=\"elementor-widget-container\">\n\t\t\t\t\t\t\t<p>Die gro\u00dfe Raffinesse ist ein wandelbares Oberteil mit gerafftem<b>&nbsp;<\/b><b>Carmen-Ausschnitt<\/b>.<br>Es kann in 4 verschiedenen L\u00e4ngen gen\u00e4ht werden.<\/p>\n<p>Zum Einen als <b>Crop-Shirt<\/b>, was besonders zu Highwaist-Hosen toll aussieht. Zum Anderen als <b>Shirt<\/b> mit oder ohne gerafften unteren Saum. Au\u00dferdem als <b>Kleid<\/b><b> <\/b>oder <b>Maxikleid<\/b> mit <b>seitlichem <\/b><b>Beinschlitz<\/b>.<\/p>\n<p>Die \u00c4rmel k\u00f6nnen <b>kurz<\/b>, <b>3\/4<\/b> oder als<b> <\/b><b>lange \u00c4rmel<\/b> getragen werden. Der lange \u00c4rmel bietet au\u00dferdem einen <b>Tropfenausschnitt<\/b>, der am Handgelenk zusammengebunden wird.<\/p>\n<p>Die gro\u00dfe Raffinesse eignet sich sehr gut zum <b>Stillen<\/b><b>,<\/b> da der mittels Gummi geraffte Halsausschnitt ganz leicht unter die Brust gezogen werden kann.<\/p>\n<p>Durch die weite Passform ist der Schnitt auch <b>umstandstauglich<\/b>. Der Taillentunnel muss daf\u00fcr lediglich ein St\u00fcck h\u00f6her, also direkt unter die Brust versetzt werden.<\/p>\n<p style=\"font-size: 15px; font-style: normal;\"><span style=\"font-weight: 400; font-size: 15px;\">F\u00fcr die Raffinesse eignet sich am besten<span style=\"font-weight: bold;\">&nbsp;<\/span><\/span><span style=\"font-weight: 400; font-size: 15px;\"><span style=\"font-weight: bold;\">leicht fallende Webware<\/span><\/span><span style=\"font-weight: 400; font-size: 15px;\">,&nbsp;<\/span><span style=\"font-weight: 400; font-size: 15px; color: var(--ast-global-color-3);\">wie bspw. Viskose, Popeline, Musseline, leichte Baumwollstoffe, o.\u00e4.<br><\/span><span class=\"WdYUQQ text-decoration-none text-strikethrough-none\" style=\"font-weight: 400; font-size: 15px; color: var(--ast-global-color-3);\">Es eignen sich jedoch auch<\/span><span class=\"WdYUQQ text-decoration-none text-strikethrough-none\" style=\"font-size: 15px; color: var(--ast-global-color-3);\"> <b>leichte dehnbare Stoffe<\/b><\/span><span class=\"WdYUQQ text-decoration-none text-strikethrough-none\" style=\"font-weight: 400; font-size: 15px; color: var(--ast-global-color-3);\">, wie bspw. Viscosejersey, Jersey, o.\u00e4.<\/span><\/p>\n<p style=\"font-size: 15px; font-style: normal; font-weight: 400;\">Durch die sehr detaillierte, bebilderte Anleitung ist der Schnitt sowohl f\u00fcr<span style=\"font-weight: bold;\">&nbsp;Anf\u00e4nger<\/span>, als auch f\u00fcr&nbsp;<span style=\"font-weight: bold;\">fortgeschrittene<\/span>&nbsp;N\u00e4her\/innen geeignet..<\/p>\n<p style=\"font-size: 15px; font-style: normal; font-weight: 400;\">Das eBook beinhaltet eine&nbsp;<span style=\"font-weight: bold;\">A4 Datei&nbsp;<\/span>(mit Ebenenfunktion), sowie eine&nbsp;<span style=\"font-weight: bold;\">A0 Datei<\/span>&nbsp;mit Ebenenfunktion&nbsp;f\u00fcr den Zuschnitt mit dem Beamer.<\/p>\n<p style=\"font-size: 15px; font-style: normal; font-weight: 400;\"><span style=\"font-weight: bold;\">Eine Nahtzugabe von 1,0 cm ist bereits im Schnitt enthalten.<\/span><\/p>\n<p><\/p>\n<p style=\"font-size: 15px; font-style: normal; font-weight: 400;\"><span style=\"font-weight: bold;\">Folgendes ben\u00f6tigst du zum N\u00e4hen:<\/span><br>\u2013 N\u00e4hmaschine<br>\u2013 Stecknadeln oder Stoffclips<br>\u2013 Stoffschere oder Rollschneider<br>\u2013 Drucker oder Beamer<br>\u2013 Saumband<br>&#8211; Gummiband (Breite 0,6cm \/ 1cm)<\/p>\t\t\t\t\t\t<\/div>\n\t\t\t\t<\/div>\n\t\t\t\t\t<\/div>\n\t\t<\/div>\n\t\t\t\t\t<\/div>\n\t\t<\/section>\n\t\t\t\t<\/div>\n\t\t","protected":false},"excerpt":{"rendered":"<p class=\"_04xlpA direction-ltr align-start para-style-body\"><span class=\"WdYUQQ text-decoration-none text-strikethrough-none\">Die gro\u00dfe Raffinesse ist ein wandelbares Oberteil mit<\/span><span class=\"WdYUQQ text-decoration-none text-strikethrough-none\"> gerafftem <\/span><span class=\"WdYUQQ text-decoration-none text-strikethrough-none\">Carmen-Ausschnitt<\/span><span class=\"WdYUQQ text-decoration-none text-strikethrough-none\">.<\/span><\/p>\n","protected":false},"featured_media":10418,"comment_status":"open","ping_status":"closed","template":"","meta":{"site-sidebar-layout":"default","site-content-layout":"default","ast-global-header-display":"","ast-banner-title-visibility":"","ast-main-header-display":"","ast-hfb-above-header-display":"","ast-hfb-below-header-display":"","ast-hfb-mobile-header-display":"","site-post-title":"disabled","ast-breadcrumbs-content":"","ast-featured-img":"disabled","footer-sml-layout":"","theme-transparent-header-meta":"default","adv-header-id-meta":"","stick-header-meta":"","header-above-stick-meta":"","header-main-stick-meta":"","header-below-stick-meta":""},"product_cat":[15],"product_tag":[],"yoast_head":"<!-- This site is optimized with the Yoast SEO plugin v21.8.1 - https:\/\/yoast.com\/wordpress\/plugins\/seo\/ -->\n<title>Die gro\u00dfe Raffinesse (Gr\u00f6\u00dfe 34-50) - Jonelli Fashion<\/title>\n<meta name=\"description\" content=\"Die gro\u00dfe Raffinesse ist ein wandelbares Oberteil mit gerafftem Carmen-Ausschnitt.\" \/>\n<meta name=\"robots\" content=\"index, follow, max-snippet:-1, max-image-preview:large, max-video-preview:-1\" \/>\n<link rel=\"canonical\" href=\"https:\/\/jonelli-fashion.de\/index.php\/produkt\/die-grosse-raffinesse-groesse-34-50\/\" \/>\n<meta property=\"og:locale\" content=\"de_DE\" \/>\n<meta property=\"og:type\" content=\"article\" \/>\n<meta property=\"og:title\" content=\"Die gro\u00dfe Raffinesse (Gr\u00f6\u00dfe 34-50) - Jonelli Fashion\" \/>\n<meta property=\"og:description\" content=\"Die gro\u00dfe Raffinesse ist ein wandelbares Oberteil mit gerafftem Carmen-Ausschnitt.\" \/>\n<meta property=\"og:url\" content=\"https:\/\/jonelli-fashion.de\/index.php\/produkt\/die-grosse-raffinesse-groesse-34-50\/\" \/>\n<meta property=\"og:site_name\" content=\"Jonelli Fashion\" \/>\n<meta property=\"article:modified_time\" content=\"2023-08-07T22:00:05+00:00\" \/>\n<meta property=\"og:image\" content=\"https:\/\/jonelli-fashion.de\/wp-content\/uploads\/2023\/08\/Produktbild.jpg\" \/>\n\t<meta property=\"og:image:width\" content=\"1414\" \/>\n\t<meta property=\"og:image:height\" content=\"2000\" \/>\n\t<meta property=\"og:image:type\" content=\"image\/jpeg\" \/>\n<meta name=\"twitter:card\" content=\"summary_large_image\" \/>\n<meta name=\"twitter:label1\" content=\"Gesch\u00e4tzte Lesezeit\" \/>\n\t<meta name=\"twitter:data1\" content=\"2\u00a0Minuten\" \/>\n<script type=\"application\/ld+json\" class=\"yoast-schema-graph\">{\"@context\":\"https:\/\/schema.org\",\"@graph\":[{\"@type\":\"WebPage\",\"@id\":\"https:\/\/jonelli-fashion.de\/index.php\/produkt\/die-grosse-raffinesse-groesse-34-50\/\",\"url\":\"https:\/\/jonelli-fashion.de\/index.php\/produkt\/die-grosse-raffinesse-groesse-34-50\/\",\"name\":\"Die gro\u00dfe Raffinesse (Gr\u00f6\u00dfe 34-50) - Jonelli Fashion\",\"isPartOf\":{\"@id\":\"https:\/\/jonelli-fashion.de\/#website\"},\"datePublished\":\"2023-08-01T18:08:24+00:00\",\"dateModified\":\"2023-08-07T22:00:05+00:00\",\"description\":\"Die gro\u00dfe Raffinesse ist ein wandelbares Oberteil mit gerafftem Carmen-Ausschnitt.\",\"breadcrumb\":{\"@id\":\"https:\/\/jonelli-fashion.de\/index.php\/produkt\/die-grosse-raffinesse-groesse-34-50\/#breadcrumb\"},\"inLanguage\":\"de\",\"potentialAction\":[{\"@type\":\"ReadAction\",\"target\":[\"https:\/\/jonelli-fashion.de\/index.php\/produkt\/die-grosse-raffinesse-groesse-34-50\/\"]}]},{\"@type\":\"BreadcrumbList\",\"@id\":\"https:\/\/jonelli-fashion.de\/index.php\/produkt\/die-grosse-raffinesse-groesse-34-50\/#breadcrumb\",\"itemListElement\":[{\"@type\":\"ListItem\",\"position\":1,\"name\":\"Startseite\",\"item\":\"https:\/\/jonelli-fashion.de\/\"},{\"@type\":\"ListItem\",\"position\":2,\"name\":\"Shop\",\"item\":\"https:\/\/jonelli-fashion.de\/index.php\/shop\/\"},{\"@type\":\"ListItem\",\"position\":3,\"name\":\"Die gro\u00dfe Raffinesse (Gr\u00f6\u00dfe 34-50)\"}]},{\"@type\":\"WebSite\",\"@id\":\"https:\/\/jonelli-fashion.de\/#website\",\"url\":\"https:\/\/jonelli-fashion.de\/\",\"name\":\"Jonelli Fashion\",\"description\":\"Wenn aus N\u00e4hen eine Leidenschaft wird\",\"potentialAction\":[{\"@type\":\"SearchAction\",\"target\":{\"@type\":\"EntryPoint\",\"urlTemplate\":\"https:\/\/jonelli-fashion.de\/?s={search_term_string}\"},\"query-input\":\"required name=search_term_string\"}],\"inLanguage\":\"de\"}]}<\/script>\n<!-- \/ Yoast SEO plugin. -->","yoast_head_json":{"title":"Die gro\u00dfe Raffinesse (Gr\u00f6\u00dfe 34-50) - Jonelli Fashion","description":"Die gro\u00dfe Raffinesse ist ein wandelbares Oberteil mit gerafftem Carmen-Ausschnitt.","robots":{"index":"index","follow":"follow","max-snippet":"max-snippet:-1","max-image-preview":"max-image-preview:large","max-video-preview":"max-video-preview:-1"},"canonical":"https:\/\/jonelli-fashion.de\/index.php\/produkt\/die-grosse-raffinesse-groesse-34-50\/","og_locale":"de_DE","og_type":"article","og_title":"Die gro\u00dfe Raffinesse (Gr\u00f6\u00dfe 34-50) - Jonelli Fashion","og_description":"Die gro\u00dfe Raffinesse ist ein wandelbares Oberteil mit gerafftem Carmen-Ausschnitt.","og_url":"https:\/\/jonelli-fashion.de\/index.php\/produkt\/die-grosse-raffinesse-groesse-34-50\/","og_site_name":"Jonelli Fashion","article_modified_time":"2023-08-07T22:00:05+00:00","og_image":[{"width":1414,"height":2000,"url":"https:\/\/jonelli-fashion.de\/wp-content\/uploads\/2023\/08\/Produktbild.jpg","type":"image\/jpeg"}],"twitter_card":"summary_large_image","twitter_misc":{"Gesch\u00e4tzte Lesezeit":"2\u00a0Minuten"},"schema":{"@context":"https:\/\/schema.org","@graph":[{"@type":"WebPage","@id":"https:\/\/jonelli-fashion.de\/index.php\/produkt\/die-grosse-raffinesse-groesse-34-50\/","url":"https:\/\/jonelli-fashion.de\/index.php\/produkt\/die-grosse-raffinesse-groesse-34-50\/","name":"Die gro\u00dfe Raffinesse (Gr\u00f6\u00dfe 34-50) - Jonelli Fashion","isPartOf":{"@id":"https:\/\/jonelli-fashion.de\/#website"},"datePublished":"2023-08-01T18:08:24+00:00","dateModified":"2023-08-07T22:00:05+00:00","description":"Die gro\u00dfe Raffinesse ist ein wandelbares Oberteil mit gerafftem Carmen-Ausschnitt.","breadcrumb":{"@id":"https:\/\/jonelli-fashion.de\/index.php\/produkt\/die-grosse-raffinesse-groesse-34-50\/#breadcrumb"},"inLanguage":"de","potentialAction":[{"@type":"ReadAction","target":["https:\/\/jonelli-fashion.de\/index.php\/produkt\/die-grosse-raffinesse-groesse-34-50\/"]}]},{"@type":"BreadcrumbList","@id":"https:\/\/jonelli-fashion.de\/index.php\/produkt\/die-grosse-raffinesse-groesse-34-50\/#breadcrumb","itemListElement":[{"@type":"ListItem","position":1,"name":"Startseite","item":"https:\/\/jonelli-fashion.de\/"},{"@type":"ListItem","position":2,"name":"Shop","item":"https:\/\/jonelli-fashion.de\/index.php\/shop\/"},{"@type":"ListItem","position":3,"name":"Die gro\u00dfe Raffinesse (Gr\u00f6\u00dfe 34-50)"}]},{"@type":"WebSite","@id":"https:\/\/jonelli-fashion.de\/#website","url":"https:\/\/jonelli-fashion.de\/","name":"Jonelli Fashion","description":"Wenn aus N\u00e4hen eine Leidenschaft wird","potentialAction":[{"@type":"SearchAction","target":{"@type":"EntryPoint","urlTemplate":"https:\/\/jonelli-fashion.de\/?s={search_term_string}"},"query-input":"required name=search_term_string"}],"inLanguage":"de"}]}},"_links":{"self":[{"href":"https:\/\/jonelli-fashion.de\/index.php\/wp-json\/wp\/v2\/product\/10414"}],"collection":[{"href":"https:\/\/jonelli-fashion.de\/index.php\/wp-json\/wp\/v2\/product"}],"about":[{"href":"https:\/\/jonelli-fashion.de\/index.php\/wp-json\/wp\/v2\/types\/product"}],"replies":[{"embeddable":true,"href":"https:\/\/jonelli-fashion.de\/index.php\/wp-json\/wp\/v2\/comments?post=10414"}],"version-history":[{"count":10,"href":"https:\/\/jonelli-fashion.de\/index.php\/wp-json\/wp\/v2\/product\/10414\/revisions"}],"predecessor-version":[{"id":10470,"href":"https:\/\/jonelli-fashion.de\/index.php\/wp-json\/wp\/v2\/product\/10414\/revisions\/10470"}],"wp:featuredmedia":[{"embeddable":true,"href":"https:\/\/jonelli-fashion.de\/index.php\/wp-json\/wp\/v2\/media\/10418"}],"wp:attachment":[{"href":"https:\/\/jonelli-fashion.de\/index.php\/wp-json\/wp\/v2\/media?parent=10414"}],"wp:term":[{"taxonomy":"product_cat","embeddable":true,"href":"https:\/\/jonelli-fashion.de\/index.php\/wp-json\/wp\/v2\/product_cat?post=10414"},{"taxonomy":"product_tag","embeddable":true,"href":"https:\/\/jonelli-fashion.de\/index.php\/wp-json\/wp\/v2\/product_tag?post=10414"}],"curies":[{"name":"wp","href":"https:\/\/api.w.org\/{rel}","templated":true}]}}