{"id":11916,"date":"2024-07-12T22:37:00","date_gmt":"2024-07-12T20:37:00","guid":{"rendered":"https:\/\/jonelli-fashion.de\/?post_type=product&#038;p=11916"},"modified":"2026-05-12T05:40:43","modified_gmt":"2026-05-12T03:40:43","slug":"die-flotte-culotte-groesse-34-50","status":"publish","type":"product","link":"https:\/\/jonelli-fashion.de\/index.php\/produkt\/die-flotte-culotte-groesse-34-50\/","title":{"rendered":"Die flotte Culotte (Gr\u00f6\u00dfe 34-50)"},"content":{"rendered":"\t\t<div data-elementor-type=\"wp-post\" data-elementor-id=\"11916\" class=\"elementor elementor-11916\">\n\t\t\t\t\t\t<section class=\"elementor-section elementor-top-section elementor-element elementor-element-cb957f7 elementor-section-boxed elementor-section-height-default elementor-section-height-default\" data-id=\"cb957f7\" data-element_type=\"section\">\n\t\t\t\t\t\t<div class=\"elementor-container elementor-column-gap-default\">\n\t\t\t\t\t<div class=\"elementor-column elementor-col-100 elementor-top-column elementor-element elementor-element-866b544\" data-id=\"866b544\" data-element_type=\"column\">\n\t\t\t<div class=\"elementor-widget-wrap elementor-element-populated\">\n\t\t\t\t\t\t<div class=\"elementor-element elementor-element-7431d6b elementor-widget elementor-widget-text-editor\" data-id=\"7431d6b\" data-element_type=\"widget\" data-widget_type=\"text-editor.default\">\n\t\t\t\t<div class=\"elementor-widget-container\">\n\t\t\t\t\t\t\t<p class=\"cvGsUA direction-ltr align-start para-style-body\"><span class=\"OYPEnA text-decoration-none text-strikethrough-none\">Die flotte Culotte ist eine&nbsp;<b>lockere Hose<\/b>&nbsp;f\u00fcr Damen.<br><\/span><span class=\"OYPEnA text-decoration-none text-strikethrough-none\">Sie kann als kurze, sommerliche&nbsp;<\/span><span class=\"OYPEnA text-decoration-none text-strikethrough-none\"><b>Shorts<\/b><\/span><span class=\"OYPEnA text-decoration-none text-strikethrough-none\">, als&nbsp;<\/span><span class=\"OYPEnA text-decoration-none text-strikethrough-none\"><b>Culotte<\/b><\/span><span class=\"OYPEnA text-decoration-none text-strikethrough-none\"><b>&nbsp;<\/b>oder als&nbsp;<\/span><span class=\"OYPEnA text-decoration-none text-strikethrough-none\"><b>lange Hose<\/b><\/span><span class=\"OYPEnA text-decoration-none text-strikethrough-none\">&nbsp;gen\u00e4ht werden. Der Schnitt bietet&nbsp;<\/span><span class=\"OYPEnA text-decoration-none text-strikethrough-none\"><b>zwei verschiedene Beinweiten<\/b><\/span><span class=\"OYPEnA text-decoration-none text-strikethrough-none\">.<\/span><\/p>\n<p class=\"cvGsUA direction-ltr align-start para-style-body\"><span class=\"OYPEnA text-decoration-none text-strikethrough-none\">Charakteristisch ist die&nbsp;<\/span><span class=\"OYPEnA text-decoration-none text-strikethrough-none\"><b>Faltenlegung<\/b><\/span><span class=\"OYPEnA text-decoration-none text-strikethrough-none\"><b>&nbsp;<\/b>an der Vorderhose, die den Schnitt etwas verspielter wirken l\u00e4sst.<\/span><\/p>\n<p class=\"cvGsUA direction-ltr align-start para-style-body\"><span class=\"OYPEnA text-decoration-none text-strikethrough-none\">Die flotte Culotte kann sowohl mit&nbsp;<\/span><span class=\"OYPEnA text-decoration-none text-strikethrough-none\"><b>normalem Bund<\/b><\/span><span class=\"OYPEnA text-decoration-none text-strikethrough-none\">&nbsp;als auch mit&nbsp;<\/span><span class=\"OYPEnA text-decoration-none text-strikethrough-none\"><b>Paperbagbund<\/b><\/span><span class=\"OYPEnA text-decoration-none text-strikethrough-none\">&nbsp;gen\u00e4ht werden.<\/span><\/p>\n<p class=\"cvGsUA direction-ltr align-start para-style-body\"><span class=\"OYPEnA text-decoration-none text-strikethrough-none\">F\u00fcr die flotte Culotte eignen sich&nbsp;<\/span><span class=\"OYPEnA text-decoration-none text-strikethrough-none\"><b>nicht dehnbare Stoffe<\/b><\/span><span class=\"OYPEnA text-decoration-none text-strikethrough-none\">, wie bspw. Cord, Seersucker, Leinen, Musselin, Popeline, o.\u00e4.<br><\/span>Es sind jedoch auch&nbsp;<b>leicht fallende dehnbare Stoffe<\/b>&nbsp;m\u00f6glich, wie bspw. Viskosejersey o.\u00e4.<\/p>\n<p>Durch die sehr detaillierte, bebilderte Anleitung ist der Schnitt sowohl f\u00fcr&nbsp;<b>Anf\u00e4nger<\/b>, als auch f\u00fcr<b>&nbsp;fortgeschrittene<\/b>&nbsp;N\u00e4her\/innen geeignet..<\/p>\n<p>Das eBook beinhaltet eine&nbsp;<b>A4 Datei&nbsp;<\/b>(mit Ebenenfunktion), sowie eine&nbsp;<b>A0 Datei<\/b>&nbsp;mit Ebenenfunktion&nbsp;f\u00fcr den Zuschnitt mit dem Beamer.<\/p>\n<p><b>Eine Nahtzugabe von 1,0 cm ist bereits im Schnitt enthalten.<\/b><\/p>\n<p><b>Folgendes ben\u00f6tigst du zum N\u00e4hen:<\/b><br>\u2013 N\u00e4hmaschine<br>\u2013 Stecknadeln oder Stoffclips<br>\u2013 Stoffschere oder Rollschneider<br>\u2013 Drucker oder Beamer<br>\u2013 Gummiband (3cm\/4cm Breite)<\/p>\t\t\t\t\t\t<\/div>\n\t\t\t\t<\/div>\n\t\t\t\t\t<\/div>\n\t\t<\/div>\n\t\t\t\t\t<\/div>\n\t\t<\/section>\n\t\t\t\t<\/div>\n\t\t","protected":false},"excerpt":{"rendered":"<p>Die flotte Culotte ist eine lockere Hose in drei verschiedenen L\u00e4ngen, sowie zwei verschiedenen Beinweiten.<\/p>\n","protected":false},"featured_media":11920,"comment_status":"open","ping_status":"closed","template":"","meta":{"site-sidebar-layout":"default","site-content-layout":"default","ast-global-header-display":"","ast-banner-title-visibility":"","ast-main-header-display":"","ast-hfb-above-header-display":"","ast-hfb-below-header-display":"","ast-hfb-mobile-header-display":"","site-post-title":"disabled","ast-breadcrumbs-content":"","ast-featured-img":"disabled","footer-sml-layout":"","theme-transparent-header-meta":"default","adv-header-id-meta":"","stick-header-meta":"","header-above-stick-meta":"","header-main-stick-meta":"","header-below-stick-meta":""},"product_cat":[15],"product_tag":[],"yoast_head":"<!-- This site is optimized with the Yoast SEO plugin v21.8.1 - https:\/\/yoast.com\/wordpress\/plugins\/seo\/ -->\n<title>Die flotte Culotte (Gr\u00f6\u00dfe 34-50) - Jonelli Fashion<\/title>\n<meta name=\"description\" content=\"Die flotte Culotte ist eine lockere Hose in drei verschiedenen L\u00e4ngen, sowie zwei verschiedenen Beinweiten.\" \/>\n<meta name=\"robots\" content=\"index, follow, max-snippet:-1, max-image-preview:large, max-video-preview:-1\" \/>\n<link rel=\"canonical\" href=\"https:\/\/jonelli-fashion.de\/index.php\/produkt\/die-flotte-culotte-groesse-34-50\/\" \/>\n<meta property=\"og:locale\" content=\"de_DE\" \/>\n<meta property=\"og:type\" content=\"article\" \/>\n<meta property=\"og:title\" content=\"Die flotte Culotte (Gr\u00f6\u00dfe 34-50) - Jonelli Fashion\" \/>\n<meta property=\"og:description\" content=\"Die flotte Culotte ist eine lockere Hose in drei verschiedenen L\u00e4ngen, sowie zwei verschiedenen Beinweiten.\" \/>\n<meta property=\"og:url\" content=\"https:\/\/jonelli-fashion.de\/index.php\/produkt\/die-flotte-culotte-groesse-34-50\/\" \/>\n<meta property=\"og:site_name\" content=\"Jonelli Fashion\" \/>\n<meta property=\"article:modified_time\" content=\"2026-05-12T03:40:43+00:00\" \/>\n<meta property=\"og:image\" content=\"https:\/\/jonelli-fashion.de\/wp-content\/uploads\/2024\/07\/Produktbild.png\" \/>\n\t<meta property=\"og:image:width\" content=\"1414\" \/>\n\t<meta property=\"og:image:height\" content=\"2000\" \/>\n\t<meta property=\"og:image:type\" content=\"image\/png\" \/>\n<meta name=\"twitter:card\" content=\"summary_large_image\" \/>\n<meta name=\"twitter:label1\" content=\"Gesch\u00e4tzte Lesezeit\" \/>\n\t<meta name=\"twitter:data1\" content=\"2\u00a0Minuten\" \/>\n<script type=\"application\/ld+json\" class=\"yoast-schema-graph\">{\"@context\":\"https:\/\/schema.org\",\"@graph\":[{\"@type\":\"WebPage\",\"@id\":\"https:\/\/jonelli-fashion.de\/index.php\/produkt\/die-flotte-culotte-groesse-34-50\/\",\"url\":\"https:\/\/jonelli-fashion.de\/index.php\/produkt\/die-flotte-culotte-groesse-34-50\/\",\"name\":\"Die flotte Culotte (Gr\u00f6\u00dfe 34-50) - Jonelli Fashion\",\"isPartOf\":{\"@id\":\"https:\/\/jonelli-fashion.de\/#website\"},\"datePublished\":\"2024-07-12T20:37:00+00:00\",\"dateModified\":\"2026-05-12T03:40:43+00:00\",\"description\":\"Die flotte Culotte ist eine lockere Hose in drei verschiedenen L\u00e4ngen, sowie zwei verschiedenen Beinweiten.\",\"breadcrumb\":{\"@id\":\"https:\/\/jonelli-fashion.de\/index.php\/produkt\/die-flotte-culotte-groesse-34-50\/#breadcrumb\"},\"inLanguage\":\"de\",\"potentialAction\":[{\"@type\":\"ReadAction\",\"target\":[\"https:\/\/jonelli-fashion.de\/index.php\/produkt\/die-flotte-culotte-groesse-34-50\/\"]}]},{\"@type\":\"BreadcrumbList\",\"@id\":\"https:\/\/jonelli-fashion.de\/index.php\/produkt\/die-flotte-culotte-groesse-34-50\/#breadcrumb\",\"itemListElement\":[{\"@type\":\"ListItem\",\"position\":1,\"name\":\"Startseite\",\"item\":\"https:\/\/jonelli-fashion.de\/\"},{\"@type\":\"ListItem\",\"position\":2,\"name\":\"Shop\",\"item\":\"https:\/\/jonelli-fashion.de\/index.php\/shop\/\"},{\"@type\":\"ListItem\",\"position\":3,\"name\":\"Die flotte Culotte (Gr\u00f6\u00dfe 34-50)\"}]},{\"@type\":\"WebSite\",\"@id\":\"https:\/\/jonelli-fashion.de\/#website\",\"url\":\"https:\/\/jonelli-fashion.de\/\",\"name\":\"Jonelli Fashion\",\"description\":\"Wenn aus N\u00e4hen eine Leidenschaft wird\",\"potentialAction\":[{\"@type\":\"SearchAction\",\"target\":{\"@type\":\"EntryPoint\",\"urlTemplate\":\"https:\/\/jonelli-fashion.de\/?s={search_term_string}\"},\"query-input\":\"required name=search_term_string\"}],\"inLanguage\":\"de\"}]}<\/script>\n<!-- \/ Yoast SEO plugin. -->","yoast_head_json":{"title":"Die flotte Culotte (Gr\u00f6\u00dfe 34-50) - Jonelli Fashion","description":"Die flotte Culotte ist eine lockere Hose in drei verschiedenen L\u00e4ngen, sowie zwei verschiedenen Beinweiten.","robots":{"index":"index","follow":"follow","max-snippet":"max-snippet:-1","max-image-preview":"max-image-preview:large","max-video-preview":"max-video-preview:-1"},"canonical":"https:\/\/jonelli-fashion.de\/index.php\/produkt\/die-flotte-culotte-groesse-34-50\/","og_locale":"de_DE","og_type":"article","og_title":"Die flotte Culotte (Gr\u00f6\u00dfe 34-50) - Jonelli Fashion","og_description":"Die flotte Culotte ist eine lockere Hose in drei verschiedenen L\u00e4ngen, sowie zwei verschiedenen Beinweiten.","og_url":"https:\/\/jonelli-fashion.de\/index.php\/produkt\/die-flotte-culotte-groesse-34-50\/","og_site_name":"Jonelli Fashion","article_modified_time":"2026-05-12T03:40:43+00:00","og_image":[{"width":1414,"height":2000,"url":"https:\/\/jonelli-fashion.de\/wp-content\/uploads\/2024\/07\/Produktbild.png","type":"image\/png"}],"twitter_card":"summary_large_image","twitter_misc":{"Gesch\u00e4tzte Lesezeit":"2\u00a0Minuten"},"schema":{"@context":"https:\/\/schema.org","@graph":[{"@type":"WebPage","@id":"https:\/\/jonelli-fashion.de\/index.php\/produkt\/die-flotte-culotte-groesse-34-50\/","url":"https:\/\/jonelli-fashion.de\/index.php\/produkt\/die-flotte-culotte-groesse-34-50\/","name":"Die flotte Culotte (Gr\u00f6\u00dfe 34-50) - Jonelli Fashion","isPartOf":{"@id":"https:\/\/jonelli-fashion.de\/#website"},"datePublished":"2024-07-12T20:37:00+00:00","dateModified":"2026-05-12T03:40:43+00:00","description":"Die flotte Culotte ist eine lockere Hose in drei verschiedenen L\u00e4ngen, sowie zwei verschiedenen Beinweiten.","breadcrumb":{"@id":"https:\/\/jonelli-fashion.de\/index.php\/produkt\/die-flotte-culotte-groesse-34-50\/#breadcrumb"},"inLanguage":"de","potentialAction":[{"@type":"ReadAction","target":["https:\/\/jonelli-fashion.de\/index.php\/produkt\/die-flotte-culotte-groesse-34-50\/"]}]},{"@type":"BreadcrumbList","@id":"https:\/\/jonelli-fashion.de\/index.php\/produkt\/die-flotte-culotte-groesse-34-50\/#breadcrumb","itemListElement":[{"@type":"ListItem","position":1,"name":"Startseite","item":"https:\/\/jonelli-fashion.de\/"},{"@type":"ListItem","position":2,"name":"Shop","item":"https:\/\/jonelli-fashion.de\/index.php\/shop\/"},{"@type":"ListItem","position":3,"name":"Die flotte Culotte (Gr\u00f6\u00dfe 34-50)"}]},{"@type":"WebSite","@id":"https:\/\/jonelli-fashion.de\/#website","url":"https:\/\/jonelli-fashion.de\/","name":"Jonelli Fashion","description":"Wenn aus N\u00e4hen eine Leidenschaft wird","potentialAction":[{"@type":"SearchAction","target":{"@type":"EntryPoint","urlTemplate":"https:\/\/jonelli-fashion.de\/?s={search_term_string}"},"query-input":"required name=search_term_string"}],"inLanguage":"de"}]}},"_links":{"self":[{"href":"https:\/\/jonelli-fashion.de\/index.php\/wp-json\/wp\/v2\/product\/11916"}],"collection":[{"href":"https:\/\/jonelli-fashion.de\/index.php\/wp-json\/wp\/v2\/product"}],"about":[{"href":"https:\/\/jonelli-fashion.de\/index.php\/wp-json\/wp\/v2\/types\/product"}],"replies":[{"embeddable":true,"href":"https:\/\/jonelli-fashion.de\/index.php\/wp-json\/wp\/v2\/comments?post=11916"}],"version-history":[{"count":6,"href":"https:\/\/jonelli-fashion.de\/index.php\/wp-json\/wp\/v2\/product\/11916\/revisions"}],"predecessor-version":[{"id":11971,"href":"https:\/\/jonelli-fashion.de\/index.php\/wp-json\/wp\/v2\/product\/11916\/revisions\/11971"}],"wp:featuredmedia":[{"embeddable":true,"href":"https:\/\/jonelli-fashion.de\/index.php\/wp-json\/wp\/v2\/media\/11920"}],"wp:attachment":[{"href":"https:\/\/jonelli-fashion.de\/index.php\/wp-json\/wp\/v2\/media?parent=11916"}],"wp:term":[{"taxonomy":"product_cat","embeddable":true,"href":"https:\/\/jonelli-fashion.de\/index.php\/wp-json\/wp\/v2\/product_cat?post=11916"},{"taxonomy":"product_tag","embeddable":true,"href":"https:\/\/jonelli-fashion.de\/index.php\/wp-json\/wp\/v2\/product_tag?post=11916"}],"curies":[{"name":"wp","href":"https:\/\/api.w.org\/{rel}","templated":true}]}}