{"id":167,"date":"2020-12-18T11:49:03","date_gmt":"2020-12-18T10:49:03","guid":{"rendered":"https:\/\/jonelli-fashion.de\/?post_type=product&#038;p=167"},"modified":"2022-01-01T13:30:45","modified_gmt":"2022-01-01T12:30:45","slug":"puper-buxe-groesse-56-110","status":"publish","type":"product","link":"https:\/\/jonelli-fashion.de\/index.php\/produkt\/puper-buxe-groesse-56-110\/","title":{"rendered":"Puper-Buxe (Gr\u00f6\u00dfe 56-110)"},"content":{"rendered":"\t\t<div data-elementor-type=\"wp-post\" data-elementor-id=\"167\" class=\"elementor elementor-167\">\n\t\t\t\t\t\t<section class=\"elementor-section elementor-top-section elementor-element elementor-element-297d9d8b elementor-section-boxed elementor-section-height-default elementor-section-height-default\" data-id=\"297d9d8b\" data-element_type=\"section\">\n\t\t\t\t\t\t<div class=\"elementor-container elementor-column-gap-default\">\n\t\t\t\t\t<div class=\"elementor-column elementor-col-100 elementor-top-column elementor-element elementor-element-1b0a984d\" data-id=\"1b0a984d\" data-element_type=\"column\">\n\t\t\t<div class=\"elementor-widget-wrap elementor-element-populated\">\n\t\t\t\t\t\t<div class=\"elementor-element elementor-element-19fd1440 elementor-widget elementor-widget-text-editor\" data-id=\"19fd1440\" data-element_type=\"widget\" data-widget_type=\"text-editor.default\">\n\t\t\t\t<div class=\"elementor-widget-container\">\n\t\t\t\t\t\t\t<p>Die Puper-Buxe ist ein sehr vielseitiger&nbsp;Hosenschnitt, der sich bestens f\u00fcr kleine M\u00e4use mit und ohne Windelpo eignet. Die Buxe kann mit vielen verschiedenen Teilungen gen\u00e4ht werden und ist sowohl f\u00fcr&nbsp;<strong>M\u00e4dchen&nbsp;<\/strong>als auch&nbsp;<strong>Jungs<\/strong>&nbsp;geeignet. Durch die vielen Teilungen bietet sie unglaublich viel Platz f\u00fcr allerhand&nbsp;<strong>T\u00fcddelkram<\/strong>, wie bspw. Borten, Schleifchen oder Kn\u00f6pfe. Ein Highlight f\u00fcr die M\u00e4dels ist die<strong>&nbsp;R\u00fcsche am Po<\/strong>, auch dieser Vorgang ist im eBook genauestens beschrieben. Zudem gibt es eine Anleitung zur Herstellung und Einarbeitung von&nbsp;<strong>Paspeln<\/strong>. F\u00fcr die Jungs bieten sich die&nbsp;<strong>Hosentaschen<\/strong>&nbsp;in Kombination mit der&nbsp;<strong>Fake-Knopfleiste<\/strong>&nbsp;bestens an und l\u00e4sst die Hose super cool wirken.<\/p><p><br><\/p>\n<p>F\u00fcr die Buxe eignen sich&nbsp;<strong>dehnbare Stoffe<\/strong>, wie bspw. Jersey, French Terry, Jacquard oder Sweat.<br>\nDie Buxe kann am Abschluss wahlweise mit&nbsp;<strong>B\u00fcndchenware<\/strong>&nbsp;oder aber mit&nbsp;<strong>Gummieinzug<\/strong>&nbsp;gen\u00e4ht werden, der Beinabschluss kann auch&nbsp;<strong>ges\u00e4umt<\/strong>&nbsp;werden.<\/p>\n<p>Durch die sehr detaillierte, bebilderte Anleitung ist der Schnitt sowohl f\u00fcr&nbsp;<strong>Anf\u00e4nger<\/strong>, als auch f\u00fcr&nbsp;<strong>fortgeschrittene N\u00e4her\/innen<\/strong>&nbsp;geeignet.<\/p>\n<p>Die Puper-Buxe besticht durch ihre&nbsp;<strong>vielen Variationsm\u00f6glichkeiten<\/strong>, den&nbsp;<strong>bequemen Sitz<\/strong>, aber zugleich&nbsp;<strong>schicken Look<\/strong>&nbsp;und bietet die M\u00f6glichkeit&nbsp;Stoffreste&nbsp;bestm\u00f6glich und vor allem schnell zu verwerten.<\/p>\n<p>Folgendes ben\u00f6tigst du zum n\u00e4hen:<br>\n\u2013 N\u00e4hmaschine<br>\n\u2013 Gummiband<br>\n\u2013 Stecknadeln oder Stoffclips<br>\n\u2013 Stoffschere oder Rollschneider<br>\n\u2013 Drucker<br>\n&#8211; T\u00fcddelkram<\/p>\t\t\t\t\t\t<\/div>\n\t\t\t\t<\/div>\n\t\t\t\t\t<\/div>\n\t\t<\/div>\n\t\t\t\t\t<\/div>\n\t\t<\/section>\n\t\t\t\t<\/div>\n\t\t","protected":false},"excerpt":{"rendered":"<p>Die Puper-Buxe ist ein vielseitiger Hosenschnitt mit vielen Variationsm\u00f6glichkeiten f\u00fcr M\u00e4dels und Jungs in Gr\u00f6\u00dfe 56-110.<\/p>\n","protected":false},"featured_media":172,"comment_status":"open","ping_status":"closed","template":"","meta":{"site-sidebar-layout":"default","site-content-layout":"default","ast-global-header-display":"","ast-banner-title-visibility":"","ast-main-header-display":"","ast-hfb-above-header-display":"","ast-hfb-below-header-display":"","ast-hfb-mobile-header-display":"","site-post-title":"","ast-breadcrumbs-content":"","ast-featured-img":"","footer-sml-layout":"","theme-transparent-header-meta":"default","adv-header-id-meta":"","stick-header-meta":"","header-above-stick-meta":"","header-main-stick-meta":"","header-below-stick-meta":""},"product_cat":[15],"product_tag":[],"yoast_head":"<!-- This site is optimized with the Yoast SEO plugin v21.8.1 - https:\/\/yoast.com\/wordpress\/plugins\/seo\/ -->\n<title>Puper-Buxe (Gr\u00f6\u00dfe 56-110) - Jonelli Fashion<\/title>\n<meta name=\"description\" content=\"Die Puper-Buxe ist ein vielseitiger Hosenschnitt mit vielen Variationsm\u00f6glichkeiten f\u00fcr M\u00e4dels und Jungs in Gr\u00f6\u00dfe 56-110.\" \/>\n<meta name=\"robots\" content=\"index, follow, max-snippet:-1, max-image-preview:large, max-video-preview:-1\" \/>\n<link rel=\"canonical\" href=\"https:\/\/jonelli-fashion.de\/index.php\/produkt\/puper-buxe-groesse-56-110\/\" \/>\n<meta property=\"og:locale\" content=\"de_DE\" \/>\n<meta property=\"og:type\" content=\"article\" \/>\n<meta property=\"og:title\" content=\"Puper-Buxe (Gr\u00f6\u00dfe 56-110) - Jonelli Fashion\" \/>\n<meta property=\"og:description\" content=\"Die Puper-Buxe ist ein vielseitiger Hosenschnitt mit vielen Variationsm\u00f6glichkeiten f\u00fcr M\u00e4dels und Jungs in Gr\u00f6\u00dfe 56-110.\" \/>\n<meta property=\"og:url\" content=\"https:\/\/jonelli-fashion.de\/index.php\/produkt\/puper-buxe-groesse-56-110\/\" \/>\n<meta property=\"og:site_name\" content=\"Jonelli Fashion\" \/>\n<meta property=\"article:modified_time\" content=\"2022-01-01T12:30:45+00:00\" \/>\n<meta property=\"og:image\" content=\"https:\/\/jonelli-fashion.de\/wp-content\/uploads\/2020\/12\/Titelblatt-Puper-Buxe.jpg\" \/>\n\t<meta property=\"og:image:width\" content=\"1414\" \/>\n\t<meta property=\"og:image:height\" content=\"2000\" \/>\n\t<meta property=\"og:image:type\" content=\"image\/jpeg\" \/>\n<meta name=\"twitter:card\" content=\"summary_large_image\" \/>\n<meta name=\"twitter:label1\" content=\"Gesch\u00e4tzte Lesezeit\" \/>\n\t<meta name=\"twitter:data1\" content=\"1\u00a0Minute\" \/>\n<script type=\"application\/ld+json\" class=\"yoast-schema-graph\">{\"@context\":\"https:\/\/schema.org\",\"@graph\":[{\"@type\":\"WebPage\",\"@id\":\"https:\/\/jonelli-fashion.de\/index.php\/produkt\/puper-buxe-groesse-56-110\/\",\"url\":\"https:\/\/jonelli-fashion.de\/index.php\/produkt\/puper-buxe-groesse-56-110\/\",\"name\":\"Puper-Buxe (Gr\u00f6\u00dfe 56-110) - Jonelli Fashion\",\"isPartOf\":{\"@id\":\"https:\/\/jonelli-fashion.de\/#website\"},\"datePublished\":\"2020-12-18T10:49:03+00:00\",\"dateModified\":\"2022-01-01T12:30:45+00:00\",\"description\":\"Die Puper-Buxe ist ein vielseitiger Hosenschnitt mit vielen Variationsm\u00f6glichkeiten f\u00fcr M\u00e4dels und Jungs in Gr\u00f6\u00dfe 56-110.\",\"breadcrumb\":{\"@id\":\"https:\/\/jonelli-fashion.de\/index.php\/produkt\/puper-buxe-groesse-56-110\/#breadcrumb\"},\"inLanguage\":\"de\",\"potentialAction\":[{\"@type\":\"ReadAction\",\"target\":[\"https:\/\/jonelli-fashion.de\/index.php\/produkt\/puper-buxe-groesse-56-110\/\"]}]},{\"@type\":\"BreadcrumbList\",\"@id\":\"https:\/\/jonelli-fashion.de\/index.php\/produkt\/puper-buxe-groesse-56-110\/#breadcrumb\",\"itemListElement\":[{\"@type\":\"ListItem\",\"position\":1,\"name\":\"Startseite\",\"item\":\"https:\/\/jonelli-fashion.de\/\"},{\"@type\":\"ListItem\",\"position\":2,\"name\":\"Shop\",\"item\":\"https:\/\/jonelli-fashion.de\/index.php\/shop\/\"},{\"@type\":\"ListItem\",\"position\":3,\"name\":\"Puper-Buxe (Gr\u00f6\u00dfe 56-110)\"}]},{\"@type\":\"WebSite\",\"@id\":\"https:\/\/jonelli-fashion.de\/#website\",\"url\":\"https:\/\/jonelli-fashion.de\/\",\"name\":\"Jonelli Fashion\",\"description\":\"Wenn aus N\u00e4hen eine Leidenschaft wird\",\"potentialAction\":[{\"@type\":\"SearchAction\",\"target\":{\"@type\":\"EntryPoint\",\"urlTemplate\":\"https:\/\/jonelli-fashion.de\/?s={search_term_string}\"},\"query-input\":\"required name=search_term_string\"}],\"inLanguage\":\"de\"}]}<\/script>\n<!-- \/ Yoast SEO plugin. -->","yoast_head_json":{"title":"Puper-Buxe (Gr\u00f6\u00dfe 56-110) - Jonelli Fashion","description":"Die Puper-Buxe ist ein vielseitiger Hosenschnitt mit vielen Variationsm\u00f6glichkeiten f\u00fcr M\u00e4dels und Jungs in Gr\u00f6\u00dfe 56-110.","robots":{"index":"index","follow":"follow","max-snippet":"max-snippet:-1","max-image-preview":"max-image-preview:large","max-video-preview":"max-video-preview:-1"},"canonical":"https:\/\/jonelli-fashion.de\/index.php\/produkt\/puper-buxe-groesse-56-110\/","og_locale":"de_DE","og_type":"article","og_title":"Puper-Buxe (Gr\u00f6\u00dfe 56-110) - Jonelli Fashion","og_description":"Die Puper-Buxe ist ein vielseitiger Hosenschnitt mit vielen Variationsm\u00f6glichkeiten f\u00fcr M\u00e4dels und Jungs in Gr\u00f6\u00dfe 56-110.","og_url":"https:\/\/jonelli-fashion.de\/index.php\/produkt\/puper-buxe-groesse-56-110\/","og_site_name":"Jonelli Fashion","article_modified_time":"2022-01-01T12:30:45+00:00","og_image":[{"width":1414,"height":2000,"url":"https:\/\/jonelli-fashion.de\/wp-content\/uploads\/2020\/12\/Titelblatt-Puper-Buxe.jpg","type":"image\/jpeg"}],"twitter_card":"summary_large_image","twitter_misc":{"Gesch\u00e4tzte Lesezeit":"1\u00a0Minute"},"schema":{"@context":"https:\/\/schema.org","@graph":[{"@type":"WebPage","@id":"https:\/\/jonelli-fashion.de\/index.php\/produkt\/puper-buxe-groesse-56-110\/","url":"https:\/\/jonelli-fashion.de\/index.php\/produkt\/puper-buxe-groesse-56-110\/","name":"Puper-Buxe (Gr\u00f6\u00dfe 56-110) - Jonelli Fashion","isPartOf":{"@id":"https:\/\/jonelli-fashion.de\/#website"},"datePublished":"2020-12-18T10:49:03+00:00","dateModified":"2022-01-01T12:30:45+00:00","description":"Die Puper-Buxe ist ein vielseitiger Hosenschnitt mit vielen Variationsm\u00f6glichkeiten f\u00fcr M\u00e4dels und Jungs in Gr\u00f6\u00dfe 56-110.","breadcrumb":{"@id":"https:\/\/jonelli-fashion.de\/index.php\/produkt\/puper-buxe-groesse-56-110\/#breadcrumb"},"inLanguage":"de","potentialAction":[{"@type":"ReadAction","target":["https:\/\/jonelli-fashion.de\/index.php\/produkt\/puper-buxe-groesse-56-110\/"]}]},{"@type":"BreadcrumbList","@id":"https:\/\/jonelli-fashion.de\/index.php\/produkt\/puper-buxe-groesse-56-110\/#breadcrumb","itemListElement":[{"@type":"ListItem","position":1,"name":"Startseite","item":"https:\/\/jonelli-fashion.de\/"},{"@type":"ListItem","position":2,"name":"Shop","item":"https:\/\/jonelli-fashion.de\/index.php\/shop\/"},{"@type":"ListItem","position":3,"name":"Puper-Buxe (Gr\u00f6\u00dfe 56-110)"}]},{"@type":"WebSite","@id":"https:\/\/jonelli-fashion.de\/#website","url":"https:\/\/jonelli-fashion.de\/","name":"Jonelli Fashion","description":"Wenn aus N\u00e4hen eine Leidenschaft wird","potentialAction":[{"@type":"SearchAction","target":{"@type":"EntryPoint","urlTemplate":"https:\/\/jonelli-fashion.de\/?s={search_term_string}"},"query-input":"required name=search_term_string"}],"inLanguage":"de"}]}},"_links":{"self":[{"href":"https:\/\/jonelli-fashion.de\/index.php\/wp-json\/wp\/v2\/product\/167"}],"collection":[{"href":"https:\/\/jonelli-fashion.de\/index.php\/wp-json\/wp\/v2\/product"}],"about":[{"href":"https:\/\/jonelli-fashion.de\/index.php\/wp-json\/wp\/v2\/types\/product"}],"replies":[{"embeddable":true,"href":"https:\/\/jonelli-fashion.de\/index.php\/wp-json\/wp\/v2\/comments?post=167"}],"version-history":[{"count":15,"href":"https:\/\/jonelli-fashion.de\/index.php\/wp-json\/wp\/v2\/product\/167\/revisions"}],"predecessor-version":[{"id":1843,"href":"https:\/\/jonelli-fashion.de\/index.php\/wp-json\/wp\/v2\/product\/167\/revisions\/1843"}],"wp:featuredmedia":[{"embeddable":true,"href":"https:\/\/jonelli-fashion.de\/index.php\/wp-json\/wp\/v2\/media\/172"}],"wp:attachment":[{"href":"https:\/\/jonelli-fashion.de\/index.php\/wp-json\/wp\/v2\/media?parent=167"}],"wp:term":[{"taxonomy":"product_cat","embeddable":true,"href":"https:\/\/jonelli-fashion.de\/index.php\/wp-json\/wp\/v2\/product_cat?post=167"},{"taxonomy":"product_tag","embeddable":true,"href":"https:\/\/jonelli-fashion.de\/index.php\/wp-json\/wp\/v2\/product_tag?post=167"}],"curies":[{"name":"wp","href":"https:\/\/api.w.org\/{rel}","templated":true}]}}