{"id":1801,"date":"2021-02-26T18:00:46","date_gmt":"2021-02-26T17:00:46","guid":{"rendered":"https:\/\/jonelli-fashion.de\/?post_type=product&#038;p=1801"},"modified":"2022-01-01T13:29:30","modified_gmt":"2022-01-01T12:29:30","slug":"das-sahnehaeubchen-groesse-56-140","status":"publish","type":"product","link":"https:\/\/jonelli-fashion.de\/index.php\/produkt\/das-sahnehaeubchen-groesse-56-140\/","title":{"rendered":"Das Sahneh\u00e4ubchen (Gr\u00f6\u00dfe 56-140)"},"content":{"rendered":"\t\t<div data-elementor-type=\"wp-post\" data-elementor-id=\"1801\" class=\"elementor elementor-1801\">\n\t\t\t\t\t\t<section class=\"elementor-section elementor-top-section elementor-element elementor-element-f349d69 elementor-section-boxed elementor-section-height-default elementor-section-height-default\" data-id=\"f349d69\" data-element_type=\"section\">\n\t\t\t\t\t\t<div class=\"elementor-container elementor-column-gap-default\">\n\t\t\t\t\t<div class=\"elementor-column elementor-col-100 elementor-top-column elementor-element elementor-element-592866e\" data-id=\"592866e\" data-element_type=\"column\">\n\t\t\t<div class=\"elementor-widget-wrap elementor-element-populated\">\n\t\t\t\t\t\t<div class=\"elementor-element elementor-element-d7d5ee9 elementor-widget elementor-widget-text-editor\" data-id=\"d7d5ee9\" data-element_type=\"widget\" data-widget_type=\"text-editor.default\">\n\t\t\t\t<div class=\"elementor-widget-container\">\n\t\t\t\t\t\t\t<p>Das Sahneh\u00e4ubchen ist ein <b>Must-have<\/b> f\u00fcr jede kleine Prinzessin.<\/p><p>Das J\u00e4ckchen besticht durch seinen <b>verspielten<\/b> Schnitt, das <b>geraffte Sch\u00f6\u00dfchen<\/b> und die <b>verschiedenen R\u00fcschenvarianten<\/b>. Hierzu z\u00e4hlen unter anderem die Kapuzenr\u00fcsche und die V-R\u00fcsche am Vorderteil, welche sich jedoch auch auf dem R\u00fcckteil fortsetzt.\u00a0<\/p><p>Das Sahneh\u00e4ubchen bietet au\u00dferdem <b>verschiedene \u00c4rmelvarianten<\/b>. Zum Einen den normalen \u00c4rmel, zum Anderen den Bischofs\u00e4rmel oder den \u00c4rmel mit Gummieinzug.<\/p><p>Das J\u00e4ckchen kann mit einer <b>Knopfleiste<\/b> geschlossen oder aber offen getragen werden. Ein kleiner Hingucker ist der <b>eingefasste Halsausschnitt<\/b>, welcher mit einer s\u00fc\u00dfen Schleife geschlossen werden kann.\u00a0<\/p><p>Wer es lieber ganz<b> schlicht<\/b> mag kann das Sahneh\u00e4ubchen auch ohne R\u00fcschen und mit B\u00fcndchen am Halsausschnitt n\u00e4hen.\u00a0<\/p><p>F\u00fcr das Sahneh\u00e4ubchen eignen sich <b>dickere dehnbare Stoffe<\/b>, wie bspw. French Terry, Sweat, Jacquard, dickere Strickstoffe, o.\u00e4.\u00a0<\/p><p>Die schlichte Variante ist durch die sehr detaillierte, gut bebilderte Anleitung auch f\u00fcr N\u00e4hanf\u00e4nger geeignet, wohingegen die Variante mit V-R\u00fcsche und angesetzter Knopfleiste etwas tricky ist und eher f\u00fcr N\u00e4herinnen mit etwas mehr Erfahrung geeignet ist.<\/p><p style=\"font-size: 16px; font-style: normal; font-weight: 400; text-align: center;\">Das eBook beinhaltet eine<span style=\"font-weight: bold;\">\u00a0A4 Datei<\/span>, sowie eine\u00a0<span style=\"font-weight: bold;\">A0 Datei mit Ebenenfunktion<\/span>\u00a0f\u00fcr den Zuschnitt mit dem Beamer.<\/p><p style=\"font-size: 16px; font-style: normal; font-weight: 400; text-align: center;\">Folgendes ben\u00f6tigst du zum N\u00e4hen:<br \/><span style=\"font-size: 16px;\">&#8211; N\u00e4hmaschine<br \/><\/span><span style=\"font-size: 16px;\">&#8211; Gummiband<br \/><\/span><span style=\"font-size: 16px;\">&#8211; Stecknadeln oder Stoffclips<br \/><\/span><span style=\"font-size: 16px;\">&#8211; Stoffschere oder Rollschneider<br \/><\/span><span style=\"font-size: 16px;\">&#8211; Drucker oder Beamer<br \/><\/span><span style=\"font-size: 16px;\">&#8211; T\u00fcddelkram (Kn\u00f6pfe, Borten, Druckkn\u00f6pfe, etc.)<br \/><\/span><span style=\"font-size: 16px;\">&#8211; Framilonband<\/span><\/p>\t\t\t\t\t\t<\/div>\n\t\t\t\t<\/div>\n\t\t\t\t\t<\/div>\n\t\t<\/div>\n\t\t\t\t\t<\/div>\n\t\t<\/section>\n\t\t\t\t<\/div>\n\t\t","protected":false},"excerpt":{"rendered":"<p>Das Sahneh\u00e4ubchen ist ein verspielter Jackenschnitt mit verschiedenen \u00c4rmel- sowie R\u00fcschenvarianten in Gr\u00f6\u00dfe 56-140.<\/p>\n","protected":false},"featured_media":1808,"comment_status":"open","ping_status":"closed","template":"","meta":{"site-sidebar-layout":"default","site-content-layout":"default","ast-global-header-display":"","ast-banner-title-visibility":"","ast-main-header-display":"","ast-hfb-above-header-display":"","ast-hfb-below-header-display":"","ast-hfb-mobile-header-display":"","site-post-title":"disabled","ast-breadcrumbs-content":"","ast-featured-img":"disabled","footer-sml-layout":"","theme-transparent-header-meta":"default","adv-header-id-meta":"","stick-header-meta":"","header-above-stick-meta":"","header-main-stick-meta":"","header-below-stick-meta":""},"product_cat":[15],"product_tag":[],"yoast_head":"<!-- This site is optimized with the Yoast SEO plugin v21.8.1 - https:\/\/yoast.com\/wordpress\/plugins\/seo\/ -->\n<title>Das Sahneh\u00e4ubchen (Gr\u00f6\u00dfe 56-140) - Jonelli Fashion<\/title>\n<meta name=\"description\" content=\"Das Sahneh\u00e4ubchen ist ein verspielter Jackenschnitt mit verschiedenen \u00c4rmel- sowie R\u00fcschenvarianten in Gr\u00f6\u00dfe 56-140.\u00a0\" \/>\n<meta name=\"robots\" content=\"index, follow, max-snippet:-1, max-image-preview:large, max-video-preview:-1\" \/>\n<link rel=\"canonical\" href=\"https:\/\/jonelli-fashion.de\/index.php\/produkt\/das-sahnehaeubchen-groesse-56-140\/\" \/>\n<meta property=\"og:locale\" content=\"de_DE\" \/>\n<meta property=\"og:type\" content=\"article\" \/>\n<meta property=\"og:title\" content=\"Das Sahneh\u00e4ubchen (Gr\u00f6\u00dfe 56-140) - Jonelli Fashion\" \/>\n<meta property=\"og:description\" content=\"Das Sahneh\u00e4ubchen ist ein verspielter Jackenschnitt mit verschiedenen \u00c4rmel- sowie R\u00fcschenvarianten in Gr\u00f6\u00dfe 56-140.\u00a0\" \/>\n<meta property=\"og:url\" content=\"https:\/\/jonelli-fashion.de\/index.php\/produkt\/das-sahnehaeubchen-groesse-56-140\/\" \/>\n<meta property=\"og:site_name\" content=\"Jonelli Fashion\" \/>\n<meta property=\"article:modified_time\" content=\"2022-01-01T12:29:30+00:00\" \/>\n<meta property=\"og:image\" content=\"https:\/\/jonelli-fashion.de\/wp-content\/uploads\/2021\/02\/Das-Sahnehaeubchen.jpg\" \/>\n\t<meta property=\"og:image:width\" content=\"1414\" \/>\n\t<meta property=\"og:image:height\" content=\"2000\" \/>\n\t<meta property=\"og:image:type\" content=\"image\/jpeg\" \/>\n<meta name=\"twitter:card\" content=\"summary_large_image\" \/>\n<meta name=\"twitter:label1\" content=\"Gesch\u00e4tzte Lesezeit\" \/>\n\t<meta name=\"twitter:data1\" content=\"1\u00a0Minute\" \/>\n<script type=\"application\/ld+json\" class=\"yoast-schema-graph\">{\"@context\":\"https:\/\/schema.org\",\"@graph\":[{\"@type\":\"WebPage\",\"@id\":\"https:\/\/jonelli-fashion.de\/index.php\/produkt\/das-sahnehaeubchen-groesse-56-140\/\",\"url\":\"https:\/\/jonelli-fashion.de\/index.php\/produkt\/das-sahnehaeubchen-groesse-56-140\/\",\"name\":\"Das Sahneh\u00e4ubchen (Gr\u00f6\u00dfe 56-140) - Jonelli Fashion\",\"isPartOf\":{\"@id\":\"https:\/\/jonelli-fashion.de\/#website\"},\"datePublished\":\"2021-02-26T17:00:46+00:00\",\"dateModified\":\"2022-01-01T12:29:30+00:00\",\"description\":\"Das Sahneh\u00e4ubchen ist ein verspielter Jackenschnitt mit verschiedenen \u00c4rmel- sowie R\u00fcschenvarianten in Gr\u00f6\u00dfe 56-140.\u00a0\",\"breadcrumb\":{\"@id\":\"https:\/\/jonelli-fashion.de\/index.php\/produkt\/das-sahnehaeubchen-groesse-56-140\/#breadcrumb\"},\"inLanguage\":\"de\",\"potentialAction\":[{\"@type\":\"ReadAction\",\"target\":[\"https:\/\/jonelli-fashion.de\/index.php\/produkt\/das-sahnehaeubchen-groesse-56-140\/\"]}]},{\"@type\":\"BreadcrumbList\",\"@id\":\"https:\/\/jonelli-fashion.de\/index.php\/produkt\/das-sahnehaeubchen-groesse-56-140\/#breadcrumb\",\"itemListElement\":[{\"@type\":\"ListItem\",\"position\":1,\"name\":\"Startseite\",\"item\":\"https:\/\/jonelli-fashion.de\/\"},{\"@type\":\"ListItem\",\"position\":2,\"name\":\"Shop\",\"item\":\"https:\/\/jonelli-fashion.de\/index.php\/shop\/\"},{\"@type\":\"ListItem\",\"position\":3,\"name\":\"Das Sahneh\u00e4ubchen (Gr\u00f6\u00dfe 56-140)\"}]},{\"@type\":\"WebSite\",\"@id\":\"https:\/\/jonelli-fashion.de\/#website\",\"url\":\"https:\/\/jonelli-fashion.de\/\",\"name\":\"Jonelli Fashion\",\"description\":\"Wenn aus N\u00e4hen eine Leidenschaft wird\",\"potentialAction\":[{\"@type\":\"SearchAction\",\"target\":{\"@type\":\"EntryPoint\",\"urlTemplate\":\"https:\/\/jonelli-fashion.de\/?s={search_term_string}\"},\"query-input\":\"required name=search_term_string\"}],\"inLanguage\":\"de\"}]}<\/script>\n<!-- \/ Yoast SEO plugin. -->","yoast_head_json":{"title":"Das Sahneh\u00e4ubchen (Gr\u00f6\u00dfe 56-140) - Jonelli Fashion","description":"Das Sahneh\u00e4ubchen ist ein verspielter Jackenschnitt mit verschiedenen \u00c4rmel- sowie R\u00fcschenvarianten in Gr\u00f6\u00dfe 56-140.\u00a0","robots":{"index":"index","follow":"follow","max-snippet":"max-snippet:-1","max-image-preview":"max-image-preview:large","max-video-preview":"max-video-preview:-1"},"canonical":"https:\/\/jonelli-fashion.de\/index.php\/produkt\/das-sahnehaeubchen-groesse-56-140\/","og_locale":"de_DE","og_type":"article","og_title":"Das Sahneh\u00e4ubchen (Gr\u00f6\u00dfe 56-140) - Jonelli Fashion","og_description":"Das Sahneh\u00e4ubchen ist ein verspielter Jackenschnitt mit verschiedenen \u00c4rmel- sowie R\u00fcschenvarianten in Gr\u00f6\u00dfe 56-140.\u00a0","og_url":"https:\/\/jonelli-fashion.de\/index.php\/produkt\/das-sahnehaeubchen-groesse-56-140\/","og_site_name":"Jonelli Fashion","article_modified_time":"2022-01-01T12:29:30+00:00","og_image":[{"width":1414,"height":2000,"url":"https:\/\/jonelli-fashion.de\/wp-content\/uploads\/2021\/02\/Das-Sahnehaeubchen.jpg","type":"image\/jpeg"}],"twitter_card":"summary_large_image","twitter_misc":{"Gesch\u00e4tzte Lesezeit":"1\u00a0Minute"},"schema":{"@context":"https:\/\/schema.org","@graph":[{"@type":"WebPage","@id":"https:\/\/jonelli-fashion.de\/index.php\/produkt\/das-sahnehaeubchen-groesse-56-140\/","url":"https:\/\/jonelli-fashion.de\/index.php\/produkt\/das-sahnehaeubchen-groesse-56-140\/","name":"Das Sahneh\u00e4ubchen (Gr\u00f6\u00dfe 56-140) - Jonelli Fashion","isPartOf":{"@id":"https:\/\/jonelli-fashion.de\/#website"},"datePublished":"2021-02-26T17:00:46+00:00","dateModified":"2022-01-01T12:29:30+00:00","description":"Das Sahneh\u00e4ubchen ist ein verspielter Jackenschnitt mit verschiedenen \u00c4rmel- sowie R\u00fcschenvarianten in Gr\u00f6\u00dfe 56-140.\u00a0","breadcrumb":{"@id":"https:\/\/jonelli-fashion.de\/index.php\/produkt\/das-sahnehaeubchen-groesse-56-140\/#breadcrumb"},"inLanguage":"de","potentialAction":[{"@type":"ReadAction","target":["https:\/\/jonelli-fashion.de\/index.php\/produkt\/das-sahnehaeubchen-groesse-56-140\/"]}]},{"@type":"BreadcrumbList","@id":"https:\/\/jonelli-fashion.de\/index.php\/produkt\/das-sahnehaeubchen-groesse-56-140\/#breadcrumb","itemListElement":[{"@type":"ListItem","position":1,"name":"Startseite","item":"https:\/\/jonelli-fashion.de\/"},{"@type":"ListItem","position":2,"name":"Shop","item":"https:\/\/jonelli-fashion.de\/index.php\/shop\/"},{"@type":"ListItem","position":3,"name":"Das Sahneh\u00e4ubchen (Gr\u00f6\u00dfe 56-140)"}]},{"@type":"WebSite","@id":"https:\/\/jonelli-fashion.de\/#website","url":"https:\/\/jonelli-fashion.de\/","name":"Jonelli Fashion","description":"Wenn aus N\u00e4hen eine Leidenschaft wird","potentialAction":[{"@type":"SearchAction","target":{"@type":"EntryPoint","urlTemplate":"https:\/\/jonelli-fashion.de\/?s={search_term_string}"},"query-input":"required name=search_term_string"}],"inLanguage":"de"}]}},"_links":{"self":[{"href":"https:\/\/jonelli-fashion.de\/index.php\/wp-json\/wp\/v2\/product\/1801"}],"collection":[{"href":"https:\/\/jonelli-fashion.de\/index.php\/wp-json\/wp\/v2\/product"}],"about":[{"href":"https:\/\/jonelli-fashion.de\/index.php\/wp-json\/wp\/v2\/types\/product"}],"replies":[{"embeddable":true,"href":"https:\/\/jonelli-fashion.de\/index.php\/wp-json\/wp\/v2\/comments?post=1801"}],"version-history":[{"count":6,"href":"https:\/\/jonelli-fashion.de\/index.php\/wp-json\/wp\/v2\/product\/1801\/revisions"}],"predecessor-version":[{"id":1848,"href":"https:\/\/jonelli-fashion.de\/index.php\/wp-json\/wp\/v2\/product\/1801\/revisions\/1848"}],"wp:featuredmedia":[{"embeddable":true,"href":"https:\/\/jonelli-fashion.de\/index.php\/wp-json\/wp\/v2\/media\/1808"}],"wp:attachment":[{"href":"https:\/\/jonelli-fashion.de\/index.php\/wp-json\/wp\/v2\/media?parent=1801"}],"wp:term":[{"taxonomy":"product_cat","embeddable":true,"href":"https:\/\/jonelli-fashion.de\/index.php\/wp-json\/wp\/v2\/product_cat?post=1801"},{"taxonomy":"product_tag","embeddable":true,"href":"https:\/\/jonelli-fashion.de\/index.php\/wp-json\/wp\/v2\/product_tag?post=1801"}],"curies":[{"name":"wp","href":"https:\/\/api.w.org\/{rel}","templated":true}]}}