{"id":2386,"date":"2021-04-16T18:55:40","date_gmt":"2021-04-16T16:55:40","guid":{"rendered":"https:\/\/jonelli-fashion.de\/?post_type=product&#038;p=2386"},"modified":"2022-01-01T13:21:14","modified_gmt":"2022-01-01T12:21:14","slug":"kombi-ebook-das-kleine-und-grosse-sahnehaeubchen-groesse-56-140-34-50","status":"publish","type":"product","link":"https:\/\/jonelli-fashion.de\/index.php\/produkt\/kombi-ebook-das-kleine-und-grosse-sahnehaeubchen-groesse-56-140-34-50\/","title":{"rendered":"Kombi-eBook Das kleine und gro\u00dfe Sahneh\u00e4ubchen (Gr\u00f6\u00dfe 56-140 &#038; 34-50)"},"content":{"rendered":"\t\t<div data-elementor-type=\"wp-post\" data-elementor-id=\"2386\" class=\"elementor elementor-2386\">\n\t\t\t\t\t\t<section class=\"elementor-section elementor-top-section elementor-element elementor-element-bd66b1c elementor-section-boxed elementor-section-height-default elementor-section-height-default\" data-id=\"bd66b1c\" data-element_type=\"section\">\n\t\t\t\t\t\t<div class=\"elementor-container elementor-column-gap-default\">\n\t\t\t\t\t<div class=\"elementor-column elementor-col-100 elementor-top-column elementor-element elementor-element-1c0fbaa\" data-id=\"1c0fbaa\" data-element_type=\"column\">\n\t\t\t<div class=\"elementor-widget-wrap elementor-element-populated\">\n\t\t\t\t\t\t<div class=\"elementor-element elementor-element-423991c elementor-widget elementor-widget-text-editor\" data-id=\"423991c\" data-element_type=\"widget\" data-widget_type=\"text-editor.default\">\n\t\t\t\t<div class=\"elementor-widget-container\">\n\t\t\t\t\t\t\t<p>Das Sahneh\u00e4ubchen ist ein <b>Must-have<\/b> f\u00fcr kleine und gro\u00dfe M\u00e4dels.<\/p>\n<p>Die Jacke besticht durch ihren <b>verspielten<\/b> Schnitt, das <b>geraffte Sch\u00f6\u00dfchen<\/b> und die <b>verschiedenen R\u00fcschenvarianten<\/b>. Hierzu z\u00e4hlen die Kapuzenr\u00fcsche und die V-R\u00fcsche am Vorderteil, welche sich auch auf dem R\u00fcckteil fortsetzt.<\/p>\n<p>Das gro\u00dfe Sahneh\u00e4ubchen kann jedoch auch super als <b>Bolero<\/b> zu einem Kleid oder aber einem Shirt mit Jeans kombiniert werden.<\/p>\n<p><span style=\"font-size: 16px;\">Das Sahneh\u00e4ubchen bietet au\u00dferdem <\/span><span style=\"font-size: 16px;\"><b>verschiedene \u00c4rmelvarianten<\/b><\/span><span style=\"font-size: 16px;\">. Zum Einen den normalen \u00c4rmel, zum Anderen den Bischofs\u00e4rmel oder den \u00c4rmel mit Gummieinzug.<\/span><\/p>\n<p><span style=\"font-size: 16px;\">Die Jacke kann mit einer <\/span><span style=\"font-size: 16px;\">Knopfleiste<\/span><span style=\"font-size: 16px;\"> geschlossen oder aber offen getragen werden. Ein kleiner Hingucker ist der <\/span><span style=\"font-size: 16px;\">eingefasste Halsausschnitt<\/span><span style=\"font-size: 16px;\">, welcher mit einer s\u00fc\u00dfen Schleife geschlossen werden kann.&nbsp;<br><\/span><span style=\"font-size: 16px;\">Wer es lieber ganz <\/span><span style=\"font-size: 16px;\">schlicht<\/span><span style=\"font-size: 16px;\"> mag, kann das Sahneh\u00e4ubchen auch ohne R\u00fcschen und mit B\u00fcndchen am Halsausschnitt n\u00e4hen.<\/span><\/p>\n<p><span style=\"font-size: 16px; font-style: normal; font-weight: 400;\">F\u00fcr das Sahneh\u00e4ubchen eignen sich&nbsp;<\/span><span style=\"font-size: 16px; font-style: normal; font-weight: bold;\">dickere dehnbare Stoffe<\/span><span style=\"font-size: 16px; font-style: normal; font-weight: 400;\">, wie bspw. French Terry, Sweat, Jacquard, dickere Strickstoffe, o.\u00e4.&nbsp;<\/span><\/p>\n<p style=\"font-size: 16px; font-style: normal; font-weight: 400;\">Die schlichte Variante ist durch die sehr detaillierte, gut bebilderte Anleitung auch f\u00fcr N\u00e4hanf\u00e4nger geeignet, wohingegen die Variante mit V-R\u00fcsche und angesetzter Knopfleiste etwas tricky ist und eher f\u00fcr N\u00e4herinnen mit etwas mehr Erfahrung geeignet ist.<\/p>\n<p style=\"font-size: 16px; font-style: normal;\"><span style=\"font-weight: 400;\">Das eBook beinhaltet sowohl die<span style=\"font-size: 16px; font-weight: bold;\">&nbsp;A4 Dateien<\/span>, als auch die<\/span><b>&nbsp;Beamerd<span style=\"font-size: 16px;\">ateien<\/span><\/b><span style=\"font-weight: bold; font-size: 16px;\">&nbsp;mit Ebenenfunktion <\/span><span style=\"font-size: 16px;\">(\u00dcbergr\u00f6\u00dfe)<\/span>&nbsp;f\u00fcr den Zuschnitt mit dem Beamer.<\/p>\n<p><\/p>\n<p style=\"font-size: 16px; font-style: normal; font-weight: 400;\">Folgendes ben\u00f6tigst du zum N\u00e4hen:<br><span style=\"font-size: 16px;\">&#8211; N\u00e4hmaschine<br><\/span><span style=\"font-size: 16px;\">&#8211; Gummiband<br><\/span><span style=\"font-size: 16px;\">&#8211; Stecknadeln oder Stoffclips<br><\/span><span style=\"font-size: 16px;\">&#8211; Stoffschere oder Rollschneider<br><\/span><span style=\"font-size: 16px;\">&#8211; Drucker oder Beamer<br><\/span><span style=\"font-size: 16px;\">&#8211; T\u00fcddelkram (Kn\u00f6pfe, Borten, Druckkn\u00f6pfe, etc.)<br><\/span><span style=\"font-size: 16px;\">&#8211; Framilonband<\/span><\/p>\t\t\t\t\t\t<\/div>\n\t\t\t\t<\/div>\n\t\t\t\t\t<\/div>\n\t\t<\/div>\n\t\t\t\t\t<\/div>\n\t\t<\/section>\n\t\t\t\t<\/div>\n\t\t","protected":false},"excerpt":{"rendered":"<p>Das Sahneh\u00e4ubchen ist ein verspielter Jackenschnitt mit verschiedenen \u00c4rmel- sowie R\u00fcschenvarianten. Und das Beste: ab sofort sogar im Partnerlook m\u00f6glich. Du erh\u00e4ltst das eBook in den Gr\u00f6\u00dfen 56-140 und 34-50.<\/p>\n","protected":false},"featured_media":2387,"comment_status":"open","ping_status":"closed","template":"","meta":{"site-sidebar-layout":"default","site-content-layout":"default","ast-global-header-display":"","ast-banner-title-visibility":"","ast-main-header-display":"","ast-hfb-above-header-display":"","ast-hfb-below-header-display":"","ast-hfb-mobile-header-display":"","site-post-title":"disabled","ast-breadcrumbs-content":"","ast-featured-img":"disabled","footer-sml-layout":"","theme-transparent-header-meta":"default","adv-header-id-meta":"","stick-header-meta":"","header-above-stick-meta":"","header-main-stick-meta":"","header-below-stick-meta":""},"product_cat":[15],"product_tag":[],"yoast_head":"<!-- This site is optimized with the Yoast SEO plugin v21.8.1 - https:\/\/yoast.com\/wordpress\/plugins\/seo\/ -->\n<title>Kombi-eBook Das kleine und gro\u00dfe Sahneh\u00e4ubchen (Gr\u00f6\u00dfe 56-140 &amp; 34-50) - Jonelli Fashion<\/title>\n<meta name=\"robots\" content=\"index, follow, max-snippet:-1, max-image-preview:large, max-video-preview:-1\" \/>\n<link rel=\"canonical\" href=\"https:\/\/jonelli-fashion.de\/index.php\/produkt\/kombi-ebook-das-kleine-und-grosse-sahnehaeubchen-groesse-56-140-34-50\/\" \/>\n<meta property=\"og:locale\" content=\"de_DE\" \/>\n<meta property=\"og:type\" content=\"article\" \/>\n<meta property=\"og:title\" content=\"Kombi-eBook Das kleine und gro\u00dfe Sahneh\u00e4ubchen (Gr\u00f6\u00dfe 56-140 &amp; 34-50) - Jonelli Fashion\" \/>\n<meta property=\"og:description\" content=\"Das Sahneh\u00e4ubchen ist ein verspielter Jackenschnitt mit verschiedenen \u00c4rmel- sowie R\u00fcschenvarianten. Und das Beste: ab sofort sogar im Partnerlook m\u00f6glich. Du erh\u00e4ltst das eBook in den Gr\u00f6\u00dfen 56-140 und 34-50.\" \/>\n<meta property=\"og:url\" content=\"https:\/\/jonelli-fashion.de\/index.php\/produkt\/kombi-ebook-das-kleine-und-grosse-sahnehaeubchen-groesse-56-140-34-50\/\" \/>\n<meta property=\"og:site_name\" content=\"Jonelli Fashion\" \/>\n<meta property=\"article:modified_time\" content=\"2022-01-01T12:21:14+00:00\" \/>\n<meta property=\"og:image\" content=\"https:\/\/jonelli-fashion.de\/wp-content\/uploads\/2021\/04\/Titelbilder-Shop-Kombi.jpg\" \/>\n\t<meta property=\"og:image:width\" content=\"1414\" \/>\n\t<meta property=\"og:image:height\" content=\"2000\" \/>\n\t<meta property=\"og:image:type\" content=\"image\/jpeg\" \/>\n<meta name=\"twitter:card\" content=\"summary_large_image\" \/>\n<meta name=\"twitter:label1\" content=\"Gesch\u00e4tzte Lesezeit\" \/>\n\t<meta name=\"twitter:data1\" content=\"1\u00a0Minute\" \/>\n<script type=\"application\/ld+json\" class=\"yoast-schema-graph\">{\"@context\":\"https:\/\/schema.org\",\"@graph\":[{\"@type\":\"WebPage\",\"@id\":\"https:\/\/jonelli-fashion.de\/index.php\/produkt\/kombi-ebook-das-kleine-und-grosse-sahnehaeubchen-groesse-56-140-34-50\/\",\"url\":\"https:\/\/jonelli-fashion.de\/index.php\/produkt\/kombi-ebook-das-kleine-und-grosse-sahnehaeubchen-groesse-56-140-34-50\/\",\"name\":\"Kombi-eBook Das kleine und gro\u00dfe Sahneh\u00e4ubchen (Gr\u00f6\u00dfe 56-140 & 34-50) - Jonelli Fashion\",\"isPartOf\":{\"@id\":\"https:\/\/jonelli-fashion.de\/#website\"},\"datePublished\":\"2021-04-16T16:55:40+00:00\",\"dateModified\":\"2022-01-01T12:21:14+00:00\",\"breadcrumb\":{\"@id\":\"https:\/\/jonelli-fashion.de\/index.php\/produkt\/kombi-ebook-das-kleine-und-grosse-sahnehaeubchen-groesse-56-140-34-50\/#breadcrumb\"},\"inLanguage\":\"de\",\"potentialAction\":[{\"@type\":\"ReadAction\",\"target\":[\"https:\/\/jonelli-fashion.de\/index.php\/produkt\/kombi-ebook-das-kleine-und-grosse-sahnehaeubchen-groesse-56-140-34-50\/\"]}]},{\"@type\":\"BreadcrumbList\",\"@id\":\"https:\/\/jonelli-fashion.de\/index.php\/produkt\/kombi-ebook-das-kleine-und-grosse-sahnehaeubchen-groesse-56-140-34-50\/#breadcrumb\",\"itemListElement\":[{\"@type\":\"ListItem\",\"position\":1,\"name\":\"Startseite\",\"item\":\"https:\/\/jonelli-fashion.de\/\"},{\"@type\":\"ListItem\",\"position\":2,\"name\":\"Shop\",\"item\":\"https:\/\/jonelli-fashion.de\/index.php\/shop\/\"},{\"@type\":\"ListItem\",\"position\":3,\"name\":\"Kombi-eBook Das kleine und gro\u00dfe Sahneh\u00e4ubchen (Gr\u00f6\u00dfe 56-140 &#038; 34-50)\"}]},{\"@type\":\"WebSite\",\"@id\":\"https:\/\/jonelli-fashion.de\/#website\",\"url\":\"https:\/\/jonelli-fashion.de\/\",\"name\":\"Jonelli Fashion\",\"description\":\"Wenn aus N\u00e4hen eine Leidenschaft wird\",\"potentialAction\":[{\"@type\":\"SearchAction\",\"target\":{\"@type\":\"EntryPoint\",\"urlTemplate\":\"https:\/\/jonelli-fashion.de\/?s={search_term_string}\"},\"query-input\":\"required name=search_term_string\"}],\"inLanguage\":\"de\"}]}<\/script>\n<!-- \/ Yoast SEO plugin. -->","yoast_head_json":{"title":"Kombi-eBook Das kleine und gro\u00dfe Sahneh\u00e4ubchen (Gr\u00f6\u00dfe 56-140 & 34-50) - Jonelli Fashion","robots":{"index":"index","follow":"follow","max-snippet":"max-snippet:-1","max-image-preview":"max-image-preview:large","max-video-preview":"max-video-preview:-1"},"canonical":"https:\/\/jonelli-fashion.de\/index.php\/produkt\/kombi-ebook-das-kleine-und-grosse-sahnehaeubchen-groesse-56-140-34-50\/","og_locale":"de_DE","og_type":"article","og_title":"Kombi-eBook Das kleine und gro\u00dfe Sahneh\u00e4ubchen (Gr\u00f6\u00dfe 56-140 & 34-50) - Jonelli Fashion","og_description":"Das Sahneh\u00e4ubchen ist ein verspielter Jackenschnitt mit verschiedenen \u00c4rmel- sowie R\u00fcschenvarianten. Und das Beste: ab sofort sogar im Partnerlook m\u00f6glich. Du erh\u00e4ltst das eBook in den Gr\u00f6\u00dfen 56-140 und 34-50.","og_url":"https:\/\/jonelli-fashion.de\/index.php\/produkt\/kombi-ebook-das-kleine-und-grosse-sahnehaeubchen-groesse-56-140-34-50\/","og_site_name":"Jonelli Fashion","article_modified_time":"2022-01-01T12:21:14+00:00","og_image":[{"width":1414,"height":2000,"url":"https:\/\/jonelli-fashion.de\/wp-content\/uploads\/2021\/04\/Titelbilder-Shop-Kombi.jpg","type":"image\/jpeg"}],"twitter_card":"summary_large_image","twitter_misc":{"Gesch\u00e4tzte Lesezeit":"1\u00a0Minute"},"schema":{"@context":"https:\/\/schema.org","@graph":[{"@type":"WebPage","@id":"https:\/\/jonelli-fashion.de\/index.php\/produkt\/kombi-ebook-das-kleine-und-grosse-sahnehaeubchen-groesse-56-140-34-50\/","url":"https:\/\/jonelli-fashion.de\/index.php\/produkt\/kombi-ebook-das-kleine-und-grosse-sahnehaeubchen-groesse-56-140-34-50\/","name":"Kombi-eBook Das kleine und gro\u00dfe Sahneh\u00e4ubchen (Gr\u00f6\u00dfe 56-140 & 34-50) - Jonelli Fashion","isPartOf":{"@id":"https:\/\/jonelli-fashion.de\/#website"},"datePublished":"2021-04-16T16:55:40+00:00","dateModified":"2022-01-01T12:21:14+00:00","breadcrumb":{"@id":"https:\/\/jonelli-fashion.de\/index.php\/produkt\/kombi-ebook-das-kleine-und-grosse-sahnehaeubchen-groesse-56-140-34-50\/#breadcrumb"},"inLanguage":"de","potentialAction":[{"@type":"ReadAction","target":["https:\/\/jonelli-fashion.de\/index.php\/produkt\/kombi-ebook-das-kleine-und-grosse-sahnehaeubchen-groesse-56-140-34-50\/"]}]},{"@type":"BreadcrumbList","@id":"https:\/\/jonelli-fashion.de\/index.php\/produkt\/kombi-ebook-das-kleine-und-grosse-sahnehaeubchen-groesse-56-140-34-50\/#breadcrumb","itemListElement":[{"@type":"ListItem","position":1,"name":"Startseite","item":"https:\/\/jonelli-fashion.de\/"},{"@type":"ListItem","position":2,"name":"Shop","item":"https:\/\/jonelli-fashion.de\/index.php\/shop\/"},{"@type":"ListItem","position":3,"name":"Kombi-eBook Das kleine und gro\u00dfe Sahneh\u00e4ubchen (Gr\u00f6\u00dfe 56-140 &#038; 34-50)"}]},{"@type":"WebSite","@id":"https:\/\/jonelli-fashion.de\/#website","url":"https:\/\/jonelli-fashion.de\/","name":"Jonelli Fashion","description":"Wenn aus N\u00e4hen eine Leidenschaft wird","potentialAction":[{"@type":"SearchAction","target":{"@type":"EntryPoint","urlTemplate":"https:\/\/jonelli-fashion.de\/?s={search_term_string}"},"query-input":"required name=search_term_string"}],"inLanguage":"de"}]}},"_links":{"self":[{"href":"https:\/\/jonelli-fashion.de\/index.php\/wp-json\/wp\/v2\/product\/2386"}],"collection":[{"href":"https:\/\/jonelli-fashion.de\/index.php\/wp-json\/wp\/v2\/product"}],"about":[{"href":"https:\/\/jonelli-fashion.de\/index.php\/wp-json\/wp\/v2\/types\/product"}],"replies":[{"embeddable":true,"href":"https:\/\/jonelli-fashion.de\/index.php\/wp-json\/wp\/v2\/comments?post=2386"}],"version-history":[{"count":11,"href":"https:\/\/jonelli-fashion.de\/index.php\/wp-json\/wp\/v2\/product\/2386\/revisions"}],"predecessor-version":[{"id":2419,"href":"https:\/\/jonelli-fashion.de\/index.php\/wp-json\/wp\/v2\/product\/2386\/revisions\/2419"}],"wp:featuredmedia":[{"embeddable":true,"href":"https:\/\/jonelli-fashion.de\/index.php\/wp-json\/wp\/v2\/media\/2387"}],"wp:attachment":[{"href":"https:\/\/jonelli-fashion.de\/index.php\/wp-json\/wp\/v2\/media?parent=2386"}],"wp:term":[{"taxonomy":"product_cat","embeddable":true,"href":"https:\/\/jonelli-fashion.de\/index.php\/wp-json\/wp\/v2\/product_cat?post=2386"},{"taxonomy":"product_tag","embeddable":true,"href":"https:\/\/jonelli-fashion.de\/index.php\/wp-json\/wp\/v2\/product_tag?post=2386"}],"curies":[{"name":"wp","href":"https:\/\/api.w.org\/{rel}","templated":true}]}}