{"id":2696,"date":"2021-05-28T18:45:19","date_gmt":"2021-05-28T16:45:19","guid":{"rendered":"https:\/\/jonelli-fashion.de\/?post_type=product&#038;p=2696"},"modified":"2023-09-05T00:18:40","modified_gmt":"2023-09-04T22:18:40","slug":"der-grosse-suesskeks-groesse-34-50","status":"publish","type":"product","link":"https:\/\/jonelli-fashion.de\/index.php\/produkt\/der-grosse-suesskeks-groesse-34-50\/","title":{"rendered":"Der gro\u00dfe S\u00fc\u00dfkeks (Gr\u00f6\u00dfe 34-50)"},"content":{"rendered":"\t\t<div data-elementor-type=\"wp-post\" data-elementor-id=\"2696\" class=\"elementor elementor-2696\">\n\t\t\t\t\t\t<section class=\"elementor-section elementor-top-section elementor-element elementor-element-3230a60 elementor-section-boxed elementor-section-height-default elementor-section-height-default\" data-id=\"3230a60\" data-element_type=\"section\">\n\t\t\t\t\t\t<div class=\"elementor-container elementor-column-gap-default\">\n\t\t\t\t\t<div class=\"elementor-column elementor-col-100 elementor-top-column elementor-element elementor-element-957e7d8\" data-id=\"957e7d8\" data-element_type=\"column\">\n\t\t\t<div class=\"elementor-widget-wrap elementor-element-populated\">\n\t\t\t\t\t\t<div class=\"elementor-element elementor-element-8ff6845 elementor-widget elementor-widget-text-editor\" data-id=\"8ff6845\" data-element_type=\"widget\" data-widget_type=\"text-editor.default\">\n\t\t\t\t<div class=\"elementor-widget-container\">\n\t\t\t\t\t\t\t<p><span>Der gro\u00dfe S\u00fc\u00dfkeks ist ein wandelbares <\/span><span>Oberteil <\/span><span>f\u00fcr Damen, welches als <\/span><span><strong>Tunika, Kleid<\/strong> oder <strong>Stufenkleid<\/strong><\/span><span> gen\u00e4ht werden kann.<br><\/span><span>Unter der Brust kann man zwischen der <\/span><span><b>geraden<\/b><\/span><span> oder aber der&nbsp;<\/span><span style=\"font-size: 16px;\"><b>Vokuhila-Variante<\/b><\/span><span style=\"font-size: 16px;\"> w\u00e4hlen. Ebenso ist es bei dem Saumabschluss, auch hier kann ein gerader Saum oder aber ein Vokuhilasaum gew\u00e4hlt werden.<\/span><\/p>\n<p><span>Bei den \u00c4rmeln hat man die Wahl zwischen den <\/span><span><b>Bischofs\u00e4rmeln<\/b><\/span><span>, <\/span><span><b>gerafften \u00c4rmeln<\/b><\/span><span> mittels Gummizug oder aber <\/span><span><b>normalen \u00c4rmeln<\/b><\/span><span>, welche wahlweise auf 7\/8, 3\/4 oder 1\/2 \u00c4rmel gek\u00fcrzt werden k\u00f6nnen.<\/span><\/p>\n<p><span>Zus\u00e4tzlich gibt es ein<b> <\/b><\/span><span><b>\u00c4rmel-Add-on<\/b><\/span><span> in dem viele sommerliche \u00c4rmel, wie bspw. Fl\u00fcgel\u00e4rmel enthalten sind. Dieses muss separat erworben werden.<\/span><\/p>\n<p><span>Beim Ausschnitt hat man die Wahl zwischen dem <\/span><span><b>hohen<\/b><\/span><span> oder <\/span><span><b>tiefen Ausschnitt<\/b><\/span><span> und kann diese entweder mit <\/span><span><b>B\u00fcndchen<\/b><\/span><span> oder aber mit<b> <\/b><\/span><span><b>Beleg<\/b><\/span><span> n\u00e4hen.<\/span><\/p>\n<p><span>Das <\/span><span><b>Stufenkleid<\/b><\/span><span> bietet <\/span><span><b>verschiedene L\u00e4ngen<\/b>. <\/span><span>Eine genaue Auflistung ist im Ebook enthalten. Von Minikleid bis knielang ist alles dabei. Auch die Verl\u00e4ngerung auf ein Maxikleid ist m\u00f6glich.<\/span><\/p>\n<p><span>Der gro\u00dfe S\u00fc\u00dfkeks ist ein <b>Must-have<\/b> f\u00fcr alle <b>werdenden<\/b>, aber auch<b> stillenden Mami\u00b4s<\/b>, denn auch eine <\/span><span><b>Stillvariante<\/b><\/span><span> ist im Schnitt enthalten.<\/span><\/p>\n<p style=\"font-size: 16px; font-style: normal; font-weight: 400;\">F\u00fcr den S\u00fc\u00dfkeks eignen sich&nbsp;<span style=\"font-weight: 700;\">dehnbare Stoffe<\/span>, wie bspw. Jersey, Viskosejersey.<\/p>\n<p style=\"font-size: 16px; font-style: normal;\"><span style=\"font-weight: 400;\">Durch die sehr detaillierte, bebilderte Anleitung ist der Schnitt sowohl f\u00fcr <\/span><b>Anf\u00e4nger<\/b>, als auch f\u00fcr <b>fortgeschrittene<\/b> N\u00e4her\/innen geeignet.<\/p>\n<p style=\"font-size: 16px; font-style: normal;\">Das eBook beinhaltet eine<span style=\"font-weight: 700;\">&nbsp;A4 Datei <\/span>(mit Ebenenfunktion), sowie eine&nbsp;<span style=\"font-weight: 700;\">A0 Datei mit Ebenenfunktion<\/span>&nbsp;f\u00fcr den Zuschnitt mit dem Beamer.<br><span style=\"font-size: 16px; font-style: normal; font-weight: 400;\">Eine Nahtzugabe von 0,7cm ist bereits im Schnitt enthalten.<\/span><br><\/p>\n<p><span><\/span><\/p>\n<p style=\"font-size: 16px; font-style: normal; font-weight: 400;\">Folgendes ben\u00f6tigst du zum N\u00e4hen:<br><span style=\"font-size: 16px;\">&#8211; N\u00e4hmaschine<br><\/span><span style=\"font-size: 16px;\">&#8211; Gummiband<br><\/span><span style=\"font-size: 16px;\">&#8211; Stecknadeln oder Stoffclips<br><\/span><span style=\"font-size: 16px;\">&#8211; Stoffschere oder Rollschneider<br><\/span><span style=\"font-size: 16px;\">&#8211; Drucker oder Beamer<br><\/span><span style=\"font-size: 16px;\">&#8211; T\u00fcddelkram (Kn\u00f6pfe, Borten, Druckkn\u00f6pfe, etc.)<br><\/span><span style=\"font-size: 16px;\">&#8211; Framilonband<\/span><\/p>\t\t\t\t\t\t<\/div>\n\t\t\t\t<\/div>\n\t\t\t\t\t<\/div>\n\t\t<\/div>\n\t\t\t\t\t<\/div>\n\t\t<\/section>\n\t\t\t\t<\/div>\n\t\t","protected":false},"excerpt":{"rendered":"<p>Der gro\u00dfe S\u00fc\u00dfkeks ist ein Oberteil mit verschiedenen Variationsm\u00f6glichkeiten f\u00fcr Damen in den Gr\u00f6\u00dfen 34-50.<\/p>\n","protected":false},"featured_media":2702,"comment_status":"open","ping_status":"closed","template":"","meta":{"site-sidebar-layout":"default","site-content-layout":"default","ast-global-header-display":"","ast-banner-title-visibility":"","ast-main-header-display":"","ast-hfb-above-header-display":"","ast-hfb-below-header-display":"","ast-hfb-mobile-header-display":"","site-post-title":"disabled","ast-breadcrumbs-content":"","ast-featured-img":"disabled","footer-sml-layout":"","theme-transparent-header-meta":"default","adv-header-id-meta":"","stick-header-meta":"","header-above-stick-meta":"","header-main-stick-meta":"","header-below-stick-meta":""},"product_cat":[15],"product_tag":[],"yoast_head":"<!-- This site is optimized with the Yoast SEO plugin v21.8.1 - https:\/\/yoast.com\/wordpress\/plugins\/seo\/ -->\n<title>Der gro\u00dfe S\u00fc\u00dfkeks (Gr\u00f6\u00dfe 34-50) - Jonelli Fashion<\/title>\n<meta name=\"description\" content=\"Der gro\u00dfe S\u00fc\u00dfkeks ist ein Oberteil mit verschiedenen Variationsm\u00f6glichkeiten f\u00fcr Damen in den Gr\u00f6\u00dfen 34-50.\" \/>\n<meta name=\"robots\" content=\"index, follow, max-snippet:-1, max-image-preview:large, max-video-preview:-1\" \/>\n<link rel=\"canonical\" href=\"https:\/\/jonelli-fashion.de\/index.php\/produkt\/der-grosse-suesskeks-groesse-34-50\/\" \/>\n<meta property=\"og:locale\" content=\"de_DE\" \/>\n<meta property=\"og:type\" content=\"article\" \/>\n<meta property=\"og:title\" content=\"Der gro\u00dfe S\u00fc\u00dfkeks (Gr\u00f6\u00dfe 34-50) - Jonelli Fashion\" \/>\n<meta property=\"og:description\" content=\"Der gro\u00dfe S\u00fc\u00dfkeks ist ein Oberteil mit verschiedenen Variationsm\u00f6glichkeiten f\u00fcr Damen in den Gr\u00f6\u00dfen 34-50.\" \/>\n<meta property=\"og:url\" content=\"https:\/\/jonelli-fashion.de\/index.php\/produkt\/der-grosse-suesskeks-groesse-34-50\/\" \/>\n<meta property=\"og:site_name\" content=\"Jonelli Fashion\" \/>\n<meta property=\"article:modified_time\" content=\"2023-09-04T22:18:40+00:00\" \/>\n<meta property=\"og:image\" content=\"https:\/\/jonelli-fashion.de\/wp-content\/uploads\/2021\/05\/Produktbild-Der-grosse-Suesskeks.jpg\" \/>\n\t<meta property=\"og:image:width\" content=\"1414\" \/>\n\t<meta property=\"og:image:height\" content=\"2000\" \/>\n\t<meta property=\"og:image:type\" content=\"image\/jpeg\" \/>\n<meta name=\"twitter:card\" content=\"summary_large_image\" \/>\n<meta name=\"twitter:label1\" content=\"Gesch\u00e4tzte Lesezeit\" \/>\n\t<meta name=\"twitter:data1\" content=\"2\u00a0Minuten\" \/>\n<script type=\"application\/ld+json\" class=\"yoast-schema-graph\">{\"@context\":\"https:\/\/schema.org\",\"@graph\":[{\"@type\":\"WebPage\",\"@id\":\"https:\/\/jonelli-fashion.de\/index.php\/produkt\/der-grosse-suesskeks-groesse-34-50\/\",\"url\":\"https:\/\/jonelli-fashion.de\/index.php\/produkt\/der-grosse-suesskeks-groesse-34-50\/\",\"name\":\"Der gro\u00dfe S\u00fc\u00dfkeks (Gr\u00f6\u00dfe 34-50) - Jonelli Fashion\",\"isPartOf\":{\"@id\":\"https:\/\/jonelli-fashion.de\/#website\"},\"datePublished\":\"2021-05-28T16:45:19+00:00\",\"dateModified\":\"2023-09-04T22:18:40+00:00\",\"description\":\"Der gro\u00dfe S\u00fc\u00dfkeks ist ein Oberteil mit verschiedenen Variationsm\u00f6glichkeiten f\u00fcr Damen in den Gr\u00f6\u00dfen 34-50.\",\"breadcrumb\":{\"@id\":\"https:\/\/jonelli-fashion.de\/index.php\/produkt\/der-grosse-suesskeks-groesse-34-50\/#breadcrumb\"},\"inLanguage\":\"de\",\"potentialAction\":[{\"@type\":\"ReadAction\",\"target\":[\"https:\/\/jonelli-fashion.de\/index.php\/produkt\/der-grosse-suesskeks-groesse-34-50\/\"]}]},{\"@type\":\"BreadcrumbList\",\"@id\":\"https:\/\/jonelli-fashion.de\/index.php\/produkt\/der-grosse-suesskeks-groesse-34-50\/#breadcrumb\",\"itemListElement\":[{\"@type\":\"ListItem\",\"position\":1,\"name\":\"Startseite\",\"item\":\"https:\/\/jonelli-fashion.de\/\"},{\"@type\":\"ListItem\",\"position\":2,\"name\":\"Shop\",\"item\":\"https:\/\/jonelli-fashion.de\/index.php\/shop\/\"},{\"@type\":\"ListItem\",\"position\":3,\"name\":\"Der gro\u00dfe S\u00fc\u00dfkeks (Gr\u00f6\u00dfe 34-50)\"}]},{\"@type\":\"WebSite\",\"@id\":\"https:\/\/jonelli-fashion.de\/#website\",\"url\":\"https:\/\/jonelli-fashion.de\/\",\"name\":\"Jonelli Fashion\",\"description\":\"Wenn aus N\u00e4hen eine Leidenschaft wird\",\"potentialAction\":[{\"@type\":\"SearchAction\",\"target\":{\"@type\":\"EntryPoint\",\"urlTemplate\":\"https:\/\/jonelli-fashion.de\/?s={search_term_string}\"},\"query-input\":\"required name=search_term_string\"}],\"inLanguage\":\"de\"}]}<\/script>\n<!-- \/ Yoast SEO plugin. -->","yoast_head_json":{"title":"Der gro\u00dfe S\u00fc\u00dfkeks (Gr\u00f6\u00dfe 34-50) - Jonelli Fashion","description":"Der gro\u00dfe S\u00fc\u00dfkeks ist ein Oberteil mit verschiedenen Variationsm\u00f6glichkeiten f\u00fcr Damen in den Gr\u00f6\u00dfen 34-50.","robots":{"index":"index","follow":"follow","max-snippet":"max-snippet:-1","max-image-preview":"max-image-preview:large","max-video-preview":"max-video-preview:-1"},"canonical":"https:\/\/jonelli-fashion.de\/index.php\/produkt\/der-grosse-suesskeks-groesse-34-50\/","og_locale":"de_DE","og_type":"article","og_title":"Der gro\u00dfe S\u00fc\u00dfkeks (Gr\u00f6\u00dfe 34-50) - Jonelli Fashion","og_description":"Der gro\u00dfe S\u00fc\u00dfkeks ist ein Oberteil mit verschiedenen Variationsm\u00f6glichkeiten f\u00fcr Damen in den Gr\u00f6\u00dfen 34-50.","og_url":"https:\/\/jonelli-fashion.de\/index.php\/produkt\/der-grosse-suesskeks-groesse-34-50\/","og_site_name":"Jonelli Fashion","article_modified_time":"2023-09-04T22:18:40+00:00","og_image":[{"width":1414,"height":2000,"url":"https:\/\/jonelli-fashion.de\/wp-content\/uploads\/2021\/05\/Produktbild-Der-grosse-Suesskeks.jpg","type":"image\/jpeg"}],"twitter_card":"summary_large_image","twitter_misc":{"Gesch\u00e4tzte Lesezeit":"2\u00a0Minuten"},"schema":{"@context":"https:\/\/schema.org","@graph":[{"@type":"WebPage","@id":"https:\/\/jonelli-fashion.de\/index.php\/produkt\/der-grosse-suesskeks-groesse-34-50\/","url":"https:\/\/jonelli-fashion.de\/index.php\/produkt\/der-grosse-suesskeks-groesse-34-50\/","name":"Der gro\u00dfe S\u00fc\u00dfkeks (Gr\u00f6\u00dfe 34-50) - Jonelli Fashion","isPartOf":{"@id":"https:\/\/jonelli-fashion.de\/#website"},"datePublished":"2021-05-28T16:45:19+00:00","dateModified":"2023-09-04T22:18:40+00:00","description":"Der gro\u00dfe S\u00fc\u00dfkeks ist ein Oberteil mit verschiedenen Variationsm\u00f6glichkeiten f\u00fcr Damen in den Gr\u00f6\u00dfen 34-50.","breadcrumb":{"@id":"https:\/\/jonelli-fashion.de\/index.php\/produkt\/der-grosse-suesskeks-groesse-34-50\/#breadcrumb"},"inLanguage":"de","potentialAction":[{"@type":"ReadAction","target":["https:\/\/jonelli-fashion.de\/index.php\/produkt\/der-grosse-suesskeks-groesse-34-50\/"]}]},{"@type":"BreadcrumbList","@id":"https:\/\/jonelli-fashion.de\/index.php\/produkt\/der-grosse-suesskeks-groesse-34-50\/#breadcrumb","itemListElement":[{"@type":"ListItem","position":1,"name":"Startseite","item":"https:\/\/jonelli-fashion.de\/"},{"@type":"ListItem","position":2,"name":"Shop","item":"https:\/\/jonelli-fashion.de\/index.php\/shop\/"},{"@type":"ListItem","position":3,"name":"Der gro\u00dfe S\u00fc\u00dfkeks (Gr\u00f6\u00dfe 34-50)"}]},{"@type":"WebSite","@id":"https:\/\/jonelli-fashion.de\/#website","url":"https:\/\/jonelli-fashion.de\/","name":"Jonelli Fashion","description":"Wenn aus N\u00e4hen eine Leidenschaft wird","potentialAction":[{"@type":"SearchAction","target":{"@type":"EntryPoint","urlTemplate":"https:\/\/jonelli-fashion.de\/?s={search_term_string}"},"query-input":"required name=search_term_string"}],"inLanguage":"de"}]}},"_links":{"self":[{"href":"https:\/\/jonelli-fashion.de\/index.php\/wp-json\/wp\/v2\/product\/2696"}],"collection":[{"href":"https:\/\/jonelli-fashion.de\/index.php\/wp-json\/wp\/v2\/product"}],"about":[{"href":"https:\/\/jonelli-fashion.de\/index.php\/wp-json\/wp\/v2\/types\/product"}],"replies":[{"embeddable":true,"href":"https:\/\/jonelli-fashion.de\/index.php\/wp-json\/wp\/v2\/comments?post=2696"}],"version-history":[{"count":10,"href":"https:\/\/jonelli-fashion.de\/index.php\/wp-json\/wp\/v2\/product\/2696\/revisions"}],"predecessor-version":[{"id":5476,"href":"https:\/\/jonelli-fashion.de\/index.php\/wp-json\/wp\/v2\/product\/2696\/revisions\/5476"}],"wp:featuredmedia":[{"embeddable":true,"href":"https:\/\/jonelli-fashion.de\/index.php\/wp-json\/wp\/v2\/media\/2702"}],"wp:attachment":[{"href":"https:\/\/jonelli-fashion.de\/index.php\/wp-json\/wp\/v2\/media?parent=2696"}],"wp:term":[{"taxonomy":"product_cat","embeddable":true,"href":"https:\/\/jonelli-fashion.de\/index.php\/wp-json\/wp\/v2\/product_cat?post=2696"},{"taxonomy":"product_tag","embeddable":true,"href":"https:\/\/jonelli-fashion.de\/index.php\/wp-json\/wp\/v2\/product_tag?post=2696"}],"curies":[{"name":"wp","href":"https:\/\/api.w.org\/{rel}","templated":true}]}}