{"id":2736,"date":"2021-05-28T18:45:07","date_gmt":"2021-05-28T16:45:07","guid":{"rendered":"https:\/\/jonelli-fashion.de\/?post_type=product&#038;p=2736"},"modified":"2023-09-05T00:18:40","modified_gmt":"2023-09-04T22:18:40","slug":"der-grosse-suesskeks-aermel-add-on-groesse34-50","status":"publish","type":"product","link":"https:\/\/jonelli-fashion.de\/index.php\/produkt\/der-grosse-suesskeks-aermel-add-on-groesse34-50\/","title":{"rendered":"Der gro\u00dfe S\u00fc\u00dfkeks \u00c4rmel Add-on (Gr\u00f6\u00dfe34-50)"},"content":{"rendered":"\t\t<div data-elementor-type=\"wp-post\" data-elementor-id=\"2736\" class=\"elementor elementor-2736\">\n\t\t\t\t\t\t<section class=\"elementor-section elementor-top-section elementor-element elementor-element-6812d77 elementor-section-boxed elementor-section-height-default elementor-section-height-default\" data-id=\"6812d77\" data-element_type=\"section\">\n\t\t\t\t\t\t<div class=\"elementor-container elementor-column-gap-default\">\n\t\t\t\t\t<div class=\"elementor-column elementor-col-100 elementor-top-column elementor-element elementor-element-591ea2e\" data-id=\"591ea2e\" data-element_type=\"column\">\n\t\t\t<div class=\"elementor-widget-wrap elementor-element-populated\">\n\t\t\t\t\t\t<div class=\"elementor-element elementor-element-3cefc61 elementor-widget elementor-widget-text-editor\" data-id=\"3cefc61\" data-element_type=\"widget\" data-widget_type=\"text-editor.default\">\n\t\t\t\t<div class=\"elementor-widget-container\">\n\t\t\t\t\t\t\t<p><span>Der gro\u00dfe S\u00fc\u00dfkeks ist ein wandelbares <\/span><strong><span>Oberteil <\/span><\/strong><span>f\u00fcr Damen, welches du mit diesem Add-on mit tollen sommerlichen \u00c4rmeln erg\u00e4nzen kannst.<\/span><\/p>\n<p><span>Die verspielten <\/span><strong><span>Puff\u00e4rmel<\/span><\/strong><span> sind ein echtes Must-have f\u00fcr den Sommer und werten deinen S\u00fc\u00dfkeks nochmal so richtig auf.<\/span><\/p>\n<p><span>Auf die luftigen <\/span><strong><span>Fl\u00fcgel\u00e4rmel <\/span><\/strong><span>kann wohl gerade an hei\u00dfen Sommertagen niemand verzichten und sie sind dazu noch ein echter Hingucker.<\/span><\/p>\n<p><span>Auch die <\/span><strong><span>Schmetterlings\u00e4rmel<\/span><\/strong><span> liegen gerade hoch im Trend. Die weiten, luftigen \u00c4rmel verdecken den halben Oberarm und sind durch ihren lockeren Sitz auch noch super angenehm zu tragen.<\/span><\/p>\n<p><span>Zu guter Letzt ist auch die <\/span><strong><span>\u00e4rmellose<\/span><\/strong><span> Variante m\u00f6glich. Hierbei wird der Armausschnitt <\/span><strong><span>eingefasst<\/span><\/strong><span>. F\u00fcr eine besonders sch\u00f6ne Optik lohnt es sich auch den Halsausschnitt einzufassen. Wie das funktioniert erkl\u00e4re ich dir ebenfalls in dieser Anleitung.<\/span><\/p>\n<p style=\"font-size: 16px; font-style: normal; font-weight: 400;\"><span style=\"font-size: 16px; font-style: normal; font-weight: 400;\">F\u00fcr den S\u00fc\u00dfkeks eignen sich&nbsp;<\/span><span style=\"font-size: 16px; font-style: normal; font-weight: 700;\">dehnbare Stoffe<\/span><span style=\"font-size: 16px; font-style: normal; font-weight: 400;\">, wie bspw. Jersey, Viskosejersey<\/span><br><\/p>\n<p style=\"font-size: 16px; font-style: normal; font-weight: 400;\"><span style=\"font-size: 16px; font-weight: 400;\">Durch die sehr detaillierte, bebilderte Anleitung ist der Schnitt sowohl f\u00fcr&nbsp;<\/span><span style=\"font-weight: 700;\">Anf\u00e4nger<\/span>, als auch f\u00fcr&nbsp;<span style=\"font-weight: 700;\">fortgeschrittene<\/span>&nbsp;N\u00e4her\/innen geeignet.<\/p>\n<p style=\"font-size: 16px; font-style: normal; font-weight: 400;\">Das eBook beinhaltet eine<span style=\"font-size: 16px; font-weight: 700;\">&nbsp;A4 Datei&nbsp;<\/span>(mit Ebenenfunktion), sowie eine&nbsp;<span style=\"font-size: 16px; font-weight: 700;\">A0 Datei mit Ebenenfunktion<\/span>&nbsp;f\u00fcr den Zuschnitt mit dem Beamer.<br>Eine Nahtzugabe von 0,7cm ist bereits im Schnitt enthalten.<\/p>\n<p style=\"font-size: 16px; font-style: normal; font-weight: 400;\"><span style=\"font-size: 16px;\"><\/span><\/p>\n<p><span><\/span><\/p>\n<p style=\"font-size: 16px; font-style: normal; font-weight: 400;\">Folgendes ben\u00f6tigst du zum N\u00e4hen:<br><span style=\"font-size: 16px;\">&#8211; N\u00e4hmaschine<br><\/span><span style=\"font-size: 16px;\">&#8211; Gummiband<br><\/span><span style=\"font-size: 16px;\">&#8211; Stecknadeln oder Stoffclips<br><\/span><span style=\"font-size: 16px;\">&#8211; Stoffschere oder Rollschneider<br><\/span><span style=\"font-size: 16px;\">&#8211; Drucker oder Beamer<br><\/span><span style=\"font-size: 16px;\">&#8211; T\u00fcddelkram (Kn\u00f6pfe, Borten, Druckkn\u00f6pfe, etc.)<br><\/span><span style=\"font-size: 16px;\">&#8211; Framilonband<\/span><\/p>\t\t\t\t\t\t<\/div>\n\t\t\t\t<\/div>\n\t\t\t\t\t<\/div>\n\t\t<\/div>\n\t\t\t\t\t<\/div>\n\t\t<\/section>\n\t\t\t\t<\/div>\n\t\t","protected":false},"excerpt":{"rendered":"<p>Mit diesem Add-on kannst du deinen gro\u00dfen S\u00fc\u00dfkeks mit sommerlichen \u00c4rmeln schm\u00fccken.<br \/>\nEs handelt sich nur um ein Add-on, der Grundschnitt muss separat erworben werden.<\/p>\n","protected":false},"featured_media":2740,"comment_status":"open","ping_status":"closed","template":"","meta":{"site-sidebar-layout":"default","site-content-layout":"default","ast-global-header-display":"","ast-banner-title-visibility":"","ast-main-header-display":"","ast-hfb-above-header-display":"","ast-hfb-below-header-display":"","ast-hfb-mobile-header-display":"","site-post-title":"disabled","ast-breadcrumbs-content":"","ast-featured-img":"disabled","footer-sml-layout":"","theme-transparent-header-meta":"default","adv-header-id-meta":"","stick-header-meta":"","header-above-stick-meta":"","header-main-stick-meta":"","header-below-stick-meta":""},"product_cat":[15],"product_tag":[],"yoast_head":"<!-- This site is optimized with the Yoast SEO plugin v21.8.1 - https:\/\/yoast.com\/wordpress\/plugins\/seo\/ -->\n<title>Der gro\u00dfe S\u00fc\u00dfkeks \u00c4rmel Add-on (Gr\u00f6\u00dfe34-50) - Jonelli Fashion<\/title>\n<meta name=\"description\" content=\"Mit diesem Add-on kannst du deinen gro\u00dfen S\u00fc\u00dfkeks mit sommerlichen \u00c4rmeln schm\u00fccken.\u00a0Es handelt sich nur um ein Add-on, der Grundschnitt muss separat erworben werden.\u00a0\" \/>\n<meta name=\"robots\" content=\"index, follow, max-snippet:-1, max-image-preview:large, max-video-preview:-1\" \/>\n<link rel=\"canonical\" href=\"https:\/\/jonelli-fashion.de\/index.php\/produkt\/der-grosse-suesskeks-aermel-add-on-groesse34-50\/\" \/>\n<meta property=\"og:locale\" content=\"de_DE\" \/>\n<meta property=\"og:type\" content=\"article\" \/>\n<meta property=\"og:title\" content=\"Der gro\u00dfe S\u00fc\u00dfkeks \u00c4rmel Add-on (Gr\u00f6\u00dfe34-50) - Jonelli Fashion\" \/>\n<meta property=\"og:description\" content=\"Mit diesem Add-on kannst du deinen gro\u00dfen S\u00fc\u00dfkeks mit sommerlichen \u00c4rmeln schm\u00fccken.\u00a0Es handelt sich nur um ein Add-on, der Grundschnitt muss separat erworben werden.\u00a0\" \/>\n<meta property=\"og:url\" content=\"https:\/\/jonelli-fashion.de\/index.php\/produkt\/der-grosse-suesskeks-aermel-add-on-groesse34-50\/\" \/>\n<meta property=\"og:site_name\" content=\"Jonelli Fashion\" \/>\n<meta property=\"article:modified_time\" content=\"2023-09-04T22:18:40+00:00\" \/>\n<meta property=\"og:image\" content=\"https:\/\/jonelli-fashion.de\/wp-content\/uploads\/2021\/05\/Produktbild-Aermel-Addon.jpg\" \/>\n\t<meta property=\"og:image:width\" content=\"1414\" \/>\n\t<meta property=\"og:image:height\" content=\"2000\" \/>\n\t<meta property=\"og:image:type\" content=\"image\/jpeg\" \/>\n<meta name=\"twitter:card\" content=\"summary_large_image\" \/>\n<meta name=\"twitter:label1\" content=\"Gesch\u00e4tzte Lesezeit\" \/>\n\t<meta name=\"twitter:data1\" content=\"2\u00a0Minuten\" \/>\n<script type=\"application\/ld+json\" class=\"yoast-schema-graph\">{\"@context\":\"https:\/\/schema.org\",\"@graph\":[{\"@type\":\"WebPage\",\"@id\":\"https:\/\/jonelli-fashion.de\/index.php\/produkt\/der-grosse-suesskeks-aermel-add-on-groesse34-50\/\",\"url\":\"https:\/\/jonelli-fashion.de\/index.php\/produkt\/der-grosse-suesskeks-aermel-add-on-groesse34-50\/\",\"name\":\"Der gro\u00dfe S\u00fc\u00dfkeks \u00c4rmel Add-on (Gr\u00f6\u00dfe34-50) - Jonelli Fashion\",\"isPartOf\":{\"@id\":\"https:\/\/jonelli-fashion.de\/#website\"},\"datePublished\":\"2021-05-28T16:45:07+00:00\",\"dateModified\":\"2023-09-04T22:18:40+00:00\",\"description\":\"Mit diesem Add-on kannst du deinen gro\u00dfen S\u00fc\u00dfkeks mit sommerlichen \u00c4rmeln schm\u00fccken.\u00a0Es handelt sich nur um ein Add-on, der Grundschnitt muss separat erworben werden.\u00a0\",\"breadcrumb\":{\"@id\":\"https:\/\/jonelli-fashion.de\/index.php\/produkt\/der-grosse-suesskeks-aermel-add-on-groesse34-50\/#breadcrumb\"},\"inLanguage\":\"de\",\"potentialAction\":[{\"@type\":\"ReadAction\",\"target\":[\"https:\/\/jonelli-fashion.de\/index.php\/produkt\/der-grosse-suesskeks-aermel-add-on-groesse34-50\/\"]}]},{\"@type\":\"BreadcrumbList\",\"@id\":\"https:\/\/jonelli-fashion.de\/index.php\/produkt\/der-grosse-suesskeks-aermel-add-on-groesse34-50\/#breadcrumb\",\"itemListElement\":[{\"@type\":\"ListItem\",\"position\":1,\"name\":\"Startseite\",\"item\":\"https:\/\/jonelli-fashion.de\/\"},{\"@type\":\"ListItem\",\"position\":2,\"name\":\"Shop\",\"item\":\"https:\/\/jonelli-fashion.de\/index.php\/shop\/\"},{\"@type\":\"ListItem\",\"position\":3,\"name\":\"Der gro\u00dfe S\u00fc\u00dfkeks \u00c4rmel Add-on (Gr\u00f6\u00dfe34-50)\"}]},{\"@type\":\"WebSite\",\"@id\":\"https:\/\/jonelli-fashion.de\/#website\",\"url\":\"https:\/\/jonelli-fashion.de\/\",\"name\":\"Jonelli Fashion\",\"description\":\"Wenn aus N\u00e4hen eine Leidenschaft wird\",\"potentialAction\":[{\"@type\":\"SearchAction\",\"target\":{\"@type\":\"EntryPoint\",\"urlTemplate\":\"https:\/\/jonelli-fashion.de\/?s={search_term_string}\"},\"query-input\":\"required name=search_term_string\"}],\"inLanguage\":\"de\"}]}<\/script>\n<!-- \/ Yoast SEO plugin. -->","yoast_head_json":{"title":"Der gro\u00dfe S\u00fc\u00dfkeks \u00c4rmel Add-on (Gr\u00f6\u00dfe34-50) - Jonelli Fashion","description":"Mit diesem Add-on kannst du deinen gro\u00dfen S\u00fc\u00dfkeks mit sommerlichen \u00c4rmeln schm\u00fccken.\u00a0Es handelt sich nur um ein Add-on, der Grundschnitt muss separat erworben werden.\u00a0","robots":{"index":"index","follow":"follow","max-snippet":"max-snippet:-1","max-image-preview":"max-image-preview:large","max-video-preview":"max-video-preview:-1"},"canonical":"https:\/\/jonelli-fashion.de\/index.php\/produkt\/der-grosse-suesskeks-aermel-add-on-groesse34-50\/","og_locale":"de_DE","og_type":"article","og_title":"Der gro\u00dfe S\u00fc\u00dfkeks \u00c4rmel Add-on (Gr\u00f6\u00dfe34-50) - Jonelli Fashion","og_description":"Mit diesem Add-on kannst du deinen gro\u00dfen S\u00fc\u00dfkeks mit sommerlichen \u00c4rmeln schm\u00fccken.\u00a0Es handelt sich nur um ein Add-on, der Grundschnitt muss separat erworben werden.\u00a0","og_url":"https:\/\/jonelli-fashion.de\/index.php\/produkt\/der-grosse-suesskeks-aermel-add-on-groesse34-50\/","og_site_name":"Jonelli Fashion","article_modified_time":"2023-09-04T22:18:40+00:00","og_image":[{"width":1414,"height":2000,"url":"https:\/\/jonelli-fashion.de\/wp-content\/uploads\/2021\/05\/Produktbild-Aermel-Addon.jpg","type":"image\/jpeg"}],"twitter_card":"summary_large_image","twitter_misc":{"Gesch\u00e4tzte Lesezeit":"2\u00a0Minuten"},"schema":{"@context":"https:\/\/schema.org","@graph":[{"@type":"WebPage","@id":"https:\/\/jonelli-fashion.de\/index.php\/produkt\/der-grosse-suesskeks-aermel-add-on-groesse34-50\/","url":"https:\/\/jonelli-fashion.de\/index.php\/produkt\/der-grosse-suesskeks-aermel-add-on-groesse34-50\/","name":"Der gro\u00dfe S\u00fc\u00dfkeks \u00c4rmel Add-on (Gr\u00f6\u00dfe34-50) - Jonelli Fashion","isPartOf":{"@id":"https:\/\/jonelli-fashion.de\/#website"},"datePublished":"2021-05-28T16:45:07+00:00","dateModified":"2023-09-04T22:18:40+00:00","description":"Mit diesem Add-on kannst du deinen gro\u00dfen S\u00fc\u00dfkeks mit sommerlichen \u00c4rmeln schm\u00fccken.\u00a0Es handelt sich nur um ein Add-on, der Grundschnitt muss separat erworben werden.\u00a0","breadcrumb":{"@id":"https:\/\/jonelli-fashion.de\/index.php\/produkt\/der-grosse-suesskeks-aermel-add-on-groesse34-50\/#breadcrumb"},"inLanguage":"de","potentialAction":[{"@type":"ReadAction","target":["https:\/\/jonelli-fashion.de\/index.php\/produkt\/der-grosse-suesskeks-aermel-add-on-groesse34-50\/"]}]},{"@type":"BreadcrumbList","@id":"https:\/\/jonelli-fashion.de\/index.php\/produkt\/der-grosse-suesskeks-aermel-add-on-groesse34-50\/#breadcrumb","itemListElement":[{"@type":"ListItem","position":1,"name":"Startseite","item":"https:\/\/jonelli-fashion.de\/"},{"@type":"ListItem","position":2,"name":"Shop","item":"https:\/\/jonelli-fashion.de\/index.php\/shop\/"},{"@type":"ListItem","position":3,"name":"Der gro\u00dfe S\u00fc\u00dfkeks \u00c4rmel Add-on (Gr\u00f6\u00dfe34-50)"}]},{"@type":"WebSite","@id":"https:\/\/jonelli-fashion.de\/#website","url":"https:\/\/jonelli-fashion.de\/","name":"Jonelli Fashion","description":"Wenn aus N\u00e4hen eine Leidenschaft wird","potentialAction":[{"@type":"SearchAction","target":{"@type":"EntryPoint","urlTemplate":"https:\/\/jonelli-fashion.de\/?s={search_term_string}"},"query-input":"required name=search_term_string"}],"inLanguage":"de"}]}},"_links":{"self":[{"href":"https:\/\/jonelli-fashion.de\/index.php\/wp-json\/wp\/v2\/product\/2736"}],"collection":[{"href":"https:\/\/jonelli-fashion.de\/index.php\/wp-json\/wp\/v2\/product"}],"about":[{"href":"https:\/\/jonelli-fashion.de\/index.php\/wp-json\/wp\/v2\/types\/product"}],"replies":[{"embeddable":true,"href":"https:\/\/jonelli-fashion.de\/index.php\/wp-json\/wp\/v2\/comments?post=2736"}],"version-history":[{"count":8,"href":"https:\/\/jonelli-fashion.de\/index.php\/wp-json\/wp\/v2\/product\/2736\/revisions"}],"predecessor-version":[{"id":3287,"href":"https:\/\/jonelli-fashion.de\/index.php\/wp-json\/wp\/v2\/product\/2736\/revisions\/3287"}],"wp:featuredmedia":[{"embeddable":true,"href":"https:\/\/jonelli-fashion.de\/index.php\/wp-json\/wp\/v2\/media\/2740"}],"wp:attachment":[{"href":"https:\/\/jonelli-fashion.de\/index.php\/wp-json\/wp\/v2\/media?parent=2736"}],"wp:term":[{"taxonomy":"product_cat","embeddable":true,"href":"https:\/\/jonelli-fashion.de\/index.php\/wp-json\/wp\/v2\/product_cat?post=2736"},{"taxonomy":"product_tag","embeddable":true,"href":"https:\/\/jonelli-fashion.de\/index.php\/wp-json\/wp\/v2\/product_tag?post=2736"}],"curies":[{"name":"wp","href":"https:\/\/api.w.org\/{rel}","templated":true}]}}