{"id":3253,"date":"2021-06-11T12:45:47","date_gmt":"2021-06-11T10:45:47","guid":{"rendered":"https:\/\/jonelli-fashion.de\/?post_type=product&#038;p=3253"},"modified":"2023-09-05T00:18:39","modified_gmt":"2023-09-04T22:18:39","slug":"der-suesskeks-aermel-add-on","status":"publish","type":"product","link":"https:\/\/jonelli-fashion.de\/index.php\/produkt\/der-suesskeks-aermel-add-on\/","title":{"rendered":"Der S\u00fc\u00dfkeks \u00c4rmel Add-on (Gr\u00f6\u00dfe 56-140)"},"content":{"rendered":"\t\t<div data-elementor-type=\"wp-post\" data-elementor-id=\"3253\" class=\"elementor elementor-3253\">\n\t\t\t\t\t\t<section class=\"elementor-section elementor-top-section elementor-element elementor-element-71e1321 elementor-section-boxed elementor-section-height-default elementor-section-height-default\" data-id=\"71e1321\" data-element_type=\"section\">\n\t\t\t\t\t\t<div class=\"elementor-container elementor-column-gap-default\">\n\t\t\t\t\t<div class=\"elementor-column elementor-col-100 elementor-top-column elementor-element elementor-element-3f30e3b\" data-id=\"3f30e3b\" data-element_type=\"column\">\n\t\t\t<div class=\"elementor-widget-wrap elementor-element-populated\">\n\t\t\t\t\t\t<div class=\"elementor-element elementor-element-26b65ad elementor-widget elementor-widget-text-editor\" data-id=\"26b65ad\" data-element_type=\"widget\" data-widget_type=\"text-editor.default\">\n\t\t\t\t<div class=\"elementor-widget-container\">\n\t\t\t\t\t\t\t<p>Der S\u00fc\u00dfkeks ist ein <b>Basic-Schnitt<\/b> f\u00fcr jeden Anlass, welches du mit diesem Add-on mit tollen sommerlichen \u00c4rmeln erg\u00e4nzen kannst.<\/p>\n<p class=\"_04xlpA direction-ltr align-start para-style-body\"><span class=\"JsGRdQ\">Die verspielten <\/span><span class=\"JsGRdQ\"><b>Puff\u00e4rmel<\/b><\/span><span class=\"JsGRdQ\"> sind ein echtes Must-have f\u00fcr den Sommer und werten deinen S\u00fc\u00dfkeks nochmal so richtig auf.<\/span><\/p>\n<p class=\"_04xlpA direction-ltr align-start para-style-body\"><span class=\"JsGRdQ\">Auf die luftigen <\/span><span class=\"JsGRdQ\"><b>Fl\u00fcgel\u00e4rmel<\/b> <\/span><span class=\"JsGRdQ\">kann wohl gerade an hei\u00dfen Sommertagen niemand verzichten und sie sind dazu noch ein echter Hingucker.<\/span><\/p>\n<p class=\"_04xlpA direction-ltr align-start para-style-body\"><span class=\"JsGRdQ\">Auch die <\/span><span class=\"JsGRdQ\"><b>Schmetterlings\u00e4rmel<\/b><\/span><span class=\"JsGRdQ\"> liegen gerade hoch im Trend. Die weiten, luftigen \u00c4rmel verdecken den halben Oberarm und sind durch ihren lockeren Sitz auch noch super angenehm zu tragen.<\/span><\/p>\n<p class=\"_04xlpA direction-ltr align-start para-style-body\"><span class=\"JsGRdQ\">Wer es eher schlicht mag, kann sich f\u00fcr die <\/span><span class=\"JsGRdQ\"><b>normalen kurzen \u00c4rmel<\/b><\/span><span class=\"JsGRdQ\"><b> <\/b>entscheiden.<\/span><\/p>\n<p class=\"_04xlpA direction-ltr align-start para-style-body\"><span class=\"JsGRdQ\">Zu guter Letzt ist auch die <\/span><span class=\"JsGRdQ\"><b>\u00e4rmellose<\/b><\/span><span class=\"JsGRdQ\"> Variante m\u00f6glich. Hierbei wird der Armausschnitt <\/span><span class=\"JsGRdQ\"><b>eingefasst<\/b><\/span><span class=\"JsGRdQ\">. F\u00fcr eine besonders sch\u00f6ne Optik lohnt es sich auch den Halsausschnitt einzufassen. Wie das funktioniert erkl\u00e4re ich dir ebenfalls in dieser Anleitung.<\/span><\/p>\n<p style=\"font-size: 16px; font-style: normal; font-weight: 400;\"><span style=\"font-size: 16px; font-style: normal; font-weight: 400;\">F\u00fcr den S\u00fc\u00dfkeks eignen sich&nbsp;<\/span><span style=\"font-size: 16px; font-style: normal; font-weight: bold;\">dehnbare Stoffe<\/span><span style=\"font-size: 16px; font-style: normal; font-weight: 400;\">, wie bspw. Jersey, Viskosejersey, French Terry o.\u00e4.<\/span><\/p>\n<p style=\"font-size: 16px; font-style: normal; font-weight: 400;\"><span style=\"font-size: 16px; font-weight: 400;\">Durch die sehr detaillierte, bebilderte Anleitung ist der Schnitt sowohl f\u00fcr&nbsp;<\/span><span style=\"font-weight: bold;\">Anf\u00e4nger<\/span>, als auch f\u00fcr&nbsp;<span style=\"font-weight: bold;\">fortgeschrittene<\/span>&nbsp;N\u00e4her\/innen geeignet.<\/p>\n<p style=\"font-size: 16px; font-style: normal; font-weight: 400;\">Das eBook beinhaltet eine<span style=\"font-size: 16px; font-weight: bold;\">&nbsp;A4 Datei&nbsp;<\/span>(mit Ebenenfunktion), sowie eine&nbsp;<span style=\"font-size: 16px; font-weight: bold;\">A0 Datei mit Ebenenfunktion<\/span>&nbsp;f\u00fcr den Zuschnitt mit dem Beamer.<br>Eine Nahtzugabe von 0,7cm ist bereits im Schnitt enthalten.<\/p>\n<p style=\"font-size: 16px; font-style: normal; font-weight: 400;\">Folgendes ben\u00f6tigst du zum N\u00e4hen:<br><span style=\"font-size: 16px;\">&#8211; N\u00e4hmaschine<br><\/span><span style=\"font-size: 16px;\">&#8211; Gummiband<br><\/span><span style=\"font-size: 16px;\">&#8211; Stecknadeln oder Stoffclips<br><\/span><span style=\"font-size: 16px;\">&#8211; Stoffschere oder Rollschneider<br><\/span><span style=\"font-size: 16px;\">&#8211; Drucker oder Beamer<br><\/span><span style=\"font-size: 16px;\">&#8211; T\u00fcddelkram (Kn\u00f6pfe, Borten, Druckkn\u00f6pfe, etc.)<br><\/span><span style=\"font-size: 16px;\">&#8211; Framilonband<\/span><\/p>\t\t\t\t\t\t<\/div>\n\t\t\t\t<\/div>\n\t\t\t\t\t<\/div>\n\t\t<\/div>\n\t\t\t\t\t<\/div>\n\t\t<\/section>\n\t\t\t\t<\/div>\n\t\t","protected":false},"excerpt":{"rendered":"<p>Mit diesem Add-on kannst du deinen S\u00fc\u00dfkeks mit sommerlichen \u00c4rmeln schm\u00fccken.<br \/>\nEs handelt sich nur um ein Add-on, der Grundschnitt muss separat erworben werden.<\/p>\n","protected":false},"featured_media":3260,"comment_status":"open","ping_status":"closed","template":"","meta":{"site-sidebar-layout":"default","site-content-layout":"default","ast-global-header-display":"","ast-banner-title-visibility":"","ast-main-header-display":"","ast-hfb-above-header-display":"","ast-hfb-below-header-display":"","ast-hfb-mobile-header-display":"","site-post-title":"disabled","ast-breadcrumbs-content":"","ast-featured-img":"disabled","footer-sml-layout":"","theme-transparent-header-meta":"default","adv-header-id-meta":"","stick-header-meta":"","header-above-stick-meta":"","header-main-stick-meta":"","header-below-stick-meta":""},"product_cat":[15],"product_tag":[],"yoast_head":"<!-- This site is optimized with the Yoast SEO plugin v21.8.1 - https:\/\/yoast.com\/wordpress\/plugins\/seo\/ -->\n<title>Der S\u00fc\u00dfkeks \u00c4rmel Add-on (Gr\u00f6\u00dfe 56-140) - Jonelli Fashion<\/title>\n<meta name=\"description\" content=\"Mit diesem Add-on kannst du deinen S\u00fc\u00dfkeks mit sommerlichen \u00c4rmeln schm\u00fccken. Es handelt sich nur um ein Add-on, der Grundschnitt muss separat erworben werden.\" \/>\n<meta name=\"robots\" content=\"index, follow, max-snippet:-1, max-image-preview:large, max-video-preview:-1\" \/>\n<link rel=\"canonical\" href=\"https:\/\/jonelli-fashion.de\/index.php\/produkt\/der-suesskeks-aermel-add-on\/\" \/>\n<meta property=\"og:locale\" content=\"de_DE\" \/>\n<meta property=\"og:type\" content=\"article\" \/>\n<meta property=\"og:title\" content=\"Der S\u00fc\u00dfkeks \u00c4rmel Add-on (Gr\u00f6\u00dfe 56-140) - Jonelli Fashion\" \/>\n<meta property=\"og:description\" content=\"Mit diesem Add-on kannst du deinen S\u00fc\u00dfkeks mit sommerlichen \u00c4rmeln schm\u00fccken. Es handelt sich nur um ein Add-on, der Grundschnitt muss separat erworben werden.\" \/>\n<meta property=\"og:url\" content=\"https:\/\/jonelli-fashion.de\/index.php\/produkt\/der-suesskeks-aermel-add-on\/\" \/>\n<meta property=\"og:site_name\" content=\"Jonelli Fashion\" \/>\n<meta property=\"article:modified_time\" content=\"2023-09-04T22:18:39+00:00\" \/>\n<meta property=\"og:image\" content=\"https:\/\/jonelli-fashion.de\/wp-content\/uploads\/2021\/06\/Produktseite.jpg\" \/>\n\t<meta property=\"og:image:width\" content=\"1414\" \/>\n\t<meta property=\"og:image:height\" content=\"2000\" \/>\n\t<meta property=\"og:image:type\" content=\"image\/jpeg\" \/>\n<meta name=\"twitter:card\" content=\"summary_large_image\" \/>\n<meta name=\"twitter:label1\" content=\"Gesch\u00e4tzte Lesezeit\" \/>\n\t<meta name=\"twitter:data1\" content=\"2\u00a0Minuten\" \/>\n<script type=\"application\/ld+json\" class=\"yoast-schema-graph\">{\"@context\":\"https:\/\/schema.org\",\"@graph\":[{\"@type\":\"WebPage\",\"@id\":\"https:\/\/jonelli-fashion.de\/index.php\/produkt\/der-suesskeks-aermel-add-on\/\",\"url\":\"https:\/\/jonelli-fashion.de\/index.php\/produkt\/der-suesskeks-aermel-add-on\/\",\"name\":\"Der S\u00fc\u00dfkeks \u00c4rmel Add-on (Gr\u00f6\u00dfe 56-140) - Jonelli Fashion\",\"isPartOf\":{\"@id\":\"https:\/\/jonelli-fashion.de\/#website\"},\"datePublished\":\"2021-06-11T10:45:47+00:00\",\"dateModified\":\"2023-09-04T22:18:39+00:00\",\"description\":\"Mit diesem Add-on kannst du deinen S\u00fc\u00dfkeks mit sommerlichen \u00c4rmeln schm\u00fccken. Es handelt sich nur um ein Add-on, der Grundschnitt muss separat erworben werden.\",\"breadcrumb\":{\"@id\":\"https:\/\/jonelli-fashion.de\/index.php\/produkt\/der-suesskeks-aermel-add-on\/#breadcrumb\"},\"inLanguage\":\"de\",\"potentialAction\":[{\"@type\":\"ReadAction\",\"target\":[\"https:\/\/jonelli-fashion.de\/index.php\/produkt\/der-suesskeks-aermel-add-on\/\"]}]},{\"@type\":\"BreadcrumbList\",\"@id\":\"https:\/\/jonelli-fashion.de\/index.php\/produkt\/der-suesskeks-aermel-add-on\/#breadcrumb\",\"itemListElement\":[{\"@type\":\"ListItem\",\"position\":1,\"name\":\"Startseite\",\"item\":\"https:\/\/jonelli-fashion.de\/\"},{\"@type\":\"ListItem\",\"position\":2,\"name\":\"Shop\",\"item\":\"https:\/\/jonelli-fashion.de\/index.php\/shop\/\"},{\"@type\":\"ListItem\",\"position\":3,\"name\":\"Der S\u00fc\u00dfkeks \u00c4rmel Add-on (Gr\u00f6\u00dfe 56-140)\"}]},{\"@type\":\"WebSite\",\"@id\":\"https:\/\/jonelli-fashion.de\/#website\",\"url\":\"https:\/\/jonelli-fashion.de\/\",\"name\":\"Jonelli Fashion\",\"description\":\"Wenn aus N\u00e4hen eine Leidenschaft wird\",\"potentialAction\":[{\"@type\":\"SearchAction\",\"target\":{\"@type\":\"EntryPoint\",\"urlTemplate\":\"https:\/\/jonelli-fashion.de\/?s={search_term_string}\"},\"query-input\":\"required name=search_term_string\"}],\"inLanguage\":\"de\"}]}<\/script>\n<!-- \/ Yoast SEO plugin. -->","yoast_head_json":{"title":"Der S\u00fc\u00dfkeks \u00c4rmel Add-on (Gr\u00f6\u00dfe 56-140) - Jonelli Fashion","description":"Mit diesem Add-on kannst du deinen S\u00fc\u00dfkeks mit sommerlichen \u00c4rmeln schm\u00fccken. Es handelt sich nur um ein Add-on, der Grundschnitt muss separat erworben werden.","robots":{"index":"index","follow":"follow","max-snippet":"max-snippet:-1","max-image-preview":"max-image-preview:large","max-video-preview":"max-video-preview:-1"},"canonical":"https:\/\/jonelli-fashion.de\/index.php\/produkt\/der-suesskeks-aermel-add-on\/","og_locale":"de_DE","og_type":"article","og_title":"Der S\u00fc\u00dfkeks \u00c4rmel Add-on (Gr\u00f6\u00dfe 56-140) - Jonelli Fashion","og_description":"Mit diesem Add-on kannst du deinen S\u00fc\u00dfkeks mit sommerlichen \u00c4rmeln schm\u00fccken. Es handelt sich nur um ein Add-on, der Grundschnitt muss separat erworben werden.","og_url":"https:\/\/jonelli-fashion.de\/index.php\/produkt\/der-suesskeks-aermel-add-on\/","og_site_name":"Jonelli Fashion","article_modified_time":"2023-09-04T22:18:39+00:00","og_image":[{"width":1414,"height":2000,"url":"https:\/\/jonelli-fashion.de\/wp-content\/uploads\/2021\/06\/Produktseite.jpg","type":"image\/jpeg"}],"twitter_card":"summary_large_image","twitter_misc":{"Gesch\u00e4tzte Lesezeit":"2\u00a0Minuten"},"schema":{"@context":"https:\/\/schema.org","@graph":[{"@type":"WebPage","@id":"https:\/\/jonelli-fashion.de\/index.php\/produkt\/der-suesskeks-aermel-add-on\/","url":"https:\/\/jonelli-fashion.de\/index.php\/produkt\/der-suesskeks-aermel-add-on\/","name":"Der S\u00fc\u00dfkeks \u00c4rmel Add-on (Gr\u00f6\u00dfe 56-140) - Jonelli Fashion","isPartOf":{"@id":"https:\/\/jonelli-fashion.de\/#website"},"datePublished":"2021-06-11T10:45:47+00:00","dateModified":"2023-09-04T22:18:39+00:00","description":"Mit diesem Add-on kannst du deinen S\u00fc\u00dfkeks mit sommerlichen \u00c4rmeln schm\u00fccken. Es handelt sich nur um ein Add-on, der Grundschnitt muss separat erworben werden.","breadcrumb":{"@id":"https:\/\/jonelli-fashion.de\/index.php\/produkt\/der-suesskeks-aermel-add-on\/#breadcrumb"},"inLanguage":"de","potentialAction":[{"@type":"ReadAction","target":["https:\/\/jonelli-fashion.de\/index.php\/produkt\/der-suesskeks-aermel-add-on\/"]}]},{"@type":"BreadcrumbList","@id":"https:\/\/jonelli-fashion.de\/index.php\/produkt\/der-suesskeks-aermel-add-on\/#breadcrumb","itemListElement":[{"@type":"ListItem","position":1,"name":"Startseite","item":"https:\/\/jonelli-fashion.de\/"},{"@type":"ListItem","position":2,"name":"Shop","item":"https:\/\/jonelli-fashion.de\/index.php\/shop\/"},{"@type":"ListItem","position":3,"name":"Der S\u00fc\u00dfkeks \u00c4rmel Add-on (Gr\u00f6\u00dfe 56-140)"}]},{"@type":"WebSite","@id":"https:\/\/jonelli-fashion.de\/#website","url":"https:\/\/jonelli-fashion.de\/","name":"Jonelli Fashion","description":"Wenn aus N\u00e4hen eine Leidenschaft wird","potentialAction":[{"@type":"SearchAction","target":{"@type":"EntryPoint","urlTemplate":"https:\/\/jonelli-fashion.de\/?s={search_term_string}"},"query-input":"required name=search_term_string"}],"inLanguage":"de"}]}},"_links":{"self":[{"href":"https:\/\/jonelli-fashion.de\/index.php\/wp-json\/wp\/v2\/product\/3253"}],"collection":[{"href":"https:\/\/jonelli-fashion.de\/index.php\/wp-json\/wp\/v2\/product"}],"about":[{"href":"https:\/\/jonelli-fashion.de\/index.php\/wp-json\/wp\/v2\/types\/product"}],"replies":[{"embeddable":true,"href":"https:\/\/jonelli-fashion.de\/index.php\/wp-json\/wp\/v2\/comments?post=3253"}],"version-history":[{"count":9,"href":"https:\/\/jonelli-fashion.de\/index.php\/wp-json\/wp\/v2\/product\/3253\/revisions"}],"predecessor-version":[{"id":3622,"href":"https:\/\/jonelli-fashion.de\/index.php\/wp-json\/wp\/v2\/product\/3253\/revisions\/3622"}],"wp:featuredmedia":[{"embeddable":true,"href":"https:\/\/jonelli-fashion.de\/index.php\/wp-json\/wp\/v2\/media\/3260"}],"wp:attachment":[{"href":"https:\/\/jonelli-fashion.de\/index.php\/wp-json\/wp\/v2\/media?parent=3253"}],"wp:term":[{"taxonomy":"product_cat","embeddable":true,"href":"https:\/\/jonelli-fashion.de\/index.php\/wp-json\/wp\/v2\/product_cat?post=3253"},{"taxonomy":"product_tag","embeddable":true,"href":"https:\/\/jonelli-fashion.de\/index.php\/wp-json\/wp\/v2\/product_tag?post=3253"}],"curies":[{"name":"wp","href":"https:\/\/api.w.org\/{rel}","templated":true}]}}