{"id":3624,"date":"2021-07-16T18:45:41","date_gmt":"2021-07-16T16:45:41","guid":{"rendered":"https:\/\/jonelli-fashion.de\/?post_type=product&#038;p=3624"},"modified":"2023-08-29T00:08:40","modified_gmt":"2023-08-28T22:08:40","slug":"der-zuckerpups-fuer-grosse-jungs-groesse-98-146","status":"publish","type":"product","link":"https:\/\/jonelli-fashion.de\/index.php\/produkt\/der-zuckerpups-fuer-grosse-jungs-groesse-98-146\/","title":{"rendered":"Der Zuckerpups &#8211; F\u00fcr gro\u00dfe Jungs (Gr\u00f6\u00dfe 98 -146)"},"content":{"rendered":"\t\t<div data-elementor-type=\"wp-post\" data-elementor-id=\"3624\" class=\"elementor elementor-3624\">\n\t\t\t\t\t\t<section class=\"elementor-section elementor-top-section elementor-element elementor-element-a2b97de elementor-section-boxed elementor-section-height-default elementor-section-height-default\" data-id=\"a2b97de\" data-element_type=\"section\">\n\t\t\t\t\t\t<div class=\"elementor-container elementor-column-gap-default\">\n\t\t\t\t\t<div class=\"elementor-column elementor-col-100 elementor-top-column elementor-element elementor-element-744d5e4\" data-id=\"744d5e4\" data-element_type=\"column\">\n\t\t\t<div class=\"elementor-widget-wrap elementor-element-populated\">\n\t\t\t\t\t\t<div class=\"elementor-element elementor-element-4fb2f73 elementor-widget elementor-widget-text-editor\" data-id=\"4fb2f73\" data-element_type=\"widget\" data-widget_type=\"text-editor.default\">\n\t\t\t\t<div class=\"elementor-widget-container\">\n\t\t\t\t\t\t\t<p>Der Zuckerpups ist ein wandelbarer Schnitt f\u00fcr eine <b>Latzhose<\/b> bzw. eine <b>Tr\u00e4gerhose<\/b> mit verschiedenen L\u00e4ngen und Varianten.&nbsp;<\/p>\n<p>Man hat die Wahl zwischen der <b>langen, kurzen<\/b> oder der <b>Capri-L\u00e4nge<\/b>. Der Latz kann au\u00dferdem mit einer fetzigen <b>Latztasche<\/b> aufgepimpt werden, welche jedoch auch super als <b>Po-Tasche<\/b> geeignet ist.&nbsp;<span style=\"font-size: 16px;\">In die Schrittnaht kann als kleiner Hingucker eine <\/span><b style=\"font-style: inherit;\">Fake-Knopfleiste<\/b><span style=\"font-size: 16px;\"> eingearbeitet werden.&nbsp;<\/span><\/p>\n<p>Der Zuckerpups kann au\u00dferdem auch ohne Latz und stattdessen mit <b>langen Tr\u00e4gern<\/b> gen\u00e4ht werden. Diese k\u00f6nnen dann sowohl am vorderen als auch am hinteren Bund ganz einfach abgekn\u00f6pft werden, so hat man immer die Wahl ob man den Zuckerpups mit oder ohne Tr\u00e4gern anziehen m\u00f6chte und kann variieren. In Kombination mit einem Hemd das perfekte Outfit f\u00fcr eine Feier.&nbsp;<\/p>\n<p>Die auf dem R\u00fccken <b>\u00fcberkreuzten Tr\u00e4ger<\/b> verleihen dem Schnitt zus\u00e4tzlich noch das gewisse Etwas.&nbsp;<\/p>\n<p>Wer gerne auf Tr\u00e4ger und Latz verzichten m\u00f6chte, kann den Zuckerpups als einfache <b>Hose<\/b> oder als <b>Pants<\/b> n\u00e4hen.<\/p><p style=\"font-size: 16px; font-style: normal; font-weight: 400;\"><span style=\"font-size: 16px; font-style: normal; font-weight: 400;\">F\u00fcr den Zuckerpups eignen sich&nbsp;<\/span><span style=\"font-size: 16px; font-style: normal; font-weight: bold;\">dehnbare Stoffe<\/span><span style=\"font-size: 16px; font-style: normal; font-weight: 400;\">, wie bspw. Jersey, French Terry o.\u00e4.<\/span><\/p><p style=\"font-size: 16px; font-style: normal; font-weight: 400;\"><span style=\"font-size: 16px; font-weight: 400;\">Durch die sehr detaillierte, bebilderte Anleitung ist der Schnitt sowohl f\u00fcr&nbsp;<\/span><span style=\"font-size: 16px; font-weight: bold;\">Anf\u00e4nger<\/span>, als auch f\u00fcr&nbsp;<span style=\"font-size: 16px; font-weight: bold;\">fortgeschrittene<\/span>&nbsp;N\u00e4her\/innen geeignet.<\/p><p style=\"font-size: 16px; font-style: normal; font-weight: 400;\">Das eBook beinhaltet eine<span style=\"font-size: 16px; font-weight: bold;\">&nbsp;A4 Datei&nbsp;<\/span>(mit Ebenenfunktion), sowie eine&nbsp;<span style=\"font-size: 16px; font-weight: bold;\">A0 Datei mit Ebenenfunktion<\/span>&nbsp;f\u00fcr den Zuschnitt mit dem Beamer.<br>Eine Nahtzugabe von 0,7cm ist bereits im Schnitt enthalten.<\/p><p style=\"font-size: 16px; font-style: normal; font-weight: 400;\">Folgendes ben\u00f6tigst du zum N\u00e4hen:<br><span style=\"font-size: 16px;\">&#8211; N\u00e4hmaschine<br><\/span><span style=\"font-size: 16px;\">&#8211; Gummiband<br><\/span><span style=\"font-size: 16px;\">&#8211; Stecknadeln oder Stoffclips<br><\/span><span style=\"font-size: 16px;\">&#8211; Stoffschere oder Rollschneider<br><\/span><span style=\"font-size: 16px;\">&#8211; Drucker oder Beamer<br>&#8211; Vlieseline H200<br><\/span><span style=\"font-size: 16px;\">&#8211; T\u00fcddelkram (Kn\u00f6pfe, Druckkn\u00f6pfe, etc.)<\/span><br><\/p>\t\t\t\t\t\t<\/div>\n\t\t\t\t<\/div>\n\t\t\t\t\t<\/div>\n\t\t<\/div>\n\t\t\t\t\t<\/div>\n\t\t<\/section>\n\t\t\t\t<\/div>\n\t\t","protected":false},"excerpt":{"rendered":"<p>Der Zuckerpups ist eine Latzhose f\u00fcr Jungs mit verschiedenen Variationsm\u00f6glichkeiten in Gr\u00f6\u00dfe 98-146.<\/p>\n","protected":false},"featured_media":3599,"comment_status":"open","ping_status":"closed","template":"","meta":{"site-sidebar-layout":"default","site-content-layout":"default","ast-global-header-display":"","ast-banner-title-visibility":"","ast-main-header-display":"","ast-hfb-above-header-display":"","ast-hfb-below-header-display":"","ast-hfb-mobile-header-display":"","site-post-title":"disabled","ast-breadcrumbs-content":"","ast-featured-img":"disabled","footer-sml-layout":"","theme-transparent-header-meta":"default","adv-header-id-meta":"","stick-header-meta":"","header-above-stick-meta":"","header-main-stick-meta":"","header-below-stick-meta":""},"product_cat":[15],"product_tag":[],"yoast_head":"<!-- This site is optimized with the Yoast SEO plugin v21.8.1 - https:\/\/yoast.com\/wordpress\/plugins\/seo\/ -->\n<title>Der Zuckerpups - F\u00fcr gro\u00dfe Jungs (Gr\u00f6\u00dfe 98 -146) - Jonelli Fashion<\/title>\n<meta name=\"description\" content=\"Der Zuckerpups ist eine Latzhose f\u00fcr Jungs mit verschiedenen Variationsm\u00f6glichkeiten in Gr\u00f6\u00dfe 98-146.\" \/>\n<meta name=\"robots\" content=\"index, follow, max-snippet:-1, max-image-preview:large, max-video-preview:-1\" \/>\n<link rel=\"canonical\" href=\"https:\/\/jonelli-fashion.de\/index.php\/produkt\/der-zuckerpups-fuer-grosse-jungs-groesse-98-146\/\" \/>\n<meta property=\"og:locale\" content=\"de_DE\" \/>\n<meta property=\"og:type\" content=\"article\" \/>\n<meta property=\"og:title\" content=\"Der Zuckerpups - F\u00fcr gro\u00dfe Jungs (Gr\u00f6\u00dfe 98 -146) - Jonelli Fashion\" \/>\n<meta property=\"og:description\" content=\"Der Zuckerpups ist eine Latzhose f\u00fcr Jungs mit verschiedenen Variationsm\u00f6glichkeiten in Gr\u00f6\u00dfe 98-146.\" \/>\n<meta property=\"og:url\" content=\"https:\/\/jonelli-fashion.de\/index.php\/produkt\/der-zuckerpups-fuer-grosse-jungs-groesse-98-146\/\" \/>\n<meta property=\"og:site_name\" content=\"Jonelli Fashion\" \/>\n<meta property=\"article:modified_time\" content=\"2023-08-28T22:08:40+00:00\" \/>\n<meta property=\"og:image\" content=\"https:\/\/jonelli-fashion.de\/wp-content\/uploads\/2021\/07\/Der-Zuckerpups-grosse-Jungs-Produktbild.jpg\" \/>\n\t<meta property=\"og:image:width\" content=\"1414\" \/>\n\t<meta property=\"og:image:height\" content=\"2000\" \/>\n\t<meta property=\"og:image:type\" content=\"image\/jpeg\" \/>\n<meta name=\"twitter:card\" content=\"summary_large_image\" \/>\n<meta name=\"twitter:label1\" content=\"Gesch\u00e4tzte Lesezeit\" \/>\n\t<meta name=\"twitter:data1\" content=\"2\u00a0Minuten\" \/>\n<script type=\"application\/ld+json\" class=\"yoast-schema-graph\">{\"@context\":\"https:\/\/schema.org\",\"@graph\":[{\"@type\":\"WebPage\",\"@id\":\"https:\/\/jonelli-fashion.de\/index.php\/produkt\/der-zuckerpups-fuer-grosse-jungs-groesse-98-146\/\",\"url\":\"https:\/\/jonelli-fashion.de\/index.php\/produkt\/der-zuckerpups-fuer-grosse-jungs-groesse-98-146\/\",\"name\":\"Der Zuckerpups - F\u00fcr gro\u00dfe Jungs (Gr\u00f6\u00dfe 98 -146) - Jonelli Fashion\",\"isPartOf\":{\"@id\":\"https:\/\/jonelli-fashion.de\/#website\"},\"datePublished\":\"2021-07-16T16:45:41+00:00\",\"dateModified\":\"2023-08-28T22:08:40+00:00\",\"description\":\"Der Zuckerpups ist eine Latzhose f\u00fcr Jungs mit verschiedenen Variationsm\u00f6glichkeiten in Gr\u00f6\u00dfe 98-146.\",\"breadcrumb\":{\"@id\":\"https:\/\/jonelli-fashion.de\/index.php\/produkt\/der-zuckerpups-fuer-grosse-jungs-groesse-98-146\/#breadcrumb\"},\"inLanguage\":\"de\",\"potentialAction\":[{\"@type\":\"ReadAction\",\"target\":[\"https:\/\/jonelli-fashion.de\/index.php\/produkt\/der-zuckerpups-fuer-grosse-jungs-groesse-98-146\/\"]}]},{\"@type\":\"BreadcrumbList\",\"@id\":\"https:\/\/jonelli-fashion.de\/index.php\/produkt\/der-zuckerpups-fuer-grosse-jungs-groesse-98-146\/#breadcrumb\",\"itemListElement\":[{\"@type\":\"ListItem\",\"position\":1,\"name\":\"Startseite\",\"item\":\"https:\/\/jonelli-fashion.de\/\"},{\"@type\":\"ListItem\",\"position\":2,\"name\":\"Shop\",\"item\":\"https:\/\/jonelli-fashion.de\/index.php\/shop\/\"},{\"@type\":\"ListItem\",\"position\":3,\"name\":\"Der Zuckerpups &#8211; F\u00fcr gro\u00dfe Jungs (Gr\u00f6\u00dfe 98 -146)\"}]},{\"@type\":\"WebSite\",\"@id\":\"https:\/\/jonelli-fashion.de\/#website\",\"url\":\"https:\/\/jonelli-fashion.de\/\",\"name\":\"Jonelli Fashion\",\"description\":\"Wenn aus N\u00e4hen eine Leidenschaft wird\",\"potentialAction\":[{\"@type\":\"SearchAction\",\"target\":{\"@type\":\"EntryPoint\",\"urlTemplate\":\"https:\/\/jonelli-fashion.de\/?s={search_term_string}\"},\"query-input\":\"required name=search_term_string\"}],\"inLanguage\":\"de\"}]}<\/script>\n<!-- \/ Yoast SEO plugin. -->","yoast_head_json":{"title":"Der Zuckerpups - F\u00fcr gro\u00dfe Jungs (Gr\u00f6\u00dfe 98 -146) - Jonelli Fashion","description":"Der Zuckerpups ist eine Latzhose f\u00fcr Jungs mit verschiedenen Variationsm\u00f6glichkeiten in Gr\u00f6\u00dfe 98-146.","robots":{"index":"index","follow":"follow","max-snippet":"max-snippet:-1","max-image-preview":"max-image-preview:large","max-video-preview":"max-video-preview:-1"},"canonical":"https:\/\/jonelli-fashion.de\/index.php\/produkt\/der-zuckerpups-fuer-grosse-jungs-groesse-98-146\/","og_locale":"de_DE","og_type":"article","og_title":"Der Zuckerpups - F\u00fcr gro\u00dfe Jungs (Gr\u00f6\u00dfe 98 -146) - Jonelli Fashion","og_description":"Der Zuckerpups ist eine Latzhose f\u00fcr Jungs mit verschiedenen Variationsm\u00f6glichkeiten in Gr\u00f6\u00dfe 98-146.","og_url":"https:\/\/jonelli-fashion.de\/index.php\/produkt\/der-zuckerpups-fuer-grosse-jungs-groesse-98-146\/","og_site_name":"Jonelli Fashion","article_modified_time":"2023-08-28T22:08:40+00:00","og_image":[{"width":1414,"height":2000,"url":"https:\/\/jonelli-fashion.de\/wp-content\/uploads\/2021\/07\/Der-Zuckerpups-grosse-Jungs-Produktbild.jpg","type":"image\/jpeg"}],"twitter_card":"summary_large_image","twitter_misc":{"Gesch\u00e4tzte Lesezeit":"2\u00a0Minuten"},"schema":{"@context":"https:\/\/schema.org","@graph":[{"@type":"WebPage","@id":"https:\/\/jonelli-fashion.de\/index.php\/produkt\/der-zuckerpups-fuer-grosse-jungs-groesse-98-146\/","url":"https:\/\/jonelli-fashion.de\/index.php\/produkt\/der-zuckerpups-fuer-grosse-jungs-groesse-98-146\/","name":"Der Zuckerpups - F\u00fcr gro\u00dfe Jungs (Gr\u00f6\u00dfe 98 -146) - Jonelli Fashion","isPartOf":{"@id":"https:\/\/jonelli-fashion.de\/#website"},"datePublished":"2021-07-16T16:45:41+00:00","dateModified":"2023-08-28T22:08:40+00:00","description":"Der Zuckerpups ist eine Latzhose f\u00fcr Jungs mit verschiedenen Variationsm\u00f6glichkeiten in Gr\u00f6\u00dfe 98-146.","breadcrumb":{"@id":"https:\/\/jonelli-fashion.de\/index.php\/produkt\/der-zuckerpups-fuer-grosse-jungs-groesse-98-146\/#breadcrumb"},"inLanguage":"de","potentialAction":[{"@type":"ReadAction","target":["https:\/\/jonelli-fashion.de\/index.php\/produkt\/der-zuckerpups-fuer-grosse-jungs-groesse-98-146\/"]}]},{"@type":"BreadcrumbList","@id":"https:\/\/jonelli-fashion.de\/index.php\/produkt\/der-zuckerpups-fuer-grosse-jungs-groesse-98-146\/#breadcrumb","itemListElement":[{"@type":"ListItem","position":1,"name":"Startseite","item":"https:\/\/jonelli-fashion.de\/"},{"@type":"ListItem","position":2,"name":"Shop","item":"https:\/\/jonelli-fashion.de\/index.php\/shop\/"},{"@type":"ListItem","position":3,"name":"Der Zuckerpups &#8211; F\u00fcr gro\u00dfe Jungs (Gr\u00f6\u00dfe 98 -146)"}]},{"@type":"WebSite","@id":"https:\/\/jonelli-fashion.de\/#website","url":"https:\/\/jonelli-fashion.de\/","name":"Jonelli Fashion","description":"Wenn aus N\u00e4hen eine Leidenschaft wird","potentialAction":[{"@type":"SearchAction","target":{"@type":"EntryPoint","urlTemplate":"https:\/\/jonelli-fashion.de\/?s={search_term_string}"},"query-input":"required name=search_term_string"}],"inLanguage":"de"}]}},"_links":{"self":[{"href":"https:\/\/jonelli-fashion.de\/index.php\/wp-json\/wp\/v2\/product\/3624"}],"collection":[{"href":"https:\/\/jonelli-fashion.de\/index.php\/wp-json\/wp\/v2\/product"}],"about":[{"href":"https:\/\/jonelli-fashion.de\/index.php\/wp-json\/wp\/v2\/types\/product"}],"replies":[{"embeddable":true,"href":"https:\/\/jonelli-fashion.de\/index.php\/wp-json\/wp\/v2\/comments?post=3624"}],"version-history":[{"count":8,"href":"https:\/\/jonelli-fashion.de\/index.php\/wp-json\/wp\/v2\/product\/3624\/revisions"}],"predecessor-version":[{"id":3762,"href":"https:\/\/jonelli-fashion.de\/index.php\/wp-json\/wp\/v2\/product\/3624\/revisions\/3762"}],"wp:featuredmedia":[{"embeddable":true,"href":"https:\/\/jonelli-fashion.de\/index.php\/wp-json\/wp\/v2\/media\/3599"}],"wp:attachment":[{"href":"https:\/\/jonelli-fashion.de\/index.php\/wp-json\/wp\/v2\/media?parent=3624"}],"wp:term":[{"taxonomy":"product_cat","embeddable":true,"href":"https:\/\/jonelli-fashion.de\/index.php\/wp-json\/wp\/v2\/product_cat?post=3624"},{"taxonomy":"product_tag","embeddable":true,"href":"https:\/\/jonelli-fashion.de\/index.php\/wp-json\/wp\/v2\/product_tag?post=3624"}],"curies":[{"name":"wp","href":"https:\/\/api.w.org\/{rel}","templated":true}]}}