{"id":3666,"date":"2021-07-16T18:45:24","date_gmt":"2021-07-16T16:45:24","guid":{"rendered":"https:\/\/jonelli-fashion.de\/?post_type=product&#038;p=3666"},"modified":"2022-01-01T13:25:20","modified_gmt":"2022-01-01T12:25:20","slug":"kombi-ebook-der-zuckerpups-jungs-groesse-56-146","status":"publish","type":"product","link":"https:\/\/jonelli-fashion.de\/index.php\/produkt\/kombi-ebook-der-zuckerpups-jungs-groesse-56-146\/","title":{"rendered":"Kombi-eBook Der Zuckerpups Jungs (Gr\u00f6\u00dfe 56-146)"},"content":{"rendered":"\t\t<div data-elementor-type=\"wp-post\" data-elementor-id=\"3666\" class=\"elementor elementor-3666\">\n\t\t\t\t\t\t<section class=\"elementor-section elementor-top-section elementor-element elementor-element-7311984 elementor-section-boxed elementor-section-height-default elementor-section-height-default\" data-id=\"7311984\" data-element_type=\"section\">\n\t\t\t\t\t\t<div class=\"elementor-container elementor-column-gap-default\">\n\t\t\t\t\t<div class=\"elementor-column elementor-col-100 elementor-top-column elementor-element elementor-element-d754412\" data-id=\"d754412\" data-element_type=\"column\">\n\t\t\t<div class=\"elementor-widget-wrap elementor-element-populated\">\n\t\t\t\t\t\t<div class=\"elementor-element elementor-element-b8e80c3 elementor-widget elementor-widget-text-editor\" data-id=\"b8e80c3\" data-element_type=\"widget\" data-widget_type=\"text-editor.default\">\n\t\t\t\t<div class=\"elementor-widget-container\">\n\t\t\t\t\t\t\t<p>Der <b>kleine<\/b> Zuckerpups ist ein wandelbarer Schnitt f\u00fcr eine&nbsp;<b>Latzhose<\/b>&nbsp;bzw. einen&nbsp;<b>Romper<\/b>&nbsp;mit verschiedenen L\u00e4ngen und Varianten.&nbsp;<\/p>\n<p>Die Latzhose kann in&nbsp;<b>verschiedenen L\u00e4ngen<\/b>&nbsp;gen\u00e4ht werden. Hier hat man&nbsp;die Wahl zwischen der&nbsp;<b>langen<\/b>&nbsp;oder&nbsp;<b>kurzen<\/b>&nbsp;Latzhose, welche mit einer&nbsp;fetzigen&nbsp;<b>Latztasche<\/b>&nbsp;oder einer&nbsp;<b>Fake-Knopfleiste<\/b>&nbsp;versch\u00f6nert werden kann.<\/p>\n<p>Der Zuckerpups kann au\u00dferdem als Romper gen\u00e4ht werden. Besonders&nbsp;praktisch ist hierbei die&nbsp;<b>Wickelleiste<\/b>&nbsp;im Schrittbereich f\u00fcr Babies und Kinder&nbsp;mit Windelpo.&nbsp;<\/p>\n<p>Die auf dem R\u00fccken&nbsp;<b>\u00fcberkreuzten Tr\u00e4ger&nbsp;<\/b>verleihen dem Schnitt zus\u00e4tzlich&nbsp;noch das gewisse Etwas.<\/p>\n<p>F\u00fcr&nbsp;<b>festliche Anl\u00e4sse<\/b>&nbsp;kann man den Zuckerpups&nbsp;<b>ohne Latz<\/b>, jedoch mit&nbsp;<b>langen Tr\u00e4gern<\/b>&nbsp;n\u00e4hen, welche vom hinteren Bund \u00fcber die Schultern zum&nbsp;vorderen Bund laufen. In Kombination mit einem Hemd das perfekte Outfit&nbsp;f\u00fcr eine Feier.<\/p>\n<p>Wer gerne auf Tr\u00e4ger und Latz verzichten m\u00f6chte, kann den Zuckerpups als&nbsp;einfache&nbsp;<b>Hose<\/b>&nbsp;oder auch&nbsp;<b>Bummies<\/b>&nbsp;n\u00e4hen.<\/p>\n<p><span style=\"font-size: 16px; font-style: normal; font-weight: 400;\">&#8212;&#8212;&#8212;&#8212;&#8212;&#8212;&#8212;&#8212;&#8212;&#8212;&#8212;&#8212;&#8212;&#8212;&#8212;&#8212;&#8212;&#8212;&#8212;&#8212;-<\/span><br><\/p>\n<p>Der <b>gro\u00dfe<\/b> Zuckerpups ist ein wandelbarer Schnitt f\u00fcr eine&nbsp;<b>Latzhose<\/b>&nbsp;bzw. eine&nbsp;<b>Tr\u00e4gerhose<\/b>&nbsp;mit verschiedenen L\u00e4ngen und Varianten.&nbsp;<\/p>\n<p>Man hat die Wahl zwischen der&nbsp;<b>langen, kurzen<\/b>&nbsp;oder der&nbsp;<b>Capri-L\u00e4nge<\/b>. Der Latz kann au\u00dferdem mit einer fetzigen&nbsp;<b>Latztasche<\/b>&nbsp;aufgepimpt werden, welche jedoch auch super als&nbsp;<b>Po-Tasche<\/b>&nbsp;geeignet ist.&nbsp;In die Schrittnaht kann als kleiner Hingucker eine&nbsp;<b>Fake-Knopfleiste<\/b>&nbsp;eingearbeitet werden.&nbsp;<\/p>\n<p>Der Zuckerpups kann au\u00dferdem auch ohne Latz und stattdessen mit&nbsp;<b>langen Tr\u00e4gern<\/b>&nbsp;gen\u00e4ht werden. Diese k\u00f6nnen dann sowohl am vorderen als auch am hinteren Bund ganz einfach abgekn\u00f6pft werden, so hat man immer die Wahl ob man den Zuckerpups mit oder ohne Tr\u00e4gern anziehen m\u00f6chte und kann variieren. In Kombination mit einem Hemd das perfekte Outfit f\u00fcr eine Feier.&nbsp;<\/p>\n<p>Die auf dem R\u00fccken&nbsp;<b>\u00fcberkreuzten Tr\u00e4ger<\/b>&nbsp;verleihen dem Schnitt zus\u00e4tzlich noch das gewisse Etwas.&nbsp;<\/p>\n<p>Wer gerne auf Tr\u00e4ger und Latz verzichten m\u00f6chte, kann den Zuckerpups als einfache&nbsp;<b>Hose<\/b>&nbsp;oder als&nbsp;<b>Pants<\/b>&nbsp;n\u00e4hen.<\/p>\n<p>F\u00fcr den Zuckerpups eignen sich&nbsp;dehnbare Stoffe, wie bspw. Jersey, French Terry o.\u00e4.<\/p>\n<p>Durch die sehr detaillierte, bebilderte Anleitung ist der Schnitt sowohl f\u00fcr&nbsp;Anf\u00e4nger, als auch f\u00fcr&nbsp;fortgeschrittene&nbsp;N\u00e4her\/innen geeignet.<\/p>\n<p>Das eBook beinhaltet eine&nbsp;A4 Datei&nbsp;(mit Ebenenfunktion), sowie eine&nbsp;A0 Datei mit Ebenenfunktion&nbsp;f\u00fcr den Zuschnitt mit dem Beamer.<br>Eine Nahtzugabe von 0,7cm ist bereits im Schnitt enthalten.<\/p>\n<p><span style=\"font-size: 16px; font-style: normal; font-weight: 400;\">Folgendes ben\u00f6tigst du zum N\u00e4hen:<\/span><br><span style=\"font-size: 16px; font-style: normal; font-weight: 400;\">&#8211; N\u00e4hmaschine<br><\/span><span style=\"font-size: 16px; font-style: normal; font-weight: 400;\">&#8211; Gummiband<br><\/span><span style=\"font-size: 16px; font-style: normal; font-weight: 400;\">&#8211; Stecknadeln oder Stoffclips<br><\/span><span style=\"font-size: 16px; font-style: normal; font-weight: 400;\">&#8211; Stoffschere oder Rollschneider<br><\/span><span style=\"font-size: 16px; font-style: normal; font-weight: 400;\">&#8211; Drucker oder Beamer<br>&#8211; Vlieseline H200<br><\/span><span style=\"font-size: 16px; font-style: normal; font-weight: 400;\">&#8211; T\u00fcddelkram (Kn\u00f6pfe, Druckkn\u00f6pfe, etc.)<br><\/span><span style=\"font-size: 16px; font-style: normal; font-weight: 400;\">&#8211; Framilonband<\/span><br><\/p>\n<p><\/p>\t\t\t\t\t\t<\/div>\n\t\t\t\t<\/div>\n\t\t\t\t\t<\/div>\n\t\t<\/div>\n\t\t\t\t\t<\/div>\n\t\t<\/section>\n\t\t\t\t<\/div>\n\t\t","protected":false},"excerpt":{"rendered":"<p>Der Zuckerpups ist eine Latzhose f\u00fcr Jungs mit verschiedenen Variationsm\u00f6glichkeiten. Mit dem Kombi-eBook erh\u00e4ltst du den Schnitt in den Gr\u00f6\u00dfen 56-104 &amp; 98-146.<\/p>\n","protected":false},"featured_media":3603,"comment_status":"open","ping_status":"closed","template":"","meta":{"site-sidebar-layout":"default","site-content-layout":"default","ast-global-header-display":"","ast-banner-title-visibility":"","ast-main-header-display":"","ast-hfb-above-header-display":"","ast-hfb-below-header-display":"","ast-hfb-mobile-header-display":"","site-post-title":"disabled","ast-breadcrumbs-content":"","ast-featured-img":"disabled","footer-sml-layout":"","theme-transparent-header-meta":"default","adv-header-id-meta":"","stick-header-meta":"","header-above-stick-meta":"","header-main-stick-meta":"","header-below-stick-meta":""},"product_cat":[15],"product_tag":[],"yoast_head":"<!-- This site is optimized with the Yoast SEO plugin v21.8.1 - https:\/\/yoast.com\/wordpress\/plugins\/seo\/ -->\n<title>Kombi-eBook Der Zuckerpups Jungs (Gr\u00f6\u00dfe 56-146) - Jonelli Fashion<\/title>\n<meta name=\"description\" content=\"Der Zuckerpups ist eine Latzhose f\u00fcr Jungs mit verschiedenen Variationsm\u00f6glichkeiten. Mit dem Kombi-eBook erh\u00e4ltst du den Schnitt in den Gr\u00f6\u00dfen 56-104 &amp; 98-146.\" \/>\n<meta name=\"robots\" content=\"index, follow, max-snippet:-1, max-image-preview:large, max-video-preview:-1\" \/>\n<link rel=\"canonical\" href=\"https:\/\/jonelli-fashion.de\/index.php\/produkt\/kombi-ebook-der-zuckerpups-jungs-groesse-56-146\/\" \/>\n<meta property=\"og:locale\" content=\"de_DE\" \/>\n<meta property=\"og:type\" content=\"article\" \/>\n<meta property=\"og:title\" content=\"Kombi-eBook Der Zuckerpups Jungs (Gr\u00f6\u00dfe 56-146) - Jonelli Fashion\" \/>\n<meta property=\"og:description\" content=\"Der Zuckerpups ist eine Latzhose f\u00fcr Jungs mit verschiedenen Variationsm\u00f6glichkeiten. Mit dem Kombi-eBook erh\u00e4ltst du den Schnitt in den Gr\u00f6\u00dfen 56-104 &amp; 98-146.\" \/>\n<meta property=\"og:url\" content=\"https:\/\/jonelli-fashion.de\/index.php\/produkt\/kombi-ebook-der-zuckerpups-jungs-groesse-56-146\/\" \/>\n<meta property=\"og:site_name\" content=\"Jonelli Fashion\" \/>\n<meta property=\"article:modified_time\" content=\"2022-01-01T12:25:20+00:00\" \/>\n<meta property=\"og:image\" content=\"https:\/\/jonelli-fashion.de\/wp-content\/uploads\/2021\/07\/Titelbild-Shop-Kombi-Ebook.jpg\" \/>\n\t<meta property=\"og:image:width\" content=\"1414\" \/>\n\t<meta property=\"og:image:height\" content=\"2000\" \/>\n\t<meta property=\"og:image:type\" content=\"image\/jpeg\" \/>\n<meta name=\"twitter:card\" content=\"summary_large_image\" \/>\n<meta name=\"twitter:label1\" content=\"Gesch\u00e4tzte Lesezeit\" \/>\n\t<meta name=\"twitter:data1\" content=\"2\u00a0Minuten\" \/>\n<script type=\"application\/ld+json\" class=\"yoast-schema-graph\">{\"@context\":\"https:\/\/schema.org\",\"@graph\":[{\"@type\":\"WebPage\",\"@id\":\"https:\/\/jonelli-fashion.de\/index.php\/produkt\/kombi-ebook-der-zuckerpups-jungs-groesse-56-146\/\",\"url\":\"https:\/\/jonelli-fashion.de\/index.php\/produkt\/kombi-ebook-der-zuckerpups-jungs-groesse-56-146\/\",\"name\":\"Kombi-eBook Der Zuckerpups Jungs (Gr\u00f6\u00dfe 56-146) - Jonelli Fashion\",\"isPartOf\":{\"@id\":\"https:\/\/jonelli-fashion.de\/#website\"},\"datePublished\":\"2021-07-16T16:45:24+00:00\",\"dateModified\":\"2022-01-01T12:25:20+00:00\",\"description\":\"Der Zuckerpups ist eine Latzhose f\u00fcr Jungs mit verschiedenen Variationsm\u00f6glichkeiten. Mit dem Kombi-eBook erh\u00e4ltst du den Schnitt in den Gr\u00f6\u00dfen 56-104 & 98-146.\",\"breadcrumb\":{\"@id\":\"https:\/\/jonelli-fashion.de\/index.php\/produkt\/kombi-ebook-der-zuckerpups-jungs-groesse-56-146\/#breadcrumb\"},\"inLanguage\":\"de\",\"potentialAction\":[{\"@type\":\"ReadAction\",\"target\":[\"https:\/\/jonelli-fashion.de\/index.php\/produkt\/kombi-ebook-der-zuckerpups-jungs-groesse-56-146\/\"]}]},{\"@type\":\"BreadcrumbList\",\"@id\":\"https:\/\/jonelli-fashion.de\/index.php\/produkt\/kombi-ebook-der-zuckerpups-jungs-groesse-56-146\/#breadcrumb\",\"itemListElement\":[{\"@type\":\"ListItem\",\"position\":1,\"name\":\"Startseite\",\"item\":\"https:\/\/jonelli-fashion.de\/\"},{\"@type\":\"ListItem\",\"position\":2,\"name\":\"Shop\",\"item\":\"https:\/\/jonelli-fashion.de\/index.php\/shop\/\"},{\"@type\":\"ListItem\",\"position\":3,\"name\":\"Kombi-eBook Der Zuckerpups Jungs (Gr\u00f6\u00dfe 56-146)\"}]},{\"@type\":\"WebSite\",\"@id\":\"https:\/\/jonelli-fashion.de\/#website\",\"url\":\"https:\/\/jonelli-fashion.de\/\",\"name\":\"Jonelli Fashion\",\"description\":\"Wenn aus N\u00e4hen eine Leidenschaft wird\",\"potentialAction\":[{\"@type\":\"SearchAction\",\"target\":{\"@type\":\"EntryPoint\",\"urlTemplate\":\"https:\/\/jonelli-fashion.de\/?s={search_term_string}\"},\"query-input\":\"required name=search_term_string\"}],\"inLanguage\":\"de\"}]}<\/script>\n<!-- \/ Yoast SEO plugin. -->","yoast_head_json":{"title":"Kombi-eBook Der Zuckerpups Jungs (Gr\u00f6\u00dfe 56-146) - Jonelli Fashion","description":"Der Zuckerpups ist eine Latzhose f\u00fcr Jungs mit verschiedenen Variationsm\u00f6glichkeiten. Mit dem Kombi-eBook erh\u00e4ltst du den Schnitt in den Gr\u00f6\u00dfen 56-104 & 98-146.","robots":{"index":"index","follow":"follow","max-snippet":"max-snippet:-1","max-image-preview":"max-image-preview:large","max-video-preview":"max-video-preview:-1"},"canonical":"https:\/\/jonelli-fashion.de\/index.php\/produkt\/kombi-ebook-der-zuckerpups-jungs-groesse-56-146\/","og_locale":"de_DE","og_type":"article","og_title":"Kombi-eBook Der Zuckerpups Jungs (Gr\u00f6\u00dfe 56-146) - Jonelli Fashion","og_description":"Der Zuckerpups ist eine Latzhose f\u00fcr Jungs mit verschiedenen Variationsm\u00f6glichkeiten. Mit dem Kombi-eBook erh\u00e4ltst du den Schnitt in den Gr\u00f6\u00dfen 56-104 & 98-146.","og_url":"https:\/\/jonelli-fashion.de\/index.php\/produkt\/kombi-ebook-der-zuckerpups-jungs-groesse-56-146\/","og_site_name":"Jonelli Fashion","article_modified_time":"2022-01-01T12:25:20+00:00","og_image":[{"width":1414,"height":2000,"url":"https:\/\/jonelli-fashion.de\/wp-content\/uploads\/2021\/07\/Titelbild-Shop-Kombi-Ebook.jpg","type":"image\/jpeg"}],"twitter_card":"summary_large_image","twitter_misc":{"Gesch\u00e4tzte Lesezeit":"2\u00a0Minuten"},"schema":{"@context":"https:\/\/schema.org","@graph":[{"@type":"WebPage","@id":"https:\/\/jonelli-fashion.de\/index.php\/produkt\/kombi-ebook-der-zuckerpups-jungs-groesse-56-146\/","url":"https:\/\/jonelli-fashion.de\/index.php\/produkt\/kombi-ebook-der-zuckerpups-jungs-groesse-56-146\/","name":"Kombi-eBook Der Zuckerpups Jungs (Gr\u00f6\u00dfe 56-146) - Jonelli Fashion","isPartOf":{"@id":"https:\/\/jonelli-fashion.de\/#website"},"datePublished":"2021-07-16T16:45:24+00:00","dateModified":"2022-01-01T12:25:20+00:00","description":"Der Zuckerpups ist eine Latzhose f\u00fcr Jungs mit verschiedenen Variationsm\u00f6glichkeiten. Mit dem Kombi-eBook erh\u00e4ltst du den Schnitt in den Gr\u00f6\u00dfen 56-104 & 98-146.","breadcrumb":{"@id":"https:\/\/jonelli-fashion.de\/index.php\/produkt\/kombi-ebook-der-zuckerpups-jungs-groesse-56-146\/#breadcrumb"},"inLanguage":"de","potentialAction":[{"@type":"ReadAction","target":["https:\/\/jonelli-fashion.de\/index.php\/produkt\/kombi-ebook-der-zuckerpups-jungs-groesse-56-146\/"]}]},{"@type":"BreadcrumbList","@id":"https:\/\/jonelli-fashion.de\/index.php\/produkt\/kombi-ebook-der-zuckerpups-jungs-groesse-56-146\/#breadcrumb","itemListElement":[{"@type":"ListItem","position":1,"name":"Startseite","item":"https:\/\/jonelli-fashion.de\/"},{"@type":"ListItem","position":2,"name":"Shop","item":"https:\/\/jonelli-fashion.de\/index.php\/shop\/"},{"@type":"ListItem","position":3,"name":"Kombi-eBook Der Zuckerpups Jungs (Gr\u00f6\u00dfe 56-146)"}]},{"@type":"WebSite","@id":"https:\/\/jonelli-fashion.de\/#website","url":"https:\/\/jonelli-fashion.de\/","name":"Jonelli Fashion","description":"Wenn aus N\u00e4hen eine Leidenschaft wird","potentialAction":[{"@type":"SearchAction","target":{"@type":"EntryPoint","urlTemplate":"https:\/\/jonelli-fashion.de\/?s={search_term_string}"},"query-input":"required name=search_term_string"}],"inLanguage":"de"}]}},"_links":{"self":[{"href":"https:\/\/jonelli-fashion.de\/index.php\/wp-json\/wp\/v2\/product\/3666"}],"collection":[{"href":"https:\/\/jonelli-fashion.de\/index.php\/wp-json\/wp\/v2\/product"}],"about":[{"href":"https:\/\/jonelli-fashion.de\/index.php\/wp-json\/wp\/v2\/types\/product"}],"replies":[{"embeddable":true,"href":"https:\/\/jonelli-fashion.de\/index.php\/wp-json\/wp\/v2\/comments?post=3666"}],"version-history":[{"count":7,"href":"https:\/\/jonelli-fashion.de\/index.php\/wp-json\/wp\/v2\/product\/3666\/revisions"}],"predecessor-version":[{"id":3673,"href":"https:\/\/jonelli-fashion.de\/index.php\/wp-json\/wp\/v2\/product\/3666\/revisions\/3673"}],"wp:featuredmedia":[{"embeddable":true,"href":"https:\/\/jonelli-fashion.de\/index.php\/wp-json\/wp\/v2\/media\/3603"}],"wp:attachment":[{"href":"https:\/\/jonelli-fashion.de\/index.php\/wp-json\/wp\/v2\/media?parent=3666"}],"wp:term":[{"taxonomy":"product_cat","embeddable":true,"href":"https:\/\/jonelli-fashion.de\/index.php\/wp-json\/wp\/v2\/product_cat?post=3666"},{"taxonomy":"product_tag","embeddable":true,"href":"https:\/\/jonelli-fashion.de\/index.php\/wp-json\/wp\/v2\/product_tag?post=3666"}],"curies":[{"name":"wp","href":"https:\/\/api.w.org\/{rel}","templated":true}]}}