{"id":3699,"date":"2021-07-16T18:44:24","date_gmt":"2021-07-16T16:44:24","guid":{"rendered":"https:\/\/jonelli-fashion.de\/?post_type=product&#038;p=3699"},"modified":"2021-07-16T15:57:59","modified_gmt":"2021-07-16T13:57:59","slug":"gewerbelizenz-der-zuckerpups-fuer-maedels-groesse-56-146","status":"publish","type":"product","link":"https:\/\/jonelli-fashion.de\/index.php\/produkt\/gewerbelizenz-der-zuckerpups-fuer-maedels-groesse-56-146\/","title":{"rendered":"Gewerbelizenz Der Zuckerpups &#8211; F\u00fcr M\u00e4dels (Gr\u00f6\u00dfe 56-146)"},"content":{"rendered":"\t\t<div data-elementor-type=\"wp-post\" data-elementor-id=\"3699\" class=\"elementor elementor-3699\">\n\t\t\t\t\t\t<section class=\"elementor-section elementor-top-section elementor-element elementor-element-6bfc5ac elementor-section-boxed elementor-section-height-default elementor-section-height-default\" data-id=\"6bfc5ac\" data-element_type=\"section\">\n\t\t\t\t\t\t<div class=\"elementor-container elementor-column-gap-default\">\n\t\t\t\t\t<div class=\"elementor-column elementor-col-100 elementor-top-column elementor-element elementor-element-7c54cd8\" data-id=\"7c54cd8\" data-element_type=\"column\">\n\t\t\t<div class=\"elementor-widget-wrap elementor-element-populated\">\n\t\t\t\t\t\t<div class=\"elementor-element elementor-element-41e6d0a elementor-widget elementor-widget-text-editor\" data-id=\"41e6d0a\" data-element_type=\"widget\" data-widget_type=\"text-editor.default\">\n\t\t\t\t<div class=\"elementor-widget-container\">\n\t\t\t\t\t\t\t<p><span style=\"font-size: 20px; font-style: normal; font-weight: 400;\">Mit dieser Lizenz bist du berechtigt, monatlich bis zu&nbsp;<\/span><span style=\"font-size: 20px; font-style: normal; font-weight: 700;\">30 St\u00fcck<\/span><span style=\"font-size: 20px; font-style: normal; font-weight: 400;\">&nbsp;deiner Werke die nach dem eBook von Jonelli Fashion gen\u00e4ht wurden zu verkaufen. Die Lizenz gilt ausschlie\u00dflich f\u00fcr die&nbsp;<\/span><span style=\"font-size: 20px; font-style: normal; font-weight: 700;\">Schnittmuster \u201eDer Zuckerpups &#8211; F\u00fcr kleine M\u00e4dels\u201c und&nbsp;<\/span><span style=\"font-size: 20px; font-style: normal; font-weight: 700;\">\u201e<\/span><span style=\"font-size: 20px; font-style: normal; font-weight: 700;\">Der Zuckerpups &#8211; F\u00fcr gro\u00dfe M\u00e4dels&#8220; .<\/span><span style=\"font-size: 20px; font-style: normal; font-weight: 400;\">&nbsp;Die eBooks m\u00fcssen separat gekauft werden. Die Massenproduktion ist untersagt. Die Gew\u00e4hrleistung und Haftung f\u00fcr das fertige Produkt, welches aus dem eBook gefertigt wird \u00fcbernimmt der Lizenznehmer. Die Quellenangabe muss beim Verkauf angegeben werden. Der Lizenznehmer verpflichtet sich, gesetzliche Vorschriften (wie zB. Textilkennzeichnungspflicht) einzuhalten.&nbsp;<\/span><span style=\"font-size: 20px; font-style: normal; font-weight: 700;\">Die Lizenz gilt nur f\u00fcr den jeweiligen Shop, dieser muss in der Lizenz manuell eingetragen werden. Hierzu bitte unbedingt nach Kaufabwicklung eine Mail mit dem Shopnamen an info@jonelli-fashion.de senden. Die ausgef\u00fcllte Lizenz wird dir anschlie\u00dfend innerhalb von 1-3 Werktagen per Mail zugesandt. Die Lizenz ist nicht \u00fcbertragbar.<\/span><br><\/p>\t\t\t\t\t\t<\/div>\n\t\t\t\t<\/div>\n\t\t\t\t\t<\/div>\n\t\t<\/div>\n\t\t\t\t\t<\/div>\n\t\t<\/section>\n\t\t\t\t<\/div>\n\t\t","protected":false},"excerpt":{"rendered":"<p>Der Zuckerpups ist ein Schnitt f\u00fcr eine Latzhose bzw. ein Latzkleid f\u00fcr M\u00e4dels mit verschiedenen Variationsm\u00f6glichkeiten in Gr\u00f6\u00dfe 56-146.<\/p>\n","protected":false},"featured_media":3645,"comment_status":"open","ping_status":"closed","template":"","meta":{"site-sidebar-layout":"default","site-content-layout":"default","ast-global-header-display":"","ast-banner-title-visibility":"","ast-main-header-display":"","ast-hfb-above-header-display":"","ast-hfb-below-header-display":"","ast-hfb-mobile-header-display":"","site-post-title":"disabled","ast-breadcrumbs-content":"","ast-featured-img":"disabled","footer-sml-layout":"","theme-transparent-header-meta":"default","adv-header-id-meta":"","stick-header-meta":"","header-above-stick-meta":"","header-main-stick-meta":"","header-below-stick-meta":""},"product_cat":[17],"product_tag":[],"yoast_head":"<!-- This site is optimized with the Yoast SEO plugin v21.8.1 - https:\/\/yoast.com\/wordpress\/plugins\/seo\/ -->\n<title>Gewerbelizenz Der Zuckerpups - F\u00fcr M\u00e4dels (Gr\u00f6\u00dfe 56-146) - Jonelli Fashion<\/title>\n<meta name=\"description\" content=\"Der Zuckerpups ist ein Schnitt f\u00fcr eine Latzhose bzw. ein Latzkleid f\u00fcr M\u00e4dels mit verschiedenen Variationsm\u00f6glichkeiten in Gr\u00f6\u00dfe 56-146.\" \/>\n<meta name=\"robots\" content=\"index, follow, max-snippet:-1, max-image-preview:large, max-video-preview:-1\" \/>\n<link rel=\"canonical\" href=\"https:\/\/jonelli-fashion.de\/index.php\/produkt\/gewerbelizenz-der-zuckerpups-fuer-maedels-groesse-56-146\/\" \/>\n<meta property=\"og:locale\" content=\"de_DE\" \/>\n<meta property=\"og:type\" content=\"article\" \/>\n<meta property=\"og:title\" content=\"Gewerbelizenz Der Zuckerpups - F\u00fcr M\u00e4dels (Gr\u00f6\u00dfe 56-146) - Jonelli Fashion\" \/>\n<meta property=\"og:description\" content=\"Der Zuckerpups ist ein Schnitt f\u00fcr eine Latzhose bzw. ein Latzkleid f\u00fcr M\u00e4dels mit verschiedenen Variationsm\u00f6glichkeiten in Gr\u00f6\u00dfe 56-146.\" \/>\n<meta property=\"og:url\" content=\"https:\/\/jonelli-fashion.de\/index.php\/produkt\/gewerbelizenz-der-zuckerpups-fuer-maedels-groesse-56-146\/\" \/>\n<meta property=\"og:site_name\" content=\"Jonelli Fashion\" \/>\n<meta property=\"article:modified_time\" content=\"2021-07-16T13:57:59+00:00\" \/>\n<meta property=\"og:image\" content=\"https:\/\/jonelli-fashion.de\/wp-content\/uploads\/2021\/07\/Titelbilder-Shop-Kombi-Ebook.jpg\" \/>\n\t<meta property=\"og:image:width\" content=\"1414\" \/>\n\t<meta property=\"og:image:height\" content=\"2000\" \/>\n\t<meta property=\"og:image:type\" content=\"image\/jpeg\" \/>\n<meta name=\"twitter:card\" content=\"summary_large_image\" \/>\n<meta name=\"twitter:label1\" content=\"Gesch\u00e4tzte Lesezeit\" \/>\n\t<meta name=\"twitter:data1\" content=\"1\u00a0Minute\" \/>\n<script type=\"application\/ld+json\" class=\"yoast-schema-graph\">{\"@context\":\"https:\/\/schema.org\",\"@graph\":[{\"@type\":\"WebPage\",\"@id\":\"https:\/\/jonelli-fashion.de\/index.php\/produkt\/gewerbelizenz-der-zuckerpups-fuer-maedels-groesse-56-146\/\",\"url\":\"https:\/\/jonelli-fashion.de\/index.php\/produkt\/gewerbelizenz-der-zuckerpups-fuer-maedels-groesse-56-146\/\",\"name\":\"Gewerbelizenz Der Zuckerpups - F\u00fcr M\u00e4dels (Gr\u00f6\u00dfe 56-146) - Jonelli Fashion\",\"isPartOf\":{\"@id\":\"https:\/\/jonelli-fashion.de\/#website\"},\"datePublished\":\"2021-07-16T16:44:24+00:00\",\"dateModified\":\"2021-07-16T13:57:59+00:00\",\"description\":\"Der Zuckerpups ist ein Schnitt f\u00fcr eine Latzhose bzw. ein Latzkleid f\u00fcr M\u00e4dels mit verschiedenen Variationsm\u00f6glichkeiten in Gr\u00f6\u00dfe 56-146.\",\"breadcrumb\":{\"@id\":\"https:\/\/jonelli-fashion.de\/index.php\/produkt\/gewerbelizenz-der-zuckerpups-fuer-maedels-groesse-56-146\/#breadcrumb\"},\"inLanguage\":\"de\",\"potentialAction\":[{\"@type\":\"ReadAction\",\"target\":[\"https:\/\/jonelli-fashion.de\/index.php\/produkt\/gewerbelizenz-der-zuckerpups-fuer-maedels-groesse-56-146\/\"]}]},{\"@type\":\"BreadcrumbList\",\"@id\":\"https:\/\/jonelli-fashion.de\/index.php\/produkt\/gewerbelizenz-der-zuckerpups-fuer-maedels-groesse-56-146\/#breadcrumb\",\"itemListElement\":[{\"@type\":\"ListItem\",\"position\":1,\"name\":\"Startseite\",\"item\":\"https:\/\/jonelli-fashion.de\/\"},{\"@type\":\"ListItem\",\"position\":2,\"name\":\"Shop\",\"item\":\"https:\/\/jonelli-fashion.de\/index.php\/shop\/\"},{\"@type\":\"ListItem\",\"position\":3,\"name\":\"Gewerbelizenz Der Zuckerpups &#8211; F\u00fcr M\u00e4dels (Gr\u00f6\u00dfe 56-146)\"}]},{\"@type\":\"WebSite\",\"@id\":\"https:\/\/jonelli-fashion.de\/#website\",\"url\":\"https:\/\/jonelli-fashion.de\/\",\"name\":\"Jonelli Fashion\",\"description\":\"Wenn aus N\u00e4hen eine Leidenschaft wird\",\"potentialAction\":[{\"@type\":\"SearchAction\",\"target\":{\"@type\":\"EntryPoint\",\"urlTemplate\":\"https:\/\/jonelli-fashion.de\/?s={search_term_string}\"},\"query-input\":\"required name=search_term_string\"}],\"inLanguage\":\"de\"}]}<\/script>\n<!-- \/ Yoast SEO plugin. -->","yoast_head_json":{"title":"Gewerbelizenz Der Zuckerpups - F\u00fcr M\u00e4dels (Gr\u00f6\u00dfe 56-146) - Jonelli Fashion","description":"Der Zuckerpups ist ein Schnitt f\u00fcr eine Latzhose bzw. ein Latzkleid f\u00fcr M\u00e4dels mit verschiedenen Variationsm\u00f6glichkeiten in Gr\u00f6\u00dfe 56-146.","robots":{"index":"index","follow":"follow","max-snippet":"max-snippet:-1","max-image-preview":"max-image-preview:large","max-video-preview":"max-video-preview:-1"},"canonical":"https:\/\/jonelli-fashion.de\/index.php\/produkt\/gewerbelizenz-der-zuckerpups-fuer-maedels-groesse-56-146\/","og_locale":"de_DE","og_type":"article","og_title":"Gewerbelizenz Der Zuckerpups - F\u00fcr M\u00e4dels (Gr\u00f6\u00dfe 56-146) - Jonelli Fashion","og_description":"Der Zuckerpups ist ein Schnitt f\u00fcr eine Latzhose bzw. ein Latzkleid f\u00fcr M\u00e4dels mit verschiedenen Variationsm\u00f6glichkeiten in Gr\u00f6\u00dfe 56-146.","og_url":"https:\/\/jonelli-fashion.de\/index.php\/produkt\/gewerbelizenz-der-zuckerpups-fuer-maedels-groesse-56-146\/","og_site_name":"Jonelli Fashion","article_modified_time":"2021-07-16T13:57:59+00:00","og_image":[{"width":1414,"height":2000,"url":"https:\/\/jonelli-fashion.de\/wp-content\/uploads\/2021\/07\/Titelbilder-Shop-Kombi-Ebook.jpg","type":"image\/jpeg"}],"twitter_card":"summary_large_image","twitter_misc":{"Gesch\u00e4tzte Lesezeit":"1\u00a0Minute"},"schema":{"@context":"https:\/\/schema.org","@graph":[{"@type":"WebPage","@id":"https:\/\/jonelli-fashion.de\/index.php\/produkt\/gewerbelizenz-der-zuckerpups-fuer-maedels-groesse-56-146\/","url":"https:\/\/jonelli-fashion.de\/index.php\/produkt\/gewerbelizenz-der-zuckerpups-fuer-maedels-groesse-56-146\/","name":"Gewerbelizenz Der Zuckerpups - F\u00fcr M\u00e4dels (Gr\u00f6\u00dfe 56-146) - Jonelli Fashion","isPartOf":{"@id":"https:\/\/jonelli-fashion.de\/#website"},"datePublished":"2021-07-16T16:44:24+00:00","dateModified":"2021-07-16T13:57:59+00:00","description":"Der Zuckerpups ist ein Schnitt f\u00fcr eine Latzhose bzw. ein Latzkleid f\u00fcr M\u00e4dels mit verschiedenen Variationsm\u00f6glichkeiten in Gr\u00f6\u00dfe 56-146.","breadcrumb":{"@id":"https:\/\/jonelli-fashion.de\/index.php\/produkt\/gewerbelizenz-der-zuckerpups-fuer-maedels-groesse-56-146\/#breadcrumb"},"inLanguage":"de","potentialAction":[{"@type":"ReadAction","target":["https:\/\/jonelli-fashion.de\/index.php\/produkt\/gewerbelizenz-der-zuckerpups-fuer-maedels-groesse-56-146\/"]}]},{"@type":"BreadcrumbList","@id":"https:\/\/jonelli-fashion.de\/index.php\/produkt\/gewerbelizenz-der-zuckerpups-fuer-maedels-groesse-56-146\/#breadcrumb","itemListElement":[{"@type":"ListItem","position":1,"name":"Startseite","item":"https:\/\/jonelli-fashion.de\/"},{"@type":"ListItem","position":2,"name":"Shop","item":"https:\/\/jonelli-fashion.de\/index.php\/shop\/"},{"@type":"ListItem","position":3,"name":"Gewerbelizenz Der Zuckerpups &#8211; F\u00fcr M\u00e4dels (Gr\u00f6\u00dfe 56-146)"}]},{"@type":"WebSite","@id":"https:\/\/jonelli-fashion.de\/#website","url":"https:\/\/jonelli-fashion.de\/","name":"Jonelli Fashion","description":"Wenn aus N\u00e4hen eine Leidenschaft wird","potentialAction":[{"@type":"SearchAction","target":{"@type":"EntryPoint","urlTemplate":"https:\/\/jonelli-fashion.de\/?s={search_term_string}"},"query-input":"required name=search_term_string"}],"inLanguage":"de"}]}},"_links":{"self":[{"href":"https:\/\/jonelli-fashion.de\/index.php\/wp-json\/wp\/v2\/product\/3699"}],"collection":[{"href":"https:\/\/jonelli-fashion.de\/index.php\/wp-json\/wp\/v2\/product"}],"about":[{"href":"https:\/\/jonelli-fashion.de\/index.php\/wp-json\/wp\/v2\/types\/product"}],"replies":[{"embeddable":true,"href":"https:\/\/jonelli-fashion.de\/index.php\/wp-json\/wp\/v2\/comments?post=3699"}],"version-history":[{"count":11,"href":"https:\/\/jonelli-fashion.de\/index.php\/wp-json\/wp\/v2\/product\/3699\/revisions"}],"predecessor-version":[{"id":3799,"href":"https:\/\/jonelli-fashion.de\/index.php\/wp-json\/wp\/v2\/product\/3699\/revisions\/3799"}],"wp:featuredmedia":[{"embeddable":true,"href":"https:\/\/jonelli-fashion.de\/index.php\/wp-json\/wp\/v2\/media\/3645"}],"wp:attachment":[{"href":"https:\/\/jonelli-fashion.de\/index.php\/wp-json\/wp\/v2\/media?parent=3699"}],"wp:term":[{"taxonomy":"product_cat","embeddable":true,"href":"https:\/\/jonelli-fashion.de\/index.php\/wp-json\/wp\/v2\/product_cat?post=3699"},{"taxonomy":"product_tag","embeddable":true,"href":"https:\/\/jonelli-fashion.de\/index.php\/wp-json\/wp\/v2\/product_tag?post=3699"}],"curies":[{"name":"wp","href":"https:\/\/api.w.org\/{rel}","templated":true}]}}