{"id":4423,"date":"2021-09-24T18:50:40","date_gmt":"2021-09-24T16:50:40","guid":{"rendered":"https:\/\/jonelli-fashion.de\/?post_type=product&#038;p=4423"},"modified":"2022-07-26T09:17:02","modified_gmt":"2022-07-26T07:17:02","slug":"die-tusnella-groesse-34-50","status":"publish","type":"product","link":"https:\/\/jonelli-fashion.de\/index.php\/produkt\/die-tusnella-groesse-34-50\/","title":{"rendered":"Die Tusnella (Gr\u00f6\u00dfe 34-50)"},"content":{"rendered":"\t\t<div data-elementor-type=\"wp-post\" data-elementor-id=\"4423\" class=\"elementor elementor-4423\">\n\t\t\t\t\t\t<section class=\"elementor-section elementor-top-section elementor-element elementor-element-f5487b8 elementor-section-boxed elementor-section-height-default elementor-section-height-default\" data-id=\"f5487b8\" data-element_type=\"section\">\n\t\t\t\t\t\t<div class=\"elementor-container elementor-column-gap-default\">\n\t\t\t\t\t<div class=\"elementor-column elementor-col-100 elementor-top-column elementor-element elementor-element-0d88a20\" data-id=\"0d88a20\" data-element_type=\"column\">\n\t\t\t<div class=\"elementor-widget-wrap elementor-element-populated\">\n\t\t\t\t\t\t<div class=\"elementor-element elementor-element-8018aef elementor-widget elementor-widget-text-editor\" data-id=\"8018aef\" data-element_type=\"widget\" data-widget_type=\"text-editor.default\">\n\t\t\t\t<div class=\"elementor-widget-container\">\n\t\t\t\t\t\t\t<p class=\"_04xlpA direction-ltr align-start para-style-body\"><span class=\"JsGRdQ\">Die Tusnella ist ein wandelbares <\/span><strong><span class=\"JsGRdQ\">Oberteil <\/span><\/strong><span class=\"JsGRdQ\">f\u00fcr Damen, welches als <\/span><strong><span class=\"JsGRdQ\">Tunika oder Kleid<\/span><\/strong><span class=\"JsGRdQ\"> gen\u00e4ht werden kann.<\/span><\/p>\n<p class=\"_04xlpA direction-ltr align-start para-style-body\"><span class=\"JsGRdQ\">Charakteristisch ist vor allem die <\/span><strong><span class=\"JsGRdQ\">Raffung im Halsbereich<\/span><\/strong><span class=\"JsGRdQ\">, die mit einem h\u00fcbschen <\/span><strong><span class=\"JsGRdQ\">Kragen<\/span><\/strong><span class=\"JsGRdQ\"> veredelt werden kann. Wer sich jedoch in hochgeschlossener Kleidung unwohl f\u00fchlt, kann die Tusnella auch problemlos ohne Kragen und stattdessen mit einem <\/span><strong><span class=\"JsGRdQ\">eingefassten Halsausschnitt<\/span><\/strong><span class=\"JsGRdQ\"> n\u00e4hen. Auch bei dieser Variante wird der Halsausschnitt gerafft.<\/span><\/p><p class=\"_04xlpA direction-ltr align-start para-style-body\"><span class=\"JsGRdQ\" style=\"font-size: 16px;\">Die Tusnella kann sowohl als Tunika oder aber als Kleid gen\u00e4ht werden. Beide Varianten bieten die M\u00f6glichkeit am unteren Saum eine <\/span><strong style=\"font-size: 16px;\"><span class=\"JsGRdQ\">R\u00fcsche<\/span><\/strong><span class=\"JsGRdQ\" style=\"font-size: 16px;\"> anzubringen.<\/span><\/p><p class=\"_04xlpA direction-ltr align-start para-style-body\"><span class=\"JsGRdQ\" style=\"font-size: 16px;\">Das R\u00fcckteil besticht durch seine vielen Optionen. Hier hat man die Wahl einer <\/span><strong style=\"font-size: 16px;\"><span class=\"JsGRdQ\">\u00fcberlappenden Knopfleiste<\/span><\/strong><span class=\"JsGRdQ\" style=\"font-size: 16px;\">, eines <\/span><strong style=\"font-size: 16px;\"><span class=\"JsGRdQ\">Rei\u00dfverschlusses <\/span><\/strong><span class=\"JsGRdQ\" style=\"font-size: 16px;\">oder aber eines Verschlusses mittels <\/span><strong style=\"font-size: 16px;\"><span class=\"JsGRdQ\">Knopf\u00f6sen<\/span><\/strong><span class=\"JsGRdQ\" style=\"font-size: 16px;\">, welcher die Tusnella besonders edel erscheinen l\u00e4sst.<\/span><\/p><p class=\"_04xlpA direction-ltr align-start para-style-body\"><span class=\"JsGRdQ\" style=\"font-size: 16px;\">Bei den \u00c4rmeln hat man die Wahl zwischen <\/span><strong style=\"font-size: 16px;\"><span class=\"JsGRdQ\">normalen \u00c4rmeln<\/span><\/strong><span class=\"JsGRdQ\" style=\"font-size: 16px;\"> oder <\/span><strong style=\"font-size: 16px;\"><span class=\"JsGRdQ\">Puff\u00e4rmeln<\/span><\/strong><span class=\"JsGRdQ\" style=\"font-size: 16px;\">. Beide \u00c4rmelvarianten bieten verschiedene L\u00e4ngen an.<\/span><\/p><p class=\"_04xlpA direction-ltr align-start para-style-body\"><span class=\"JsGRdQ\" style=\"font-size: 16px;\">Die Tusnella ist au\u00dferdem ein Must-have f\u00fcr alle stillenden Mami\u00b4s, denn auch eine <\/span><strong style=\"font-size: 16px;\"><span class=\"JsGRdQ\">Stillvariante<\/span><\/strong><span class=\"JsGRdQ\" style=\"font-size: 16px;\"> ist im Schnitt enthalten.<\/span><\/p><p class=\"_04xlpA direction-ltr align-start para-style-body\"><span style=\"font-size: 16px;\">F\u00fcr die Tusnella eignen sich&nbsp;<\/span><strong style=\"font-size: 16px;\">dehnbare Stoffe<\/strong><span style=\"font-size: 16px;\">, wie bspw. Jersey, Viskosejersey.<\/span><\/p><p class=\"_04xlpA direction-ltr align-start para-style-body\"><span style=\"font-size: 16px;\">Durch die sehr detaillierte, bebilderte Anleitung ist der Schnitt sowohl f\u00fcr <\/span><strong style=\"font-size: 16px;\">ge\u00fcbte<\/strong><span style=\"font-size: 16px;\"> <\/span><b style=\"font-style: inherit;\">Anf\u00e4nger<\/b><span style=\"font-size: 16px;\">, als auch f\u00fcr&nbsp;<\/span><b style=\"font-style: inherit;\">fortgeschrittene<\/b><span style=\"font-size: 16px;\">&nbsp;N\u00e4her\/innen geeignet.<\/span><\/p><p class=\"_04xlpA direction-ltr align-start para-style-body\"><span style=\"font-size: 16px;\">Das eBook beinhaltet eine&nbsp;<\/span><strong style=\"font-size: 16px;\">A4 Datei<\/strong><span style=\"font-size: 16px;\">&nbsp;(mit Ebenenfunktion), sowie eine&nbsp;<\/span><strong style=\"font-size: 16px;\">A0 Datei<\/strong><span style=\"font-size: 16px;\"> mit Ebenenfunktion&nbsp;f\u00fcr den Zuschnitt mit dem Beamer.<\/span><\/p><p class=\"_04xlpA direction-ltr align-start para-style-body\"><strong style=\"font-size: 16px;\">Eine Nahtzugabe von 0,7cm ist bereits im Schnitt enthalten.<\/strong><\/p>\n<p><strong>Folgendes ben\u00f6tigst du zum N\u00e4hen:<\/strong><br>&#8211; N\u00e4hmaschine<br>&#8211; Gummiband<br>&#8211; Stecknadeln oder Stoffclips<br>&#8211; Stoffschere oder Rollschneider<br>&#8211; Drucker oder Beamer<br>&#8211; T\u00fcddelkram (Kn\u00f6pfe, Druckkn\u00f6pfe, etc.)<br>&#8211; ggf. Rei\u00dfverschluss<br>&#8211; Framilonband<\/p>\t\t\t\t\t\t<\/div>\n\t\t\t\t<\/div>\n\t\t\t\t\t<\/div>\n\t\t<\/div>\n\t\t\t\t\t<\/div>\n\t\t<\/section>\n\t\t\t\t<\/div>\n\t\t","protected":false},"excerpt":{"rendered":"<p>Die Tusnella ist ein elegantes Oberteil mit verschiedenen Variationsm\u00f6glichkeiten f\u00fcr Damen in den Gr\u00f6\u00dfen 34-50.<\/p>\n","protected":false},"featured_media":4429,"comment_status":"open","ping_status":"closed","template":"","meta":{"site-sidebar-layout":"default","site-content-layout":"default","ast-global-header-display":"","ast-banner-title-visibility":"","ast-main-header-display":"","ast-hfb-above-header-display":"","ast-hfb-below-header-display":"","ast-hfb-mobile-header-display":"","site-post-title":"disabled","ast-breadcrumbs-content":"","ast-featured-img":"disabled","footer-sml-layout":"","theme-transparent-header-meta":"default","adv-header-id-meta":"","stick-header-meta":"","header-above-stick-meta":"","header-main-stick-meta":"","header-below-stick-meta":""},"product_cat":[15],"product_tag":[],"yoast_head":"<!-- This site is optimized with the Yoast SEO plugin v21.8.1 - https:\/\/yoast.com\/wordpress\/plugins\/seo\/ -->\n<title>Die Tusnella (Gr\u00f6\u00dfe 34-50) - Jonelli Fashion<\/title>\n<meta name=\"description\" content=\"Die Tusnella ist ein elegantes Oberteil mit verschiedenen Variationsm\u00f6glichkeiten f\u00fcr Damen in den Gr\u00f6\u00dfen 34-50.\" \/>\n<meta name=\"robots\" content=\"index, follow, max-snippet:-1, max-image-preview:large, max-video-preview:-1\" \/>\n<link rel=\"canonical\" href=\"https:\/\/jonelli-fashion.de\/index.php\/produkt\/die-tusnella-groesse-34-50\/\" \/>\n<meta property=\"og:locale\" content=\"de_DE\" \/>\n<meta property=\"og:type\" content=\"article\" \/>\n<meta property=\"og:title\" content=\"Die Tusnella (Gr\u00f6\u00dfe 34-50) - Jonelli Fashion\" \/>\n<meta property=\"og:description\" content=\"Die Tusnella ist ein elegantes Oberteil mit verschiedenen Variationsm\u00f6glichkeiten f\u00fcr Damen in den Gr\u00f6\u00dfen 34-50.\" \/>\n<meta property=\"og:url\" content=\"https:\/\/jonelli-fashion.de\/index.php\/produkt\/die-tusnella-groesse-34-50\/\" \/>\n<meta property=\"og:site_name\" content=\"Jonelli Fashion\" \/>\n<meta property=\"article:modified_time\" content=\"2022-07-26T07:17:02+00:00\" \/>\n<meta property=\"og:image\" content=\"https:\/\/jonelli-fashion.de\/wp-content\/uploads\/2021\/09\/Produktbild-Tusnella.jpg\" \/>\n\t<meta property=\"og:image:width\" content=\"1414\" \/>\n\t<meta property=\"og:image:height\" content=\"2000\" \/>\n\t<meta property=\"og:image:type\" content=\"image\/jpeg\" \/>\n<meta name=\"twitter:card\" content=\"summary_large_image\" \/>\n<meta name=\"twitter:label1\" content=\"Gesch\u00e4tzte Lesezeit\" \/>\n\t<meta name=\"twitter:data1\" content=\"2\u00a0Minuten\" \/>\n<script type=\"application\/ld+json\" class=\"yoast-schema-graph\">{\"@context\":\"https:\/\/schema.org\",\"@graph\":[{\"@type\":\"WebPage\",\"@id\":\"https:\/\/jonelli-fashion.de\/index.php\/produkt\/die-tusnella-groesse-34-50\/\",\"url\":\"https:\/\/jonelli-fashion.de\/index.php\/produkt\/die-tusnella-groesse-34-50\/\",\"name\":\"Die Tusnella (Gr\u00f6\u00dfe 34-50) - Jonelli Fashion\",\"isPartOf\":{\"@id\":\"https:\/\/jonelli-fashion.de\/#website\"},\"datePublished\":\"2021-09-24T16:50:40+00:00\",\"dateModified\":\"2022-07-26T07:17:02+00:00\",\"description\":\"Die Tusnella ist ein elegantes Oberteil mit verschiedenen Variationsm\u00f6glichkeiten f\u00fcr Damen in den Gr\u00f6\u00dfen 34-50.\",\"breadcrumb\":{\"@id\":\"https:\/\/jonelli-fashion.de\/index.php\/produkt\/die-tusnella-groesse-34-50\/#breadcrumb\"},\"inLanguage\":\"de\",\"potentialAction\":[{\"@type\":\"ReadAction\",\"target\":[\"https:\/\/jonelli-fashion.de\/index.php\/produkt\/die-tusnella-groesse-34-50\/\"]}]},{\"@type\":\"BreadcrumbList\",\"@id\":\"https:\/\/jonelli-fashion.de\/index.php\/produkt\/die-tusnella-groesse-34-50\/#breadcrumb\",\"itemListElement\":[{\"@type\":\"ListItem\",\"position\":1,\"name\":\"Startseite\",\"item\":\"https:\/\/jonelli-fashion.de\/\"},{\"@type\":\"ListItem\",\"position\":2,\"name\":\"Shop\",\"item\":\"https:\/\/jonelli-fashion.de\/index.php\/shop\/\"},{\"@type\":\"ListItem\",\"position\":3,\"name\":\"Die Tusnella (Gr\u00f6\u00dfe 34-50)\"}]},{\"@type\":\"WebSite\",\"@id\":\"https:\/\/jonelli-fashion.de\/#website\",\"url\":\"https:\/\/jonelli-fashion.de\/\",\"name\":\"Jonelli Fashion\",\"description\":\"Wenn aus N\u00e4hen eine Leidenschaft wird\",\"potentialAction\":[{\"@type\":\"SearchAction\",\"target\":{\"@type\":\"EntryPoint\",\"urlTemplate\":\"https:\/\/jonelli-fashion.de\/?s={search_term_string}\"},\"query-input\":\"required name=search_term_string\"}],\"inLanguage\":\"de\"}]}<\/script>\n<!-- \/ Yoast SEO plugin. -->","yoast_head_json":{"title":"Die Tusnella (Gr\u00f6\u00dfe 34-50) - Jonelli Fashion","description":"Die Tusnella ist ein elegantes Oberteil mit verschiedenen Variationsm\u00f6glichkeiten f\u00fcr Damen in den Gr\u00f6\u00dfen 34-50.","robots":{"index":"index","follow":"follow","max-snippet":"max-snippet:-1","max-image-preview":"max-image-preview:large","max-video-preview":"max-video-preview:-1"},"canonical":"https:\/\/jonelli-fashion.de\/index.php\/produkt\/die-tusnella-groesse-34-50\/","og_locale":"de_DE","og_type":"article","og_title":"Die Tusnella (Gr\u00f6\u00dfe 34-50) - Jonelli Fashion","og_description":"Die Tusnella ist ein elegantes Oberteil mit verschiedenen Variationsm\u00f6glichkeiten f\u00fcr Damen in den Gr\u00f6\u00dfen 34-50.","og_url":"https:\/\/jonelli-fashion.de\/index.php\/produkt\/die-tusnella-groesse-34-50\/","og_site_name":"Jonelli Fashion","article_modified_time":"2022-07-26T07:17:02+00:00","og_image":[{"width":1414,"height":2000,"url":"https:\/\/jonelli-fashion.de\/wp-content\/uploads\/2021\/09\/Produktbild-Tusnella.jpg","type":"image\/jpeg"}],"twitter_card":"summary_large_image","twitter_misc":{"Gesch\u00e4tzte Lesezeit":"2\u00a0Minuten"},"schema":{"@context":"https:\/\/schema.org","@graph":[{"@type":"WebPage","@id":"https:\/\/jonelli-fashion.de\/index.php\/produkt\/die-tusnella-groesse-34-50\/","url":"https:\/\/jonelli-fashion.de\/index.php\/produkt\/die-tusnella-groesse-34-50\/","name":"Die Tusnella (Gr\u00f6\u00dfe 34-50) - Jonelli Fashion","isPartOf":{"@id":"https:\/\/jonelli-fashion.de\/#website"},"datePublished":"2021-09-24T16:50:40+00:00","dateModified":"2022-07-26T07:17:02+00:00","description":"Die Tusnella ist ein elegantes Oberteil mit verschiedenen Variationsm\u00f6glichkeiten f\u00fcr Damen in den Gr\u00f6\u00dfen 34-50.","breadcrumb":{"@id":"https:\/\/jonelli-fashion.de\/index.php\/produkt\/die-tusnella-groesse-34-50\/#breadcrumb"},"inLanguage":"de","potentialAction":[{"@type":"ReadAction","target":["https:\/\/jonelli-fashion.de\/index.php\/produkt\/die-tusnella-groesse-34-50\/"]}]},{"@type":"BreadcrumbList","@id":"https:\/\/jonelli-fashion.de\/index.php\/produkt\/die-tusnella-groesse-34-50\/#breadcrumb","itemListElement":[{"@type":"ListItem","position":1,"name":"Startseite","item":"https:\/\/jonelli-fashion.de\/"},{"@type":"ListItem","position":2,"name":"Shop","item":"https:\/\/jonelli-fashion.de\/index.php\/shop\/"},{"@type":"ListItem","position":3,"name":"Die Tusnella (Gr\u00f6\u00dfe 34-50)"}]},{"@type":"WebSite","@id":"https:\/\/jonelli-fashion.de\/#website","url":"https:\/\/jonelli-fashion.de\/","name":"Jonelli Fashion","description":"Wenn aus N\u00e4hen eine Leidenschaft wird","potentialAction":[{"@type":"SearchAction","target":{"@type":"EntryPoint","urlTemplate":"https:\/\/jonelli-fashion.de\/?s={search_term_string}"},"query-input":"required name=search_term_string"}],"inLanguage":"de"}]}},"_links":{"self":[{"href":"https:\/\/jonelli-fashion.de\/index.php\/wp-json\/wp\/v2\/product\/4423"}],"collection":[{"href":"https:\/\/jonelli-fashion.de\/index.php\/wp-json\/wp\/v2\/product"}],"about":[{"href":"https:\/\/jonelli-fashion.de\/index.php\/wp-json\/wp\/v2\/types\/product"}],"replies":[{"embeddable":true,"href":"https:\/\/jonelli-fashion.de\/index.php\/wp-json\/wp\/v2\/comments?post=4423"}],"version-history":[{"count":13,"href":"https:\/\/jonelli-fashion.de\/index.php\/wp-json\/wp\/v2\/product\/4423\/revisions"}],"predecessor-version":[{"id":7378,"href":"https:\/\/jonelli-fashion.de\/index.php\/wp-json\/wp\/v2\/product\/4423\/revisions\/7378"}],"wp:featuredmedia":[{"embeddable":true,"href":"https:\/\/jonelli-fashion.de\/index.php\/wp-json\/wp\/v2\/media\/4429"}],"wp:attachment":[{"href":"https:\/\/jonelli-fashion.de\/index.php\/wp-json\/wp\/v2\/media?parent=4423"}],"wp:term":[{"taxonomy":"product_cat","embeddable":true,"href":"https:\/\/jonelli-fashion.de\/index.php\/wp-json\/wp\/v2\/product_cat?post=4423"},{"taxonomy":"product_tag","embeddable":true,"href":"https:\/\/jonelli-fashion.de\/index.php\/wp-json\/wp\/v2\/product_tag?post=4423"}],"curies":[{"name":"wp","href":"https:\/\/api.w.org\/{rel}","templated":true}]}}