{"id":4873,"date":"2021-11-17T18:45:03","date_gmt":"2021-11-17T17:45:03","guid":{"rendered":"https:\/\/jonelli-fashion.de\/?post_type=product&#038;p=4873"},"modified":"2023-08-22T00:04:01","modified_gmt":"2023-08-21T22:04:01","slug":"der-murkel-groesse-56-146","status":"publish","type":"product","link":"https:\/\/jonelli-fashion.de\/index.php\/produkt\/der-murkel-groesse-56-146\/","title":{"rendered":"Der Murkel (Gr\u00f6\u00dfe 56-146)"},"content":{"rendered":"\t\t<div data-elementor-type=\"wp-post\" data-elementor-id=\"4873\" class=\"elementor elementor-4873\">\n\t\t\t\t\t\t<section class=\"elementor-section elementor-top-section elementor-element elementor-element-08a5d18 elementor-section-boxed elementor-section-height-default elementor-section-height-default\" data-id=\"08a5d18\" data-element_type=\"section\">\n\t\t\t\t\t\t<div class=\"elementor-container elementor-column-gap-default\">\n\t\t\t\t\t<div class=\"elementor-column elementor-col-100 elementor-top-column elementor-element elementor-element-9af092a\" data-id=\"9af092a\" data-element_type=\"column\">\n\t\t\t<div class=\"elementor-widget-wrap elementor-element-populated\">\n\t\t\t\t\t\t<div class=\"elementor-element elementor-element-b36d3c4 elementor-widget elementor-widget-text-editor\" data-id=\"b36d3c4\" data-element_type=\"widget\" data-widget_type=\"text-editor.default\">\n\t\t\t\t<div class=\"elementor-widget-container\">\n\t\t\t\t\t\t\t<p><span class=\"JsGRdQ\">Der Murkel ist ein <\/span><span class=\"JsGRdQ\"><b>Basic Shirt<\/b><\/span><span class=\"JsGRdQ\"><b> <\/b>f\u00fcr kleine und gro\u00dfe M\u00e4use, welches sowohl f\u00fcr M\u00e4dels als auch Jungs geeignet ist.<\/span><\/p>\n<p><span class=\"JsGRdQ\">Vor allem der schlichte Standardschnitt mit Beleg oder B\u00fcndchen und normalen \u00c4rmeln eignet sich super f\u00fcr die Jungs. Als kleine Highlights dienen die <\/span><span class=\"JsGRdQ\"><b>Fake-Knopfleiste<\/b><\/span><span class=\"JsGRdQ\"> am R\u00fcckteil, sowie die<b> <\/b><\/span><span class=\"JsGRdQ\"><b>Brusttasche<\/b><\/span><span class=\"JsGRdQ\"> oder die <\/span><span class=\"JsGRdQ\"><b>Colorblock-Variante<\/b><\/span><span class=\"JsGRdQ\">.<\/span><\/p>\n<p><span class=\"JsGRdQ\">F\u00fcr die M\u00e4dels bietet der Schnitt allerhand Extras.<\/span><\/p>\n<p><span class=\"JsGRdQ\">Zum Einen k\u00f6nnen s\u00fc\u00dfe <\/span><span class=\"JsGRdQ\"><b>Fl\u00fcgelchen<\/b> <\/span><span class=\"JsGRdQ\">die normalen \u00c4rmeln aufwerten, zum Anderen gibt es die<\/span><span class=\"JsGRdQ\"> <b>Puff\u00e4rmel<\/b><\/span><span class=\"JsGRdQ\">.<\/span><\/p>\n<p class=\"_04xlpA direction-ltr align-start para-style-body\"><span class=\"JsGRdQ\">Der <\/span><span class=\"JsGRdQ\"><b>R\u00fcckenausschnitt<\/b><\/span><span class=\"JsGRdQ\"> kann wahlweise mit<\/span><span class=\"JsGRdQ\"> <b>hohem oder tiefem Ausschnitt<\/b><\/span><span class=\"JsGRdQ\"> gen\u00e4ht werden. Bei dem tiefen Ausschnitt bietet es sich an Bindeb\u00e4nder f\u00fcr eine s\u00fc\u00dfe Schleife mit einzun\u00e4hen. Auch hierzu gibt es eine Anleitung im eBook. Au\u00dferdem kann man das R\u00fcckteil mit einer <\/span><span class=\"JsGRdQ\"><b>Kellerfalte<\/b><\/span><span class=\"JsGRdQ\"> versehen, die das schlichte Basic Shirt nochmal aufwertet.<\/span><\/p>\n<p class=\"_04xlpA direction-ltr align-start para-style-body\"><span class=\"JsGRdQ\">Am unteren Saum kann au\u00dferdem eine <\/span><span class=\"JsGRdQ\"><b>R\u00fcsche<\/b> <\/span><span class=\"JsGRdQ\">angebracht werden. Diese l\u00e4sst den Murkel direkt wieder verspielter wirken und ist sowohl f\u00fcr kleine als auch gro\u00dfe M\u00e4dels ein Hingucker.<\/span><\/p>\n<p class=\"_04xlpA direction-ltr align-start para-style-body\" style=\"font-size: 16px; font-style: normal; font-weight: 400;\"><span style=\"font-size: 16px;\">F\u00fcr den Murkel eignen sich&nbsp;<\/span><span style=\"font-size: 16px; font-weight: bold;\">dehnbare Stoffe<\/span><span style=\"font-size: 16px;\">, wie bspw. Jersey, Viskosejersey, French Terry o.\u00e4.<\/span><\/p>\n<p class=\"_04xlpA direction-ltr align-start para-style-body\" style=\"font-size: 16px; font-style: normal; font-weight: 400;\"><span style=\"font-size: 16px;\">Durch die sehr detaillierte, bebilderte Anleitung ist der Schnitt sowohl f\u00fcr&nbsp;<\/span><span style=\"font-weight: bold;\">Anf\u00e4nger<\/span><span style=\"font-size: 16px;\">, als auch f\u00fcr&nbsp;<\/span><span style=\"font-weight: bold;\">fortgeschrittene<\/span><span style=\"font-size: 16px;\">&nbsp;N\u00e4her\/innen geeignet.<\/span><\/p>\n<p class=\"_04xlpA direction-ltr align-start para-style-body\" style=\"font-size: 16px; font-style: normal; font-weight: 400;\"><span style=\"font-size: 16px;\">Das eBook beinhaltet eine&nbsp;<\/span><span style=\"font-size: 16px; font-weight: bold;\">A4 Datei<\/span><span style=\"font-size: 16px;\">&nbsp;(mit Ebenenfunktion), sowie eine&nbsp;<\/span><span style=\"font-size: 16px; font-weight: bold;\">A0 Datei<\/span><span style=\"font-size: 16px;\">&nbsp;mit Ebenenfunktion&nbsp;f\u00fcr den Zuschnitt mit dem Beamer.<\/span><\/p>\n<p class=\"_04xlpA direction-ltr align-start para-style-body\" style=\"font-size: 16px; font-style: normal; font-weight: 400;\"><span style=\"font-size: 16px; font-weight: bold;\">Eine Nahtzugabe von 0,7cm ist bereits im Schnitt enthalten.<\/span><\/p>\n<p class=\"_04xlpA direction-ltr align-start para-style-body\">\n<\/p><p style=\"font-size: 16px; font-style: normal; font-weight: 400;\"><span style=\"font-size: 16px; font-weight: bold;\">Folgendes ben\u00f6tigst du zum N\u00e4hen:<\/span><br>&#8211; N\u00e4hmaschine<br>&#8211; Stecknadeln oder Stoffclips<br>&#8211; Stoffschere oder Rollschneider<br>&#8211; Drucker oder Beamer<br>&#8211; T\u00fcddelkram (Kn\u00f6pfe, Druckkn\u00f6pfe, etc.)<br>&#8211; Framilonband<\/p>\t\t\t\t\t\t<\/div>\n\t\t\t\t<\/div>\n\t\t\t\t\t<\/div>\n\t\t<\/div>\n\t\t\t\t\t<\/div>\n\t\t<\/section>\n\t\t\t\t<\/div>\n\t\t","protected":false},"excerpt":{"rendered":"<p>D<span class=\"JsGRdQ\">er Murkel ist ein <\/span><span class=\"JsGRdQ\">Basic Shirt mit verschiedenen Extras f\u00fcr M\u00e4dels und Jungs in den Gr\u00f6\u00dfen 56-146.<\/span><\/p>\n","protected":false},"featured_media":4877,"comment_status":"open","ping_status":"closed","template":"","meta":{"site-sidebar-layout":"default","site-content-layout":"default","ast-global-header-display":"","ast-banner-title-visibility":"","ast-main-header-display":"","ast-hfb-above-header-display":"","ast-hfb-below-header-display":"","ast-hfb-mobile-header-display":"","site-post-title":"disabled","ast-breadcrumbs-content":"","ast-featured-img":"disabled","footer-sml-layout":"","theme-transparent-header-meta":"default","adv-header-id-meta":"","stick-header-meta":"","header-above-stick-meta":"","header-main-stick-meta":"","header-below-stick-meta":""},"product_cat":[15],"product_tag":[],"yoast_head":"<!-- This site is optimized with the Yoast SEO plugin v21.8.1 - https:\/\/yoast.com\/wordpress\/plugins\/seo\/ -->\n<title>Der Murkel (Gr\u00f6\u00dfe 56-146) - Jonelli Fashion<\/title>\n<meta name=\"description\" content=\"Der Murkel ist ein Basic Shirt mit verschiedenen Extras f\u00fcr M\u00e4dels und Jungs in den Gr\u00f6\u00dfen 56-146.\" \/>\n<meta name=\"robots\" content=\"index, follow, max-snippet:-1, max-image-preview:large, max-video-preview:-1\" \/>\n<link rel=\"canonical\" href=\"https:\/\/jonelli-fashion.de\/index.php\/produkt\/der-murkel-groesse-56-146\/\" \/>\n<meta property=\"og:locale\" content=\"de_DE\" \/>\n<meta property=\"og:type\" content=\"article\" \/>\n<meta property=\"og:title\" content=\"Der Murkel (Gr\u00f6\u00dfe 56-146) - Jonelli Fashion\" \/>\n<meta property=\"og:description\" content=\"Der Murkel ist ein Basic Shirt mit verschiedenen Extras f\u00fcr M\u00e4dels und Jungs in den Gr\u00f6\u00dfen 56-146.\" \/>\n<meta property=\"og:url\" content=\"https:\/\/jonelli-fashion.de\/index.php\/produkt\/der-murkel-groesse-56-146\/\" \/>\n<meta property=\"og:site_name\" content=\"Jonelli Fashion\" \/>\n<meta property=\"article:modified_time\" content=\"2023-08-21T22:04:01+00:00\" \/>\n<meta property=\"og:image\" content=\"https:\/\/jonelli-fashion.de\/wp-content\/uploads\/2021\/11\/Der-Murkel.jpg\" \/>\n\t<meta property=\"og:image:width\" content=\"1414\" \/>\n\t<meta property=\"og:image:height\" content=\"2000\" \/>\n\t<meta property=\"og:image:type\" content=\"image\/jpeg\" \/>\n<meta name=\"twitter:card\" content=\"summary_large_image\" \/>\n<meta name=\"twitter:label1\" content=\"Gesch\u00e4tzte Lesezeit\" \/>\n\t<meta name=\"twitter:data1\" content=\"2\u00a0Minuten\" \/>\n<script type=\"application\/ld+json\" class=\"yoast-schema-graph\">{\"@context\":\"https:\/\/schema.org\",\"@graph\":[{\"@type\":\"WebPage\",\"@id\":\"https:\/\/jonelli-fashion.de\/index.php\/produkt\/der-murkel-groesse-56-146\/\",\"url\":\"https:\/\/jonelli-fashion.de\/index.php\/produkt\/der-murkel-groesse-56-146\/\",\"name\":\"Der Murkel (Gr\u00f6\u00dfe 56-146) - Jonelli Fashion\",\"isPartOf\":{\"@id\":\"https:\/\/jonelli-fashion.de\/#website\"},\"datePublished\":\"2021-11-17T17:45:03+00:00\",\"dateModified\":\"2023-08-21T22:04:01+00:00\",\"description\":\"Der Murkel ist ein Basic Shirt mit verschiedenen Extras f\u00fcr M\u00e4dels und Jungs in den Gr\u00f6\u00dfen 56-146.\",\"breadcrumb\":{\"@id\":\"https:\/\/jonelli-fashion.de\/index.php\/produkt\/der-murkel-groesse-56-146\/#breadcrumb\"},\"inLanguage\":\"de\",\"potentialAction\":[{\"@type\":\"ReadAction\",\"target\":[\"https:\/\/jonelli-fashion.de\/index.php\/produkt\/der-murkel-groesse-56-146\/\"]}]},{\"@type\":\"BreadcrumbList\",\"@id\":\"https:\/\/jonelli-fashion.de\/index.php\/produkt\/der-murkel-groesse-56-146\/#breadcrumb\",\"itemListElement\":[{\"@type\":\"ListItem\",\"position\":1,\"name\":\"Startseite\",\"item\":\"https:\/\/jonelli-fashion.de\/\"},{\"@type\":\"ListItem\",\"position\":2,\"name\":\"Shop\",\"item\":\"https:\/\/jonelli-fashion.de\/index.php\/shop\/\"},{\"@type\":\"ListItem\",\"position\":3,\"name\":\"Der Murkel (Gr\u00f6\u00dfe 56-146)\"}]},{\"@type\":\"WebSite\",\"@id\":\"https:\/\/jonelli-fashion.de\/#website\",\"url\":\"https:\/\/jonelli-fashion.de\/\",\"name\":\"Jonelli Fashion\",\"description\":\"Wenn aus N\u00e4hen eine Leidenschaft wird\",\"potentialAction\":[{\"@type\":\"SearchAction\",\"target\":{\"@type\":\"EntryPoint\",\"urlTemplate\":\"https:\/\/jonelli-fashion.de\/?s={search_term_string}\"},\"query-input\":\"required name=search_term_string\"}],\"inLanguage\":\"de\"}]}<\/script>\n<!-- \/ Yoast SEO plugin. -->","yoast_head_json":{"title":"Der Murkel (Gr\u00f6\u00dfe 56-146) - Jonelli Fashion","description":"Der Murkel ist ein Basic Shirt mit verschiedenen Extras f\u00fcr M\u00e4dels und Jungs in den Gr\u00f6\u00dfen 56-146.","robots":{"index":"index","follow":"follow","max-snippet":"max-snippet:-1","max-image-preview":"max-image-preview:large","max-video-preview":"max-video-preview:-1"},"canonical":"https:\/\/jonelli-fashion.de\/index.php\/produkt\/der-murkel-groesse-56-146\/","og_locale":"de_DE","og_type":"article","og_title":"Der Murkel (Gr\u00f6\u00dfe 56-146) - Jonelli Fashion","og_description":"Der Murkel ist ein Basic Shirt mit verschiedenen Extras f\u00fcr M\u00e4dels und Jungs in den Gr\u00f6\u00dfen 56-146.","og_url":"https:\/\/jonelli-fashion.de\/index.php\/produkt\/der-murkel-groesse-56-146\/","og_site_name":"Jonelli Fashion","article_modified_time":"2023-08-21T22:04:01+00:00","og_image":[{"width":1414,"height":2000,"url":"https:\/\/jonelli-fashion.de\/wp-content\/uploads\/2021\/11\/Der-Murkel.jpg","type":"image\/jpeg"}],"twitter_card":"summary_large_image","twitter_misc":{"Gesch\u00e4tzte Lesezeit":"2\u00a0Minuten"},"schema":{"@context":"https:\/\/schema.org","@graph":[{"@type":"WebPage","@id":"https:\/\/jonelli-fashion.de\/index.php\/produkt\/der-murkel-groesse-56-146\/","url":"https:\/\/jonelli-fashion.de\/index.php\/produkt\/der-murkel-groesse-56-146\/","name":"Der Murkel (Gr\u00f6\u00dfe 56-146) - Jonelli Fashion","isPartOf":{"@id":"https:\/\/jonelli-fashion.de\/#website"},"datePublished":"2021-11-17T17:45:03+00:00","dateModified":"2023-08-21T22:04:01+00:00","description":"Der Murkel ist ein Basic Shirt mit verschiedenen Extras f\u00fcr M\u00e4dels und Jungs in den Gr\u00f6\u00dfen 56-146.","breadcrumb":{"@id":"https:\/\/jonelli-fashion.de\/index.php\/produkt\/der-murkel-groesse-56-146\/#breadcrumb"},"inLanguage":"de","potentialAction":[{"@type":"ReadAction","target":["https:\/\/jonelli-fashion.de\/index.php\/produkt\/der-murkel-groesse-56-146\/"]}]},{"@type":"BreadcrumbList","@id":"https:\/\/jonelli-fashion.de\/index.php\/produkt\/der-murkel-groesse-56-146\/#breadcrumb","itemListElement":[{"@type":"ListItem","position":1,"name":"Startseite","item":"https:\/\/jonelli-fashion.de\/"},{"@type":"ListItem","position":2,"name":"Shop","item":"https:\/\/jonelli-fashion.de\/index.php\/shop\/"},{"@type":"ListItem","position":3,"name":"Der Murkel (Gr\u00f6\u00dfe 56-146)"}]},{"@type":"WebSite","@id":"https:\/\/jonelli-fashion.de\/#website","url":"https:\/\/jonelli-fashion.de\/","name":"Jonelli Fashion","description":"Wenn aus N\u00e4hen eine Leidenschaft wird","potentialAction":[{"@type":"SearchAction","target":{"@type":"EntryPoint","urlTemplate":"https:\/\/jonelli-fashion.de\/?s={search_term_string}"},"query-input":"required name=search_term_string"}],"inLanguage":"de"}]}},"_links":{"self":[{"href":"https:\/\/jonelli-fashion.de\/index.php\/wp-json\/wp\/v2\/product\/4873"}],"collection":[{"href":"https:\/\/jonelli-fashion.de\/index.php\/wp-json\/wp\/v2\/product"}],"about":[{"href":"https:\/\/jonelli-fashion.de\/index.php\/wp-json\/wp\/v2\/types\/product"}],"replies":[{"embeddable":true,"href":"https:\/\/jonelli-fashion.de\/index.php\/wp-json\/wp\/v2\/comments?post=4873"}],"version-history":[{"count":9,"href":"https:\/\/jonelli-fashion.de\/index.php\/wp-json\/wp\/v2\/product\/4873\/revisions"}],"predecessor-version":[{"id":5059,"href":"https:\/\/jonelli-fashion.de\/index.php\/wp-json\/wp\/v2\/product\/4873\/revisions\/5059"}],"wp:featuredmedia":[{"embeddable":true,"href":"https:\/\/jonelli-fashion.de\/index.php\/wp-json\/wp\/v2\/media\/4877"}],"wp:attachment":[{"href":"https:\/\/jonelli-fashion.de\/index.php\/wp-json\/wp\/v2\/media?parent=4873"}],"wp:term":[{"taxonomy":"product_cat","embeddable":true,"href":"https:\/\/jonelli-fashion.de\/index.php\/wp-json\/wp\/v2\/product_cat?post=4873"},{"taxonomy":"product_tag","embeddable":true,"href":"https:\/\/jonelli-fashion.de\/index.php\/wp-json\/wp\/v2\/product_tag?post=4873"}],"curies":[{"name":"wp","href":"https:\/\/api.w.org\/{rel}","templated":true}]}}