{"id":5175,"date":"2021-12-16T21:05:40","date_gmt":"2021-12-16T20:05:40","guid":{"rendered":"https:\/\/jonelli-fashion.de\/?post_type=product&#038;p=5175"},"modified":"2022-01-01T13:28:06","modified_gmt":"2022-01-01T12:28:06","slug":"die-schnitte-groesse-34-50","status":"publish","type":"product","link":"https:\/\/jonelli-fashion.de\/index.php\/produkt\/die-schnitte-groesse-34-50\/","title":{"rendered":"Die Schnitte (Gr\u00f6\u00dfe 34-50)"},"content":{"rendered":"\t\t<div data-elementor-type=\"wp-post\" data-elementor-id=\"5175\" class=\"elementor elementor-5175\">\n\t\t\t\t\t\t<section class=\"elementor-section elementor-top-section elementor-element elementor-element-d5b3a0e elementor-section-boxed elementor-section-height-default elementor-section-height-default\" data-id=\"d5b3a0e\" data-element_type=\"section\">\n\t\t\t\t\t\t<div class=\"elementor-container elementor-column-gap-default\">\n\t\t\t\t\t<div class=\"elementor-column elementor-col-100 elementor-top-column elementor-element elementor-element-8a5f4d1\" data-id=\"8a5f4d1\" data-element_type=\"column\">\n\t\t\t<div class=\"elementor-widget-wrap elementor-element-populated\">\n\t\t\t\t\t\t<div class=\"elementor-element elementor-element-7b21864 elementor-widget elementor-widget-text-editor\" data-id=\"7b21864\" data-element_type=\"widget\" data-widget_type=\"text-editor.default\">\n\t\t\t\t<div class=\"elementor-widget-container\">\n\t\t\t\t\t\t\t<p class=\"_04xlpA direction-ltr align-start para-style-body\"><span class=\"JsGRdQ\">Die Schnitte ist ein <\/span><span class=\"JsGRdQ\"><b>Oversize-Oberteil<\/b><\/span><span class=\"JsGRdQ\"> f\u00fcr Damen, welches als <\/span><b><span class=\"JsGRdQ\">P<\/span><span class=\"JsGRdQ\" style=\"font-size: 16px; color: var(--ast-global-color-3);\">ullover<\/span><\/b><span class=\"JsGRdQ\" style=\"font-size: 16px; color: var(--ast-global-color-3);\"><b> <\/b>oder <\/span><span class=\"JsGRdQ\" style=\"font-size: 16px; color: var(--ast-global-color-3);\"><b>Kleid<\/b><\/span><span class=\"JsGRdQ\" style=\"font-size: 16px; color: var(--ast-global-color-3);\"> gen\u00e4ht werden kann.<\/span><\/p>\n<p class=\"_04xlpA direction-ltr align-start para-style-body\"><span class=\"JsGRdQ\">Charakteristisch sind die <\/span><span class=\"JsGRdQ\"><b>seitlich \u00fcberschnittenen N\u00e4hte<\/b><\/span><span class=\"JsGRdQ\"> sowie der <\/span><span class=\"JsGRdQ\"><b>abgerundete Saum<\/b><\/span><span class=\"JsGRdQ\">.<\/span><\/p>\n<p class=\"_04xlpA direction-ltr align-start para-style-body\"><span class=\"JsGRdQ\">Die <\/span><span class=\"JsGRdQ\"><b>\u00c4rmel<\/b><\/span><span class=\"JsGRdQ\"> sind <\/span><span class=\"JsGRdQ\"><b>weit ausgestellt<\/b><\/span><span class=\"JsGRdQ\"> und werden am Saum gerafft und mit einem B\u00fcndchen abgeschlossen.<\/span><\/p>\n<p class=\"_04xlpA direction-ltr align-start para-style-body\"><span class=\"JsGRdQ\">Ein besonderes Highlight ist der<\/span><span class=\"JsGRdQ\"> <b>Oversize-Kragen<\/b><\/span><span class=\"JsGRdQ\">, welcher aus leichten Strickstoffen besonders sch\u00f6n f\u00e4llt. Wem der Kragen nicht gef\u00e4llt, der kann die Schnitte mit<\/span><span class=\"JsGRdQ\"> <b>Belegen<\/b><\/span><span class=\"JsGRdQ\"> am Rundhalsausschnitt n\u00e4hen.<\/span><\/p>\n<p class=\"_04xlpA direction-ltr align-start para-style-body\"><span class=\"JsGRdQ\">Die Schnitte dient ebenfalls als <\/span><span class=\"JsGRdQ\"><b>Stilloberteil<\/b><\/span><span class=\"JsGRdQ\">. Hierbei werden die seitlich \u00fcberschnittenen N\u00e4hte mit Druckkn\u00f6pfen oder Kn\u00f6pfen verschlossen und bieten so einen schnellen Zugang zur Brust.<\/span><\/p>\n<p class=\"_04xlpA direction-ltr align-start para-style-body\">F\u00fcr die Schnitte eignen sich&nbsp;<strong>dehnbare Stoffe<\/strong>, wie bspw. Strickstoffe, French Terry, Jersey, o.\u00e4.<\/p>\n<p class=\"_04xlpA direction-ltr align-start para-style-body\">Durch die sehr detaillierte, bebilderte Anleitung ist der Schnitt sowohl f\u00fcr&nbsp;<b>Anf\u00e4nger<\/b>, als auch f\u00fcr&nbsp;<b>fortgeschrittene<\/b>&nbsp;N\u00e4her\/innen geeignet.<\/p>\n<p class=\"_04xlpA direction-ltr align-start para-style-body\">Das eBook beinhaltet eine&nbsp;<strong>A4 Datei<\/strong>&nbsp;(mit Ebenenfunktion), sowie eine&nbsp;<strong>A0 Datei<\/strong>&nbsp;mit Ebenenfunktion&nbsp;f\u00fcr den Zuschnitt mit dem Beamer.<\/p>\n<p class=\"_04xlpA direction-ltr align-start para-style-body\"><strong>Eine Nahtzugabe von 0,7cm ist bereits im Schnitt enthalten.<\/strong><\/p>\n<p><strong>Folgendes ben\u00f6tigst du zum N\u00e4hen:<\/strong><br>&#8211; N\u00e4hmaschine<br>&#8211; Stecknadeln oder Stoffclips<br>&#8211; Stoffschere oder Rollschneider<br>&#8211; Drucker oder Beamer<br>&#8211; T\u00fcddelkram (Kn\u00f6pfe, Druckkn\u00f6pfe, etc.)<br>&#8211; Framilonband<\/p>\t\t\t\t\t\t<\/div>\n\t\t\t\t<\/div>\n\t\t\t\t\t<\/div>\n\t\t<\/div>\n\t\t\t\t\t<\/div>\n\t\t<\/section>\n\t\t\t\t<\/div>\n\t\t","protected":false},"excerpt":{"rendered":"<p>Die Schnitte ist ein Oversize-Oberteil mit optionalem Kragen f\u00fcr Damen in Gr\u00f6\u00dfe 34-50.<\/p>\n","protected":false},"featured_media":5180,"comment_status":"open","ping_status":"closed","template":"","meta":{"site-sidebar-layout":"default","site-content-layout":"default","ast-global-header-display":"","ast-banner-title-visibility":"","ast-main-header-display":"","ast-hfb-above-header-display":"","ast-hfb-below-header-display":"","ast-hfb-mobile-header-display":"","site-post-title":"disabled","ast-breadcrumbs-content":"","ast-featured-img":"disabled","footer-sml-layout":"","theme-transparent-header-meta":"default","adv-header-id-meta":"","stick-header-meta":"","header-above-stick-meta":"","header-main-stick-meta":"","header-below-stick-meta":""},"product_cat":[15],"product_tag":[],"yoast_head":"<!-- This site is optimized with the Yoast SEO plugin v21.8.1 - https:\/\/yoast.com\/wordpress\/plugins\/seo\/ -->\n<title>Die Schnitte (Gr\u00f6\u00dfe 34-50) - Jonelli Fashion<\/title>\n<meta name=\"description\" content=\"Die Schnitte ist ein Oversize-Oberteil mit optionalem Kragen f\u00fcr Damen in Gr\u00f6\u00dfe 34-50.\" \/>\n<meta name=\"robots\" content=\"index, follow, max-snippet:-1, max-image-preview:large, max-video-preview:-1\" \/>\n<link rel=\"canonical\" href=\"https:\/\/jonelli-fashion.de\/index.php\/produkt\/die-schnitte-groesse-34-50\/\" \/>\n<meta property=\"og:locale\" content=\"de_DE\" \/>\n<meta property=\"og:type\" content=\"article\" \/>\n<meta property=\"og:title\" content=\"Die Schnitte (Gr\u00f6\u00dfe 34-50) - Jonelli Fashion\" \/>\n<meta property=\"og:description\" content=\"Die Schnitte ist ein Oversize-Oberteil mit optionalem Kragen f\u00fcr Damen in Gr\u00f6\u00dfe 34-50.\" \/>\n<meta property=\"og:url\" content=\"https:\/\/jonelli-fashion.de\/index.php\/produkt\/die-schnitte-groesse-34-50\/\" \/>\n<meta property=\"og:site_name\" content=\"Jonelli Fashion\" \/>\n<meta property=\"article:modified_time\" content=\"2022-01-01T12:28:06+00:00\" \/>\n<meta property=\"og:image\" content=\"https:\/\/jonelli-fashion.de\/wp-content\/uploads\/2021\/12\/Produktbild.jpg\" \/>\n\t<meta property=\"og:image:width\" content=\"1414\" \/>\n\t<meta property=\"og:image:height\" content=\"2000\" \/>\n\t<meta property=\"og:image:type\" content=\"image\/jpeg\" \/>\n<meta name=\"twitter:card\" content=\"summary_large_image\" \/>\n<meta name=\"twitter:label1\" content=\"Gesch\u00e4tzte Lesezeit\" \/>\n\t<meta name=\"twitter:data1\" content=\"1\u00a0Minute\" \/>\n<script type=\"application\/ld+json\" class=\"yoast-schema-graph\">{\"@context\":\"https:\/\/schema.org\",\"@graph\":[{\"@type\":\"WebPage\",\"@id\":\"https:\/\/jonelli-fashion.de\/index.php\/produkt\/die-schnitte-groesse-34-50\/\",\"url\":\"https:\/\/jonelli-fashion.de\/index.php\/produkt\/die-schnitte-groesse-34-50\/\",\"name\":\"Die Schnitte (Gr\u00f6\u00dfe 34-50) - Jonelli Fashion\",\"isPartOf\":{\"@id\":\"https:\/\/jonelli-fashion.de\/#website\"},\"datePublished\":\"2021-12-16T20:05:40+00:00\",\"dateModified\":\"2022-01-01T12:28:06+00:00\",\"description\":\"Die Schnitte ist ein Oversize-Oberteil mit optionalem Kragen f\u00fcr Damen in Gr\u00f6\u00dfe 34-50.\",\"breadcrumb\":{\"@id\":\"https:\/\/jonelli-fashion.de\/index.php\/produkt\/die-schnitte-groesse-34-50\/#breadcrumb\"},\"inLanguage\":\"de\",\"potentialAction\":[{\"@type\":\"ReadAction\",\"target\":[\"https:\/\/jonelli-fashion.de\/index.php\/produkt\/die-schnitte-groesse-34-50\/\"]}]},{\"@type\":\"BreadcrumbList\",\"@id\":\"https:\/\/jonelli-fashion.de\/index.php\/produkt\/die-schnitte-groesse-34-50\/#breadcrumb\",\"itemListElement\":[{\"@type\":\"ListItem\",\"position\":1,\"name\":\"Startseite\",\"item\":\"https:\/\/jonelli-fashion.de\/\"},{\"@type\":\"ListItem\",\"position\":2,\"name\":\"Shop\",\"item\":\"https:\/\/jonelli-fashion.de\/index.php\/shop\/\"},{\"@type\":\"ListItem\",\"position\":3,\"name\":\"Die Schnitte (Gr\u00f6\u00dfe 34-50)\"}]},{\"@type\":\"WebSite\",\"@id\":\"https:\/\/jonelli-fashion.de\/#website\",\"url\":\"https:\/\/jonelli-fashion.de\/\",\"name\":\"Jonelli Fashion\",\"description\":\"Wenn aus N\u00e4hen eine Leidenschaft wird\",\"potentialAction\":[{\"@type\":\"SearchAction\",\"target\":{\"@type\":\"EntryPoint\",\"urlTemplate\":\"https:\/\/jonelli-fashion.de\/?s={search_term_string}\"},\"query-input\":\"required name=search_term_string\"}],\"inLanguage\":\"de\"}]}<\/script>\n<!-- \/ Yoast SEO plugin. -->","yoast_head_json":{"title":"Die Schnitte (Gr\u00f6\u00dfe 34-50) - Jonelli Fashion","description":"Die Schnitte ist ein Oversize-Oberteil mit optionalem Kragen f\u00fcr Damen in Gr\u00f6\u00dfe 34-50.","robots":{"index":"index","follow":"follow","max-snippet":"max-snippet:-1","max-image-preview":"max-image-preview:large","max-video-preview":"max-video-preview:-1"},"canonical":"https:\/\/jonelli-fashion.de\/index.php\/produkt\/die-schnitte-groesse-34-50\/","og_locale":"de_DE","og_type":"article","og_title":"Die Schnitte (Gr\u00f6\u00dfe 34-50) - Jonelli Fashion","og_description":"Die Schnitte ist ein Oversize-Oberteil mit optionalem Kragen f\u00fcr Damen in Gr\u00f6\u00dfe 34-50.","og_url":"https:\/\/jonelli-fashion.de\/index.php\/produkt\/die-schnitte-groesse-34-50\/","og_site_name":"Jonelli Fashion","article_modified_time":"2022-01-01T12:28:06+00:00","og_image":[{"width":1414,"height":2000,"url":"https:\/\/jonelli-fashion.de\/wp-content\/uploads\/2021\/12\/Produktbild.jpg","type":"image\/jpeg"}],"twitter_card":"summary_large_image","twitter_misc":{"Gesch\u00e4tzte Lesezeit":"1\u00a0Minute"},"schema":{"@context":"https:\/\/schema.org","@graph":[{"@type":"WebPage","@id":"https:\/\/jonelli-fashion.de\/index.php\/produkt\/die-schnitte-groesse-34-50\/","url":"https:\/\/jonelli-fashion.de\/index.php\/produkt\/die-schnitte-groesse-34-50\/","name":"Die Schnitte (Gr\u00f6\u00dfe 34-50) - Jonelli Fashion","isPartOf":{"@id":"https:\/\/jonelli-fashion.de\/#website"},"datePublished":"2021-12-16T20:05:40+00:00","dateModified":"2022-01-01T12:28:06+00:00","description":"Die Schnitte ist ein Oversize-Oberteil mit optionalem Kragen f\u00fcr Damen in Gr\u00f6\u00dfe 34-50.","breadcrumb":{"@id":"https:\/\/jonelli-fashion.de\/index.php\/produkt\/die-schnitte-groesse-34-50\/#breadcrumb"},"inLanguage":"de","potentialAction":[{"@type":"ReadAction","target":["https:\/\/jonelli-fashion.de\/index.php\/produkt\/die-schnitte-groesse-34-50\/"]}]},{"@type":"BreadcrumbList","@id":"https:\/\/jonelli-fashion.de\/index.php\/produkt\/die-schnitte-groesse-34-50\/#breadcrumb","itemListElement":[{"@type":"ListItem","position":1,"name":"Startseite","item":"https:\/\/jonelli-fashion.de\/"},{"@type":"ListItem","position":2,"name":"Shop","item":"https:\/\/jonelli-fashion.de\/index.php\/shop\/"},{"@type":"ListItem","position":3,"name":"Die Schnitte (Gr\u00f6\u00dfe 34-50)"}]},{"@type":"WebSite","@id":"https:\/\/jonelli-fashion.de\/#website","url":"https:\/\/jonelli-fashion.de\/","name":"Jonelli Fashion","description":"Wenn aus N\u00e4hen eine Leidenschaft wird","potentialAction":[{"@type":"SearchAction","target":{"@type":"EntryPoint","urlTemplate":"https:\/\/jonelli-fashion.de\/?s={search_term_string}"},"query-input":"required name=search_term_string"}],"inLanguage":"de"}]}},"_links":{"self":[{"href":"https:\/\/jonelli-fashion.de\/index.php\/wp-json\/wp\/v2\/product\/5175"}],"collection":[{"href":"https:\/\/jonelli-fashion.de\/index.php\/wp-json\/wp\/v2\/product"}],"about":[{"href":"https:\/\/jonelli-fashion.de\/index.php\/wp-json\/wp\/v2\/types\/product"}],"replies":[{"embeddable":true,"href":"https:\/\/jonelli-fashion.de\/index.php\/wp-json\/wp\/v2\/comments?post=5175"}],"version-history":[{"count":10,"href":"https:\/\/jonelli-fashion.de\/index.php\/wp-json\/wp\/v2\/product\/5175\/revisions"}],"predecessor-version":[{"id":5206,"href":"https:\/\/jonelli-fashion.de\/index.php\/wp-json\/wp\/v2\/product\/5175\/revisions\/5206"}],"wp:featuredmedia":[{"embeddable":true,"href":"https:\/\/jonelli-fashion.de\/index.php\/wp-json\/wp\/v2\/media\/5180"}],"wp:attachment":[{"href":"https:\/\/jonelli-fashion.de\/index.php\/wp-json\/wp\/v2\/media?parent=5175"}],"wp:term":[{"taxonomy":"product_cat","embeddable":true,"href":"https:\/\/jonelli-fashion.de\/index.php\/wp-json\/wp\/v2\/product_cat?post=5175"},{"taxonomy":"product_tag","embeddable":true,"href":"https:\/\/jonelli-fashion.de\/index.php\/wp-json\/wp\/v2\/product_tag?post=5175"}],"curies":[{"name":"wp","href":"https:\/\/api.w.org\/{rel}","templated":true}]}}