{"id":6234,"date":"2022-03-18T12:20:48","date_gmt":"2022-03-18T11:20:48","guid":{"rendered":"https:\/\/jonelli-fashion.de\/?post_type=product&#038;p=6234"},"modified":"2022-10-05T00:00:03","modified_gmt":"2022-10-04T22:00:03","slug":"der-knackarsch-groesse-34-50","status":"publish","type":"product","link":"https:\/\/jonelli-fashion.de\/index.php\/produkt\/der-knackarsch-groesse-34-50\/","title":{"rendered":"Der Knackarsch (Gr\u00f6\u00dfe 34-50)"},"content":{"rendered":"\t\t<div data-elementor-type=\"wp-post\" data-elementor-id=\"6234\" class=\"elementor elementor-6234\">\n\t\t\t\t\t\t<section class=\"elementor-section elementor-top-section elementor-element elementor-element-81d8bf5 elementor-section-boxed elementor-section-height-default elementor-section-height-default\" data-id=\"81d8bf5\" data-element_type=\"section\">\n\t\t\t\t\t\t<div class=\"elementor-container elementor-column-gap-default\">\n\t\t\t\t\t<div class=\"elementor-column elementor-col-100 elementor-top-column elementor-element elementor-element-661d293\" data-id=\"661d293\" data-element_type=\"column\">\n\t\t\t<div class=\"elementor-widget-wrap elementor-element-populated\">\n\t\t\t\t\t\t<div class=\"elementor-element elementor-element-d6111c6 elementor-widget elementor-widget-text-editor\" data-id=\"d6111c6\" data-element_type=\"widget\" data-widget_type=\"text-editor.default\">\n\t\t\t\t<div class=\"elementor-widget-container\">\n\t\t\t\t\t\t\t<p><span class=\"JsGRdQ\">Der Knackarsch ist eine <\/span><span class=\"JsGRdQ\"><b>Slim Fit Hose<\/b><\/span><span class=\"JsGRdQ\"> f\u00fcr Damen in <\/span><span class=\"JsGRdQ\"><b>zwei verschiedenen L\u00e4ngen<\/b><\/span><span class=\"JsGRdQ\">. <br>Zum Einen der langen Variante und zum Anderen der kn\u00f6chellangen Variante.<\/span><\/p>\n<p><span class=\"JsGRdQ\">Die Hose bietet vorne <\/span><span class=\"JsGRdQ\"><b>Hosentaschen<\/b><\/span><span class=\"JsGRdQ\">, welche auch als <\/span><span class=\"JsGRdQ\"><b>Fake-Taschen<\/b><\/span><span class=\"JsGRdQ\"> gen\u00e4ht werden k\u00f6nnen. <br>Am R\u00fcckteil besteht die Option der <\/span><span class=\"JsGRdQ\"><b>Ges\u00e4\u00dftaschen<\/b><\/span><span class=\"JsGRdQ\">.<\/span><\/p>\n<p><span class=\"JsGRdQ\">Charakteristisch f\u00fcr den Knackarsch ist die <\/span><span class=\"JsGRdQ\"><b>runde Passe<\/b><\/span><span class=\"JsGRdQ\"> am R\u00fcckteil, welche einen besonders sch\u00f6nen Po zaubert.<br><\/span><span class=\"JsGRdQ\">Die Hose kann sowohl mit <\/span><span class=\"JsGRdQ\"><b>\u00fcberlappendem Bund<\/b> <\/span><span class=\"JsGRdQ\">und einem Knopf verschlossen werden oder aber mit einem <\/span><span class=\"JsGRdQ\"><b>durchgehenden Bund<\/b><\/span><span class=\"JsGRdQ\"> mit Gummieinzug gen\u00e4ht werden. Die Variante mit dem durchgehenden Bauchbund ist etwas h\u00f6her geschnitten.<\/span><\/p>\n<p class=\"_04xlpA direction-ltr align-start para-style-body\"><span class=\"JsGRdQ\">F\u00fcr den Knackarsch eignen sich <\/span><span class=\"JsGRdQ\"><b>Hosenstoffe mit Elasthananteil,<\/b><\/span><span class=\"JsGRdQ\">&nbsp;wie bspw. Hosentwill, Jeans Jogging, Jeans mit Stretchanteil, elastischer Cord o.\u00e4.<br><\/span><span class=\"JsGRdQ\">Achte darauf, dass der Stoff einen <\/span><span class=\"JsGRdQ\"><b>Elasthananteil von mindestens 2%<\/b><\/span><span class=\"JsGRdQ\"> hat. Leider ist der Elasthananteil oft nicht aussagekr\u00e4ftig bez\u00fcglich der Dehnbarkeit des Stoffes. Achte also darauf, dass der Stoff zumindest eine gewisse Dehnbarkeit aufweist! <\/span><span class=\"JsGRdQ\">Au\u00dferdem sollte der Stoff mindestens 220g\/m\u00b2 Gewicht haben.<\/span><\/p>\n<p class=\"_04xlpA direction-ltr align-start para-style-body\"><span class=\"JsGRdQ\">Auch <\/span><span class=\"JsGRdQ\"><b>French Terry<\/b><\/span><span class=\"JsGRdQ\"> ist m\u00f6glich, hierbei wird der Sitz etwas bequemer<\/span><\/p>\n<p style=\"font-size: 16px; font-style: normal; font-weight: 400;\">Durch die sehr detaillierte, bebilderte Anleitung ist der Schnitt sowohl f\u00fcr&nbsp;<span style=\"font-weight: bold;\">Anf\u00e4nger<\/span>, als auch f\u00fcr&nbsp;<span style=\"font-weight: bold;\">fortgeschrittene<\/span>&nbsp;N\u00e4her\/innen geeignet.<\/p>\n<p style=\"font-size: 16px; font-style: normal; font-weight: 400;\">Das eBook beinhaltet eine&nbsp;<span style=\"font-size: 16px; font-weight: bold;\">A4 Datei<\/span>&nbsp;(mit Ebenenfunktion), sowie eine&nbsp;<span style=\"font-size: 16px; font-weight: bold;\">A0 Datei<\/span>&nbsp;mit Ebenenfunktion&nbsp;f\u00fcr den Zuschnitt mit dem Beamer.<\/p>\n<p style=\"font-size: 16px; font-style: normal; font-weight: 400;\"><span style=\"font-size: 16px; font-weight: bold;\">Eine Nahtzugabe von 1,0 cm ist bereits im Schnitt enthalten.<\/span><\/p>\n<p><\/p>\n<p style=\"font-size: 16px; font-style: normal; font-weight: 400;\"><span style=\"font-size: 16px; font-weight: bold;\">Folgendes ben\u00f6tigst du zum N\u00e4hen:<\/span><br>\u2013 N\u00e4hmaschine<br>\u2013 Stecknadeln oder Stoffclips<br>\u2013 Stoffschere oder Rollschneider<br>\u2013 Drucker oder Beamer<br>\u2013 T\u00fcddelkram (Satinband, Gummiband, Nieten, Kn\u00f6pfe, etc.)<br><br><\/p>\t\t\t\t\t\t<\/div>\n\t\t\t\t<\/div>\n\t\t\t\t\t<\/div>\n\t\t<\/div>\n\t\t\t\t\t<\/div>\n\t\t<\/section>\n\t\t\t\t<\/div>\n\t\t","protected":false},"excerpt":{"rendered":"<p>Der Knackarsch ist eine Slim Fit Hose f\u00fcr Damen in Gr\u00f6\u00dfe 34-50.<\/p>\n","protected":false},"featured_media":6238,"comment_status":"open","ping_status":"closed","template":"","meta":{"site-sidebar-layout":"default","site-content-layout":"default","ast-global-header-display":"","ast-banner-title-visibility":"","ast-main-header-display":"","ast-hfb-above-header-display":"","ast-hfb-below-header-display":"","ast-hfb-mobile-header-display":"","site-post-title":"disabled","ast-breadcrumbs-content":"","ast-featured-img":"disabled","footer-sml-layout":"","theme-transparent-header-meta":"default","adv-header-id-meta":"","stick-header-meta":"","header-above-stick-meta":"","header-main-stick-meta":"","header-below-stick-meta":""},"product_cat":[15],"product_tag":[],"yoast_head":"<!-- This site is optimized with the Yoast SEO plugin v21.8.1 - https:\/\/yoast.com\/wordpress\/plugins\/seo\/ -->\n<title>Der Knackarsch (Gr\u00f6\u00dfe 34-50) - Jonelli Fashion<\/title>\n<meta name=\"description\" content=\"Der Knackarsch ist eine Slim Fit Hose f\u00fcr Damen in Gr\u00f6\u00dfe 34-50.\" \/>\n<meta name=\"robots\" content=\"index, follow, max-snippet:-1, max-image-preview:large, max-video-preview:-1\" \/>\n<link rel=\"canonical\" href=\"https:\/\/jonelli-fashion.de\/index.php\/produkt\/der-knackarsch-groesse-34-50\/\" \/>\n<meta property=\"og:locale\" content=\"de_DE\" \/>\n<meta property=\"og:type\" content=\"article\" \/>\n<meta property=\"og:title\" content=\"Der Knackarsch (Gr\u00f6\u00dfe 34-50) - Jonelli Fashion\" \/>\n<meta property=\"og:description\" content=\"Der Knackarsch ist eine Slim Fit Hose f\u00fcr Damen in Gr\u00f6\u00dfe 34-50.\" \/>\n<meta property=\"og:url\" content=\"https:\/\/jonelli-fashion.de\/index.php\/produkt\/der-knackarsch-groesse-34-50\/\" \/>\n<meta property=\"og:site_name\" content=\"Jonelli Fashion\" \/>\n<meta property=\"article:modified_time\" content=\"2022-10-04T22:00:03+00:00\" \/>\n<meta property=\"og:image\" content=\"https:\/\/jonelli-fashion.de\/wp-content\/uploads\/2022\/03\/Produktbild.jpg\" \/>\n\t<meta property=\"og:image:width\" content=\"1414\" \/>\n\t<meta property=\"og:image:height\" content=\"2000\" \/>\n\t<meta property=\"og:image:type\" content=\"image\/jpeg\" \/>\n<meta name=\"twitter:card\" content=\"summary_large_image\" \/>\n<meta name=\"twitter:label1\" content=\"Gesch\u00e4tzte Lesezeit\" \/>\n\t<meta name=\"twitter:data1\" content=\"2\u00a0Minuten\" \/>\n<script type=\"application\/ld+json\" class=\"yoast-schema-graph\">{\"@context\":\"https:\/\/schema.org\",\"@graph\":[{\"@type\":\"WebPage\",\"@id\":\"https:\/\/jonelli-fashion.de\/index.php\/produkt\/der-knackarsch-groesse-34-50\/\",\"url\":\"https:\/\/jonelli-fashion.de\/index.php\/produkt\/der-knackarsch-groesse-34-50\/\",\"name\":\"Der Knackarsch (Gr\u00f6\u00dfe 34-50) - Jonelli Fashion\",\"isPartOf\":{\"@id\":\"https:\/\/jonelli-fashion.de\/#website\"},\"datePublished\":\"2022-03-18T11:20:48+00:00\",\"dateModified\":\"2022-10-04T22:00:03+00:00\",\"description\":\"Der Knackarsch ist eine Slim Fit Hose f\u00fcr Damen in Gr\u00f6\u00dfe 34-50.\",\"breadcrumb\":{\"@id\":\"https:\/\/jonelli-fashion.de\/index.php\/produkt\/der-knackarsch-groesse-34-50\/#breadcrumb\"},\"inLanguage\":\"de\",\"potentialAction\":[{\"@type\":\"ReadAction\",\"target\":[\"https:\/\/jonelli-fashion.de\/index.php\/produkt\/der-knackarsch-groesse-34-50\/\"]}]},{\"@type\":\"BreadcrumbList\",\"@id\":\"https:\/\/jonelli-fashion.de\/index.php\/produkt\/der-knackarsch-groesse-34-50\/#breadcrumb\",\"itemListElement\":[{\"@type\":\"ListItem\",\"position\":1,\"name\":\"Startseite\",\"item\":\"https:\/\/jonelli-fashion.de\/\"},{\"@type\":\"ListItem\",\"position\":2,\"name\":\"Shop\",\"item\":\"https:\/\/jonelli-fashion.de\/index.php\/shop\/\"},{\"@type\":\"ListItem\",\"position\":3,\"name\":\"Der Knackarsch (Gr\u00f6\u00dfe 34-50)\"}]},{\"@type\":\"WebSite\",\"@id\":\"https:\/\/jonelli-fashion.de\/#website\",\"url\":\"https:\/\/jonelli-fashion.de\/\",\"name\":\"Jonelli Fashion\",\"description\":\"Wenn aus N\u00e4hen eine Leidenschaft wird\",\"potentialAction\":[{\"@type\":\"SearchAction\",\"target\":{\"@type\":\"EntryPoint\",\"urlTemplate\":\"https:\/\/jonelli-fashion.de\/?s={search_term_string}\"},\"query-input\":\"required name=search_term_string\"}],\"inLanguage\":\"de\"}]}<\/script>\n<!-- \/ Yoast SEO plugin. -->","yoast_head_json":{"title":"Der Knackarsch (Gr\u00f6\u00dfe 34-50) - Jonelli Fashion","description":"Der Knackarsch ist eine Slim Fit Hose f\u00fcr Damen in Gr\u00f6\u00dfe 34-50.","robots":{"index":"index","follow":"follow","max-snippet":"max-snippet:-1","max-image-preview":"max-image-preview:large","max-video-preview":"max-video-preview:-1"},"canonical":"https:\/\/jonelli-fashion.de\/index.php\/produkt\/der-knackarsch-groesse-34-50\/","og_locale":"de_DE","og_type":"article","og_title":"Der Knackarsch (Gr\u00f6\u00dfe 34-50) - Jonelli Fashion","og_description":"Der Knackarsch ist eine Slim Fit Hose f\u00fcr Damen in Gr\u00f6\u00dfe 34-50.","og_url":"https:\/\/jonelli-fashion.de\/index.php\/produkt\/der-knackarsch-groesse-34-50\/","og_site_name":"Jonelli Fashion","article_modified_time":"2022-10-04T22:00:03+00:00","og_image":[{"width":1414,"height":2000,"url":"https:\/\/jonelli-fashion.de\/wp-content\/uploads\/2022\/03\/Produktbild.jpg","type":"image\/jpeg"}],"twitter_card":"summary_large_image","twitter_misc":{"Gesch\u00e4tzte Lesezeit":"2\u00a0Minuten"},"schema":{"@context":"https:\/\/schema.org","@graph":[{"@type":"WebPage","@id":"https:\/\/jonelli-fashion.de\/index.php\/produkt\/der-knackarsch-groesse-34-50\/","url":"https:\/\/jonelli-fashion.de\/index.php\/produkt\/der-knackarsch-groesse-34-50\/","name":"Der Knackarsch (Gr\u00f6\u00dfe 34-50) - Jonelli Fashion","isPartOf":{"@id":"https:\/\/jonelli-fashion.de\/#website"},"datePublished":"2022-03-18T11:20:48+00:00","dateModified":"2022-10-04T22:00:03+00:00","description":"Der Knackarsch ist eine Slim Fit Hose f\u00fcr Damen in Gr\u00f6\u00dfe 34-50.","breadcrumb":{"@id":"https:\/\/jonelli-fashion.de\/index.php\/produkt\/der-knackarsch-groesse-34-50\/#breadcrumb"},"inLanguage":"de","potentialAction":[{"@type":"ReadAction","target":["https:\/\/jonelli-fashion.de\/index.php\/produkt\/der-knackarsch-groesse-34-50\/"]}]},{"@type":"BreadcrumbList","@id":"https:\/\/jonelli-fashion.de\/index.php\/produkt\/der-knackarsch-groesse-34-50\/#breadcrumb","itemListElement":[{"@type":"ListItem","position":1,"name":"Startseite","item":"https:\/\/jonelli-fashion.de\/"},{"@type":"ListItem","position":2,"name":"Shop","item":"https:\/\/jonelli-fashion.de\/index.php\/shop\/"},{"@type":"ListItem","position":3,"name":"Der Knackarsch (Gr\u00f6\u00dfe 34-50)"}]},{"@type":"WebSite","@id":"https:\/\/jonelli-fashion.de\/#website","url":"https:\/\/jonelli-fashion.de\/","name":"Jonelli Fashion","description":"Wenn aus N\u00e4hen eine Leidenschaft wird","potentialAction":[{"@type":"SearchAction","target":{"@type":"EntryPoint","urlTemplate":"https:\/\/jonelli-fashion.de\/?s={search_term_string}"},"query-input":"required name=search_term_string"}],"inLanguage":"de"}]}},"_links":{"self":[{"href":"https:\/\/jonelli-fashion.de\/index.php\/wp-json\/wp\/v2\/product\/6234"}],"collection":[{"href":"https:\/\/jonelli-fashion.de\/index.php\/wp-json\/wp\/v2\/product"}],"about":[{"href":"https:\/\/jonelli-fashion.de\/index.php\/wp-json\/wp\/v2\/types\/product"}],"replies":[{"embeddable":true,"href":"https:\/\/jonelli-fashion.de\/index.php\/wp-json\/wp\/v2\/comments?post=6234"}],"version-history":[{"count":8,"href":"https:\/\/jonelli-fashion.de\/index.php\/wp-json\/wp\/v2\/product\/6234\/revisions"}],"predecessor-version":[{"id":6281,"href":"https:\/\/jonelli-fashion.de\/index.php\/wp-json\/wp\/v2\/product\/6234\/revisions\/6281"}],"wp:featuredmedia":[{"embeddable":true,"href":"https:\/\/jonelli-fashion.de\/index.php\/wp-json\/wp\/v2\/media\/6238"}],"wp:attachment":[{"href":"https:\/\/jonelli-fashion.de\/index.php\/wp-json\/wp\/v2\/media?parent=6234"}],"wp:term":[{"taxonomy":"product_cat","embeddable":true,"href":"https:\/\/jonelli-fashion.de\/index.php\/wp-json\/wp\/v2\/product_cat?post=6234"},{"taxonomy":"product_tag","embeddable":true,"href":"https:\/\/jonelli-fashion.de\/index.php\/wp-json\/wp\/v2\/product_tag?post=6234"}],"curies":[{"name":"wp","href":"https:\/\/api.w.org\/{rel}","templated":true}]}}