{"id":7153,"date":"2022-06-17T12:25:20","date_gmt":"2022-06-17T10:25:20","guid":{"rendered":"https:\/\/jonelli-fashion.de\/?post_type=product&#038;p=7153"},"modified":"2023-08-22T00:04:01","modified_gmt":"2023-08-21T22:04:01","slug":"der-murkel-aermel-add-on-groesse-56-146","status":"publish","type":"product","link":"https:\/\/jonelli-fashion.de\/index.php\/produkt\/der-murkel-aermel-add-on-groesse-56-146\/","title":{"rendered":"Der Murkel \u00c4rmel Add-on (Gr\u00f6\u00dfe 56-146)"},"content":{"rendered":"\t\t<div data-elementor-type=\"wp-post\" data-elementor-id=\"7153\" class=\"elementor elementor-7153\">\n\t\t\t\t\t\t<section class=\"elementor-section elementor-top-section elementor-element elementor-element-42a5b71 elementor-section-boxed elementor-section-height-default elementor-section-height-default\" data-id=\"42a5b71\" data-element_type=\"section\">\n\t\t\t\t\t\t<div class=\"elementor-container elementor-column-gap-default\">\n\t\t\t\t\t<div class=\"elementor-column elementor-col-100 elementor-top-column elementor-element elementor-element-88641bf\" data-id=\"88641bf\" data-element_type=\"column\">\n\t\t\t<div class=\"elementor-widget-wrap elementor-element-populated\">\n\t\t\t\t\t\t<div class=\"elementor-element elementor-element-75c571b elementor-widget elementor-widget-text-editor\" data-id=\"75c571b\" data-element_type=\"widget\" data-widget_type=\"text-editor.default\">\n\t\t\t\t<div class=\"elementor-widget-container\">\n\t\t\t\t\t\t\t<p class=\"_04xlpA direction-ltr align-start para-style-body\"><span class=\"JsGRdQ\">Der Murkel ist ein wandelbares <\/span><span class=\"JsGRdQ\">Oberteil<b> <\/b><\/span><span class=\"JsGRdQ\">f\u00fcr Kinder, welches du mit diesem Add-on mit 7 tollen <b>sommerlichen \u00c4rmeln<\/b> erg\u00e4nzen kannst.<\/span><\/p><p class=\"_04xlpA direction-ltr align-start para-style-body\"><span class=\"JsGRdQ\" style=\"font-size: 16px; color: var(--ast-global-color-3);\">Die verspielten <\/span><span class=\"JsGRdQ\" style=\"font-size: 16px; color: var(--ast-global-color-3);\"><b>Puff\u00e4rmel<\/b><\/span><span class=\"JsGRdQ\" style=\"font-size: 16px; color: var(--ast-global-color-3);\"> sind ein echtes Must-have f\u00fcr den Sommer und werten deinen Murkel nochmal so richtig auf.<\/span><\/p><p class=\"_04xlpA direction-ltr align-start para-style-body\"><span class=\"JsGRdQ\" style=\"font-size: 16px; color: var(--ast-global-color-3);\">Auf die luftigen<b> <\/b><\/span><span class=\"JsGRdQ\" style=\"font-size: 16px; color: var(--ast-global-color-3);\"><b>Fl\u00fcgel\u00e4rmel <\/b><\/span><span class=\"JsGRdQ\" style=\"font-size: 16px; color: var(--ast-global-color-3);\">kann wohl gerade an hei\u00dfen Sommertagen kein M\u00e4dchen verzichten und sie sind dazu noch ein echter Hingucker, denn du kannst sie sowohl <b>einlagig<\/b> als auch <b>doppellagig<\/b> n\u00e4hen.<\/span><\/p><p class=\"_04xlpA direction-ltr align-start para-style-body\"><span class=\"JsGRdQ\" style=\"font-size: 16px; color: var(--ast-global-color-3);\">Die <\/span><span class=\"JsGRdQ\" style=\"font-size: 16px; color: var(--ast-global-color-3);\"><b>Kapp\u00e4rmel<\/b><\/span><span class=\"JsGRdQ\" style=\"font-size: 16px; color: var(--ast-global-color-3);\"><b> <\/b>d\u00fcrfen nat\u00fcrlich auch nicht fehlen. Die kleinen \u00c4rmel k\u00f6nnen sowohl sportlich als auch schick aussehen.<\/span><\/p><p class=\"_04xlpA direction-ltr align-start para-style-body\"><span class=\"JsGRdQ\" style=\"font-size: 16px; color: var(--ast-global-color-3);\">Die<b> <\/b><\/span><span class=\"JsGRdQ\" style=\"font-size: 16px; color: var(--ast-global-color-3);\"><b>Tulpen\u00e4rmel\u00a0<\/b><\/span><span style=\"color: #000000; font-size: 16px; font-style: normal; font-weight: 400;\">sorgen f\u00fcr den besonderen Look und sehen an den M\u00e4dels wahnsinnig toll aus.<\/span><\/p><p class=\"_04xlpA direction-ltr align-start para-style-body\"><span class=\"JsGRdQ\" style=\"color: #000000; font-weight: 400; font-style: normal;\">Ein Must-have f\u00fcr die Jungs sind die <\/span><span class=\"JsGRdQ\" style=\"color: #000000; font-weight: bold; font-style: normal;\">normalen kurzen \u00c4rmel<\/span><span class=\"JsGRdQ\" style=\"color: #000000; font-weight: 400; font-style: normal;\">. Diese k\u00f6nnen jedoch f\u00fcr die M\u00e4dels mit einer s\u00fc\u00dfen <\/span><span class=\"JsGRdQ\" style=\"color: #000000; font-weight: bold; font-style: normal;\">\u00c4rmelr\u00fcsche <\/span><span class=\"JsGRdQ\" style=\"color: #000000; font-weight: 400; font-style: normal;\">versehen werden und haben einen super verspielten Look.<\/span><\/p><p class=\"_04xlpA direction-ltr align-start para-style-body\"><span class=\"JsGRdQ\" style=\"color: #000000; font-weight: 400; font-style: normal;\">Zu guter Letzt ist auch die <\/span><span class=\"JsGRdQ\" style=\"color: #000000; font-weight: bold; font-style: normal;\">\u00e4rmellose<\/span><span class=\"JsGRdQ\" style=\"color: #000000; font-weight: 400; font-style: normal;\"> Variante m\u00f6glich. Hierbei wird der Armausschnitt <\/span><span class=\"JsGRdQ\" style=\"color: #000000; font-weight: bold; font-style: normal;\">eingefasst<\/span><span class=\"JsGRdQ\" style=\"color: #000000; font-weight: 400; font-style: normal;\"> und macht aus deinem Murkel ein s\u00fc\u00dfes Top.<\/span><\/p><p class=\"_04xlpA direction-ltr align-start para-style-body\"><span style=\"font-size: 16px; font-style: normal; font-weight: 400; color: var(--ast-global-color-3);\">F\u00fcr den Murkel eignen sich\u00a0<\/span><span style=\"font-size: 16px; font-style: normal; color: var(--ast-global-color-3); font-weight: bold;\">dehnbare Stoffe<\/span><span style=\"font-size: 16px; font-style: normal; font-weight: 400; color: var(--ast-global-color-3);\">, wie bspw. Jersey, Viskosejersey.<\/span><\/p><p style=\"font-size: 16px; font-style: normal; font-weight: 400;\"><span style=\"font-size: 16px; font-weight: 400;\">Durch die sehr detaillierte, bebilderte Anleitung ist der Schnitt sowohl f\u00fcr\u00a0<\/span><span style=\"font-weight: bold;\">Anf\u00e4nger<\/span>, als auch f\u00fcr\u00a0<span style=\"font-weight: bold;\">fortgeschrittene<\/span>\u00a0N\u00e4her\/innen geeignet.<\/p><p style=\"font-size: 16px; font-style: normal; font-weight: 400;\">Das eBook beinhaltet eine<span style=\"font-size: 16px; font-weight: bold;\">\u00a0A4 Datei\u00a0<\/span>(mit Ebenenfunktion), sowie eine\u00a0<span style=\"font-size: 16px; font-weight: bold;\">A0 Datei mit Ebenenfunktion<\/span>\u00a0f\u00fcr den Zuschnitt mit dem Beamer.<br \/>Eine Nahtzugabe von 0,7cm ist bereits im Schnitt enthalten.<\/p><p style=\"font-size: 16px; font-style: normal; font-weight: 400;\">\u00a0<\/p><p style=\"font-size: 16px; font-style: normal; font-weight: 400;\">Folgendes ben\u00f6tigst du zum N\u00e4hen:<br \/><span style=\"font-size: 16px;\">&#8211; N\u00e4hmaschine<\/span><span style=\"font-size: 16px;\"><br \/><\/span><span style=\"font-size: 16px;\">&#8211; Stecknadeln oder Stoffclips<br \/><\/span><span style=\"font-size: 16px;\">&#8211; Stoffschere oder Rollschneider<br \/><\/span><span style=\"font-size: 16px;\">&#8211; Drucker oder Beamer<br \/><\/span><span style=\"font-size: 16px;\">&#8211; T\u00fcddelkram (Kn\u00f6pfe, Borten, Druckkn\u00f6pfe, etc.)<br \/><\/span><span style=\"font-size: 16px;\">&#8211; Framilonband<\/span><\/p>\t\t\t\t\t\t<\/div>\n\t\t\t\t<\/div>\n\t\t\t\t\t<\/div>\n\t\t<\/div>\n\t\t\t\t\t<\/div>\n\t\t<\/section>\n\t\t\t\t<\/div>\n\t\t","protected":false},"excerpt":{"rendered":"<p>Mit diesem Add-on kannst du deinen Murkel mit 7 sommerlichen \u00c4rmeln schm\u00fccken.<br \/>\nEs handelt sich nur um ein Add-on, der Grundschnitt muss separat erworben werden.<\/p>\n","protected":false},"featured_media":7157,"comment_status":"open","ping_status":"closed","template":"","meta":{"site-sidebar-layout":"default","site-content-layout":"default","ast-global-header-display":"","ast-banner-title-visibility":"","ast-main-header-display":"","ast-hfb-above-header-display":"","ast-hfb-below-header-display":"","ast-hfb-mobile-header-display":"","site-post-title":"disabled","ast-breadcrumbs-content":"","ast-featured-img":"disabled","footer-sml-layout":"","theme-transparent-header-meta":"default","adv-header-id-meta":"","stick-header-meta":"","header-above-stick-meta":"","header-main-stick-meta":"","header-below-stick-meta":""},"product_cat":[15],"product_tag":[],"yoast_head":"<!-- This site is optimized with the Yoast SEO plugin v21.8.1 - https:\/\/yoast.com\/wordpress\/plugins\/seo\/ -->\n<title>Der Murkel \u00c4rmel Add-on (Gr\u00f6\u00dfe 56-146) - Jonelli Fashion<\/title>\n<meta name=\"description\" content=\"Mit diesem Add-on kannst du deinen Murkel mit 7 sommerlichen \u00c4rmeln schm\u00fccken.Es handelt sich nur um ein Add-on, der Grundschnitt muss separat erworben werden.\" \/>\n<meta name=\"robots\" content=\"index, follow, max-snippet:-1, max-image-preview:large, max-video-preview:-1\" \/>\n<link rel=\"canonical\" href=\"https:\/\/jonelli-fashion.de\/index.php\/produkt\/der-murkel-aermel-add-on-groesse-56-146\/\" \/>\n<meta property=\"og:locale\" content=\"de_DE\" \/>\n<meta property=\"og:type\" content=\"article\" \/>\n<meta property=\"og:title\" content=\"Der Murkel \u00c4rmel Add-on (Gr\u00f6\u00dfe 56-146) - Jonelli Fashion\" \/>\n<meta property=\"og:description\" content=\"Mit diesem Add-on kannst du deinen Murkel mit 7 sommerlichen \u00c4rmeln schm\u00fccken.Es handelt sich nur um ein Add-on, der Grundschnitt muss separat erworben werden.\" \/>\n<meta property=\"og:url\" content=\"https:\/\/jonelli-fashion.de\/index.php\/produkt\/der-murkel-aermel-add-on-groesse-56-146\/\" \/>\n<meta property=\"og:site_name\" content=\"Jonelli Fashion\" \/>\n<meta property=\"article:modified_time\" content=\"2023-08-21T22:04:01+00:00\" \/>\n<meta property=\"og:image\" content=\"https:\/\/jonelli-fashion.de\/wp-content\/uploads\/2022\/06\/Produktbild-1.jpg\" \/>\n\t<meta property=\"og:image:width\" content=\"1414\" \/>\n\t<meta property=\"og:image:height\" content=\"2000\" \/>\n\t<meta property=\"og:image:type\" content=\"image\/jpeg\" \/>\n<meta name=\"twitter:card\" content=\"summary_large_image\" \/>\n<meta name=\"twitter:label1\" content=\"Gesch\u00e4tzte Lesezeit\" \/>\n\t<meta name=\"twitter:data1\" content=\"2\u00a0Minuten\" \/>\n<script type=\"application\/ld+json\" class=\"yoast-schema-graph\">{\"@context\":\"https:\/\/schema.org\",\"@graph\":[{\"@type\":\"WebPage\",\"@id\":\"https:\/\/jonelli-fashion.de\/index.php\/produkt\/der-murkel-aermel-add-on-groesse-56-146\/\",\"url\":\"https:\/\/jonelli-fashion.de\/index.php\/produkt\/der-murkel-aermel-add-on-groesse-56-146\/\",\"name\":\"Der Murkel \u00c4rmel Add-on (Gr\u00f6\u00dfe 56-146) - Jonelli Fashion\",\"isPartOf\":{\"@id\":\"https:\/\/jonelli-fashion.de\/#website\"},\"datePublished\":\"2022-06-17T10:25:20+00:00\",\"dateModified\":\"2023-08-21T22:04:01+00:00\",\"description\":\"Mit diesem Add-on kannst du deinen Murkel mit 7 sommerlichen \u00c4rmeln schm\u00fccken.Es handelt sich nur um ein Add-on, der Grundschnitt muss separat erworben werden.\",\"breadcrumb\":{\"@id\":\"https:\/\/jonelli-fashion.de\/index.php\/produkt\/der-murkel-aermel-add-on-groesse-56-146\/#breadcrumb\"},\"inLanguage\":\"de\",\"potentialAction\":[{\"@type\":\"ReadAction\",\"target\":[\"https:\/\/jonelli-fashion.de\/index.php\/produkt\/der-murkel-aermel-add-on-groesse-56-146\/\"]}]},{\"@type\":\"BreadcrumbList\",\"@id\":\"https:\/\/jonelli-fashion.de\/index.php\/produkt\/der-murkel-aermel-add-on-groesse-56-146\/#breadcrumb\",\"itemListElement\":[{\"@type\":\"ListItem\",\"position\":1,\"name\":\"Startseite\",\"item\":\"https:\/\/jonelli-fashion.de\/\"},{\"@type\":\"ListItem\",\"position\":2,\"name\":\"Shop\",\"item\":\"https:\/\/jonelli-fashion.de\/index.php\/shop\/\"},{\"@type\":\"ListItem\",\"position\":3,\"name\":\"Der Murkel \u00c4rmel Add-on (Gr\u00f6\u00dfe 56-146)\"}]},{\"@type\":\"WebSite\",\"@id\":\"https:\/\/jonelli-fashion.de\/#website\",\"url\":\"https:\/\/jonelli-fashion.de\/\",\"name\":\"Jonelli Fashion\",\"description\":\"Wenn aus N\u00e4hen eine Leidenschaft wird\",\"potentialAction\":[{\"@type\":\"SearchAction\",\"target\":{\"@type\":\"EntryPoint\",\"urlTemplate\":\"https:\/\/jonelli-fashion.de\/?s={search_term_string}\"},\"query-input\":\"required name=search_term_string\"}],\"inLanguage\":\"de\"}]}<\/script>\n<!-- \/ Yoast SEO plugin. -->","yoast_head_json":{"title":"Der Murkel \u00c4rmel Add-on (Gr\u00f6\u00dfe 56-146) - Jonelli Fashion","description":"Mit diesem Add-on kannst du deinen Murkel mit 7 sommerlichen \u00c4rmeln schm\u00fccken.Es handelt sich nur um ein Add-on, der Grundschnitt muss separat erworben werden.","robots":{"index":"index","follow":"follow","max-snippet":"max-snippet:-1","max-image-preview":"max-image-preview:large","max-video-preview":"max-video-preview:-1"},"canonical":"https:\/\/jonelli-fashion.de\/index.php\/produkt\/der-murkel-aermel-add-on-groesse-56-146\/","og_locale":"de_DE","og_type":"article","og_title":"Der Murkel \u00c4rmel Add-on (Gr\u00f6\u00dfe 56-146) - Jonelli Fashion","og_description":"Mit diesem Add-on kannst du deinen Murkel mit 7 sommerlichen \u00c4rmeln schm\u00fccken.Es handelt sich nur um ein Add-on, der Grundschnitt muss separat erworben werden.","og_url":"https:\/\/jonelli-fashion.de\/index.php\/produkt\/der-murkel-aermel-add-on-groesse-56-146\/","og_site_name":"Jonelli Fashion","article_modified_time":"2023-08-21T22:04:01+00:00","og_image":[{"width":1414,"height":2000,"url":"https:\/\/jonelli-fashion.de\/wp-content\/uploads\/2022\/06\/Produktbild-1.jpg","type":"image\/jpeg"}],"twitter_card":"summary_large_image","twitter_misc":{"Gesch\u00e4tzte Lesezeit":"2\u00a0Minuten"},"schema":{"@context":"https:\/\/schema.org","@graph":[{"@type":"WebPage","@id":"https:\/\/jonelli-fashion.de\/index.php\/produkt\/der-murkel-aermel-add-on-groesse-56-146\/","url":"https:\/\/jonelli-fashion.de\/index.php\/produkt\/der-murkel-aermel-add-on-groesse-56-146\/","name":"Der Murkel \u00c4rmel Add-on (Gr\u00f6\u00dfe 56-146) - Jonelli Fashion","isPartOf":{"@id":"https:\/\/jonelli-fashion.de\/#website"},"datePublished":"2022-06-17T10:25:20+00:00","dateModified":"2023-08-21T22:04:01+00:00","description":"Mit diesem Add-on kannst du deinen Murkel mit 7 sommerlichen \u00c4rmeln schm\u00fccken.Es handelt sich nur um ein Add-on, der Grundschnitt muss separat erworben werden.","breadcrumb":{"@id":"https:\/\/jonelli-fashion.de\/index.php\/produkt\/der-murkel-aermel-add-on-groesse-56-146\/#breadcrumb"},"inLanguage":"de","potentialAction":[{"@type":"ReadAction","target":["https:\/\/jonelli-fashion.de\/index.php\/produkt\/der-murkel-aermel-add-on-groesse-56-146\/"]}]},{"@type":"BreadcrumbList","@id":"https:\/\/jonelli-fashion.de\/index.php\/produkt\/der-murkel-aermel-add-on-groesse-56-146\/#breadcrumb","itemListElement":[{"@type":"ListItem","position":1,"name":"Startseite","item":"https:\/\/jonelli-fashion.de\/"},{"@type":"ListItem","position":2,"name":"Shop","item":"https:\/\/jonelli-fashion.de\/index.php\/shop\/"},{"@type":"ListItem","position":3,"name":"Der Murkel \u00c4rmel Add-on (Gr\u00f6\u00dfe 56-146)"}]},{"@type":"WebSite","@id":"https:\/\/jonelli-fashion.de\/#website","url":"https:\/\/jonelli-fashion.de\/","name":"Jonelli Fashion","description":"Wenn aus N\u00e4hen eine Leidenschaft wird","potentialAction":[{"@type":"SearchAction","target":{"@type":"EntryPoint","urlTemplate":"https:\/\/jonelli-fashion.de\/?s={search_term_string}"},"query-input":"required name=search_term_string"}],"inLanguage":"de"}]}},"_links":{"self":[{"href":"https:\/\/jonelli-fashion.de\/index.php\/wp-json\/wp\/v2\/product\/7153"}],"collection":[{"href":"https:\/\/jonelli-fashion.de\/index.php\/wp-json\/wp\/v2\/product"}],"about":[{"href":"https:\/\/jonelli-fashion.de\/index.php\/wp-json\/wp\/v2\/types\/product"}],"replies":[{"embeddable":true,"href":"https:\/\/jonelli-fashion.de\/index.php\/wp-json\/wp\/v2\/comments?post=7153"}],"version-history":[{"count":6,"href":"https:\/\/jonelli-fashion.de\/index.php\/wp-json\/wp\/v2\/product\/7153\/revisions"}],"predecessor-version":[{"id":7195,"href":"https:\/\/jonelli-fashion.de\/index.php\/wp-json\/wp\/v2\/product\/7153\/revisions\/7195"}],"wp:featuredmedia":[{"embeddable":true,"href":"https:\/\/jonelli-fashion.de\/index.php\/wp-json\/wp\/v2\/media\/7157"}],"wp:attachment":[{"href":"https:\/\/jonelli-fashion.de\/index.php\/wp-json\/wp\/v2\/media?parent=7153"}],"wp:term":[{"taxonomy":"product_cat","embeddable":true,"href":"https:\/\/jonelli-fashion.de\/index.php\/wp-json\/wp\/v2\/product_cat?post=7153"},{"taxonomy":"product_tag","embeddable":true,"href":"https:\/\/jonelli-fashion.de\/index.php\/wp-json\/wp\/v2\/product_tag?post=7153"}],"curies":[{"name":"wp","href":"https:\/\/api.w.org\/{rel}","templated":true}]}}