{"id":7391,"date":"2022-07-29T10:00:54","date_gmt":"2022-07-29T08:00:54","guid":{"rendered":"https:\/\/jonelli-fashion.de\/?post_type=product&#038;p=7391"},"modified":"2022-09-12T08:31:59","modified_gmt":"2022-09-12T06:31:59","slug":"die-elli-groesse-86-146","status":"publish","type":"product","link":"https:\/\/jonelli-fashion.de\/index.php\/produkt\/die-elli-groesse-86-146\/","title":{"rendered":"Die Elli (Gr\u00f6\u00dfe 86-146)"},"content":{"rendered":"\t\t<div data-elementor-type=\"wp-post\" data-elementor-id=\"7391\" class=\"elementor elementor-7391\">\n\t\t\t\t\t\t<section class=\"elementor-section elementor-top-section elementor-element elementor-element-aa67b93 elementor-section-boxed elementor-section-height-default elementor-section-height-default\" data-id=\"aa67b93\" data-element_type=\"section\">\n\t\t\t\t\t\t<div class=\"elementor-container elementor-column-gap-default\">\n\t\t\t\t\t<div class=\"elementor-column elementor-col-100 elementor-top-column elementor-element elementor-element-d5e39aa\" data-id=\"d5e39aa\" data-element_type=\"column\">\n\t\t\t<div class=\"elementor-widget-wrap elementor-element-populated\">\n\t\t\t\t\t\t<div class=\"elementor-element elementor-element-001d36f elementor-widget elementor-widget-text-editor\" data-id=\"001d36f\" data-element_type=\"widget\" data-widget_type=\"text-editor.default\">\n\t\t\t\t<div class=\"elementor-widget-container\">\n\t\t\t\t\t\t\t<p class=\"_04xlpA direction-ltr align-start para-style-body\"><span class=\"JsGRdQ\">Die Elli ist ein <\/span><span class=\"JsGRdQ\"><b>variantenreiches Kleid<\/b><\/span><span class=\"JsGRdQ\">, welches vor allem zu festlichen Anl\u00e4ssen, wie bspw. Einschulungen, Hochzeiten oder \u00c4hnlichem ein absolutes Must-have ist.<\/span><\/p>\n<p class=\"_04xlpA direction-ltr align-start para-style-body\"><span class=\"JsGRdQ\" style=\"font-size: 16px; color: var(--ast-global-color-3);\">Die Elli kann wahlweise mit <\/span><span class=\"JsGRdQ\" style=\"font-size: 16px; color: var(--ast-global-color-3);\"><b>gerafften Tulpen\u00e4rmeln<\/b><\/span><span class=\"JsGRdQ\" style=\"font-size: 16px; color: var(--ast-global-color-3);\">, luftigen<b> <\/b><\/span><span class=\"JsGRdQ\" style=\"font-size: 16px; color: var(--ast-global-color-3);\"><b>Schmetterlings\u00e4rmeln<\/b><\/span><span class=\"JsGRdQ\" style=\"font-size: 16px; color: var(--ast-global-color-3);\"> oder f\u00fcr besonders hei\u00dfe Tage<b> <\/b><\/span><span class=\"JsGRdQ\" style=\"font-size: 16px; color: var(--ast-global-color-3);\"><b>\u00e4rmellos<\/b><\/span><span class=\"JsGRdQ\" style=\"font-size: 16px; color: var(--ast-global-color-3);\"> gen\u00e4ht werden.<\/span><\/p>\n<p class=\"_04xlpA direction-ltr align-start para-style-body\"><span class=\"JsGRdQ\" style=\"font-size: 16px; color: var(--ast-global-color-3);\">Das Vorderteil kann optional mit h\u00fcbschen <\/span><span class=\"JsGRdQ\" style=\"font-size: 16px; color: var(--ast-global-color-3);\"><b>Biesen<\/b><\/span><span class=\"JsGRdQ\" style=\"font-size: 16px; color: var(--ast-global-color-3);\"> gen\u00e4ht werden und wirkt dadurch etwas verspielter.<\/span><\/p>\n<p class=\"_04xlpA direction-ltr align-start para-style-body\"><span class=\"JsGRdQ\" style=\"font-size: 16px; color: var(--ast-global-color-3);\">Das R\u00fcckteil kann mit Kn\u00f6pfen oder Druckkn\u00f6pfen verschlossen werden. Hierbei hat man die Wahl zwischen dem <\/span><span class=\"JsGRdQ\" style=\"font-size: 16px; color: var(--ast-global-color-3);\"><b>hohen R\u00fcckenausschnitt<\/b><\/span><span class=\"JsGRdQ\" style=\"font-size: 16px; color: var(--ast-global-color-3);\"> oder dem <\/span><b><span class=\"JsGRdQ\" style=\"font-size: 16px; color: var(--ast-global-color-3);\">tiefen V-Ausschnitt<\/span><span class=\"JsGRdQ\" style=\"font-size: 16px; color: var(--ast-global-color-3);\">.<\/span><\/b><\/p>\n<p class=\"_04xlpA direction-ltr align-start para-style-body\"><span class=\"JsGRdQ\" style=\"font-size: 16px; color: var(--ast-global-color-3);\">Die Elli bietet au\u00dferdem <b>verschiedene Rockvarianten<\/b>, n\u00e4mlich den <\/span><span class=\"JsGRdQ\" style=\"font-size: 16px; color: var(--ast-global-color-3);\"><b>gerafften Rock<\/b><\/span><span class=\"JsGRdQ\" style=\"font-size: 16px; color: var(--ast-global-color-3);\">, den <\/span><span class=\"JsGRdQ\" style=\"font-size: 16px; color: var(--ast-global-color-3);\"><b>einlagigen<\/b> oder<b> doppellagigen Tellerrock<\/b><\/span><span class=\"JsGRdQ\" style=\"font-size: 16px; color: var(--ast-global-color-3);\">, sowie den <\/span><span class=\"JsGRdQ\" style=\"font-size: 16px; color: var(--ast-global-color-3);\"><b>Volantrock<\/b><\/span><span class=\"JsGRdQ\" style=\"font-size: 16px; color: var(--ast-global-color-3);\">.<\/span><\/p>\n<p class=\"_04xlpA direction-ltr align-start para-style-body\"><span style=\"font-size: 16px; color: var(--ast-global-color-3);\">F\u00fcr die Elli eignen sich <b>leicht fallende, nicht dehnbare Stoffe<\/b>, wie bspw. Popeline, Musselin, leichte Baumwollstoffe, o.\u00e4.<\/span><\/p>\n<p>Durch die sehr detaillierte, bebilderte Anleitung ist der Schnitt sowohl f\u00fcr&nbsp;<b>Anf\u00e4nger<\/b>, als auch f\u00fcr&nbsp;<b>fortgeschrittene<\/b>&nbsp;N\u00e4her\/innen geeignet.<\/p>\n<p>Das eBook beinhaltet eine&nbsp;<b>A4 Datei<\/b>&nbsp;(mit Ebenenfunktion), sowie mehrere <b>A0 Datei mit Ebenenfunktion<\/b>&nbsp;f\u00fcr den Zuschnitt mit dem Beamer.<br>Eine Nahtzugabe von 1,0 cm ist bereits im Schnitt enthalten.<\/p>\n<p>Folgendes ben\u00f6tigst du zum N\u00e4hen:<br>&#8211; N\u00e4hmaschine<br>&#8211; Stecknadeln oder Stoffclips<br>&#8211; Stoffschere oder Rollschneider<br>&#8211; Drucker oder Beamer<br>&#8211; T\u00fcddelkram (Kn\u00f6pfe, Borten, Druckkn\u00f6pfe, etc.)<br>&#8211; Framilonband<br>&#8211; Kn\u00f6pfe<\/p>\t\t\t\t\t\t<\/div>\n\t\t\t\t<\/div>\n\t\t\t\t\t<\/div>\n\t\t<\/div>\n\t\t\t\t\t<\/div>\n\t\t<\/section>\n\t\t\t\t<\/div>\n\t\t","protected":false},"excerpt":{"rendered":"<p>Die Elli ist ein variantenreiches Kleid, welches f\u00fcr Webware ausgelegt ist. Du hast hier durch das Baukastenprinzip die M\u00f6glichkeit viele verschiedene Kleider zu n\u00e4hen.<\/p>\n","protected":false},"featured_media":7397,"comment_status":"open","ping_status":"closed","template":"","meta":{"site-sidebar-layout":"default","site-content-layout":"default","ast-global-header-display":"","ast-banner-title-visibility":"","ast-main-header-display":"","ast-hfb-above-header-display":"","ast-hfb-below-header-display":"","ast-hfb-mobile-header-display":"","site-post-title":"disabled","ast-breadcrumbs-content":"","ast-featured-img":"disabled","footer-sml-layout":"","theme-transparent-header-meta":"default","adv-header-id-meta":"","stick-header-meta":"","header-above-stick-meta":"","header-main-stick-meta":"","header-below-stick-meta":""},"product_cat":[15],"product_tag":[],"yoast_head":"<!-- This site is optimized with the Yoast SEO plugin v21.8.1 - https:\/\/yoast.com\/wordpress\/plugins\/seo\/ -->\n<title>Die Elli (Gr\u00f6\u00dfe 86-146) - Jonelli Fashion<\/title>\n<meta name=\"robots\" content=\"index, follow, max-snippet:-1, max-image-preview:large, max-video-preview:-1\" \/>\n<link rel=\"canonical\" href=\"https:\/\/jonelli-fashion.de\/index.php\/produkt\/die-elli-groesse-86-146\/\" \/>\n<meta property=\"og:locale\" content=\"de_DE\" \/>\n<meta property=\"og:type\" content=\"article\" \/>\n<meta property=\"og:title\" content=\"Die Elli (Gr\u00f6\u00dfe 86-146) - Jonelli Fashion\" \/>\n<meta property=\"og:description\" content=\"Die Elli ist ein variantenreiches Kleid, welches f\u00fcr Webware ausgelegt ist. Du hast hier durch das Baukastenprinzip die M\u00f6glichkeit viele verschiedene Kleider zu n\u00e4hen.\" \/>\n<meta property=\"og:url\" content=\"https:\/\/jonelli-fashion.de\/index.php\/produkt\/die-elli-groesse-86-146\/\" \/>\n<meta property=\"og:site_name\" content=\"Jonelli Fashion\" \/>\n<meta property=\"article:modified_time\" content=\"2022-09-12T06:31:59+00:00\" \/>\n<meta property=\"og:image\" content=\"https:\/\/jonelli-fashion.de\/wp-content\/uploads\/2022\/07\/Produktbild.jpg\" \/>\n\t<meta property=\"og:image:width\" content=\"1414\" \/>\n\t<meta property=\"og:image:height\" content=\"2000\" \/>\n\t<meta property=\"og:image:type\" content=\"image\/jpeg\" \/>\n<meta name=\"twitter:card\" content=\"summary_large_image\" \/>\n<meta name=\"twitter:label1\" content=\"Gesch\u00e4tzte Lesezeit\" \/>\n\t<meta name=\"twitter:data1\" content=\"2\u00a0Minuten\" \/>\n<script type=\"application\/ld+json\" class=\"yoast-schema-graph\">{\"@context\":\"https:\/\/schema.org\",\"@graph\":[{\"@type\":\"WebPage\",\"@id\":\"https:\/\/jonelli-fashion.de\/index.php\/produkt\/die-elli-groesse-86-146\/\",\"url\":\"https:\/\/jonelli-fashion.de\/index.php\/produkt\/die-elli-groesse-86-146\/\",\"name\":\"Die Elli (Gr\u00f6\u00dfe 86-146) - Jonelli Fashion\",\"isPartOf\":{\"@id\":\"https:\/\/jonelli-fashion.de\/#website\"},\"datePublished\":\"2022-07-29T08:00:54+00:00\",\"dateModified\":\"2022-09-12T06:31:59+00:00\",\"breadcrumb\":{\"@id\":\"https:\/\/jonelli-fashion.de\/index.php\/produkt\/die-elli-groesse-86-146\/#breadcrumb\"},\"inLanguage\":\"de\",\"potentialAction\":[{\"@type\":\"ReadAction\",\"target\":[\"https:\/\/jonelli-fashion.de\/index.php\/produkt\/die-elli-groesse-86-146\/\"]}]},{\"@type\":\"BreadcrumbList\",\"@id\":\"https:\/\/jonelli-fashion.de\/index.php\/produkt\/die-elli-groesse-86-146\/#breadcrumb\",\"itemListElement\":[{\"@type\":\"ListItem\",\"position\":1,\"name\":\"Startseite\",\"item\":\"https:\/\/jonelli-fashion.de\/\"},{\"@type\":\"ListItem\",\"position\":2,\"name\":\"Shop\",\"item\":\"https:\/\/jonelli-fashion.de\/index.php\/shop\/\"},{\"@type\":\"ListItem\",\"position\":3,\"name\":\"Die Elli (Gr\u00f6\u00dfe 86-146)\"}]},{\"@type\":\"WebSite\",\"@id\":\"https:\/\/jonelli-fashion.de\/#website\",\"url\":\"https:\/\/jonelli-fashion.de\/\",\"name\":\"Jonelli Fashion\",\"description\":\"Wenn aus N\u00e4hen eine Leidenschaft wird\",\"potentialAction\":[{\"@type\":\"SearchAction\",\"target\":{\"@type\":\"EntryPoint\",\"urlTemplate\":\"https:\/\/jonelli-fashion.de\/?s={search_term_string}\"},\"query-input\":\"required name=search_term_string\"}],\"inLanguage\":\"de\"}]}<\/script>\n<!-- \/ Yoast SEO plugin. -->","yoast_head_json":{"title":"Die Elli (Gr\u00f6\u00dfe 86-146) - Jonelli Fashion","robots":{"index":"index","follow":"follow","max-snippet":"max-snippet:-1","max-image-preview":"max-image-preview:large","max-video-preview":"max-video-preview:-1"},"canonical":"https:\/\/jonelli-fashion.de\/index.php\/produkt\/die-elli-groesse-86-146\/","og_locale":"de_DE","og_type":"article","og_title":"Die Elli (Gr\u00f6\u00dfe 86-146) - Jonelli Fashion","og_description":"Die Elli ist ein variantenreiches Kleid, welches f\u00fcr Webware ausgelegt ist. Du hast hier durch das Baukastenprinzip die M\u00f6glichkeit viele verschiedene Kleider zu n\u00e4hen.","og_url":"https:\/\/jonelli-fashion.de\/index.php\/produkt\/die-elli-groesse-86-146\/","og_site_name":"Jonelli Fashion","article_modified_time":"2022-09-12T06:31:59+00:00","og_image":[{"width":1414,"height":2000,"url":"https:\/\/jonelli-fashion.de\/wp-content\/uploads\/2022\/07\/Produktbild.jpg","type":"image\/jpeg"}],"twitter_card":"summary_large_image","twitter_misc":{"Gesch\u00e4tzte Lesezeit":"2\u00a0Minuten"},"schema":{"@context":"https:\/\/schema.org","@graph":[{"@type":"WebPage","@id":"https:\/\/jonelli-fashion.de\/index.php\/produkt\/die-elli-groesse-86-146\/","url":"https:\/\/jonelli-fashion.de\/index.php\/produkt\/die-elli-groesse-86-146\/","name":"Die Elli (Gr\u00f6\u00dfe 86-146) - Jonelli Fashion","isPartOf":{"@id":"https:\/\/jonelli-fashion.de\/#website"},"datePublished":"2022-07-29T08:00:54+00:00","dateModified":"2022-09-12T06:31:59+00:00","breadcrumb":{"@id":"https:\/\/jonelli-fashion.de\/index.php\/produkt\/die-elli-groesse-86-146\/#breadcrumb"},"inLanguage":"de","potentialAction":[{"@type":"ReadAction","target":["https:\/\/jonelli-fashion.de\/index.php\/produkt\/die-elli-groesse-86-146\/"]}]},{"@type":"BreadcrumbList","@id":"https:\/\/jonelli-fashion.de\/index.php\/produkt\/die-elli-groesse-86-146\/#breadcrumb","itemListElement":[{"@type":"ListItem","position":1,"name":"Startseite","item":"https:\/\/jonelli-fashion.de\/"},{"@type":"ListItem","position":2,"name":"Shop","item":"https:\/\/jonelli-fashion.de\/index.php\/shop\/"},{"@type":"ListItem","position":3,"name":"Die Elli (Gr\u00f6\u00dfe 86-146)"}]},{"@type":"WebSite","@id":"https:\/\/jonelli-fashion.de\/#website","url":"https:\/\/jonelli-fashion.de\/","name":"Jonelli Fashion","description":"Wenn aus N\u00e4hen eine Leidenschaft wird","potentialAction":[{"@type":"SearchAction","target":{"@type":"EntryPoint","urlTemplate":"https:\/\/jonelli-fashion.de\/?s={search_term_string}"},"query-input":"required name=search_term_string"}],"inLanguage":"de"}]}},"_links":{"self":[{"href":"https:\/\/jonelli-fashion.de\/index.php\/wp-json\/wp\/v2\/product\/7391"}],"collection":[{"href":"https:\/\/jonelli-fashion.de\/index.php\/wp-json\/wp\/v2\/product"}],"about":[{"href":"https:\/\/jonelli-fashion.de\/index.php\/wp-json\/wp\/v2\/types\/product"}],"replies":[{"embeddable":true,"href":"https:\/\/jonelli-fashion.de\/index.php\/wp-json\/wp\/v2\/comments?post=7391"}],"version-history":[{"count":7,"href":"https:\/\/jonelli-fashion.de\/index.php\/wp-json\/wp\/v2\/product\/7391\/revisions"}],"predecessor-version":[{"id":7442,"href":"https:\/\/jonelli-fashion.de\/index.php\/wp-json\/wp\/v2\/product\/7391\/revisions\/7442"}],"wp:featuredmedia":[{"embeddable":true,"href":"https:\/\/jonelli-fashion.de\/index.php\/wp-json\/wp\/v2\/media\/7397"}],"wp:attachment":[{"href":"https:\/\/jonelli-fashion.de\/index.php\/wp-json\/wp\/v2\/media?parent=7391"}],"wp:term":[{"taxonomy":"product_cat","embeddable":true,"href":"https:\/\/jonelli-fashion.de\/index.php\/wp-json\/wp\/v2\/product_cat?post=7391"},{"taxonomy":"product_tag","embeddable":true,"href":"https:\/\/jonelli-fashion.de\/index.php\/wp-json\/wp\/v2\/product_tag?post=7391"}],"curies":[{"name":"wp","href":"https:\/\/api.w.org\/{rel}","templated":true}]}}