{"id":7797,"date":"2022-09-30T12:00:38","date_gmt":"2022-09-30T10:00:38","guid":{"rendered":"https:\/\/jonelli-fashion.de\/?post_type=product&#038;p=7797"},"modified":"2024-03-03T10:47:20","modified_gmt":"2024-03-03T09:47:20","slug":"der-knackerpups-fuer-grosse-kids-92-146","status":"publish","type":"product","link":"https:\/\/jonelli-fashion.de\/index.php\/produkt\/der-knackerpups-fuer-grosse-kids-92-146\/","title":{"rendered":"Der Knackerpups f\u00fcr gro\u00dfe Kids (92-146)"},"content":{"rendered":"\t\t<div data-elementor-type=\"wp-post\" data-elementor-id=\"7797\" class=\"elementor elementor-7797\">\n\t\t\t\t\t\t<section class=\"elementor-section elementor-top-section elementor-element elementor-element-5f5fbde elementor-section-boxed elementor-section-height-default elementor-section-height-default\" data-id=\"5f5fbde\" data-element_type=\"section\">\n\t\t\t\t\t\t<div class=\"elementor-container elementor-column-gap-default\">\n\t\t\t\t\t<div class=\"elementor-column elementor-col-100 elementor-top-column elementor-element elementor-element-ac48712\" data-id=\"ac48712\" data-element_type=\"column\">\n\t\t\t<div class=\"elementor-widget-wrap elementor-element-populated\">\n\t\t\t\t\t\t<div class=\"elementor-element elementor-element-7cf6510 elementor-widget elementor-widget-text-editor\" data-id=\"7cf6510\" data-element_type=\"widget\" data-widget_type=\"text-editor.default\">\n\t\t\t\t<div class=\"elementor-widget-container\">\n\t\t\t\t\t\t\t<p>Der Knackerpups ist eine<b>&nbsp;<\/b><b>Slim Fit Hose<\/b>&nbsp;f\u00fcr Kinder.<\/p>\n<p>Die Hose bietet vorne&nbsp;<b>Hosentaschen<\/b>, welche auch als&nbsp;<b>Fake-Taschen<\/b>&nbsp;gen\u00e4ht werden k\u00f6nnen. Am R\u00fcckteil besteht die Option der&nbsp;<b>Ges\u00e4\u00dftaschen<\/b>.<\/p>\n<p>Charakteristisch f\u00fcr den Knackerpups ist die<b>&nbsp;<\/b><b>runde Passe<\/b>&nbsp;am R\u00fcckteil, welche einen besonders sch\u00f6nen Po zaubert.<\/p>\n<p>Die Hose wird mit einem&nbsp;<b>durchgehenden Bund<\/b>&nbsp;mit Gummieinzug gen\u00e4ht.<\/p>\n<p class=\"_04xlpA direction-ltr align-start para-style-body\"><span class=\"JsGRdQ\">F\u00fcr den Knackerpups eignen sich&nbsp;<\/span><span class=\"JsGRdQ\"><b>dehnbare Stoffe<\/b><\/span><span class=\"JsGRdQ\">, wie bspw. Jeans Jersey, French Terry, Sweat, elastischer Cord, o.\u00e4.<br><\/span><span class=\"JsGRdQ\">***&nbsp;<\/span><span class=\"JsGRdQ\">F\u00fcr die&nbsp;<b>gr\u00f6\u00dferen Kids<\/b>&nbsp;eignen sich au\u00dferdem&nbsp;<\/span><span class=\"JsGRdQ\"><b>Hosenstoffe<\/b>&nbsp;mit einem&nbsp;<b>hohen Elasthananteil<\/b><\/span><span class=\"JsGRdQ\">, wie bspw. Super Stretch Jeans oder Jeans Jogging.&nbsp;<\/span>Leider ist der Elasthananteil oft nicht aussagekr\u00e4ftig bez\u00fcglich der Dehnbarkeit des Stoffes. Achte also darauf, dass der Stoff zumindest eine gewisse Dehnbarkeit aufweist!&nbsp;Au\u00dferdem sollte der Stoff mindestens 220g\/m\u00b2 Gewicht haben.<\/p>\n<p>Durch die sehr detaillierte, bebilderte Anleitung ist der Schnitt sowohl f\u00fcr&nbsp;<b>Anf\u00e4nger,<\/b> als auch f\u00fcr&nbsp;<b>fortgeschrittene&nbsp;N\u00e4her\/innen<\/b> geeignet.<\/p>\n<p>Das eBook beinhaltet eine<b>&nbsp;A4 Datei<\/b>&nbsp;(mit Ebenenfunktion), sowie mehrere&nbsp;<b>A0 Datei mit Ebenenfunktion<\/b>&nbsp;f\u00fcr den Zuschnitt mit dem Beamer.<br>Eine Nahtzugabe von 1,0 cm ist bereits im Schnitt enthalten.<\/p>\n<p><\/p>\n<p>Folgendes ben\u00f6tigst du zum N\u00e4hen:<br>&#8211; N\u00e4hmaschine<br>&#8211; Stecknadeln oder Stoffclips<br>&#8211; Stoffschere oder Rollschneider<br>&#8211; Drucker oder Beamer<br>&#8211; Gummiband<br>&#8211; T\u00fcddelkram (Kn\u00f6pfe, Label, etc.)<\/p>\t\t\t\t\t\t<\/div>\n\t\t\t\t<\/div>\n\t\t\t\t\t<\/div>\n\t\t<\/div>\n\t\t\t\t\t<\/div>\n\t\t<\/section>\n\t\t\t\t<\/div>\n\t\t","protected":false},"excerpt":{"rendered":"<p>Der Knackerpups ist eine Slim Fit Hose f\u00fcr Kinder.<\/p>\n","protected":false},"featured_media":7802,"comment_status":"open","ping_status":"closed","template":"","meta":{"site-sidebar-layout":"default","site-content-layout":"default","ast-global-header-display":"","ast-banner-title-visibility":"","ast-main-header-display":"","ast-hfb-above-header-display":"","ast-hfb-below-header-display":"","ast-hfb-mobile-header-display":"","site-post-title":"disabled","ast-breadcrumbs-content":"","ast-featured-img":"disabled","footer-sml-layout":"","theme-transparent-header-meta":"default","adv-header-id-meta":"","stick-header-meta":"","header-above-stick-meta":"","header-main-stick-meta":"","header-below-stick-meta":""},"product_cat":[15],"product_tag":[],"yoast_head":"<!-- This site is optimized with the Yoast SEO plugin v21.8.1 - https:\/\/yoast.com\/wordpress\/plugins\/seo\/ -->\n<title>Der Knackerpups f\u00fcr gro\u00dfe Kids (92-146) - Jonelli Fashion<\/title>\n<meta name=\"description\" content=\"Der Knackerpups ist eine Slim Fit Hose f\u00fcr Kinder.\" \/>\n<meta name=\"robots\" content=\"index, follow, max-snippet:-1, max-image-preview:large, max-video-preview:-1\" \/>\n<link rel=\"canonical\" href=\"https:\/\/jonelli-fashion.de\/index.php\/produkt\/der-knackerpups-fuer-grosse-kids-92-146\/\" \/>\n<meta property=\"og:locale\" content=\"de_DE\" \/>\n<meta property=\"og:type\" content=\"article\" \/>\n<meta property=\"og:title\" content=\"Der Knackerpups f\u00fcr gro\u00dfe Kids (92-146) - Jonelli Fashion\" \/>\n<meta property=\"og:description\" content=\"Der Knackerpups ist eine Slim Fit Hose f\u00fcr Kinder.\" \/>\n<meta property=\"og:url\" content=\"https:\/\/jonelli-fashion.de\/index.php\/produkt\/der-knackerpups-fuer-grosse-kids-92-146\/\" \/>\n<meta property=\"og:site_name\" content=\"Jonelli Fashion\" \/>\n<meta property=\"article:modified_time\" content=\"2024-03-03T09:47:20+00:00\" \/>\n<meta property=\"og:image\" content=\"https:\/\/jonelli-fashion.de\/wp-content\/uploads\/2022\/09\/Der-Knackerpups-grosse-Kids-Produktbild.jpg\" \/>\n\t<meta property=\"og:image:width\" content=\"1414\" \/>\n\t<meta property=\"og:image:height\" content=\"2000\" \/>\n\t<meta property=\"og:image:type\" content=\"image\/jpeg\" \/>\n<meta name=\"twitter:card\" content=\"summary_large_image\" \/>\n<meta name=\"twitter:label1\" content=\"Gesch\u00e4tzte Lesezeit\" \/>\n\t<meta name=\"twitter:data1\" content=\"2\u00a0Minuten\" \/>\n<script type=\"application\/ld+json\" class=\"yoast-schema-graph\">{\"@context\":\"https:\/\/schema.org\",\"@graph\":[{\"@type\":\"WebPage\",\"@id\":\"https:\/\/jonelli-fashion.de\/index.php\/produkt\/der-knackerpups-fuer-grosse-kids-92-146\/\",\"url\":\"https:\/\/jonelli-fashion.de\/index.php\/produkt\/der-knackerpups-fuer-grosse-kids-92-146\/\",\"name\":\"Der Knackerpups f\u00fcr gro\u00dfe Kids (92-146) - Jonelli Fashion\",\"isPartOf\":{\"@id\":\"https:\/\/jonelli-fashion.de\/#website\"},\"datePublished\":\"2022-09-30T10:00:38+00:00\",\"dateModified\":\"2024-03-03T09:47:20+00:00\",\"description\":\"Der Knackerpups ist eine Slim Fit Hose f\u00fcr Kinder.\",\"breadcrumb\":{\"@id\":\"https:\/\/jonelli-fashion.de\/index.php\/produkt\/der-knackerpups-fuer-grosse-kids-92-146\/#breadcrumb\"},\"inLanguage\":\"de\",\"potentialAction\":[{\"@type\":\"ReadAction\",\"target\":[\"https:\/\/jonelli-fashion.de\/index.php\/produkt\/der-knackerpups-fuer-grosse-kids-92-146\/\"]}]},{\"@type\":\"BreadcrumbList\",\"@id\":\"https:\/\/jonelli-fashion.de\/index.php\/produkt\/der-knackerpups-fuer-grosse-kids-92-146\/#breadcrumb\",\"itemListElement\":[{\"@type\":\"ListItem\",\"position\":1,\"name\":\"Startseite\",\"item\":\"https:\/\/jonelli-fashion.de\/\"},{\"@type\":\"ListItem\",\"position\":2,\"name\":\"Shop\",\"item\":\"https:\/\/jonelli-fashion.de\/index.php\/shop\/\"},{\"@type\":\"ListItem\",\"position\":3,\"name\":\"Der Knackerpups f\u00fcr gro\u00dfe Kids (92-146)\"}]},{\"@type\":\"WebSite\",\"@id\":\"https:\/\/jonelli-fashion.de\/#website\",\"url\":\"https:\/\/jonelli-fashion.de\/\",\"name\":\"Jonelli Fashion\",\"description\":\"Wenn aus N\u00e4hen eine Leidenschaft wird\",\"potentialAction\":[{\"@type\":\"SearchAction\",\"target\":{\"@type\":\"EntryPoint\",\"urlTemplate\":\"https:\/\/jonelli-fashion.de\/?s={search_term_string}\"},\"query-input\":\"required name=search_term_string\"}],\"inLanguage\":\"de\"}]}<\/script>\n<!-- \/ Yoast SEO plugin. -->","yoast_head_json":{"title":"Der Knackerpups f\u00fcr gro\u00dfe Kids (92-146) - Jonelli Fashion","description":"Der Knackerpups ist eine Slim Fit Hose f\u00fcr Kinder.","robots":{"index":"index","follow":"follow","max-snippet":"max-snippet:-1","max-image-preview":"max-image-preview:large","max-video-preview":"max-video-preview:-1"},"canonical":"https:\/\/jonelli-fashion.de\/index.php\/produkt\/der-knackerpups-fuer-grosse-kids-92-146\/","og_locale":"de_DE","og_type":"article","og_title":"Der Knackerpups f\u00fcr gro\u00dfe Kids (92-146) - Jonelli Fashion","og_description":"Der Knackerpups ist eine Slim Fit Hose f\u00fcr Kinder.","og_url":"https:\/\/jonelli-fashion.de\/index.php\/produkt\/der-knackerpups-fuer-grosse-kids-92-146\/","og_site_name":"Jonelli Fashion","article_modified_time":"2024-03-03T09:47:20+00:00","og_image":[{"width":1414,"height":2000,"url":"https:\/\/jonelli-fashion.de\/wp-content\/uploads\/2022\/09\/Der-Knackerpups-grosse-Kids-Produktbild.jpg","type":"image\/jpeg"}],"twitter_card":"summary_large_image","twitter_misc":{"Gesch\u00e4tzte Lesezeit":"2\u00a0Minuten"},"schema":{"@context":"https:\/\/schema.org","@graph":[{"@type":"WebPage","@id":"https:\/\/jonelli-fashion.de\/index.php\/produkt\/der-knackerpups-fuer-grosse-kids-92-146\/","url":"https:\/\/jonelli-fashion.de\/index.php\/produkt\/der-knackerpups-fuer-grosse-kids-92-146\/","name":"Der Knackerpups f\u00fcr gro\u00dfe Kids (92-146) - Jonelli Fashion","isPartOf":{"@id":"https:\/\/jonelli-fashion.de\/#website"},"datePublished":"2022-09-30T10:00:38+00:00","dateModified":"2024-03-03T09:47:20+00:00","description":"Der Knackerpups ist eine Slim Fit Hose f\u00fcr Kinder.","breadcrumb":{"@id":"https:\/\/jonelli-fashion.de\/index.php\/produkt\/der-knackerpups-fuer-grosse-kids-92-146\/#breadcrumb"},"inLanguage":"de","potentialAction":[{"@type":"ReadAction","target":["https:\/\/jonelli-fashion.de\/index.php\/produkt\/der-knackerpups-fuer-grosse-kids-92-146\/"]}]},{"@type":"BreadcrumbList","@id":"https:\/\/jonelli-fashion.de\/index.php\/produkt\/der-knackerpups-fuer-grosse-kids-92-146\/#breadcrumb","itemListElement":[{"@type":"ListItem","position":1,"name":"Startseite","item":"https:\/\/jonelli-fashion.de\/"},{"@type":"ListItem","position":2,"name":"Shop","item":"https:\/\/jonelli-fashion.de\/index.php\/shop\/"},{"@type":"ListItem","position":3,"name":"Der Knackerpups f\u00fcr gro\u00dfe Kids (92-146)"}]},{"@type":"WebSite","@id":"https:\/\/jonelli-fashion.de\/#website","url":"https:\/\/jonelli-fashion.de\/","name":"Jonelli Fashion","description":"Wenn aus N\u00e4hen eine Leidenschaft wird","potentialAction":[{"@type":"SearchAction","target":{"@type":"EntryPoint","urlTemplate":"https:\/\/jonelli-fashion.de\/?s={search_term_string}"},"query-input":"required name=search_term_string"}],"inLanguage":"de"}]}},"_links":{"self":[{"href":"https:\/\/jonelli-fashion.de\/index.php\/wp-json\/wp\/v2\/product\/7797"}],"collection":[{"href":"https:\/\/jonelli-fashion.de\/index.php\/wp-json\/wp\/v2\/product"}],"about":[{"href":"https:\/\/jonelli-fashion.de\/index.php\/wp-json\/wp\/v2\/types\/product"}],"replies":[{"embeddable":true,"href":"https:\/\/jonelli-fashion.de\/index.php\/wp-json\/wp\/v2\/comments?post=7797"}],"version-history":[{"count":21,"href":"https:\/\/jonelli-fashion.de\/index.php\/wp-json\/wp\/v2\/product\/7797\/revisions"}],"predecessor-version":[{"id":7916,"href":"https:\/\/jonelli-fashion.de\/index.php\/wp-json\/wp\/v2\/product\/7797\/revisions\/7916"}],"wp:featuredmedia":[{"embeddable":true,"href":"https:\/\/jonelli-fashion.de\/index.php\/wp-json\/wp\/v2\/media\/7802"}],"wp:attachment":[{"href":"https:\/\/jonelli-fashion.de\/index.php\/wp-json\/wp\/v2\/media?parent=7797"}],"wp:term":[{"taxonomy":"product_cat","embeddable":true,"href":"https:\/\/jonelli-fashion.de\/index.php\/wp-json\/wp\/v2\/product_cat?post=7797"},{"taxonomy":"product_tag","embeddable":true,"href":"https:\/\/jonelli-fashion.de\/index.php\/wp-json\/wp\/v2\/product_tag?post=7797"}],"curies":[{"name":"wp","href":"https:\/\/api.w.org\/{rel}","templated":true}]}}