{"id":7893,"date":"2022-09-30T12:00:50","date_gmt":"2022-09-30T10:00:50","guid":{"rendered":"https:\/\/jonelli-fashion.de\/?post_type=product&#038;p=7893"},"modified":"2022-10-05T00:00:03","modified_gmt":"2022-10-04T22:00:03","slug":"kombi-ebook-der-knackerpups-groesse-56-146","status":"publish","type":"product","link":"https:\/\/jonelli-fashion.de\/index.php\/produkt\/kombi-ebook-der-knackerpups-groesse-56-146\/","title":{"rendered":"Kombi-eBook Der Knackerpups (Gr\u00f6\u00dfe 56-146)"},"content":{"rendered":"\t\t<div data-elementor-type=\"wp-post\" data-elementor-id=\"7893\" class=\"elementor elementor-7893\">\n\t\t\t\t\t\t<section class=\"elementor-section elementor-top-section elementor-element elementor-element-2427ac2 elementor-section-boxed elementor-section-height-default elementor-section-height-default\" data-id=\"2427ac2\" data-element_type=\"section\">\n\t\t\t\t\t\t<div class=\"elementor-container elementor-column-gap-default\">\n\t\t\t\t\t<div class=\"elementor-column elementor-col-100 elementor-top-column elementor-element elementor-element-6302654\" data-id=\"6302654\" data-element_type=\"column\">\n\t\t\t<div class=\"elementor-widget-wrap elementor-element-populated\">\n\t\t\t\t\t\t<div class=\"elementor-element elementor-element-aad623e elementor-widget elementor-widget-text-editor\" data-id=\"aad623e\" data-element_type=\"widget\" data-widget_type=\"text-editor.default\">\n\t\t\t\t<div class=\"elementor-widget-container\">\n\t\t\t\t\t\t\t<p>Der Knackerpups ist eine<b>\u00a0<\/b><b>Slim Fit Hose<\/b>\u00a0f\u00fcr Kinder. Mit diesem Kombi-eBook erh\u00e4ltst du den Schnitt in den <br \/>Gr\u00f6\u00dfen 56-110(Windelversion) &amp; 92-146.\u00a0<\/p><p>Die Hose bietet vorne\u00a0<b>Hosentaschen<\/b>, welche auch als\u00a0<b>Fake-Taschen<\/b>\u00a0gen\u00e4ht werden k\u00f6nnen. Am R\u00fcckteil besteht die Option der\u00a0<b>Ges\u00e4\u00dftaschen<\/b>.<\/p><p>Charakteristisch f\u00fcr den Knackerpups ist die<b>\u00a0<\/b><b>runde Passe<\/b>\u00a0am R\u00fcckteil, welche einen besonders sch\u00f6nen Po zaubert.<\/p><p>Die Hose wird mit einem\u00a0<b>durchgehenden Bund<\/b>\u00a0mit Gummieinzug gen\u00e4ht.<\/p><p class=\"_04xlpA direction-ltr align-start para-style-body\"><span class=\"JsGRdQ\">F\u00fcr den Knackerpups eignen sich\u00a0<\/span><span class=\"JsGRdQ\"><b>dehnbare Stoffe<\/b><\/span><span class=\"JsGRdQ\">, wie bspw. Jeans Jersey, French Terry, Sweat, elastischer Cord, o.\u00e4.<br \/><\/span><span class=\"JsGRdQ\">***\u00a0<\/span><span class=\"JsGRdQ\">F\u00fcr die\u00a0<b>gr\u00f6\u00dferen Kids<\/b>\u00a0eignen sich au\u00dferdem\u00a0<\/span><span class=\"JsGRdQ\"><b>Hosenstoffe<\/b>\u00a0mit einem\u00a0<b>hohen Elasthananteil<\/b><\/span><span class=\"JsGRdQ\">, wie bspw. Super Stretch Jeans oder Jeans Jogging.\u00a0<\/span>Leider ist der Elasthananteil oft nicht aussagekr\u00e4ftig bez\u00fcglich der Dehnbarkeit des Stoffes. Achte also darauf, dass der Stoff zumindest eine gewisse Dehnbarkeit aufweist!\u00a0Au\u00dferdem sollte der Stoff mindestens 220g\/m\u00b2 Gewicht haben.<\/p><p>Durch die sehr detaillierte, bebilderte Anleitung ist der Schnitt sowohl f\u00fcr\u00a0<b>Anf\u00e4nger,<\/b>\u00a0als auch f\u00fcr\u00a0<b>fortgeschrittene\u00a0N\u00e4her\/innen<\/b>\u00a0geeignet.<\/p><p>Das eBook beinhaltet eine<b>\u00a0A4 Datei<\/b>\u00a0(mit Ebenenfunktion), sowie mehrere\u00a0<b>A0 Datei mit Ebenenfunktion<\/b>\u00a0f\u00fcr den Zuschnitt mit dem Beamer.<br \/>Eine Nahtzugabe von 1,0 cm ist bereits im Schnitt enthalten.<\/p><p>\u00a0<\/p><p>Folgendes ben\u00f6tigst du zum N\u00e4hen:<br \/>&#8211; N\u00e4hmaschine<br \/>&#8211; Stecknadeln oder Stoffclips<br \/>&#8211; Stoffschere oder Rollschneider<br \/>&#8211; Drucker oder Beamer<br \/>&#8211; Gummiband<br \/>&#8211; T\u00fcddelkram (Kn\u00f6pfe, Label, etc.)<\/p>\t\t\t\t\t\t<\/div>\n\t\t\t\t<\/div>\n\t\t\t\t\t<\/div>\n\t\t<\/div>\n\t\t\t\t\t<\/div>\n\t\t<\/section>\n\t\t\t\t<\/div>\n\t\t","protected":false},"excerpt":{"rendered":"<p>Der Knackerpups ist eine Slim Fit Hose f\u00fcr Kinder. Mit dem Kombi-eBook erh\u00e4ltst du den Schnitt in den Gr\u00f6\u00dfen 56-110 &amp; 92-146.<\/p>\n","protected":false},"featured_media":7889,"comment_status":"open","ping_status":"closed","template":"","meta":{"site-sidebar-layout":"default","site-content-layout":"default","ast-global-header-display":"","ast-banner-title-visibility":"","ast-main-header-display":"","ast-hfb-above-header-display":"","ast-hfb-below-header-display":"","ast-hfb-mobile-header-display":"","site-post-title":"disabled","ast-breadcrumbs-content":"","ast-featured-img":"disabled","footer-sml-layout":"","theme-transparent-header-meta":"default","adv-header-id-meta":"","stick-header-meta":"","header-above-stick-meta":"","header-main-stick-meta":"","header-below-stick-meta":""},"product_cat":[15],"product_tag":[],"yoast_head":"<!-- This site is optimized with the Yoast SEO plugin v21.8.1 - https:\/\/yoast.com\/wordpress\/plugins\/seo\/ -->\n<title>Kombi-eBook Der Knackerpups (Gr\u00f6\u00dfe 56-146) - Jonelli Fashion<\/title>\n<meta name=\"description\" content=\"Der Knackerpups ist eine Slim Fit Hose f\u00fcr Kinder. Mit dem Kombi-eBook erh\u00e4ltst du den Schnitt in den Gr\u00f6\u00dfen 56-110 &amp; 92-146.\" \/>\n<meta name=\"robots\" content=\"index, follow, max-snippet:-1, max-image-preview:large, max-video-preview:-1\" \/>\n<link rel=\"canonical\" href=\"https:\/\/jonelli-fashion.de\/index.php\/produkt\/kombi-ebook-der-knackerpups-groesse-56-146\/\" \/>\n<meta property=\"og:locale\" content=\"de_DE\" \/>\n<meta property=\"og:type\" content=\"article\" \/>\n<meta property=\"og:title\" content=\"Kombi-eBook Der Knackerpups (Gr\u00f6\u00dfe 56-146) - Jonelli Fashion\" \/>\n<meta property=\"og:description\" content=\"Der Knackerpups ist eine Slim Fit Hose f\u00fcr Kinder. Mit dem Kombi-eBook erh\u00e4ltst du den Schnitt in den Gr\u00f6\u00dfen 56-110 &amp; 92-146.\" \/>\n<meta property=\"og:url\" content=\"https:\/\/jonelli-fashion.de\/index.php\/produkt\/kombi-ebook-der-knackerpups-groesse-56-146\/\" \/>\n<meta property=\"og:site_name\" content=\"Jonelli Fashion\" \/>\n<meta property=\"article:modified_time\" content=\"2022-10-04T22:00:03+00:00\" \/>\n<meta property=\"og:image\" content=\"https:\/\/jonelli-fashion.de\/wp-content\/uploads\/2022\/09\/Titelbilder-Shop-Kombi-1.jpg\" \/>\n\t<meta property=\"og:image:width\" content=\"1414\" \/>\n\t<meta property=\"og:image:height\" content=\"2000\" \/>\n\t<meta property=\"og:image:type\" content=\"image\/jpeg\" \/>\n<meta name=\"twitter:card\" content=\"summary_large_image\" \/>\n<meta name=\"twitter:label1\" content=\"Gesch\u00e4tzte Lesezeit\" \/>\n\t<meta name=\"twitter:data1\" content=\"2\u00a0Minuten\" \/>\n<script type=\"application\/ld+json\" class=\"yoast-schema-graph\">{\"@context\":\"https:\/\/schema.org\",\"@graph\":[{\"@type\":\"WebPage\",\"@id\":\"https:\/\/jonelli-fashion.de\/index.php\/produkt\/kombi-ebook-der-knackerpups-groesse-56-146\/\",\"url\":\"https:\/\/jonelli-fashion.de\/index.php\/produkt\/kombi-ebook-der-knackerpups-groesse-56-146\/\",\"name\":\"Kombi-eBook Der Knackerpups (Gr\u00f6\u00dfe 56-146) - Jonelli Fashion\",\"isPartOf\":{\"@id\":\"https:\/\/jonelli-fashion.de\/#website\"},\"datePublished\":\"2022-09-30T10:00:50+00:00\",\"dateModified\":\"2022-10-04T22:00:03+00:00\",\"description\":\"Der Knackerpups ist eine Slim Fit Hose f\u00fcr Kinder. Mit dem Kombi-eBook erh\u00e4ltst du den Schnitt in den Gr\u00f6\u00dfen 56-110 & 92-146.\",\"breadcrumb\":{\"@id\":\"https:\/\/jonelli-fashion.de\/index.php\/produkt\/kombi-ebook-der-knackerpups-groesse-56-146\/#breadcrumb\"},\"inLanguage\":\"de\",\"potentialAction\":[{\"@type\":\"ReadAction\",\"target\":[\"https:\/\/jonelli-fashion.de\/index.php\/produkt\/kombi-ebook-der-knackerpups-groesse-56-146\/\"]}]},{\"@type\":\"BreadcrumbList\",\"@id\":\"https:\/\/jonelli-fashion.de\/index.php\/produkt\/kombi-ebook-der-knackerpups-groesse-56-146\/#breadcrumb\",\"itemListElement\":[{\"@type\":\"ListItem\",\"position\":1,\"name\":\"Startseite\",\"item\":\"https:\/\/jonelli-fashion.de\/\"},{\"@type\":\"ListItem\",\"position\":2,\"name\":\"Shop\",\"item\":\"https:\/\/jonelli-fashion.de\/index.php\/shop\/\"},{\"@type\":\"ListItem\",\"position\":3,\"name\":\"Kombi-eBook Der Knackerpups (Gr\u00f6\u00dfe 56-146)\"}]},{\"@type\":\"WebSite\",\"@id\":\"https:\/\/jonelli-fashion.de\/#website\",\"url\":\"https:\/\/jonelli-fashion.de\/\",\"name\":\"Jonelli Fashion\",\"description\":\"Wenn aus N\u00e4hen eine Leidenschaft wird\",\"potentialAction\":[{\"@type\":\"SearchAction\",\"target\":{\"@type\":\"EntryPoint\",\"urlTemplate\":\"https:\/\/jonelli-fashion.de\/?s={search_term_string}\"},\"query-input\":\"required name=search_term_string\"}],\"inLanguage\":\"de\"}]}<\/script>\n<!-- \/ Yoast SEO plugin. -->","yoast_head_json":{"title":"Kombi-eBook Der Knackerpups (Gr\u00f6\u00dfe 56-146) - Jonelli Fashion","description":"Der Knackerpups ist eine Slim Fit Hose f\u00fcr Kinder. Mit dem Kombi-eBook erh\u00e4ltst du den Schnitt in den Gr\u00f6\u00dfen 56-110 & 92-146.","robots":{"index":"index","follow":"follow","max-snippet":"max-snippet:-1","max-image-preview":"max-image-preview:large","max-video-preview":"max-video-preview:-1"},"canonical":"https:\/\/jonelli-fashion.de\/index.php\/produkt\/kombi-ebook-der-knackerpups-groesse-56-146\/","og_locale":"de_DE","og_type":"article","og_title":"Kombi-eBook Der Knackerpups (Gr\u00f6\u00dfe 56-146) - Jonelli Fashion","og_description":"Der Knackerpups ist eine Slim Fit Hose f\u00fcr Kinder. Mit dem Kombi-eBook erh\u00e4ltst du den Schnitt in den Gr\u00f6\u00dfen 56-110 & 92-146.","og_url":"https:\/\/jonelli-fashion.de\/index.php\/produkt\/kombi-ebook-der-knackerpups-groesse-56-146\/","og_site_name":"Jonelli Fashion","article_modified_time":"2022-10-04T22:00:03+00:00","og_image":[{"width":1414,"height":2000,"url":"https:\/\/jonelli-fashion.de\/wp-content\/uploads\/2022\/09\/Titelbilder-Shop-Kombi-1.jpg","type":"image\/jpeg"}],"twitter_card":"summary_large_image","twitter_misc":{"Gesch\u00e4tzte Lesezeit":"2\u00a0Minuten"},"schema":{"@context":"https:\/\/schema.org","@graph":[{"@type":"WebPage","@id":"https:\/\/jonelli-fashion.de\/index.php\/produkt\/kombi-ebook-der-knackerpups-groesse-56-146\/","url":"https:\/\/jonelli-fashion.de\/index.php\/produkt\/kombi-ebook-der-knackerpups-groesse-56-146\/","name":"Kombi-eBook Der Knackerpups (Gr\u00f6\u00dfe 56-146) - Jonelli Fashion","isPartOf":{"@id":"https:\/\/jonelli-fashion.de\/#website"},"datePublished":"2022-09-30T10:00:50+00:00","dateModified":"2022-10-04T22:00:03+00:00","description":"Der Knackerpups ist eine Slim Fit Hose f\u00fcr Kinder. Mit dem Kombi-eBook erh\u00e4ltst du den Schnitt in den Gr\u00f6\u00dfen 56-110 & 92-146.","breadcrumb":{"@id":"https:\/\/jonelli-fashion.de\/index.php\/produkt\/kombi-ebook-der-knackerpups-groesse-56-146\/#breadcrumb"},"inLanguage":"de","potentialAction":[{"@type":"ReadAction","target":["https:\/\/jonelli-fashion.de\/index.php\/produkt\/kombi-ebook-der-knackerpups-groesse-56-146\/"]}]},{"@type":"BreadcrumbList","@id":"https:\/\/jonelli-fashion.de\/index.php\/produkt\/kombi-ebook-der-knackerpups-groesse-56-146\/#breadcrumb","itemListElement":[{"@type":"ListItem","position":1,"name":"Startseite","item":"https:\/\/jonelli-fashion.de\/"},{"@type":"ListItem","position":2,"name":"Shop","item":"https:\/\/jonelli-fashion.de\/index.php\/shop\/"},{"@type":"ListItem","position":3,"name":"Kombi-eBook Der Knackerpups (Gr\u00f6\u00dfe 56-146)"}]},{"@type":"WebSite","@id":"https:\/\/jonelli-fashion.de\/#website","url":"https:\/\/jonelli-fashion.de\/","name":"Jonelli Fashion","description":"Wenn aus N\u00e4hen eine Leidenschaft wird","potentialAction":[{"@type":"SearchAction","target":{"@type":"EntryPoint","urlTemplate":"https:\/\/jonelli-fashion.de\/?s={search_term_string}"},"query-input":"required name=search_term_string"}],"inLanguage":"de"}]}},"_links":{"self":[{"href":"https:\/\/jonelli-fashion.de\/index.php\/wp-json\/wp\/v2\/product\/7893"}],"collection":[{"href":"https:\/\/jonelli-fashion.de\/index.php\/wp-json\/wp\/v2\/product"}],"about":[{"href":"https:\/\/jonelli-fashion.de\/index.php\/wp-json\/wp\/v2\/types\/product"}],"replies":[{"embeddable":true,"href":"https:\/\/jonelli-fashion.de\/index.php\/wp-json\/wp\/v2\/comments?post=7893"}],"version-history":[{"count":13,"href":"https:\/\/jonelli-fashion.de\/index.php\/wp-json\/wp\/v2\/product\/7893\/revisions"}],"predecessor-version":[{"id":7906,"href":"https:\/\/jonelli-fashion.de\/index.php\/wp-json\/wp\/v2\/product\/7893\/revisions\/7906"}],"wp:featuredmedia":[{"embeddable":true,"href":"https:\/\/jonelli-fashion.de\/index.php\/wp-json\/wp\/v2\/media\/7889"}],"wp:attachment":[{"href":"https:\/\/jonelli-fashion.de\/index.php\/wp-json\/wp\/v2\/media?parent=7893"}],"wp:term":[{"taxonomy":"product_cat","embeddable":true,"href":"https:\/\/jonelli-fashion.de\/index.php\/wp-json\/wp\/v2\/product_cat?post=7893"},{"taxonomy":"product_tag","embeddable":true,"href":"https:\/\/jonelli-fashion.de\/index.php\/wp-json\/wp\/v2\/product_tag?post=7893"}],"curies":[{"name":"wp","href":"https:\/\/api.w.org\/{rel}","templated":true}]}}