{"id":839,"date":"2020-12-21T11:04:52","date_gmt":"2020-12-21T10:04:52","guid":{"rendered":"https:\/\/jonelli-fashion.de\/?post_type=product&#038;p=839"},"modified":"2022-06-06T20:50:08","modified_gmt":"2022-06-06T18:50:08","slug":"schmeichel-teil-groesse-34-50","status":"publish","type":"product","link":"https:\/\/jonelli-fashion.de\/index.php\/produkt\/schmeichel-teil-groesse-34-50\/","title":{"rendered":"Schmeichel-Teil (Gr\u00f6\u00dfe 34-50)"},"content":{"rendered":"\t\t<div data-elementor-type=\"wp-post\" data-elementor-id=\"839\" class=\"elementor elementor-839\">\n\t\t\t\t\t\t<section class=\"elementor-section elementor-top-section elementor-element elementor-element-5742ffc elementor-section-boxed elementor-section-height-default elementor-section-height-default\" data-id=\"5742ffc\" data-element_type=\"section\">\n\t\t\t\t\t\t<div class=\"elementor-container elementor-column-gap-default\">\n\t\t\t\t\t<div class=\"elementor-column elementor-col-100 elementor-top-column elementor-element elementor-element-06be95b\" data-id=\"06be95b\" data-element_type=\"column\">\n\t\t\t<div class=\"elementor-widget-wrap elementor-element-populated\">\n\t\t\t\t\t\t<div class=\"elementor-element elementor-element-c362cb2 elementor-widget elementor-widget-text-editor\" data-id=\"c362cb2\" data-element_type=\"widget\" data-widget_type=\"text-editor.default\">\n\t\t\t\t<div class=\"elementor-widget-container\">\n\t\t\t\t\t\t\t<p><span style=\"color: #000000;\"><span style=\"font-family: YACgEdeqDWI 0, fb, auto;\"><span style=\"font-size: medium;\">Das Schmeichel-Teil tr\u00e4gt seinen Namen nicht ohne&nbsp;<\/span><\/span><\/span><span style=\"font-size: medium; color: #000000;\">Grund. Der Schnitt ist eher <\/span><b style=\"font-size: medium; font-style: inherit; color: #000000;\">oversize<\/b><span style=\"font-size: medium; color: #000000;\"> angehaucht und&nbsp;<\/span><span style=\"font-size: medium; color: #000000;\">kaschiert dadurch genau die K\u00f6rperregionen, die Frauen gerne mal etwas verstecken wollen. Der Schnitt ist vom Sitz her sehr locker. Sollte dir das nicht zusagen findest du jedoch eine Anleitung, wie du dir dein Schmeichel-Teil in der Breite anpassen kannst.<\/span><\/p>\n<p><span style=\"color: #000000;\"><span style=\"font-family: YACgEdeqDWI 0, fb, auto;\"><span style=\"font-size: medium;\">Das Schmeichel-Teil kann entweder mit <b>Kapuze<\/b> als Hoodie oder aber mit <b>B\u00fcndchen<\/b> oder <b>Belegen<\/b> als Sweater gen\u00e4ht werden. Die Kapuze ist durch den Mittelstreifen sehr gro\u00df und wird am besten mit dickem Steppstoff gef\u00fcttert. Solltest du keinen dicken Stepper haben, empfehle ich dir die Kapuze mit Vlieseline zu verst\u00e4rken. Auch dazu findest du eine Anleitung im eBook. Optional kannst du die Kapuze auch ohne den Mittelstreifen n\u00e4hen, dann ist sie etwas kleiner.<\/span><\/span><\/span><\/p>\n<p><span style=\"color: #000000;\"><span style=\"font-family: YACgEdeqDWI 0, fb, auto;\"><span style=\"font-size: medium;\">Die <b>\u00fcberschnittenen \u00c4rmel<\/b> sind ebenfalls eine Besonderheit. <\/span><\/span><\/span><\/p>\n<p><span style=\"color: #000000;\"><span style=\"font-family: YACgEdeqDWI 0, fb, auto;\"><span style=\"font-size: medium;\">Der Schnitt besticht durch seine Schlichtheit und die <b>Vokuhila-Form<\/b> des Vorder- und R\u00fcckteils. <\/span><\/span><\/span><\/p>\n<p><span style=\"font-size: medium;\"><span style=\"color: #000000;\"><span style=\"font-family: YACgEdeqDWI 0, fb, auto;\">Zudem kannst du dein Schmeichel-Teil mit <\/span><\/span><span style=\"color: #000000;\"><span style=\"font-family: YACgEdeqDWI 0, fb, auto;\"><b>Taschen<\/b><\/span><\/span> <span style=\"color: #000000;\"><span style=\"font-family: YACgEdeqDWI 0, fb, auto;\">versehen, was vor allem bei Unifarben nochmals aufwertet.<\/span><\/span> <\/span><\/p>\n<p><span style=\"font-size: medium;\"><span style=\"color: #000000;\">F\u00fcr das Schmeichel-Teil eignen sich <b>dickere dehnbare Stoffe<\/b>, wie French Terry, Jacquard, Wintersweat, aber auch Fein- und Grobstrick.<\/span><\/span><\/p>\n<p><span style=\"font-size: medium;\"><span style=\"color: #000000;\">Hier findest du ein paar Angaben zum <b>Stoffverbrauch<\/b> bei einer Stoffbreite von 1,5m:<br><\/span><\/span><span style=\"font-size: 16px; color: rgb(0, 0, 0);\">Schmeichel-Teil ohne Kapuze Gr\u00f6\u00dfe 34-42: 1,5m<br><\/span><span style=\"font-size: 16px; color: rgb(0, 0, 0);\">Schmeichel-Teil ohne Kapuze Gr\u00f6\u00dfe 44-50: 1,7m<\/span><\/p>\n<p><span style=\"font-size: medium;\"><span style=\"color: #000000;\"><span style=\"font-family: YACgEdeqDWI 0, fb, auto;\">Schmeichel-Teil mit Kapuze Gr\u00f6\u00dfe 34-42: 1,7m<br>Schmeichel-Teil mit Kapuze Gr\u00f6\u00dfe 44-50: 2,0m<\/span><\/span><\/span><\/p>\n<p><span style=\"font-size: medium;\"><span style=\"color: #000000;\"><span style=\"font-family: YACgEdeqDWI 0, fb, auto;\">Futter Kapuze Gr\u00f6\u00dfe 34-50: 0,65m<br><\/span><\/span><\/span><\/p>\n<p><span style=\"font-size: medium;\"><span style=\"color: #000000;\"><span style=\"font-family: YACgEdeqDWI 0, fb, auto;\">Au\u00dferdem ben\u00f6tigst du folgende Materialien:<br><\/span><\/span><\/span><span style=\"font-size: 16px; font-style: normal; font-weight: 400;\">\u2013 N\u00e4hmaschine<\/span><br style=\"font-size: 16px;\"><span style=\"font-size: 16px; font-style: normal; font-weight: 400;\">\u2013 Stecknadeln oder Stoffclips<\/span><br style=\"font-size: 16px;\"><span style=\"font-size: 16px; font-style: normal; font-weight: 400;\">\u2013 Stoffschere oder Rollschneider<\/span><br style=\"font-size: 16px;\"><span style=\"font-size: 16px; font-style: normal; font-weight: 400;\">\u2013 Drucker<\/span><br style=\"font-size: 16px;\"><span style=\"font-size: 16px; font-style: normal; font-weight: 400;\">&#8211; ggf. T\u00fcddelkram<br>&#8211; ggf. Vlieseline<\/span><\/p>\n<p><b style=\"font-size: 16px;\">Inklusive A4 Datei, A0 Datei &amp; Beamerdatei mit Ebenenfunktion<\/b><br><\/p>\t\t\t\t\t\t<\/div>\n\t\t\t\t<\/div>\n\t\t\t\t\t<\/div>\n\t\t<\/div>\n\t\t\t\t\t<\/div>\n\t\t<\/section>\n\t\t\t\t<\/div>\n\t\t","protected":false},"excerpt":{"rendered":"<p>Das Schmeichel-Teil ist ein vielseitiger Schnitt f\u00fcr ein Damenoberteil in Gr\u00f6\u00dfe 34-50.<\/p>\n","protected":false},"featured_media":844,"comment_status":"open","ping_status":"closed","template":"","meta":{"site-sidebar-layout":"default","site-content-layout":"default","ast-global-header-display":"","ast-banner-title-visibility":"","ast-main-header-display":"","ast-hfb-above-header-display":"","ast-hfb-below-header-display":"","ast-hfb-mobile-header-display":"","site-post-title":"","ast-breadcrumbs-content":"","ast-featured-img":"","footer-sml-layout":"","theme-transparent-header-meta":"default","adv-header-id-meta":"","stick-header-meta":"","header-above-stick-meta":"","header-main-stick-meta":"","header-below-stick-meta":""},"product_cat":[15],"product_tag":[],"yoast_head":"<!-- This site is optimized with the Yoast SEO plugin v21.8.1 - https:\/\/yoast.com\/wordpress\/plugins\/seo\/ -->\n<title>Schmeichel-Teil (Gr\u00f6\u00dfe 34-50) - Jonelli Fashion<\/title>\n<meta name=\"description\" content=\"Das Schmeichel-Teil ist ein vielseitiger Schnitt f\u00fcr ein Damenoberteil in Gr\u00f6\u00dfe 34-50.\" \/>\n<meta name=\"robots\" content=\"index, follow, max-snippet:-1, max-image-preview:large, max-video-preview:-1\" \/>\n<link rel=\"canonical\" href=\"https:\/\/jonelli-fashion.de\/index.php\/produkt\/schmeichel-teil-groesse-34-50\/\" \/>\n<meta property=\"og:locale\" content=\"de_DE\" \/>\n<meta property=\"og:type\" content=\"article\" \/>\n<meta property=\"og:title\" content=\"Schmeichel-Teil (Gr\u00f6\u00dfe 34-50) - Jonelli Fashion\" \/>\n<meta property=\"og:description\" content=\"Das Schmeichel-Teil ist ein vielseitiger Schnitt f\u00fcr ein Damenoberteil in Gr\u00f6\u00dfe 34-50.\" \/>\n<meta property=\"og:url\" content=\"https:\/\/jonelli-fashion.de\/index.php\/produkt\/schmeichel-teil-groesse-34-50\/\" \/>\n<meta property=\"og:site_name\" content=\"Jonelli Fashion\" \/>\n<meta property=\"article:modified_time\" content=\"2022-06-06T18:50:08+00:00\" \/>\n<meta property=\"og:image\" content=\"https:\/\/jonelli-fashion.de\/wp-content\/uploads\/2020\/12\/Schmeichel-Teil-Produktbild.jpg\" \/>\n\t<meta property=\"og:image:width\" content=\"1414\" \/>\n\t<meta property=\"og:image:height\" content=\"2000\" \/>\n\t<meta property=\"og:image:type\" content=\"image\/jpeg\" \/>\n<meta name=\"twitter:card\" content=\"summary_large_image\" \/>\n<meta name=\"twitter:label1\" content=\"Gesch\u00e4tzte Lesezeit\" \/>\n\t<meta name=\"twitter:data1\" content=\"1\u00a0Minute\" \/>\n<script type=\"application\/ld+json\" class=\"yoast-schema-graph\">{\"@context\":\"https:\/\/schema.org\",\"@graph\":[{\"@type\":\"WebPage\",\"@id\":\"https:\/\/jonelli-fashion.de\/index.php\/produkt\/schmeichel-teil-groesse-34-50\/\",\"url\":\"https:\/\/jonelli-fashion.de\/index.php\/produkt\/schmeichel-teil-groesse-34-50\/\",\"name\":\"Schmeichel-Teil (Gr\u00f6\u00dfe 34-50) - Jonelli Fashion\",\"isPartOf\":{\"@id\":\"https:\/\/jonelli-fashion.de\/#website\"},\"datePublished\":\"2020-12-21T10:04:52+00:00\",\"dateModified\":\"2022-06-06T18:50:08+00:00\",\"description\":\"Das Schmeichel-Teil ist ein vielseitiger Schnitt f\u00fcr ein Damenoberteil in Gr\u00f6\u00dfe 34-50.\",\"breadcrumb\":{\"@id\":\"https:\/\/jonelli-fashion.de\/index.php\/produkt\/schmeichel-teil-groesse-34-50\/#breadcrumb\"},\"inLanguage\":\"de\",\"potentialAction\":[{\"@type\":\"ReadAction\",\"target\":[\"https:\/\/jonelli-fashion.de\/index.php\/produkt\/schmeichel-teil-groesse-34-50\/\"]}]},{\"@type\":\"BreadcrumbList\",\"@id\":\"https:\/\/jonelli-fashion.de\/index.php\/produkt\/schmeichel-teil-groesse-34-50\/#breadcrumb\",\"itemListElement\":[{\"@type\":\"ListItem\",\"position\":1,\"name\":\"Startseite\",\"item\":\"https:\/\/jonelli-fashion.de\/\"},{\"@type\":\"ListItem\",\"position\":2,\"name\":\"Shop\",\"item\":\"https:\/\/jonelli-fashion.de\/index.php\/shop\/\"},{\"@type\":\"ListItem\",\"position\":3,\"name\":\"Schmeichel-Teil (Gr\u00f6\u00dfe 34-50)\"}]},{\"@type\":\"WebSite\",\"@id\":\"https:\/\/jonelli-fashion.de\/#website\",\"url\":\"https:\/\/jonelli-fashion.de\/\",\"name\":\"Jonelli Fashion\",\"description\":\"Wenn aus N\u00e4hen eine Leidenschaft wird\",\"potentialAction\":[{\"@type\":\"SearchAction\",\"target\":{\"@type\":\"EntryPoint\",\"urlTemplate\":\"https:\/\/jonelli-fashion.de\/?s={search_term_string}\"},\"query-input\":\"required name=search_term_string\"}],\"inLanguage\":\"de\"}]}<\/script>\n<!-- \/ Yoast SEO plugin. -->","yoast_head_json":{"title":"Schmeichel-Teil (Gr\u00f6\u00dfe 34-50) - Jonelli Fashion","description":"Das Schmeichel-Teil ist ein vielseitiger Schnitt f\u00fcr ein Damenoberteil in Gr\u00f6\u00dfe 34-50.","robots":{"index":"index","follow":"follow","max-snippet":"max-snippet:-1","max-image-preview":"max-image-preview:large","max-video-preview":"max-video-preview:-1"},"canonical":"https:\/\/jonelli-fashion.de\/index.php\/produkt\/schmeichel-teil-groesse-34-50\/","og_locale":"de_DE","og_type":"article","og_title":"Schmeichel-Teil (Gr\u00f6\u00dfe 34-50) - Jonelli Fashion","og_description":"Das Schmeichel-Teil ist ein vielseitiger Schnitt f\u00fcr ein Damenoberteil in Gr\u00f6\u00dfe 34-50.","og_url":"https:\/\/jonelli-fashion.de\/index.php\/produkt\/schmeichel-teil-groesse-34-50\/","og_site_name":"Jonelli Fashion","article_modified_time":"2022-06-06T18:50:08+00:00","og_image":[{"width":1414,"height":2000,"url":"https:\/\/jonelli-fashion.de\/wp-content\/uploads\/2020\/12\/Schmeichel-Teil-Produktbild.jpg","type":"image\/jpeg"}],"twitter_card":"summary_large_image","twitter_misc":{"Gesch\u00e4tzte Lesezeit":"1\u00a0Minute"},"schema":{"@context":"https:\/\/schema.org","@graph":[{"@type":"WebPage","@id":"https:\/\/jonelli-fashion.de\/index.php\/produkt\/schmeichel-teil-groesse-34-50\/","url":"https:\/\/jonelli-fashion.de\/index.php\/produkt\/schmeichel-teil-groesse-34-50\/","name":"Schmeichel-Teil (Gr\u00f6\u00dfe 34-50) - Jonelli Fashion","isPartOf":{"@id":"https:\/\/jonelli-fashion.de\/#website"},"datePublished":"2020-12-21T10:04:52+00:00","dateModified":"2022-06-06T18:50:08+00:00","description":"Das Schmeichel-Teil ist ein vielseitiger Schnitt f\u00fcr ein Damenoberteil in Gr\u00f6\u00dfe 34-50.","breadcrumb":{"@id":"https:\/\/jonelli-fashion.de\/index.php\/produkt\/schmeichel-teil-groesse-34-50\/#breadcrumb"},"inLanguage":"de","potentialAction":[{"@type":"ReadAction","target":["https:\/\/jonelli-fashion.de\/index.php\/produkt\/schmeichel-teil-groesse-34-50\/"]}]},{"@type":"BreadcrumbList","@id":"https:\/\/jonelli-fashion.de\/index.php\/produkt\/schmeichel-teil-groesse-34-50\/#breadcrumb","itemListElement":[{"@type":"ListItem","position":1,"name":"Startseite","item":"https:\/\/jonelli-fashion.de\/"},{"@type":"ListItem","position":2,"name":"Shop","item":"https:\/\/jonelli-fashion.de\/index.php\/shop\/"},{"@type":"ListItem","position":3,"name":"Schmeichel-Teil (Gr\u00f6\u00dfe 34-50)"}]},{"@type":"WebSite","@id":"https:\/\/jonelli-fashion.de\/#website","url":"https:\/\/jonelli-fashion.de\/","name":"Jonelli Fashion","description":"Wenn aus N\u00e4hen eine Leidenschaft wird","potentialAction":[{"@type":"SearchAction","target":{"@type":"EntryPoint","urlTemplate":"https:\/\/jonelli-fashion.de\/?s={search_term_string}"},"query-input":"required name=search_term_string"}],"inLanguage":"de"}]}},"_links":{"self":[{"href":"https:\/\/jonelli-fashion.de\/index.php\/wp-json\/wp\/v2\/product\/839"}],"collection":[{"href":"https:\/\/jonelli-fashion.de\/index.php\/wp-json\/wp\/v2\/product"}],"about":[{"href":"https:\/\/jonelli-fashion.de\/index.php\/wp-json\/wp\/v2\/types\/product"}],"replies":[{"embeddable":true,"href":"https:\/\/jonelli-fashion.de\/index.php\/wp-json\/wp\/v2\/comments?post=839"}],"version-history":[{"count":27,"href":"https:\/\/jonelli-fashion.de\/index.php\/wp-json\/wp\/v2\/product\/839\/revisions"}],"predecessor-version":[{"id":7100,"href":"https:\/\/jonelli-fashion.de\/index.php\/wp-json\/wp\/v2\/product\/839\/revisions\/7100"}],"wp:featuredmedia":[{"embeddable":true,"href":"https:\/\/jonelli-fashion.de\/index.php\/wp-json\/wp\/v2\/media\/844"}],"wp:attachment":[{"href":"https:\/\/jonelli-fashion.de\/index.php\/wp-json\/wp\/v2\/media?parent=839"}],"wp:term":[{"taxonomy":"product_cat","embeddable":true,"href":"https:\/\/jonelli-fashion.de\/index.php\/wp-json\/wp\/v2\/product_cat?post=839"},{"taxonomy":"product_tag","embeddable":true,"href":"https:\/\/jonelli-fashion.de\/index.php\/wp-json\/wp\/v2\/product_tag?post=839"}],"curies":[{"name":"wp","href":"https:\/\/api.w.org\/{rel}","templated":true}]}}