{"id":9123,"date":"2023-01-06T09:00:06","date_gmt":"2023-01-06T08:00:06","guid":{"rendered":"https:\/\/jonelli-fashion.de\/?post_type=product&#038;p=9123"},"modified":"2023-01-06T09:39:23","modified_gmt":"2023-01-06T08:39:23","slug":"gewerbelizenz-das-luftikuesschen-groesse-86-146","status":"publish","type":"product","link":"https:\/\/jonelli-fashion.de\/index.php\/produkt\/gewerbelizenz-das-luftikuesschen-groesse-86-146\/","title":{"rendered":"Gewerbelizenz Das Luftik\u00fcsschen (Gr\u00f6\u00dfe 86-146)"},"content":{"rendered":"\t\t<div data-elementor-type=\"wp-post\" data-elementor-id=\"9123\" class=\"elementor elementor-9123\">\n\t\t\t\t\t\t<section class=\"elementor-section elementor-top-section elementor-element elementor-element-898a673 elementor-section-boxed elementor-section-height-default elementor-section-height-default\" data-id=\"898a673\" data-element_type=\"section\">\n\t\t\t\t\t\t<div class=\"elementor-container elementor-column-gap-default\">\n\t\t\t\t\t<div class=\"elementor-column elementor-col-100 elementor-top-column elementor-element elementor-element-f7742c8\" data-id=\"f7742c8\" data-element_type=\"column\">\n\t\t\t<div class=\"elementor-widget-wrap elementor-element-populated\">\n\t\t\t\t\t\t<div class=\"elementor-element elementor-element-1fd8062 elementor-widget elementor-widget-text-editor\" data-id=\"1fd8062\" data-element_type=\"widget\" data-widget_type=\"text-editor.default\">\n\t\t\t\t<div class=\"elementor-widget-container\">\n\t\t\t\t\t\t\t<p>Mit dieser Lizenz bist du berechtigt, monatlich bis zu&nbsp;<b>30 St\u00fcck<\/b>&nbsp;deiner Werke die nach dem eBook von Jonelli Fashion gen\u00e4ht wurden zu verkaufen. Die Lizenz gilt ausschlie\u00dflich f\u00fcr das Schnittmuster<br><b>\u201eDas Luftik\u00fcsschen (Gr\u00f6\u00dfe 86-146)\u201c<\/b>. Das eBook muss separat gekauft werden. Die Massenproduktion ist untersagt. Die Gew\u00e4hrleistung und Haftung f\u00fcr das fertige Produkt, welches aus dem eBook gefertigt wird \u00fcbernimmt der Lizenznehmer. Die Quellenangabe muss beim Verkauf angegeben werden. Der Lizenznehmer verpflichtet sich, gesetzliche Vorschriften (wie zB. Textilkennzeichnungspflicht) einzuhalten.&nbsp;<\/p>\n<p><b>Die Lizenz gilt nur f\u00fcr den jeweiligen Shop, dieser muss in der Lizenz manuell eingetragen werden. Hierzu bitte unbedingt nach Kaufabwicklung eine Mail mit dem Shopnamen an&nbsp;<\/b><b><a href=\"mailto:jonelli-fashion@web.de\" target=\"_blank\" rel=\"noopener noreferrer\">i<\/a>nfo@jonelli-fashion.de&nbsp;senden. Die ausgef\u00fcllte Lizenz wird dir anschlie\u00dfend innerhalb von 1-3 Werktagen per Mail zugesandt. Die Lizenz ist nicht \u00fcbertragbar.<\/b><\/p>\t\t\t\t\t\t<\/div>\n\t\t\t\t<\/div>\n\t\t\t\t\t<\/div>\n\t\t<\/div>\n\t\t\t\t\t<\/div>\n\t\t<\/section>\n\t\t\t\t<\/div>\n\t\t","protected":false},"excerpt":{"rendered":"<p>Mit dieser Lizenz bist du berechtigt, monatlich bis zu\u00a030 St\u00fcck\u00a0deiner Werke die nach dem eBook von Jonelli Fashion gen\u00e4ht wurden zu verkaufen. Die Lizenz gilt ausschlie\u00dflich f\u00fcr das Schnittmuster \u201eDas Luftik\u00fcsschen (Gr\u00f6\u00dfe 86-146)\u201c. Das eBook muss separat gekauft werden. Die Massenproduktion ist untersagt. Die Gew\u00e4hrleistung und Haftung f\u00fcr das fertige Produkt, welches aus dem eBook &hellip;<\/p>\n<p class=\"read-more\"> <a class=\"\" href=\"https:\/\/jonelli-fashion.de\/index.php\/produkt\/gewerbelizenz-das-luftikuesschen-groesse-86-146\/\"> <span class=\"screen-reader-text\">Gewerbelizenz Das Luftik\u00fcsschen (Gr\u00f6\u00dfe 86-146)<\/span> Weiterlesen &raquo;<\/a><\/p>\n","protected":false},"featured_media":9081,"comment_status":"open","ping_status":"closed","template":"","meta":{"site-sidebar-layout":"default","site-content-layout":"default","ast-global-header-display":"","ast-banner-title-visibility":"","ast-main-header-display":"","ast-hfb-above-header-display":"","ast-hfb-below-header-display":"","ast-hfb-mobile-header-display":"","site-post-title":"disabled","ast-breadcrumbs-content":"","ast-featured-img":"disabled","footer-sml-layout":"","theme-transparent-header-meta":"default","adv-header-id-meta":"","stick-header-meta":"","header-above-stick-meta":"","header-main-stick-meta":"","header-below-stick-meta":""},"product_cat":[17],"product_tag":[],"yoast_head":"<!-- This site is optimized with the Yoast SEO plugin v21.8.1 - https:\/\/yoast.com\/wordpress\/plugins\/seo\/ -->\n<title>Gewerbelizenz Das Luftik\u00fcsschen (Gr\u00f6\u00dfe 86-146) - Jonelli Fashion<\/title>\n<meta name=\"robots\" content=\"index, follow, max-snippet:-1, max-image-preview:large, max-video-preview:-1\" \/>\n<link rel=\"canonical\" href=\"https:\/\/jonelli-fashion.de\/index.php\/produkt\/gewerbelizenz-das-luftikuesschen-groesse-86-146\/\" \/>\n<meta property=\"og:locale\" content=\"de_DE\" \/>\n<meta property=\"og:type\" content=\"article\" \/>\n<meta property=\"og:title\" content=\"Gewerbelizenz Das Luftik\u00fcsschen (Gr\u00f6\u00dfe 86-146) - Jonelli Fashion\" \/>\n<meta property=\"og:description\" content=\"Mit dieser Lizenz bist du berechtigt, monatlich bis zu\u00a030 St\u00fcck\u00a0deiner Werke die nach dem eBook von Jonelli Fashion gen\u00e4ht wurden zu verkaufen. Die Lizenz gilt ausschlie\u00dflich f\u00fcr das Schnittmuster \u201eDas Luftik\u00fcsschen (Gr\u00f6\u00dfe 86-146)\u201c. Das eBook muss separat gekauft werden. Die Massenproduktion ist untersagt. Die Gew\u00e4hrleistung und Haftung f\u00fcr das fertige Produkt, welches aus dem eBook &hellip; Gewerbelizenz Das Luftik\u00fcsschen (Gr\u00f6\u00dfe 86-146) Weiterlesen &raquo;\" \/>\n<meta property=\"og:url\" content=\"https:\/\/jonelli-fashion.de\/index.php\/produkt\/gewerbelizenz-das-luftikuesschen-groesse-86-146\/\" \/>\n<meta property=\"og:site_name\" content=\"Jonelli Fashion\" \/>\n<meta property=\"article:modified_time\" content=\"2023-01-06T08:39:23+00:00\" \/>\n<meta property=\"og:image\" content=\"https:\/\/jonelli-fashion.de\/wp-content\/uploads\/2023\/01\/Produktbild.jpg\" \/>\n\t<meta property=\"og:image:width\" content=\"1414\" \/>\n\t<meta property=\"og:image:height\" content=\"2000\" \/>\n\t<meta property=\"og:image:type\" content=\"image\/jpeg\" \/>\n<meta name=\"twitter:card\" content=\"summary_large_image\" \/>\n<meta name=\"twitter:label1\" content=\"Gesch\u00e4tzte Lesezeit\" \/>\n\t<meta name=\"twitter:data1\" content=\"1\u00a0Minute\" \/>\n<script type=\"application\/ld+json\" class=\"yoast-schema-graph\">{\"@context\":\"https:\/\/schema.org\",\"@graph\":[{\"@type\":\"WebPage\",\"@id\":\"https:\/\/jonelli-fashion.de\/index.php\/produkt\/gewerbelizenz-das-luftikuesschen-groesse-86-146\/\",\"url\":\"https:\/\/jonelli-fashion.de\/index.php\/produkt\/gewerbelizenz-das-luftikuesschen-groesse-86-146\/\",\"name\":\"Gewerbelizenz Das Luftik\u00fcsschen (Gr\u00f6\u00dfe 86-146) - Jonelli Fashion\",\"isPartOf\":{\"@id\":\"https:\/\/jonelli-fashion.de\/#website\"},\"datePublished\":\"2023-01-06T08:00:06+00:00\",\"dateModified\":\"2023-01-06T08:39:23+00:00\",\"breadcrumb\":{\"@id\":\"https:\/\/jonelli-fashion.de\/index.php\/produkt\/gewerbelizenz-das-luftikuesschen-groesse-86-146\/#breadcrumb\"},\"inLanguage\":\"de\",\"potentialAction\":[{\"@type\":\"ReadAction\",\"target\":[\"https:\/\/jonelli-fashion.de\/index.php\/produkt\/gewerbelizenz-das-luftikuesschen-groesse-86-146\/\"]}]},{\"@type\":\"BreadcrumbList\",\"@id\":\"https:\/\/jonelli-fashion.de\/index.php\/produkt\/gewerbelizenz-das-luftikuesschen-groesse-86-146\/#breadcrumb\",\"itemListElement\":[{\"@type\":\"ListItem\",\"position\":1,\"name\":\"Startseite\",\"item\":\"https:\/\/jonelli-fashion.de\/\"},{\"@type\":\"ListItem\",\"position\":2,\"name\":\"Shop\",\"item\":\"https:\/\/jonelli-fashion.de\/index.php\/shop\/\"},{\"@type\":\"ListItem\",\"position\":3,\"name\":\"Gewerbelizenz Das Luftik\u00fcsschen (Gr\u00f6\u00dfe 86-146)\"}]},{\"@type\":\"WebSite\",\"@id\":\"https:\/\/jonelli-fashion.de\/#website\",\"url\":\"https:\/\/jonelli-fashion.de\/\",\"name\":\"Jonelli Fashion\",\"description\":\"Wenn aus N\u00e4hen eine Leidenschaft wird\",\"potentialAction\":[{\"@type\":\"SearchAction\",\"target\":{\"@type\":\"EntryPoint\",\"urlTemplate\":\"https:\/\/jonelli-fashion.de\/?s={search_term_string}\"},\"query-input\":\"required name=search_term_string\"}],\"inLanguage\":\"de\"}]}<\/script>\n<!-- \/ Yoast SEO plugin. -->","yoast_head_json":{"title":"Gewerbelizenz Das Luftik\u00fcsschen (Gr\u00f6\u00dfe 86-146) - Jonelli Fashion","robots":{"index":"index","follow":"follow","max-snippet":"max-snippet:-1","max-image-preview":"max-image-preview:large","max-video-preview":"max-video-preview:-1"},"canonical":"https:\/\/jonelli-fashion.de\/index.php\/produkt\/gewerbelizenz-das-luftikuesschen-groesse-86-146\/","og_locale":"de_DE","og_type":"article","og_title":"Gewerbelizenz Das Luftik\u00fcsschen (Gr\u00f6\u00dfe 86-146) - Jonelli Fashion","og_description":"Mit dieser Lizenz bist du berechtigt, monatlich bis zu\u00a030 St\u00fcck\u00a0deiner Werke die nach dem eBook von Jonelli Fashion gen\u00e4ht wurden zu verkaufen. Die Lizenz gilt ausschlie\u00dflich f\u00fcr das Schnittmuster \u201eDas Luftik\u00fcsschen (Gr\u00f6\u00dfe 86-146)\u201c. Das eBook muss separat gekauft werden. Die Massenproduktion ist untersagt. Die Gew\u00e4hrleistung und Haftung f\u00fcr das fertige Produkt, welches aus dem eBook &hellip; Gewerbelizenz Das Luftik\u00fcsschen (Gr\u00f6\u00dfe 86-146) Weiterlesen &raquo;","og_url":"https:\/\/jonelli-fashion.de\/index.php\/produkt\/gewerbelizenz-das-luftikuesschen-groesse-86-146\/","og_site_name":"Jonelli Fashion","article_modified_time":"2023-01-06T08:39:23+00:00","og_image":[{"width":1414,"height":2000,"url":"https:\/\/jonelli-fashion.de\/wp-content\/uploads\/2023\/01\/Produktbild.jpg","type":"image\/jpeg"}],"twitter_card":"summary_large_image","twitter_misc":{"Gesch\u00e4tzte Lesezeit":"1\u00a0Minute"},"schema":{"@context":"https:\/\/schema.org","@graph":[{"@type":"WebPage","@id":"https:\/\/jonelli-fashion.de\/index.php\/produkt\/gewerbelizenz-das-luftikuesschen-groesse-86-146\/","url":"https:\/\/jonelli-fashion.de\/index.php\/produkt\/gewerbelizenz-das-luftikuesschen-groesse-86-146\/","name":"Gewerbelizenz Das Luftik\u00fcsschen (Gr\u00f6\u00dfe 86-146) - Jonelli Fashion","isPartOf":{"@id":"https:\/\/jonelli-fashion.de\/#website"},"datePublished":"2023-01-06T08:00:06+00:00","dateModified":"2023-01-06T08:39:23+00:00","breadcrumb":{"@id":"https:\/\/jonelli-fashion.de\/index.php\/produkt\/gewerbelizenz-das-luftikuesschen-groesse-86-146\/#breadcrumb"},"inLanguage":"de","potentialAction":[{"@type":"ReadAction","target":["https:\/\/jonelli-fashion.de\/index.php\/produkt\/gewerbelizenz-das-luftikuesschen-groesse-86-146\/"]}]},{"@type":"BreadcrumbList","@id":"https:\/\/jonelli-fashion.de\/index.php\/produkt\/gewerbelizenz-das-luftikuesschen-groesse-86-146\/#breadcrumb","itemListElement":[{"@type":"ListItem","position":1,"name":"Startseite","item":"https:\/\/jonelli-fashion.de\/"},{"@type":"ListItem","position":2,"name":"Shop","item":"https:\/\/jonelli-fashion.de\/index.php\/shop\/"},{"@type":"ListItem","position":3,"name":"Gewerbelizenz Das Luftik\u00fcsschen (Gr\u00f6\u00dfe 86-146)"}]},{"@type":"WebSite","@id":"https:\/\/jonelli-fashion.de\/#website","url":"https:\/\/jonelli-fashion.de\/","name":"Jonelli Fashion","description":"Wenn aus N\u00e4hen eine Leidenschaft wird","potentialAction":[{"@type":"SearchAction","target":{"@type":"EntryPoint","urlTemplate":"https:\/\/jonelli-fashion.de\/?s={search_term_string}"},"query-input":"required name=search_term_string"}],"inLanguage":"de"}]}},"_links":{"self":[{"href":"https:\/\/jonelli-fashion.de\/index.php\/wp-json\/wp\/v2\/product\/9123"}],"collection":[{"href":"https:\/\/jonelli-fashion.de\/index.php\/wp-json\/wp\/v2\/product"}],"about":[{"href":"https:\/\/jonelli-fashion.de\/index.php\/wp-json\/wp\/v2\/types\/product"}],"replies":[{"embeddable":true,"href":"https:\/\/jonelli-fashion.de\/index.php\/wp-json\/wp\/v2\/comments?post=9123"}],"version-history":[{"count":5,"href":"https:\/\/jonelli-fashion.de\/index.php\/wp-json\/wp\/v2\/product\/9123\/revisions"}],"predecessor-version":[{"id":9129,"href":"https:\/\/jonelli-fashion.de\/index.php\/wp-json\/wp\/v2\/product\/9123\/revisions\/9129"}],"wp:featuredmedia":[{"embeddable":true,"href":"https:\/\/jonelli-fashion.de\/index.php\/wp-json\/wp\/v2\/media\/9081"}],"wp:attachment":[{"href":"https:\/\/jonelli-fashion.de\/index.php\/wp-json\/wp\/v2\/media?parent=9123"}],"wp:term":[{"taxonomy":"product_cat","embeddable":true,"href":"https:\/\/jonelli-fashion.de\/index.php\/wp-json\/wp\/v2\/product_cat?post=9123"},{"taxonomy":"product_tag","embeddable":true,"href":"https:\/\/jonelli-fashion.de\/index.php\/wp-json\/wp\/v2\/product_tag?post=9123"}],"curies":[{"name":"wp","href":"https:\/\/api.w.org\/{rel}","templated":true}]}}