{"id":9519,"date":"2023-03-17T09:20:20","date_gmt":"2023-03-17T08:20:20","guid":{"rendered":"https:\/\/jonelli-fashion.de\/?post_type=product&#038;p=9519"},"modified":"2023-03-23T00:00:42","modified_gmt":"2023-03-22T23:00:42","slug":"das-romantikuesschen-groesse-86-146","status":"publish","type":"product","link":"https:\/\/jonelli-fashion.de\/index.php\/produkt\/das-romantikuesschen-groesse-86-146\/","title":{"rendered":"Das Romantik\u00fcsschen (Gr\u00f6\u00dfe 86-146)"},"content":{"rendered":"\t\t<div data-elementor-type=\"wp-post\" data-elementor-id=\"9519\" class=\"elementor elementor-9519\">\n\t\t\t\t\t\t<section class=\"elementor-section elementor-top-section elementor-element elementor-element-cdd97c8 elementor-section-boxed elementor-section-height-default elementor-section-height-default\" data-id=\"cdd97c8\" data-element_type=\"section\">\n\t\t\t\t\t\t<div class=\"elementor-container elementor-column-gap-default\">\n\t\t\t\t\t<div class=\"elementor-column elementor-col-100 elementor-top-column elementor-element elementor-element-8d3eb38\" data-id=\"8d3eb38\" data-element_type=\"column\">\n\t\t\t<div class=\"elementor-widget-wrap elementor-element-populated\">\n\t\t\t\t\t\t<div class=\"elementor-element elementor-element-c88b86c elementor-widget elementor-widget-text-editor\" data-id=\"c88b86c\" data-element_type=\"widget\" data-widget_type=\"text-editor.default\">\n\t\t\t\t<div class=\"elementor-widget-container\">\n\t\t\t\t\t\t\t<p>Das Romantik\u00fcsschen ist ein <b>Rock<\/b> f\u00fcr Kinder mit vielen verschiedenen Variationsm\u00f6glichkeiten.<br><span style=\"font-size: 16px; color: var(--ast-global-color-3);\">Der Rock kann <\/span><span style=\"font-size: 16px; color: var(--ast-global-color-3);\"><b>einlagig<\/b> <\/span><span style=\"font-size: 16px; color: var(--ast-global-color-3);\">in zwei verschiedenen L\u00e4ngen gen\u00e4ht werden &#8211; kurz oder knieumspielend.<br><\/span><span style=\"font-size: 16px; color: var(--ast-global-color-3);\">Au\u00dferdem gibt es zwei <\/span><span style=\"font-size: 16px; color: var(--ast-global-color-3);\"><b>doppellagige<\/b> <\/span><span style=\"font-size: 16px; color: var(--ast-global-color-3);\">Varianten in zwei verschiedenen L\u00e4ngen. die eine Volantoptik erzeugen.<br><\/span><span style=\"font-size: 16px; color: var(--ast-global-color-3);\">Als besonders luftige Variante bietet sich der <\/span><span style=\"font-size: 16px; color: var(--ast-global-color-3);\"><b>Tellerrock<\/b> <\/span><span style=\"font-size: 16px; color: var(--ast-global-color-3);\">an, welcher knielang ist und besonders sch\u00f6n schwingt.<br><\/span><span style=\"font-size: 16px; color: var(--ast-global-color-3);\">Alle Varianten k\u00f6nnen wahlweise mit einem<b> <\/b><\/span><span style=\"font-size: 16px; color: var(--ast-global-color-3);\"><b>Gummiband<\/b><\/span><span style=\"font-size: 16px; color: var(--ast-global-color-3);\">, einem<b> einfachen <\/b><\/span><span style=\"font-size: 16px; color: var(--ast-global-color-3);\"><b>Bauchbund<\/b> <\/span><span style=\"font-size: 16px; color: var(--ast-global-color-3);\">oder einem <\/span><span style=\"font-size: 16px; color: var(--ast-global-color-3);\"><b>Paperbagbund<\/b> <\/span><span style=\"font-size: 16px; color: var(--ast-global-color-3);\">gen\u00e4ht werden.<\/span><\/p>\n<p style=\"font-size: 16px; font-style: normal;\">F\u00fcr das Romantik\u00fcsschen eignen sich&nbsp;<span class=\"S1PPyQ\" style=\"font-weight: 400; font-size: 16px; color: var(--ast-global-color-3);\">am besten <\/span><span class=\"S1PPyQ\" style=\"font-size: 16px; color: var(--ast-global-color-3);\"><b>leicht fallende Stoffe<\/b><\/span><span class=\"S1PPyQ\" style=\"font-weight: 400; font-size: 16px; color: var(--ast-global-color-3);\">, wie bspw. Plisseestoffe, Popeline, Musseline, leichte Baumwollstoffe, o.\u00c4.<br><\/span><span class=\"S1PPyQ\" style=\"font-weight: 400; font-size: 16px; color: var(--ast-global-color-3);\">Es eignen sich jedoch auch<\/span><span class=\"S1PPyQ\" style=\"font-weight: 400; font-size: 16px; color: var(--ast-global-color-3);\"> <\/span><span class=\"S1PPyQ\" style=\"font-size: 16px; color: var(--ast-global-color-3);\"><b>leichte dehnbare Stoffe<\/b><\/span><span class=\"S1PPyQ\" style=\"font-weight: 400; font-size: 16px; color: var(--ast-global-color-3);\">, wie bspw. Viskosejersey, Jersey, o.\u00c4.<\/span><\/p>\n<p style=\"font-size: 16px; font-style: normal; font-weight: 400;\">Durch die sehr detaillierte, bebilderte Anleitung ist der Schnitt sowohl f\u00fcr&nbsp;<span style=\"font-weight: bold;\">Anf\u00e4nger<\/span>, als auch f\u00fcr&nbsp;<span style=\"font-weight: bold;\">fortgeschrittene<\/span>&nbsp;N\u00e4her\/innen geeignet.<\/p>\n<p style=\"font-size: 16px; font-style: normal;\"><span style=\"font-weight: 400;\">Das eBook beinhaltet eine&nbsp;<span style=\"font-weight: bold;\">A4 Datei<\/span>&nbsp;(mit Ebenenfunktion), sowie eine&nbsp;<span style=\"font-weight: bold;\">A0 Datei mit Ebenenfunktion<\/span>&nbsp;f\u00fcr den Zuschnitt mit dem Beamer.<br>Eine <\/span><b>Nahtzugabe<\/b> von 1,0 cm ist <b>bereits im Schnitt enthalten<\/b>.<\/p>\n<p><\/p>\n<p style=\"font-size: 16px; font-style: normal;\"><b>Folgendes ben\u00f6tigst du zum N\u00e4hen:<\/b><br>&#8211; N\u00e4hmaschine<br>&#8211; Stecknadeln oder Stoffclips<br>&#8211; Stoffschere oder Rollschneider<br>&#8211; Drucker oder Beamer<br><span style=\"font-weight: 400; font-size: 16px; color: var(--ast-global-color-3);\">-Gummiband<br><\/span><span style=\"font-weight: 400; font-size: 16px; color: var(--ast-global-color-3);\">&#8211; Framilonband<\/span><\/p>\t\t\t\t\t\t<\/div>\n\t\t\t\t<\/div>\n\t\t\t\t\t<\/div>\n\t\t<\/div>\n\t\t\t\t\t<\/div>\n\t\t<\/section>\n\t\t\t\t<\/div>\n\t\t","protected":false},"excerpt":{"rendered":"<p><span class=\"S1PPyQ\">Das Romantik\u00fcsschen ist ein Rock f\u00fcr Kinder mit vielen verschiedenen Variationsm\u00f6glichkeiten.<\/span><\/p>\n","protected":false},"featured_media":9523,"comment_status":"open","ping_status":"closed","template":"","meta":{"site-sidebar-layout":"default","site-content-layout":"default","ast-global-header-display":"","ast-banner-title-visibility":"","ast-main-header-display":"","ast-hfb-above-header-display":"","ast-hfb-below-header-display":"","ast-hfb-mobile-header-display":"","site-post-title":"disabled","ast-breadcrumbs-content":"","ast-featured-img":"disabled","footer-sml-layout":"","theme-transparent-header-meta":"default","adv-header-id-meta":"","stick-header-meta":"","header-above-stick-meta":"","header-main-stick-meta":"","header-below-stick-meta":""},"product_cat":[15],"product_tag":[],"yoast_head":"<!-- This site is optimized with the Yoast SEO plugin v21.8.1 - https:\/\/yoast.com\/wordpress\/plugins\/seo\/ -->\n<title>Das Romantik\u00fcsschen (Gr\u00f6\u00dfe 86-146) - Jonelli Fashion<\/title>\n<meta name=\"description\" content=\"Das Romantik\u00fcsschen ist ein Rock f\u00fcr Kinder mit vielen verschiedenen Variationsm\u00f6glichkeiten.\" \/>\n<meta name=\"robots\" content=\"index, follow, max-snippet:-1, max-image-preview:large, max-video-preview:-1\" \/>\n<link rel=\"canonical\" href=\"https:\/\/jonelli-fashion.de\/index.php\/produkt\/das-romantikuesschen-groesse-86-146\/\" \/>\n<meta property=\"og:locale\" content=\"de_DE\" \/>\n<meta property=\"og:type\" content=\"article\" \/>\n<meta property=\"og:title\" content=\"Das Romantik\u00fcsschen (Gr\u00f6\u00dfe 86-146) - Jonelli Fashion\" \/>\n<meta property=\"og:description\" content=\"Das Romantik\u00fcsschen ist ein Rock f\u00fcr Kinder mit vielen verschiedenen Variationsm\u00f6glichkeiten.\" \/>\n<meta property=\"og:url\" content=\"https:\/\/jonelli-fashion.de\/index.php\/produkt\/das-romantikuesschen-groesse-86-146\/\" \/>\n<meta property=\"og:site_name\" content=\"Jonelli Fashion\" \/>\n<meta property=\"article:modified_time\" content=\"2023-03-22T23:00:42+00:00\" \/>\n<meta property=\"og:image\" content=\"https:\/\/jonelli-fashion.de\/wp-content\/uploads\/2023\/03\/Das-Romantikuesschen-Produktbild.jpg\" \/>\n\t<meta property=\"og:image:width\" content=\"1414\" \/>\n\t<meta property=\"og:image:height\" content=\"2000\" \/>\n\t<meta property=\"og:image:type\" content=\"image\/jpeg\" \/>\n<meta name=\"twitter:card\" content=\"summary_large_image\" \/>\n<meta name=\"twitter:label1\" content=\"Gesch\u00e4tzte Lesezeit\" \/>\n\t<meta name=\"twitter:data1\" content=\"1\u00a0Minute\" \/>\n<script type=\"application\/ld+json\" class=\"yoast-schema-graph\">{\"@context\":\"https:\/\/schema.org\",\"@graph\":[{\"@type\":\"WebPage\",\"@id\":\"https:\/\/jonelli-fashion.de\/index.php\/produkt\/das-romantikuesschen-groesse-86-146\/\",\"url\":\"https:\/\/jonelli-fashion.de\/index.php\/produkt\/das-romantikuesschen-groesse-86-146\/\",\"name\":\"Das Romantik\u00fcsschen (Gr\u00f6\u00dfe 86-146) - Jonelli Fashion\",\"isPartOf\":{\"@id\":\"https:\/\/jonelli-fashion.de\/#website\"},\"datePublished\":\"2023-03-17T08:20:20+00:00\",\"dateModified\":\"2023-03-22T23:00:42+00:00\",\"description\":\"Das Romantik\u00fcsschen ist ein Rock f\u00fcr Kinder mit vielen verschiedenen Variationsm\u00f6glichkeiten.\",\"breadcrumb\":{\"@id\":\"https:\/\/jonelli-fashion.de\/index.php\/produkt\/das-romantikuesschen-groesse-86-146\/#breadcrumb\"},\"inLanguage\":\"de\",\"potentialAction\":[{\"@type\":\"ReadAction\",\"target\":[\"https:\/\/jonelli-fashion.de\/index.php\/produkt\/das-romantikuesschen-groesse-86-146\/\"]}]},{\"@type\":\"BreadcrumbList\",\"@id\":\"https:\/\/jonelli-fashion.de\/index.php\/produkt\/das-romantikuesschen-groesse-86-146\/#breadcrumb\",\"itemListElement\":[{\"@type\":\"ListItem\",\"position\":1,\"name\":\"Startseite\",\"item\":\"https:\/\/jonelli-fashion.de\/\"},{\"@type\":\"ListItem\",\"position\":2,\"name\":\"Shop\",\"item\":\"https:\/\/jonelli-fashion.de\/index.php\/shop\/\"},{\"@type\":\"ListItem\",\"position\":3,\"name\":\"Das Romantik\u00fcsschen (Gr\u00f6\u00dfe 86-146)\"}]},{\"@type\":\"WebSite\",\"@id\":\"https:\/\/jonelli-fashion.de\/#website\",\"url\":\"https:\/\/jonelli-fashion.de\/\",\"name\":\"Jonelli Fashion\",\"description\":\"Wenn aus N\u00e4hen eine Leidenschaft wird\",\"potentialAction\":[{\"@type\":\"SearchAction\",\"target\":{\"@type\":\"EntryPoint\",\"urlTemplate\":\"https:\/\/jonelli-fashion.de\/?s={search_term_string}\"},\"query-input\":\"required name=search_term_string\"}],\"inLanguage\":\"de\"}]}<\/script>\n<!-- \/ Yoast SEO plugin. -->","yoast_head_json":{"title":"Das Romantik\u00fcsschen (Gr\u00f6\u00dfe 86-146) - Jonelli Fashion","description":"Das Romantik\u00fcsschen ist ein Rock f\u00fcr Kinder mit vielen verschiedenen Variationsm\u00f6glichkeiten.","robots":{"index":"index","follow":"follow","max-snippet":"max-snippet:-1","max-image-preview":"max-image-preview:large","max-video-preview":"max-video-preview:-1"},"canonical":"https:\/\/jonelli-fashion.de\/index.php\/produkt\/das-romantikuesschen-groesse-86-146\/","og_locale":"de_DE","og_type":"article","og_title":"Das Romantik\u00fcsschen (Gr\u00f6\u00dfe 86-146) - Jonelli Fashion","og_description":"Das Romantik\u00fcsschen ist ein Rock f\u00fcr Kinder mit vielen verschiedenen Variationsm\u00f6glichkeiten.","og_url":"https:\/\/jonelli-fashion.de\/index.php\/produkt\/das-romantikuesschen-groesse-86-146\/","og_site_name":"Jonelli Fashion","article_modified_time":"2023-03-22T23:00:42+00:00","og_image":[{"width":1414,"height":2000,"url":"https:\/\/jonelli-fashion.de\/wp-content\/uploads\/2023\/03\/Das-Romantikuesschen-Produktbild.jpg","type":"image\/jpeg"}],"twitter_card":"summary_large_image","twitter_misc":{"Gesch\u00e4tzte Lesezeit":"1\u00a0Minute"},"schema":{"@context":"https:\/\/schema.org","@graph":[{"@type":"WebPage","@id":"https:\/\/jonelli-fashion.de\/index.php\/produkt\/das-romantikuesschen-groesse-86-146\/","url":"https:\/\/jonelli-fashion.de\/index.php\/produkt\/das-romantikuesschen-groesse-86-146\/","name":"Das Romantik\u00fcsschen (Gr\u00f6\u00dfe 86-146) - Jonelli Fashion","isPartOf":{"@id":"https:\/\/jonelli-fashion.de\/#website"},"datePublished":"2023-03-17T08:20:20+00:00","dateModified":"2023-03-22T23:00:42+00:00","description":"Das Romantik\u00fcsschen ist ein Rock f\u00fcr Kinder mit vielen verschiedenen Variationsm\u00f6glichkeiten.","breadcrumb":{"@id":"https:\/\/jonelli-fashion.de\/index.php\/produkt\/das-romantikuesschen-groesse-86-146\/#breadcrumb"},"inLanguage":"de","potentialAction":[{"@type":"ReadAction","target":["https:\/\/jonelli-fashion.de\/index.php\/produkt\/das-romantikuesschen-groesse-86-146\/"]}]},{"@type":"BreadcrumbList","@id":"https:\/\/jonelli-fashion.de\/index.php\/produkt\/das-romantikuesschen-groesse-86-146\/#breadcrumb","itemListElement":[{"@type":"ListItem","position":1,"name":"Startseite","item":"https:\/\/jonelli-fashion.de\/"},{"@type":"ListItem","position":2,"name":"Shop","item":"https:\/\/jonelli-fashion.de\/index.php\/shop\/"},{"@type":"ListItem","position":3,"name":"Das Romantik\u00fcsschen (Gr\u00f6\u00dfe 86-146)"}]},{"@type":"WebSite","@id":"https:\/\/jonelli-fashion.de\/#website","url":"https:\/\/jonelli-fashion.de\/","name":"Jonelli Fashion","description":"Wenn aus N\u00e4hen eine Leidenschaft wird","potentialAction":[{"@type":"SearchAction","target":{"@type":"EntryPoint","urlTemplate":"https:\/\/jonelli-fashion.de\/?s={search_term_string}"},"query-input":"required name=search_term_string"}],"inLanguage":"de"}]}},"_links":{"self":[{"href":"https:\/\/jonelli-fashion.de\/index.php\/wp-json\/wp\/v2\/product\/9519"}],"collection":[{"href":"https:\/\/jonelli-fashion.de\/index.php\/wp-json\/wp\/v2\/product"}],"about":[{"href":"https:\/\/jonelli-fashion.de\/index.php\/wp-json\/wp\/v2\/types\/product"}],"replies":[{"embeddable":true,"href":"https:\/\/jonelli-fashion.de\/index.php\/wp-json\/wp\/v2\/comments?post=9519"}],"version-history":[{"count":6,"href":"https:\/\/jonelli-fashion.de\/index.php\/wp-json\/wp\/v2\/product\/9519\/revisions"}],"predecessor-version":[{"id":9598,"href":"https:\/\/jonelli-fashion.de\/index.php\/wp-json\/wp\/v2\/product\/9519\/revisions\/9598"}],"wp:featuredmedia":[{"embeddable":true,"href":"https:\/\/jonelli-fashion.de\/index.php\/wp-json\/wp\/v2\/media\/9523"}],"wp:attachment":[{"href":"https:\/\/jonelli-fashion.de\/index.php\/wp-json\/wp\/v2\/media?parent=9519"}],"wp:term":[{"taxonomy":"product_cat","embeddable":true,"href":"https:\/\/jonelli-fashion.de\/index.php\/wp-json\/wp\/v2\/product_cat?post=9519"},{"taxonomy":"product_tag","embeddable":true,"href":"https:\/\/jonelli-fashion.de\/index.php\/wp-json\/wp\/v2\/product_tag?post=9519"}],"curies":[{"name":"wp","href":"https:\/\/api.w.org\/{rel}","templated":true}]}}